{"id":4994,"date":"2018-11-26T11:20:43","date_gmt":"2018-11-26T10:20:43","guid":{"rendered":"http:\/\/agora.xtec.cat\/ceip-mcinto-verdaguer\/?page_id=4994"},"modified":"2019-11-02T23:04:56","modified_gmt":"2019-11-02T22:04:56","slug":"fotos-2018-19","status":"publish","type":"page","link":"https:\/\/agora.xtec.cat\/ceip-mcinto-verdaguer\/fotos-i-videos\/fotos\/fotos-2018-19\/","title":{"rendered":"Fotos 2018-19"},"content":{"rendered":"<p><a href=\"https:\/\/photos.app.goo.gl\/29gv7MzpLQjSM8zaA\" target=\"_blank\" rel=\"noopener noreferrer\">Ensenyem l&#8217;escola al barri<\/a> Alumnes de 6\u00e8 Juny 2019 (Fotografies d&#8217;en Ferran Baile)<\/p>\n<p><a href=\"https:\/\/photos.app.goo.gl\/aYTABrYWLxsmTRHD6\" target=\"_blank\" rel=\"noopener noreferrer\">Ensenyem l&#8217;escola al barri<\/a> Alumnes de 6\u00e8 Juny 2019<\/p>\n<p><a href=\"https:\/\/photos.app.goo.gl\/6HGbTsyhjYuGdtAS8\" target=\"_blank\" rel=\"noopener noreferrer\">Trobada amb exalumnes<\/a> Alumnes de 6\u00e8 Maig 2019<\/p>\n<p><a href=\"https:\/\/photos.app.goo.gl\/pvvpFKRpNnqToudPA\" target=\"_blank\" rel=\"noopener noreferrer\">Un piano al pati<\/a> Tota l&#8217;escola Maig 2019<\/p>\n<p><a href=\"https:\/\/photos.app.goo.gl\/V4SB74WZUd4WY1iU8\" target=\"_blank\" rel=\"noopener noreferrer\">Jocs florals<\/a> Tota l&#8217;escola Abril 2019<\/p>\n<p><a href=\"https:\/\/photos.app.goo.gl\/AyyxbxtnFUdHXtQz7\" target=\"_blank\" rel=\"noopener noreferrer\">Jornada esportiva<\/a> Tota l&#8217;escola Abril 2019<\/p>\n<p><a href=\"https:\/\/photos.app.goo.gl\/Si145zVdbAKeBnjC9\" target=\"_blank\" rel=\"noopener noreferrer\">Mines del Salnitre<\/a> Alumnes de 6\u00e8 Mar\u00e7 2019<\/p>\n<p><a href=\"https:\/\/photos.app.goo.gl\/cFDxJUxkXHniffmZ6\" target=\"_blank\" rel=\"noopener noreferrer\">Passeig per Barcino<\/a> Alumnes de 5\u00e8 Febrer 2019<\/p>\n<p><a href=\"https:\/\/photos.app.goo.gl\/7xpHF7wRAoPb2XwP8\" target=\"_blank\" rel=\"noopener noreferrer\">Tarda amb fam\u00edlies de la \u00cdndia<\/a> Alumnes de 3r Febrer 2019<\/p>\n<p><a href=\"https:\/\/photos.app.goo.gl\/TR6C2KRa3bPqtXhTA\" target=\"_blank\" rel=\"noopener noreferrer\">Expliquem el Poble-sec<\/a> Alumnes de 6\u00e8 Febrer 2019<\/p>\n<p><a href=\"https:\/\/photos.app.goo.gl\/r4gCKJH9uKcu9CwaA\" target=\"_blank\" rel=\"noopener noreferrer\">GimBarri<\/a> Alumnes de Cicle Inicial Febrer 2019<\/p>\n<p><a href=\"https:\/\/photos.app.goo.gl\/W5UwLSyDeYmDRpEF9\" target=\"_blank\" rel=\"noopener noreferrer\">Dia de la Pau<\/a> Tota l&#8217;escola Gener 2019<\/p>\n<p><a href=\"https:\/\/photos.app.goo.gl\/wbeFCqtSKrLhV7Zy5\" target=\"_blank\" rel=\"noopener noreferrer\">Taller amb la Deepti<\/a> Alumnes de 3r Gener 2019<\/p>\n<p><a href=\"https:\/\/photos.app.goo.gl\/T155FAMVHg5NmWCW9\" target=\"_blank\" rel=\"noopener noreferrer\">Passeig pel Born<\/a> Alumnes de 6\u00e8 Gener 2019<\/p>\n<p><a href=\"https:\/\/photos.app.goo.gl\/o2aJF96Tryj12aRq6\" target=\"_blank\" rel=\"noopener noreferrer\">Concert de Nadal<\/a> Alumnes de 6\u00e8 Desembre 2018<\/p>\n<p><a href=\"https:\/\/photos.app.goo.gl\/ZX2Eusq7BaLqnEne6\" target=\"_blank\" rel=\"noopener noreferrer\">Concert de Nadal<\/a> Alumnes de 5\u00e8 Desembre 2018<\/p>\n<p><a href=\"https:\/\/photos.app.goo.gl\/kLTnzgKUoJQi2cAL6\" target=\"_blank\" rel=\"noopener noreferrer\">Mines de Gav\u00e0<\/a> Alumnes de 5\u00e8 Novembre 2018<\/p>\n<p><a href=\"https:\/\/photos.app.goo.gl\/gYsFQC6LWLfBPaKk9\" target=\"_blank\" rel=\"noopener noreferrer\">Audi\u00e8ncia P\u00fablica<\/a> Alumnes de 6\u00e8 Novembre 2018<\/p>\n<p><a href=\"https:\/\/photos.app.goo.gl\/t5Xm3Nyme2U6UsvR8\" target=\"_blank\" rel=\"noopener noreferrer\">Tarantela napolitana<\/a> Alumnes de 5\u00e8 Octubre 2018<\/p>\n<p><a href=\"https:\/\/photos.app.goo.gl\/d8mEARmUgH95XXzs6\" target=\"_blank\" rel=\"noopener noreferrer\">Col\u00f2nies<\/a> Alumnes 6\u00e8 Octubre 2018<\/p>\n<p>&nbsp;<\/p>\n","protected":false},"excerpt":{"rendered":"<p>Ensenyem l&#8217;escola al barri Alumnes de 6\u00e8 Juny 2019 (Fotografies d&#8217;en Ferran Baile) Ensenyem l&#8217;escola al barri Alumnes de 6\u00e8 Juny 2019 Trobada amb exalumnes Alumnes de 6\u00e8 Maig 2019 Un piano al pati Tota l&#8217;escola Maig 2019 Jocs florals Tota l&#8217;escola Abril 2019 Jornada esportiva Tota l&#8217;escola Abril 2019 Mines del Salnitre Alumnes de [&hellip;]<\/p>\n","protected":false},"author":1,"featured_media":0,"parent":321,"menu_order":6,"comment_status":"closed","ping_status":"closed","template":"","meta":{"_bbp_topic_count":0,"_bbp_reply_count":0,"_bbp_total_topic_count":0,"_bbp_total_reply_count":0,"_bbp_voice_count":0,"_bbp_anonymous_reply_count":0,"_bbp_topic_count_hidden":0,"_bbp_reply_count_hidden":0,"_bbp_forum_subforum_count":0,"site-sidebar-layout":"default","site-content-layout":"","ast-site-content-layout":"","site-content-style":"default","site-sidebar-style":"default","ast-global-header-display":"","ast-banner-title-visibility":"","ast-main-header-display":"","ast-hfb-above-header-display":"","ast-hfb-below-header-display":"","ast-hfb-mobile-header-display":"","site-post-title":"","ast-breadcrumbs-content":"","ast-featured-img":"","footer-sml-layout":"","theme-transparent-header-meta":"","adv-header-id-meta":"","stick-header-meta":"","header-above-stick-meta":"","header-main-stick-meta":"","header-below-stick-meta":"","astra-migrate-meta-layouts":"default","ast-page-background-enabled":"default","ast-page-background-meta":{"desktop":{"background-color":"var(--ast-global-color-4)","background-image":"","background-repeat":"repeat","background-position":"center center","background-size":"auto","background-attachment":"scroll","background-type":"","background-media":"","overlay-type":"","overlay-color":"","overlay-opacity":"","overlay-gradient":""},"tablet":{"background-color":"","background-image":"","background-repeat":"repeat","background-position":"center center","background-size":"auto","background-attachment":"scroll","background-type":"","background-media":"","overlay-type":"","overlay-color":"","overlay-opacity":"","overlay-gradient":""},"mobile":{"background-color":"","background-image":"","background-repeat":"repeat","background-position":"center center","background-size":"auto","background-attachment":"scroll","background-type":"","background-media":"","overlay-type":"","overlay-color":"","overlay-opacity":"","overlay-gradient":""}},"ast-content-background-meta":{"desktop":{"background-color":"var(--ast-global-color-5)","background-image":"","background-repeat":"repeat","background-position":"center center","background-size":"auto","background-attachment":"scroll","background-type":"","background-media":"","overlay-type":"","overlay-color":"","overlay-opacity":"","overlay-gradient":""},"tablet":{"background-color":"var(--ast-global-color-5)","background-image":"","background-repeat":"repeat","background-position":"center center","background-size":"auto","background-attachment":"scroll","background-type":"","background-media":"","overlay-type":"","overlay-color":"","overlay-opacity":"","overlay-gradient":""},"mobile":{"background-color":"var(--ast-global-color-5)","background-image":"","background-repeat":"repeat","background-position":"center center","background-size":"auto","background-attachment":"scroll","background-type":"","background-media":"","overlay-type":"","overlay-color":"","overlay-opacity":"","overlay-gradient":""}},"footnotes":""},"class_list":["post-4994","page","type-page","status-publish","hentry"],"post_mailing_queue_ids":[],"_links":{"self":[{"href":"https:\/\/agora.xtec.cat\/ceip-mcinto-verdaguer\/wp-json\/wp\/v2\/pages\/4994","targetHints":{"allow":["GET"]}}],"collection":[{"href":"https:\/\/agora.xtec.cat\/ceip-mcinto-verdaguer\/wp-json\/wp\/v2\/pages"}],"about":[{"href":"https:\/\/agora.xtec.cat\/ceip-mcinto-verdaguer\/wp-json\/wp\/v2\/types\/page"}],"author":[{"embeddable":true,"href":"https:\/\/agora.xtec.cat\/ceip-mcinto-verdaguer\/wp-json\/wp\/v2\/users\/1"}],"replies":[{"embeddable":true,"href":"https:\/\/agora.xtec.cat\/ceip-mcinto-verdaguer\/wp-json\/wp\/v2\/comments?post=4994"}],"version-history":[{"count":4,"href":"https:\/\/agora.xtec.cat\/ceip-mcinto-verdaguer\/wp-json\/wp\/v2\/pages\/4994\/revisions"}],"predecessor-version":[{"id":5837,"href":"https:\/\/agora.xtec.cat\/ceip-mcinto-verdaguer\/wp-json\/wp\/v2\/pages\/4994\/revisions\/5837"}],"up":[{"embeddable":true,"href":"https:\/\/agora.xtec.cat\/ceip-mcinto-verdaguer\/wp-json\/wp\/v2\/pages\/321"}],"wp:attachment":[{"href":"https:\/\/agora.xtec.cat\/ceip-mcinto-verdaguer\/wp-json\/wp\/v2\/media?parent=4994"}],"curies":[{"name":"wp","href":"https:\/\/api.w.org\/{rel}","templated":true}]}}