{"id":4991,"date":"2018-11-26T11:09:30","date_gmt":"2018-11-26T10:09:30","guid":{"rendered":"http:\/\/agora.xtec.cat\/ceip-mcinto-verdaguer\/?page_id=4991"},"modified":"2019-11-02T23:08:28","modified_gmt":"2019-11-02T22:08:28","slug":"videos-2018-19","status":"publish","type":"page","link":"https:\/\/agora.xtec.cat\/ceip-mcinto-verdaguer\/fotos-i-videos\/videos\/videos-2018-19\/","title":{"rendered":"V\u00eddeos 2018-19"},"content":{"rendered":"<div style=\"text-align: left;\" align=\"left\"><\/div>\n<p><a href=\"https:\/\/youtu.be\/SSZXEStUMgs\" target=\"_blank\" rel=\"noopener noreferrer\">Barcelona <\/a> Alumnes d&#8217;educaci\u00f3 infantil Juny 2019<\/p>\n<p><a href=\"https:\/\/youtu.be\/tjNsC8RR12k\" target=\"_blank\" rel=\"noopener noreferrer\">Teixim relats de fam\u00edlia <\/a> Alumnes de cicle inicial juny 2019<\/p>\n<p><a href=\"https:\/\/youtu.be\/AHW2iWBLE9Q\" target=\"_blank\" rel=\"noopener noreferrer\">Ballem Junts <\/a> Alumnes de 3r Juny 2019<\/p>\n<p><a href=\"https:\/\/youtu.be\/xtpGNfeCC6w\" target=\"_blank\" rel=\"noopener noreferrer\">Tastet de Cant\u00e0nia <\/a> Alumnes de 4t Juny 2019<\/p>\n<p><a href=\"https:\/\/youtu.be\/Z57sNDCRPW4\" target=\"_blank\" rel=\"noopener noreferrer\">Fem hist\u00f2ria! <\/a> Alumnes de cicle superior Juny 2019<\/p>\n<p><a href=\"https:\/\/youtu.be\/TpoLMN-QdK8\" target=\"_blank\" rel=\"noopener noreferrer\">Rangoli <\/a> Alumnes de 3r Maig 2019<\/p>\n<p><a href=\"https:\/\/youtu.be\/t4qzoCUtdwM\" target=\"_blank\" rel=\"noopener noreferrer\">Assajos Dansa Ara <\/a> Alumnes de 2n Mar\u00e7 2019<\/p>\n<p><a href=\"https:\/\/youtu.be\/hLJu0Oa8anc\" target=\"_blank\" rel=\"noopener noreferrer\">Treballem l&#8217;hort <\/a> Alumnes de 3r Mar\u00e7 2019<\/p>\n<p><a href=\"https:\/\/youtu.be\/8Xu3YFrjt0M\" target=\"_blank\" rel=\"noopener noreferrer\">Lasi i Mhendi <\/a> Alumnes de 3r Febrer 2019<\/p>\n<p><a href=\"https:\/\/youtu.be\/4Rgg7oYVJMo\" target=\"_blank\" rel=\"noopener noreferrer\">Proves GimBarri (6 Pla\u00e7a de les Navas)<\/a> Alumnes de Cicle Inicial Febrer 2019<\/p>\n<p><a href=\"https:\/\/youtu.be\/WA7mgEqnNAg\" target=\"_blank\" rel=\"noopener noreferrer\">Proves GimBarri (5 Biblioteca Francesc Boix)<\/a> Alumnes de Cicle Inicial Febrer 2019<\/p>\n<p><a href=\"https:\/\/youtu.be\/b_ozl8oGtOY\" target=\"_blank\" rel=\"noopener noreferrer\">Proves GimBarri (4 Pla\u00e7a del Sortidor)<\/a> Alumnes de Cicle Inicial Febrer 2019<\/p>\n<p><a href=\"https:\/\/youtu.be\/rBzLd0B9MqE\" target=\"_blank\" rel=\"noopener noreferrer\">Proves GimBarri (3 Pla\u00e7a Margarida Xirgu)<\/a> Alumnes de Cicle Inicial Febrer 2019<\/p>\n<p><a href=\"https:\/\/youtu.be\/yxO5HETZ72U\" target=\"_blank\" rel=\"noopener noreferrer\">Proves GimBarri (2 Pla\u00e7a Santa Madrona)<\/a> Alumnes de Cicle Inicial Febrer 2019<\/p>\n<p><a href=\"https:\/\/youtu.be\/M66HjU84H8E\" target=\"_blank\" rel=\"noopener noreferrer\">Proves GimBarri (1 Escola Moss\u00e8n Jacint Verdaguer)<\/a> Alumnes de Cicle Inicial Febrer 2019<\/p>\n<p><a href=\"https:\/\/youtu.be\/sB7A3QbYuD4\" target=\"_blank\" rel=\"noopener noreferrer\">Dia Escolar de la no Viol\u00e8ncia i la Pau<\/a> Comunitat educativa Gener 2019<\/p>\n<p><a href=\"https:\/\/youtu.be\/CdE4BeSa-Vg\" target=\"_blank\" rel=\"noopener noreferrer\">Poema d&#8217;hivern<\/a> Alumnes de P3 Gener 2019<\/p>\n<p><strong>Nadal 2018:<\/strong><\/p>\n<p><a href=\"https:\/\/youtu.be\/8xfBqN4k6Ig\" target=\"_blank\" rel=\"noopener noreferrer\">Concert de Nadal<\/a> Alumnes de 6\u00e8 Desembre 2018<\/p>\n<p><a href=\"https:\/\/youtu.be\/RQ3oXC4-AjU\" target=\"_blank\" rel=\"noopener noreferrer\">Concert de Nadal<\/a> Alumnes de 5\u00e8 Desembre 2018<\/p>\n<p><strong>Castanyada 2018:<\/strong><\/p>\n<p><a href=\"https:\/\/youtu.be\/OKPWcQ-yjhE\">&#8220;Tarantella napolitana&#8221;<\/a> Alumnes de 5\u00e8 Octubre 2018<\/p>\n<p>&nbsp;<\/p>\n","protected":false},"excerpt":{"rendered":"<p>Barcelona Alumnes d&#8217;educaci\u00f3 infantil Juny 2019 Teixim relats de fam\u00edlia Alumnes de cicle inicial juny 2019 Ballem Junts Alumnes de 3r Juny 2019 Tastet de Cant\u00e0nia Alumnes de 4t Juny 2019 Fem hist\u00f2ria! Alumnes de cicle superior Juny 2019 Rangoli Alumnes de 3r Maig 2019 Assajos Dansa Ara Alumnes de 2n Mar\u00e7 2019 Treballem l&#8217;hort [&hellip;]<\/p>\n","protected":false},"author":1,"featured_media":0,"parent":323,"menu_order":6,"comment_status":"closed","ping_status":"closed","template":"","meta":{"_bbp_topic_count":0,"_bbp_reply_count":0,"_bbp_total_topic_count":0,"_bbp_total_reply_count":0,"_bbp_voice_count":0,"_bbp_anonymous_reply_count":0,"_bbp_topic_count_hidden":0,"_bbp_reply_count_hidden":0,"_bbp_forum_subforum_count":0,"site-sidebar-layout":"default","site-content-layout":"","ast-site-content-layout":"","site-content-style":"default","site-sidebar-style":"default","ast-global-header-display":"","ast-banner-title-visibility":"","ast-main-header-display":"","ast-hfb-above-header-display":"","ast-hfb-below-header-display":"","ast-hfb-mobile-header-display":"","site-post-title":"","ast-breadcrumbs-content":"","ast-featured-img":"","footer-sml-layout":"","theme-transparent-header-meta":"","adv-header-id-meta":"","stick-header-meta":"","header-above-stick-meta":"","header-main-stick-meta":"","header-below-stick-meta":"","astra-migrate-meta-layouts":"default","ast-page-background-enabled":"default","ast-page-background-meta":{"desktop":{"background-color":"var(--ast-global-color-4)","background-image":"","background-repeat":"repeat","background-position":"center center","background-size":"auto","background-attachment":"scroll","background-type":"","background-media":"","overlay-type":"","overlay-color":"","overlay-opacity":"","overlay-gradient":""},"tablet":{"background-color":"","background-image":"","background-repeat":"repeat","background-position":"center center","background-size":"auto","background-attachment":"scroll","background-type":"","background-media":"","overlay-type":"","overlay-color":"","overlay-opacity":"","overlay-gradient":""},"mobile":{"background-color":"","background-image":"","background-repeat":"repeat","background-position":"center center","background-size":"auto","background-attachment":"scroll","background-type":"","background-media":"","overlay-type":"","overlay-color":"","overlay-opacity":"","overlay-gradient":""}},"ast-content-background-meta":{"desktop":{"background-color":"var(--ast-global-color-5)","background-image":"","background-repeat":"repeat","background-position":"center center","background-size":"auto","background-attachment":"scroll","background-type":"","background-media":"","overlay-type":"","overlay-color":"","overlay-opacity":"","overlay-gradient":""},"tablet":{"background-color":"var(--ast-global-color-5)","background-image":"","background-repeat":"repeat","background-position":"center center","background-size":"auto","background-attachment":"scroll","background-type":"","background-media":"","overlay-type":"","overlay-color":"","overlay-opacity":"","overlay-gradient":""},"mobile":{"background-color":"var(--ast-global-color-5)","background-image":"","background-repeat":"repeat","background-position":"center center","background-size":"auto","background-attachment":"scroll","background-type":"","background-media":"","overlay-type":"","overlay-color":"","overlay-opacity":"","overlay-gradient":""}},"footnotes":""},"class_list":["post-4991","page","type-page","status-publish","hentry"],"post_mailing_queue_ids":[],"_links":{"self":[{"href":"https:\/\/agora.xtec.cat\/ceip-mcinto-verdaguer\/wp-json\/wp\/v2\/pages\/4991","targetHints":{"allow":["GET"]}}],"collection":[{"href":"https:\/\/agora.xtec.cat\/ceip-mcinto-verdaguer\/wp-json\/wp\/v2\/pages"}],"about":[{"href":"https:\/\/agora.xtec.cat\/ceip-mcinto-verdaguer\/wp-json\/wp\/v2\/types\/page"}],"author":[{"embeddable":true,"href":"https:\/\/agora.xtec.cat\/ceip-mcinto-verdaguer\/wp-json\/wp\/v2\/users\/1"}],"replies":[{"embeddable":true,"href":"https:\/\/agora.xtec.cat\/ceip-mcinto-verdaguer\/wp-json\/wp\/v2\/comments?post=4991"}],"version-history":[{"count":3,"href":"https:\/\/agora.xtec.cat\/ceip-mcinto-verdaguer\/wp-json\/wp\/v2\/pages\/4991\/revisions"}],"predecessor-version":[{"id":5841,"href":"https:\/\/agora.xtec.cat\/ceip-mcinto-verdaguer\/wp-json\/wp\/v2\/pages\/4991\/revisions\/5841"}],"up":[{"embeddable":true,"href":"https:\/\/agora.xtec.cat\/ceip-mcinto-verdaguer\/wp-json\/wp\/v2\/pages\/323"}],"wp:attachment":[{"href":"https:\/\/agora.xtec.cat\/ceip-mcinto-verdaguer\/wp-json\/wp\/v2\/media?parent=4991"}],"curies":[{"name":"wp","href":"https:\/\/api.w.org\/{rel}","templated":true}]}}