{"id":32,"date":"2014-09-18T12:31:33","date_gmt":"2014-09-18T12:31:33","guid":{"rendered":"http:\/\/agora.xtec.cat\/ceip-mcinto-verdaguer\/\/?page_id=32"},"modified":"2025-09-12T19:41:05","modified_gmt":"2025-09-12T17:41:05","slug":"calendari-del-curs","status":"publish","type":"page","link":"https:\/\/agora.xtec.cat\/ceip-mcinto-verdaguer\/lescola\/calendari-del-curs\/","title":{"rendered":"Horaris i calendari del curs"},"content":{"rendered":"<h1 style=\"text-align: center;\" align=\"center\">\u00a0CURS 2025-2026<\/h1>\n<h2>HORARI ESCOLAR, ENTRADES I SORTIDES<\/h2>\n<h3><span style=\"font-weight: 400;\"><strong>Educaci\u00f3 Infantil:\u00a0<\/strong><\/span><\/h3>\n<p><b>Hora d\u2019entrada mat\u00ed: <\/b>9:00h.<\/p>\n<p><strong>Hora de sortida al migdia: <\/strong>12:30h.<\/p>\n<p><strong>Hora d&#8217;entrada a la tarda:<\/strong> 15:00h.<\/p>\n<p><b>Hora de sortida a la tarda: <\/b>a les 16.30h.<\/p>\n<p><span style=\"font-weight: 400;\">Les fam\u00edlies d\u2019I3 i I4 acompanyaran els alumnes fins les seves aules. Les fam\u00edlies d&#8217;I5 s\u2019esperaran al pati, els alumnes pujaran amb la mestra. Quan soni la m\u00fasica de la rutina d\u2019inici les fam\u00edlies sortiran.\u00a0<\/span><\/p>\n<p><b>Porta<\/b><span style=\"font-weight: 400;\">:<\/span><span style=\"font-weight: 400;\"> I3, I4 i I5<\/span><span style=\"font-weight: 400;\">:\u00a0 Porta ferro que d\u00f3na al pati ( c\/ Lleida ), aquesta porta estar\u00e0 oberta durant 5 minuts, a partir d\u2019aquest moment les fam\u00edlies hauran de sortir per la porta principal (c\/ Lleida).<\/span><b>\u00a0<\/b><\/p>\n<h3><span style=\"font-weight: 400;\"><strong>Prim\u00e0ria<\/strong><\/span><\/h3>\n<p><b>Hora d\u2019entrada mat\u00ed: <\/b>8:30h.<\/p>\n<p><strong>Hora de sortida al migdia: <\/strong>13:00h.<\/p>\n<p><strong>Hora d&#8217;entrada a la tarda:<\/strong> 15:00h.<\/p>\n<p><b>Hora de sortida a la tarda: <\/b>a les 16.30h.<\/p>\n<p><b>Porta<\/b><span style=\"font-weight: 400;\">:<\/span><span style=\"font-weight: 400;\">\u00a0<\/span><\/p>\n<ul>\n<li style=\"font-weight: 400;\" aria-level=\"1\"><span style=\"font-weight: 400;\">1r, 2n i 3r: porta principal ( c\/ Lleida ).\u00a0<\/span><\/li>\n<li style=\"font-weight: 400;\" aria-level=\"1\"><span style=\"font-weight: 400;\">4t, 5\u00e8 i 6\u00e8: porta ferro que d\u00f3na al pati (Av. Rius i Taulet).\u00a0<\/span><\/li>\n<\/ul>\n<h4 style=\"color: #000000; text-align: center;\"><strong><span style=\"font-family: arial, helvetica, sans-serif; font-size: medium;\">Cal respectar els horaris d\u2019entrada i sortida.\u00a0<\/span><\/strong><\/h4>\n<p>&nbsp;<\/p>\n<h2 style=\"text-align: left;\" align=\"center\"><span style=\"font-family: arial, helvetica, sans-serif; font-size: medium;\"><span style=\"font-size: large;\"><strong>\u00a0 <\/strong><\/span><\/span>CALENDARI ESCOLAR CURS 2025-2026<\/h2>\n<ul>\n<li style=\"font-weight: 400;\" aria-level=\"1\"><b>Comen\u00e7ament de curs:<\/b><span style=\"font-weight: 400;\"> dilluns 8 de setembre de 2025.<\/span><\/li>\n<li style=\"font-weight: 400;\" aria-level=\"1\"><b>Vacances de Nadal: <\/b><span style=\"font-weight: 400;\">del 22 de desembre de 2025 al 7 de gener de 2026, ambd\u00f3s inclosos.<\/span><\/li>\n<li style=\"font-weight: 400;\" aria-level=\"1\"><b>Vacances de Setmana Santa:<\/b><span style=\"font-weight: 400;\"> del 28 de mar\u00e7 al 6 d\u2019abril de 2026, ambd\u00f3s inclosos.<\/span><\/li>\n<li aria-level=\"1\"><b>Dies festius\u00a0<\/b>\n<ul>\n<li style=\"list-style-type: none;\">\n<ul>\n<li style=\"font-weight: 400;\" aria-level=\"1\"><span style=\"font-weight: 400;\">11 de Setembre: Diada Nacional de Catalunya.\u00a0<\/span><\/li>\n<li style=\"font-weight: 400;\" aria-level=\"1\"><span style=\"font-weight: 400;\">24 de setembre: Festa Major de la Merc\u00e8<\/span><\/li>\n<li style=\"font-weight: 400;\" aria-level=\"1\"><span style=\"font-weight: 400;\">8 de desembre: La Pur\u00edssima<\/span><\/li>\n<li style=\"font-weight: 400;\" aria-level=\"1\"><span style=\"font-weight: 400;\">1 de maig: Festa del treball<\/span><\/li>\n<li style=\"font-weight: 400;\" aria-level=\"1\"><span style=\"font-weight: 400;\">25 de maig: 2a festa local\u00a0<\/span><\/li>\n<\/ul>\n<\/li>\n<\/ul>\n<\/li>\n<li aria-level=\"1\"><b>Dies festius de lliure disposici\u00f3 aprovats pel Consell Escolar del Centre:<\/b>\n<ul>\n<li style=\"list-style-type: none;\">\n<ul>\n<li style=\"font-weight: 400;\" aria-level=\"1\"><span style=\"font-weight: 400;\">Divendres 10 d\u2019octubre\u00a0<\/span><\/li>\n<li style=\"font-weight: 400;\" aria-level=\"1\"><span style=\"font-weight: 400;\">Dilluns 3 de novembre<\/span><\/li>\n<li style=\"font-weight: 400;\" aria-level=\"1\"><span style=\"font-weight: 400;\">Dilluns 16 de febrer<\/span><\/li>\n<li style=\"font-weight: 400;\" aria-level=\"1\"><span style=\"font-weight: 400;\">Divendres 22 de maig<\/span><\/li>\n<\/ul>\n<\/li>\n<\/ul>\n<\/li>\n<li style=\"font-weight: 400;\" aria-level=\"1\"><b>Acabament de curs: <\/b><span style=\"font-weight: 400;\">19 de juny<\/span><\/li>\n<li aria-level=\"1\"><b>Jornada intensiva: <\/b>\n<ul>\n<li style=\"list-style-type: none;\">\n<ul>\n<li aria-level=\"1\">Divendres\u00a0 19 de desembre de 2025: de 8:30 a 13:00h<\/li>\n<li><span style=\"font-weight: 400;\">Del 8 al 19 de juny de 2026 de 8:30 a 13:00h . Menjador fins les 15:00h.<\/span><\/li>\n<\/ul>\n<\/li>\n<\/ul>\n<\/li>\n<\/ul>\n<h4><strong><span style=\"font-family: arial, helvetica, sans-serif; font-size: medium;\">Important: Cal justificar les faltes d\u2019assist\u00e8ncia o de retard a la tutora o tutor i, si \u00e9s el cas, al servei de menjador.<\/span><\/strong><\/h4>\n<p>&nbsp;<\/p>\n<p>&nbsp;<\/p>\n<p><img loading=\"lazy\" decoding=\"async\" class=\"aligncenter wp-image-12117 size-full\" src=\"https:\/\/agora.xtec.cat\/ceip-mcinto-verdaguer\/wp-content\/uploads\/usu657\/2025\/09\/Calendari-2025-26.png\" alt=\"\" width=\"794\" height=\"1123\" srcset=\"https:\/\/agora.xtec.cat\/ceip-mcinto-verdaguer\/wp-content\/uploads\/usu657\/2025\/09\/Calendari-2025-26.png 794w, https:\/\/agora.xtec.cat\/ceip-mcinto-verdaguer\/wp-content\/uploads\/usu657\/2025\/09\/Calendari-2025-26-212x300.png 212w, https:\/\/agora.xtec.cat\/ceip-mcinto-verdaguer\/wp-content\/uploads\/usu657\/2025\/09\/Calendari-2025-26-724x1024.png 724w, https:\/\/agora.xtec.cat\/ceip-mcinto-verdaguer\/wp-content\/uploads\/usu657\/2025\/09\/Calendari-2025-26-768x1086.png 768w\" sizes=\"auto, (max-width: 794px) 100vw, 794px\" \/><\/p>\n","protected":false},"excerpt":{"rendered":"<p>\u00a0CURS 2025-2026 HORARI ESCOLAR, ENTRADES I SORTIDES Educaci\u00f3 Infantil:\u00a0 Hora d\u2019entrada mat\u00ed: 9:00h. Hora de sortida al migdia: 12:30h. Hora d&#8217;entrada a la tarda: 15:00h. Hora de sortida a la tarda: a les 16.30h. Les fam\u00edlies d\u2019I3 i I4 acompanyaran els alumnes fins les seves aules. Les fam\u00edlies d&#8217;I5 s\u2019esperaran al pati, els alumnes pujaran [&hellip;]<\/p>\n","protected":false},"author":2,"featured_media":0,"parent":22,"menu_order":50,"comment_status":"closed","ping_status":"closed","template":"page-templates\/side-menu.php","meta":{"_bbp_topic_count":0,"_bbp_reply_count":0,"_bbp_total_topic_count":0,"_bbp_total_reply_count":0,"_bbp_voice_count":0,"_bbp_anonymous_reply_count":0,"_bbp_topic_count_hidden":0,"_bbp_reply_count_hidden":0,"_bbp_forum_subforum_count":0,"site-sidebar-layout":"default","site-content-layout":"","ast-site-content-layout":"","site-content-style":"default","site-sidebar-style":"default","ast-global-header-display":"","ast-banner-title-visibility":"","ast-main-header-display":"","ast-hfb-above-header-display":"","ast-hfb-below-header-display":"","ast-hfb-mobile-header-display":"","site-post-title":"","ast-breadcrumbs-content":"","ast-featured-img":"","footer-sml-layout":"","theme-transparent-header-meta":"","adv-header-id-meta":"","stick-header-meta":"","header-above-stick-meta":"","header-main-stick-meta":"","header-below-stick-meta":"","astra-migrate-meta-layouts":"default","ast-page-background-enabled":"default","ast-page-background-meta":{"desktop":{"background-color":"var(--ast-global-color-4)","background-image":"","background-repeat":"repeat","background-position":"center center","background-size":"auto","background-attachment":"scroll","background-type":"","background-media":"","overlay-type":"","overlay-color":"","overlay-opacity":"","overlay-gradient":""},"tablet":{"background-color":"","background-image":"","background-repeat":"repeat","background-position":"center center","background-size":"auto","background-attachment":"scroll","background-type":"","background-media":"","overlay-type":"","overlay-color":"","overlay-opacity":"","overlay-gradient":""},"mobile":{"background-color":"","background-image":"","background-repeat":"repeat","background-position":"center center","background-size":"auto","background-attachment":"scroll","background-type":"","background-media":"","overlay-type":"","overlay-color":"","overlay-opacity":"","overlay-gradient":""}},"ast-content-background-meta":{"desktop":{"background-color":"var(--ast-global-color-5)","background-image":"","background-repeat":"repeat","background-position":"center center","background-size":"auto","background-attachment":"scroll","background-type":"","background-media":"","overlay-type":"","overlay-color":"","overlay-opacity":"","overlay-gradient":""},"tablet":{"background-color":"var(--ast-global-color-5)","background-image":"","background-repeat":"repeat","background-position":"center center","background-size":"auto","background-attachment":"scroll","background-type":"","background-media":"","overlay-type":"","overlay-color":"","overlay-opacity":"","overlay-gradient":""},"mobile":{"background-color":"var(--ast-global-color-5)","background-image":"","background-repeat":"repeat","background-position":"center center","background-size":"auto","background-attachment":"scroll","background-type":"","background-media":"","overlay-type":"","overlay-color":"","overlay-opacity":"","overlay-gradient":""}},"footnotes":""},"class_list":["post-32","page","type-page","status-publish","hentry"],"post_mailing_queue_ids":[],"_links":{"self":[{"href":"https:\/\/agora.xtec.cat\/ceip-mcinto-verdaguer\/wp-json\/wp\/v2\/pages\/32","targetHints":{"allow":["GET"]}}],"collection":[{"href":"https:\/\/agora.xtec.cat\/ceip-mcinto-verdaguer\/wp-json\/wp\/v2\/pages"}],"about":[{"href":"https:\/\/agora.xtec.cat\/ceip-mcinto-verdaguer\/wp-json\/wp\/v2\/types\/page"}],"author":[{"embeddable":true,"href":"https:\/\/agora.xtec.cat\/ceip-mcinto-verdaguer\/wp-json\/wp\/v2\/users\/2"}],"replies":[{"embeddable":true,"href":"https:\/\/agora.xtec.cat\/ceip-mcinto-verdaguer\/wp-json\/wp\/v2\/comments?post=32"}],"version-history":[{"count":8,"href":"https:\/\/agora.xtec.cat\/ceip-mcinto-verdaguer\/wp-json\/wp\/v2\/pages\/32\/revisions"}],"predecessor-version":[{"id":12118,"href":"https:\/\/agora.xtec.cat\/ceip-mcinto-verdaguer\/wp-json\/wp\/v2\/pages\/32\/revisions\/12118"}],"up":[{"embeddable":true,"href":"https:\/\/agora.xtec.cat\/ceip-mcinto-verdaguer\/wp-json\/wp\/v2\/pages\/22"}],"wp:attachment":[{"href":"https:\/\/agora.xtec.cat\/ceip-mcinto-verdaguer\/wp-json\/wp\/v2\/media?parent=32"}],"curies":[{"name":"wp","href":"https:\/\/api.w.org\/{rel}","templated":true}]}}