{"id":319,"date":"2015-03-22T10:36:54","date_gmt":"2015-03-22T09:36:54","guid":{"rendered":"http:\/\/agora.xtec.cat\/ceip-mcinto-verdaguer\/?page_id=319"},"modified":"2020-10-15T13:52:02","modified_gmt":"2020-10-15T11:52:02","slug":"fotos-2013-14","status":"publish","type":"page","link":"https:\/\/agora.xtec.cat\/ceip-mcinto-verdaguer\/fotos-i-videos\/fotos\/fotos-2013-14\/","title":{"rendered":"Fotos 2013-14"},"content":{"rendered":"<div class=\"content-area-left w33\" style=\"text-align: left;\">\n<p class=\"content-paragraph\"><a href=\"https:\/\/photos.app.goo.gl\/Y3aQ4MbtAmMRZxet6\" target=\"_blank\" rel=\"noopener noreferrer\">Festa de final de curs<\/a> Juny 2014 Comunitat educativa<\/p>\n<p class=\"content-paragraph\"><a href=\"https:\/\/photos.app.goo.gl\/r295H5ZfErkL4xkp8\" target=\"_blank\" rel=\"noopener noreferrer\">Mostra Projecte T\u00e0ndem I<\/a> Juny 2014 Alumnes de Educaci\u00f3 Infantil, 4t i 5\u00e8<\/p>\n<p class=\"content-paragraph\"><a href=\"https:\/\/photos.app.goo.gl\/89UQASLnkSqd3Ymy7\" target=\"_blank\" rel=\"noopener noreferrer\">Mostra Projecte T\u00e0ndem II<\/a> Juny 2014 Alumnes de Cicle Inicial, 3r i 6\u00e8<\/p>\n<p class=\"content-paragraph\"><a href=\"https:\/\/photos.app.goo.gl\/RhRmDQXBKdsHNKkm8\" target=\"_blank\" rel=\"noopener noreferrer\">Sortida a Collbat\u00f3<\/a> Juny 2014 Alumnes de 6\u00e8<\/p>\n<p class=\"content-paragraph\"><a href=\"https:\/\/photos.app.goo.gl\/BYhZk5vQdgMQrsB16\" target=\"_blank\" rel=\"noopener noreferrer\">Sortida a Montju\u00efc<\/a> Juny 2014 Alumnes de 4t<\/p>\n<p class=\"content-paragraph\"><a href=\"https:\/\/photos.app.goo.gl\/KzQcnm45G2EMkLHr5\" target=\"_blank\" rel=\"noopener noreferrer\">Sant Pon\u00e7<\/a>\u00a0Maig 2014 Alumnes de Cicle Inicial<\/p>\n<p class=\"content-paragraph\"><a href=\"https:\/\/photos.app.goo.gl\/Pmi95Wzx3KXsFrD9A\" target=\"_blank\" rel=\"noopener noreferrer\">Sant Jordi i Jocs Florals<\/a>\u00a0Abril 2014 Alumnes d&#8217;infantil i prim\u00e0ria<\/p>\n<p class=\"content-paragraph\"><a href=\"https:\/\/photos.app.goo.gl\/Q9dnzn137BwknvpY7\" target=\"_blank\" rel=\"noopener noreferrer\">Grup MARC<\/a> Abril 2014 \u00a0Alumnes d&#8217;infantil i prim\u00e0ria<\/p>\n<p class=\"content-paragraph\"><a href=\"https:\/\/photos.app.goo.gl\/oGaUhyAUzBMRbVJw6\" target=\"_blank\" rel=\"noopener noreferrer\">Dansa Ara<\/a>\u00a0Abril 2014 Alumnes de 2n<\/p>\n<p class=\"content-paragraph\"><a href=\"https:\/\/photos.app.goo.gl\/WXv6KhoJRcEJXwwC6\" target=\"_blank\" rel=\"noopener noreferrer\">Jornada esportiva<\/a>\u00a0Abril 2014 Alumnes d&#8217;infantil i prim\u00e0ria<\/p>\n<p class=\"content-paragraph\"><a href=\"https:\/\/photos.app.goo.gl\/YFCWAm2C5fzmfPdb9\" target=\"_blank\" rel=\"noopener noreferrer\">Treballem Mir\u00f3<\/a>\u00a0Abril 2014 Alumnes de P3<\/p>\n<p class=\"content-paragraph\"><a href=\"https:\/\/photos.app.goo.gl\/D3nrYxNxFEpVChfF7\" target=\"_blank\" rel=\"noopener noreferrer\">Visita al Garden Bordas<\/a>\u00a0Abril 2014 Alumnes de P4<\/p>\n<p class=\"content-paragraph\"><a href=\"https:\/\/photos.app.goo.gl\/BRq5MM7K8QVD4b8r9\" target=\"_blank\" rel=\"noopener noreferrer\">Coral finlandesa<\/a>\u00a0Abril 2014 Alumnes d&#8217;infantil i prim\u00e0ria<\/p>\n<p class=\"content-paragraph\"><a href=\"https:\/\/photos.app.goo.gl\/A7yP6uHwUYmCqbPH7\" target=\"_blank\" rel=\"noopener noreferrer\">Sortida Parc de l&#8217;Escorxador<\/a>\u00a0Abril 2014 Alumnes de P3<\/p>\n<p class=\"content-paragraph\"><a href=\"https:\/\/photos.app.goo.gl\/Q5G7QGqaJDkX332d9\" target=\"_blank\" rel=\"noopener noreferrer\">Carnestoltes<\/a>\u00a0Febrer 2014 Alumnes d&#8217;Educaci\u00f3 infantil<\/p>\n<p class=\"content-paragraph\"><a href=\"https:\/\/photos.app.goo.gl\/VSj4d8GeT7CmHmjs6\" target=\"_blank\" rel=\"noopener noreferrer\">Portes obertes<\/a>\u00a0Febrer 2014 Alumnes de 6\u00e8<\/p>\n<p class=\"content-paragraph\"><a href=\"https:\/\/photos.app.goo.gl\/TUpiDPZNSn5unRW68\" target=\"_blank\" rel=\"noopener noreferrer\">Rac\u00f3 de les disfreses<\/a>\u00a0Febrer 2014 Alumnes de P4<\/p>\n<p class=\"content-paragraph\"><a href=\"https:\/\/photos.app.goo.gl\/hGpMcPVP9kidHsmy9\" target=\"_blank\" rel=\"noopener noreferrer\">Dijous Gras<\/a>\u00a0Febrer 2014 Alumnes d&#8217;Educaci\u00f3 infantil<\/p>\n<p class=\"content-paragraph\"><a href=\"https:\/\/photos.app.goo.gl\/P1xU36Ab66f7gFHGA\" target=\"_blank\" rel=\"noopener noreferrer\">Quant mesura una balena blava?\u00a0<\/a>Febrer 2014 Alumnes de 2n<\/p>\n<p class=\"content-paragraph\"><a href=\"https:\/\/photos.app.goo.gl\/3shN5gSEMVskUe1B8\" target=\"_blank\" rel=\"noopener noreferrer\">Lliurament de carnets &#8220;Patrimonia&#8217;m&#8221;<\/a>\u00a0Febrer 2014 Alumnes de 5\u00e8<\/p>\n<p class=\"content-paragraph\"><a href=\"https:\/\/photos.app.goo.gl\/YkdzTgfqbhtqFmYx8\">Treballem el barri amb tauletes\u00a0<\/a>Febrer 2014 Alumnes de 6\u00e8<\/p>\n<p class=\"content-paragraph\"><a href=\"https:\/\/photos.app.goo.gl\/vgNWYS8d417iYkLY8\" target=\"_blank\" rel=\"noopener noreferrer\">Cantada de Nadales<\/a> Desembre 2013 Comunitat educativa<\/p>\n<p class=\"content-paragraph\"><a href=\"https:\/\/photos.app.goo.gl\/kakUKJQk4FFRjbnQ9\" target=\"_blank\" rel=\"noopener noreferrer\">Pastorets<\/a> Desembre 2013 \u00a0Alumnes de 3r<\/p>\n<p class=\"content-paragraph\"><a href=\"https:\/\/photos.app.goo.gl\/FYaUbb6c5HTgbfNh9\" target=\"_blank\" rel=\"noopener noreferrer\">Actuaci\u00f3 a les escoles bressol<\/a>\u00a0Desembre 2013 Alumnes de P5 i taller de corda<\/p>\n<p class=\"content-paragraph\"><a href=\"https:\/\/photos.app.goo.gl\/Npx4AJAgw9VC5nWk8\" target=\"_blank\" rel=\"noopener noreferrer\">Mines de Gav\u00e0<\/a> Novembre 2013\u00a0Alumnes de 5\u00e8<\/p>\n<p class=\"content-paragraph\"><a href=\"https:\/\/photos.app.goo.gl\/ThPNKJxcQ1Yfwe788\" target=\"_blank\" rel=\"noopener noreferrer\">Castanyada<\/a> Octubre 2013 Alumnes d&#8217;infantil i prim\u00e0ria<\/p>\n<p class=\"content-paragraph\"><a href=\"https:\/\/photos.app.goo.gl\/ja2J1ed66JcS7XGo9\" target=\"_blank\" rel=\"noopener noreferrer\">Fem panellets!<\/a> Octubre 2013\u00a0Alumnes de P5 i 5\u00e8<\/p>\n<p class=\"content-paragraph\"><a href=\"https:\/\/photos.app.goo.gl\/pwKx32ADGb5hWmXBA\" target=\"_blank\" rel=\"noopener noreferrer\">Anem al zoo<\/a> Octubre 2013\u00a0Alumnes de P5<\/p>\n<\/div>\n","protected":false},"excerpt":{"rendered":"<p>Festa de final de curs Juny 2014 Comunitat educativa Mostra Projecte T\u00e0ndem I Juny 2014 Alumnes de Educaci\u00f3 Infantil, 4t i 5\u00e8 Mostra Projecte T\u00e0ndem II Juny 2014 Alumnes de Cicle Inicial, 3r i 6\u00e8 Sortida a Collbat\u00f3 Juny 2014 Alumnes de 6\u00e8 Sortida a Montju\u00efc Juny 2014 Alumnes de 4t Sant Pon\u00e7\u00a0Maig 2014 Alumnes [&hellip;]<\/p>\n","protected":false},"author":3,"featured_media":0,"parent":321,"menu_order":1,"comment_status":"open","ping_status":"closed","template":"page-templates\/side-menu.php","meta":{"_bbp_topic_count":0,"_bbp_reply_count":0,"_bbp_total_topic_count":0,"_bbp_total_reply_count":0,"_bbp_voice_count":0,"_bbp_anonymous_reply_count":0,"_bbp_topic_count_hidden":0,"_bbp_reply_count_hidden":0,"_bbp_forum_subforum_count":0,"site-sidebar-layout":"default","site-content-layout":"","ast-site-content-layout":"","site-content-style":"default","site-sidebar-style":"default","ast-global-header-display":"","ast-banner-title-visibility":"","ast-main-header-display":"","ast-hfb-above-header-display":"","ast-hfb-below-header-display":"","ast-hfb-mobile-header-display":"","site-post-title":"","ast-breadcrumbs-content":"","ast-featured-img":"","footer-sml-layout":"","theme-transparent-header-meta":"","adv-header-id-meta":"","stick-header-meta":"","header-above-stick-meta":"","header-main-stick-meta":"","header-below-stick-meta":"","astra-migrate-meta-layouts":"default","ast-page-background-enabled":"default","ast-page-background-meta":{"desktop":{"background-color":"var(--ast-global-color-4)","background-image":"","background-repeat":"repeat","background-position":"center center","background-size":"auto","background-attachment":"scroll","background-type":"","background-media":"","overlay-type":"","overlay-color":"","overlay-opacity":"","overlay-gradient":""},"tablet":{"background-color":"","background-image":"","background-repeat":"repeat","background-position":"center center","background-size":"auto","background-attachment":"scroll","background-type":"","background-media":"","overlay-type":"","overlay-color":"","overlay-opacity":"","overlay-gradient":""},"mobile":{"background-color":"","background-image":"","background-repeat":"repeat","background-position":"center center","background-size":"auto","background-attachment":"scroll","background-type":"","background-media":"","overlay-type":"","overlay-color":"","overlay-opacity":"","overlay-gradient":""}},"ast-content-background-meta":{"desktop":{"background-color":"var(--ast-global-color-5)","background-image":"","background-repeat":"repeat","background-position":"center center","background-size":"auto","background-attachment":"scroll","background-type":"","background-media":"","overlay-type":"","overlay-color":"","overlay-opacity":"","overlay-gradient":""},"tablet":{"background-color":"var(--ast-global-color-5)","background-image":"","background-repeat":"repeat","background-position":"center center","background-size":"auto","background-attachment":"scroll","background-type":"","background-media":"","overlay-type":"","overlay-color":"","overlay-opacity":"","overlay-gradient":""},"mobile":{"background-color":"var(--ast-global-color-5)","background-image":"","background-repeat":"repeat","background-position":"center center","background-size":"auto","background-attachment":"scroll","background-type":"","background-media":"","overlay-type":"","overlay-color":"","overlay-opacity":"","overlay-gradient":""}},"footnotes":""},"class_list":["post-319","page","type-page","status-publish","hentry"],"post_mailing_queue_ids":[],"_links":{"self":[{"href":"https:\/\/agora.xtec.cat\/ceip-mcinto-verdaguer\/wp-json\/wp\/v2\/pages\/319","targetHints":{"allow":["GET"]}}],"collection":[{"href":"https:\/\/agora.xtec.cat\/ceip-mcinto-verdaguer\/wp-json\/wp\/v2\/pages"}],"about":[{"href":"https:\/\/agora.xtec.cat\/ceip-mcinto-verdaguer\/wp-json\/wp\/v2\/types\/page"}],"author":[{"embeddable":true,"href":"https:\/\/agora.xtec.cat\/ceip-mcinto-verdaguer\/wp-json\/wp\/v2\/users\/3"}],"replies":[{"embeddable":true,"href":"https:\/\/agora.xtec.cat\/ceip-mcinto-verdaguer\/wp-json\/wp\/v2\/comments?post=319"}],"version-history":[{"count":3,"href":"https:\/\/agora.xtec.cat\/ceip-mcinto-verdaguer\/wp-json\/wp\/v2\/pages\/319\/revisions"}],"predecessor-version":[{"id":6887,"href":"https:\/\/agora.xtec.cat\/ceip-mcinto-verdaguer\/wp-json\/wp\/v2\/pages\/319\/revisions\/6887"}],"up":[{"embeddable":true,"href":"https:\/\/agora.xtec.cat\/ceip-mcinto-verdaguer\/wp-json\/wp\/v2\/pages\/321"}],"wp:attachment":[{"href":"https:\/\/agora.xtec.cat\/ceip-mcinto-verdaguer\/wp-json\/wp\/v2\/media?parent=319"}],"curies":[{"name":"wp","href":"https:\/\/api.w.org\/{rel}","templated":true}]}}