{"id":302,"date":"2015-03-11T13:31:47","date_gmt":"2015-03-11T12:31:47","guid":{"rendered":"http:\/\/agora.xtec.cat\/ceip-mcinto-verdaguer\/?page_id=302"},"modified":"2019-11-02T22:51:22","modified_gmt":"2019-11-02T21:51:22","slug":"videos-2013-14","status":"publish","type":"page","link":"https:\/\/agora.xtec.cat\/ceip-mcinto-verdaguer\/fotos-i-videos\/videos\/videos-2013-14\/","title":{"rendered":"Videos 2013-14"},"content":{"rendered":"<div class=\"content-layout column2\">\n<div class=\"content-area-left w50\">\n<div class=\"content-paragraph\">\n<p><span style=\"font-family: arial, helvetica, sans-serif;\"><a href=\"http:\/\/youtu.be\/UR2BqX5B-CA\" target=\"_blank\" rel=\"noopener noreferrer\">&#8220;Mira Mir\u00f3&#8221; <\/a>Alumnes de P3 Juny 2014 <\/span><\/p>\n<\/div>\n<div class=\"content-paragraph\">\n<p><span style=\"font-family: arial, helvetica, sans-serif;\"><a href=\"http:\/\/youtu.be\/y570DPfarX0\" target=\"_blank\" rel=\"noopener noreferrer\">&#8220;Reduir, Reutilitzar, Reciclar&#8221; <\/a>Alumnes de P5 Juny 2014 <\/span><\/p>\n<\/div>\n<div class=\"content-paragraph\">\n<p><a href=\"http:\/\/youtu.be\/-bGJfP-POQo\" target=\"_blank\" rel=\"noopener noreferrer\">&#8220;Danses d&#8217;arreu del m\u00f3n&#8221;\u00a0<\/a>Alumnes de 3r Juny 2014<\/p>\n<\/div>\n<div class=\"content-paragraph\">\n<p><span style=\"font-family: arial, helvetica, sans-serif;\"><a href=\"http:\/\/youtu.be\/pagfjlOkLSk\" target=\"_blank\" rel=\"noopener noreferrer\">&#8220;El Llibre de la Selva&#8221; <\/a>Alumnes de 5\u00e8 Juny 2014 <\/span><\/p>\n<\/div>\n<p class=\"content-paragraph\"><a href=\"http:\/\/youtu.be\/O43tOiMMqy0\" target=\"_blank\" rel=\"noopener noreferrer\">&#8220;LipDub&#8221;\u00a0<\/a>Comunitat Educativa Juny 2014<\/p>\n<p class=\"content-paragraph\"><a href=\"https:\/\/vimeo.com\/91541507\" target=\"_blank\" rel=\"noopener noreferrer\">&#8220;Dansa Ara&#8221;\u00a0<\/a>Alumnes de 2n Abril 2014<\/p>\n<p class=\"content-paragraph\"><a href=\"http:\/\/vimeo.com\/84717395\" target=\"_blank\" rel=\"noopener noreferrer\">&#8220;Actuaci\u00f3 per a l&#8217;escola bressol La Gavina&#8221;\u00a0<\/a>Alumnes de P5 Desembre 2013<\/p>\n<p class=\"content-paragraph\"><a href=\"https:\/\/vimeo.com\/86043487\" target=\"_blank\" rel=\"noopener noreferrer\">&#8220;Every breath you take&#8221; i &#8220;El timbaler&#8221;\u00a0<\/a>Alumnes de 6\u00e8 Desembre 2013<\/p>\n<p class=\"content-paragraph\"><a href=\"https:\/\/vimeo.com\/83938358\" target=\"_blank\" rel=\"noopener noreferrer\">&#8220;\u00c9s Nadal&#8221;\u00a0<\/a>Alumnes, mestres i fam\u00edlies de prim\u00e0ria Desembre 2013<\/p>\n<p class=\"content-paragraph\"><span style=\"font-family: arial, helvetica, sans-serif;\"><a href=\"https:\/\/vimeo.com\/78583030\" target=\"_blank\" rel=\"noopener noreferrer\">&#8220;Marrameu&#8221;<\/a> Alumnes de P4 Octubre 2013\u00a0<\/span><\/p>\n<p class=\"content-paragraph\"><a href=\"https:\/\/vimeo.com\/80183118\" target=\"_blank\" rel=\"noopener noreferrer\">&#8220;La tardor que jo conec&#8221;<\/a>Alumnes de 1r Octubre 2013<\/p>\n<p class=\"content-paragraph\"><a href=\"https:\/\/vimeo.com\/80185038\" target=\"_blank\" rel=\"noopener noreferrer\">&#8220;El Virolet&#8221;<\/a>Alumnes de 3r Octubre 2013<\/p>\n<\/div>\n<div class=\"content-area-right w50\">\n<div class=\"content-paragraph\">\n<p><span style=\"font-family: arial, helvetica, sans-serif;\"><a href=\"http:\/\/youtu.be\/oJdF4k7xm28\" target=\"_blank\" rel=\"noopener noreferrer\">&#8220;El cos&#8221; <\/a>Alumnes de P4 Juny 2014 <\/span><\/p>\n<\/div>\n<div class=\"content-paragraph\">\n<p><a href=\"http:\/\/youtu.be\/bM0p15Wh_0k\" target=\"_blank\" rel=\"noopener noreferrer\">&#8220;Les Quatre Estacions&#8221;\u00a0<\/a>Alumnes de Cicle Inicial Juny 2014<\/p>\n<\/div>\n<div class=\"content-paragraph\">\n<p><span style=\"font-family: arial, helvetica, sans-serif;\"><a href=\"http:\/\/youtu.be\/-0gRkwEIA98\" target=\"_blank\" rel=\"noopener noreferrer\">&#8220;Petit tastet de Cant\u00e0nia&#8221; <\/a>Alumnes de 4t Juny 2014 <\/span><\/p>\n<\/div>\n<div class=\"content-paragraph\">\n<p><span style=\"font-family: arial, helvetica, sans-serif;\"><a href=\"http:\/\/youtu.be\/NNRSxm6BfW0\" target=\"_blank\" rel=\"noopener noreferrer\">&#8220;La hist\u00f2ria de l&#8217;escola&#8221; <\/a>Alumnes de 6\u00e8 Juny 2014 <\/span><\/p>\n<\/div>\n<p class=\"content-paragraph\"><a href=\"https:\/\/vimeo.com\/98559477\" target=\"_blank\" rel=\"noopener noreferrer\">&#8220;Cant\u00e0nia: Rambla Llibertat&#8221;\u00a0<\/a>Alumnes de 4t Juny 2014<\/p>\n<p class=\"content-paragraph\"><a href=\"https:\/\/vimeo.com\/86692243\" target=\"_blank\" rel=\"noopener noreferrer\">&#8220;Concert de Nadal&#8221;\u00a0<\/a>Projecte T\u00e0ndem Desembre 2013<\/p>\n<p class=\"content-paragraph\"><a href=\"http:\/\/vimeo.com\/84717393\" target=\"_blank\" rel=\"noopener noreferrer\">&#8220;Actuaci\u00f3 a l&#8217;escola bressol Forestier&#8221;\u00a0<\/a>Alumnes de P5 Desembre 2013<\/p>\n<p class=\"content-paragraph\"><a href=\"https:\/\/vimeo.com\/83940066\" target=\"_blank\" rel=\"noopener noreferrer\">&#8220;\u00c0 la claire fontaine&#8221; i &#8220;Can\u00e7\u00f3 de bres per a una princesa negra&#8221;\u00a0<\/a>Alumnes de 5\u00e8 Desembre 2013<\/p>\n<p class=\"content-paragraph\"><a href=\"https:\/\/vimeo.com\/78573237\" target=\"_blank\" rel=\"noopener noreferrer\">&#8220;La castanyera&#8221;<\/a>Alumnes de P3 Octubre 2013<\/p>\n<p class=\"content-paragraph\"><a href=\"https:\/\/vimeo.com\/80025762\" target=\"_blank\" rel=\"noopener noreferrer\">&#8220;Les castanyes peten, peten&#8221;<\/a>Alumnes de P5 Octubre 2013<\/p>\n<p class=\"content-paragraph\"><a href=\"https:\/\/vimeo.com\/80184308\" target=\"_blank\" rel=\"noopener noreferrer\">&#8220;La bolangera&#8221;<\/a>Alumnes de 2n Octubre 2013<\/p>\n<p class=\"content-paragraph\"><a href=\"https:\/\/vimeo.com\/80188415\" target=\"_blank\" rel=\"noopener noreferrer\">&#8220;Rocktuistcharengue&#8221;<\/a>Alumnes de 4t Octubre 2013<\/p>\n<\/div>\n<div class=\"content-area-bottom\"><\/div>\n<\/div>\n<p>&nbsp;<\/p>\n","protected":false},"excerpt":{"rendered":"<p>&#8220;Mira Mir\u00f3&#8221; Alumnes de P3 Juny 2014 &#8220;Reduir, Reutilitzar, Reciclar&#8221; Alumnes de P5 Juny 2014 &#8220;Danses d&#8217;arreu del m\u00f3n&#8221;\u00a0Alumnes de 3r Juny 2014 &#8220;El Llibre de la Selva&#8221; Alumnes de 5\u00e8 Juny 2014 &#8220;LipDub&#8221;\u00a0Comunitat Educativa Juny 2014 &#8220;Dansa Ara&#8221;\u00a0Alumnes de 2n Abril 2014 &#8220;Actuaci\u00f3 per a l&#8217;escola bressol La Gavina&#8221;\u00a0Alumnes de P5 Desembre 2013 &#8220;Every [&hellip;]<\/p>\n","protected":false},"author":1,"featured_media":0,"parent":323,"menu_order":1,"comment_status":"closed","ping_status":"closed","template":"page-templates\/side-menu.php","meta":{"_bbp_topic_count":0,"_bbp_reply_count":0,"_bbp_total_topic_count":0,"_bbp_total_reply_count":0,"_bbp_voice_count":0,"_bbp_anonymous_reply_count":0,"_bbp_topic_count_hidden":0,"_bbp_reply_count_hidden":0,"_bbp_forum_subforum_count":0,"site-sidebar-layout":"default","site-content-layout":"","ast-site-content-layout":"","site-content-style":"default","site-sidebar-style":"default","ast-global-header-display":"","ast-banner-title-visibility":"","ast-main-header-display":"","ast-hfb-above-header-display":"","ast-hfb-below-header-display":"","ast-hfb-mobile-header-display":"","site-post-title":"","ast-breadcrumbs-content":"","ast-featured-img":"","footer-sml-layout":"","theme-transparent-header-meta":"","adv-header-id-meta":"","stick-header-meta":"","header-above-stick-meta":"","header-main-stick-meta":"","header-below-stick-meta":"","astra-migrate-meta-layouts":"default","ast-page-background-enabled":"default","ast-page-background-meta":{"desktop":{"background-color":"var(--ast-global-color-4)","background-image":"","background-repeat":"repeat","background-position":"center center","background-size":"auto","background-attachment":"scroll","background-type":"","background-media":"","overlay-type":"","overlay-color":"","overlay-opacity":"","overlay-gradient":""},"tablet":{"background-color":"","background-image":"","background-repeat":"repeat","background-position":"center center","background-size":"auto","background-attachment":"scroll","background-type":"","background-media":"","overlay-type":"","overlay-color":"","overlay-opacity":"","overlay-gradient":""},"mobile":{"background-color":"","background-image":"","background-repeat":"repeat","background-position":"center center","background-size":"auto","background-attachment":"scroll","background-type":"","background-media":"","overlay-type":"","overlay-color":"","overlay-opacity":"","overlay-gradient":""}},"ast-content-background-meta":{"desktop":{"background-color":"var(--ast-global-color-5)","background-image":"","background-repeat":"repeat","background-position":"center center","background-size":"auto","background-attachment":"scroll","background-type":"","background-media":"","overlay-type":"","overlay-color":"","overlay-opacity":"","overlay-gradient":""},"tablet":{"background-color":"var(--ast-global-color-5)","background-image":"","background-repeat":"repeat","background-position":"center center","background-size":"auto","background-attachment":"scroll","background-type":"","background-media":"","overlay-type":"","overlay-color":"","overlay-opacity":"","overlay-gradient":""},"mobile":{"background-color":"var(--ast-global-color-5)","background-image":"","background-repeat":"repeat","background-position":"center center","background-size":"auto","background-attachment":"scroll","background-type":"","background-media":"","overlay-type":"","overlay-color":"","overlay-opacity":"","overlay-gradient":""}},"footnotes":""},"class_list":["post-302","page","type-page","status-publish","hentry"],"post_mailing_queue_ids":[],"_links":{"self":[{"href":"https:\/\/agora.xtec.cat\/ceip-mcinto-verdaguer\/wp-json\/wp\/v2\/pages\/302","targetHints":{"allow":["GET"]}}],"collection":[{"href":"https:\/\/agora.xtec.cat\/ceip-mcinto-verdaguer\/wp-json\/wp\/v2\/pages"}],"about":[{"href":"https:\/\/agora.xtec.cat\/ceip-mcinto-verdaguer\/wp-json\/wp\/v2\/types\/page"}],"author":[{"embeddable":true,"href":"https:\/\/agora.xtec.cat\/ceip-mcinto-verdaguer\/wp-json\/wp\/v2\/users\/1"}],"replies":[{"embeddable":true,"href":"https:\/\/agora.xtec.cat\/ceip-mcinto-verdaguer\/wp-json\/wp\/v2\/comments?post=302"}],"version-history":[{"count":3,"href":"https:\/\/agora.xtec.cat\/ceip-mcinto-verdaguer\/wp-json\/wp\/v2\/pages\/302\/revisions"}],"predecessor-version":[{"id":5826,"href":"https:\/\/agora.xtec.cat\/ceip-mcinto-verdaguer\/wp-json\/wp\/v2\/pages\/302\/revisions\/5826"}],"up":[{"embeddable":true,"href":"https:\/\/agora.xtec.cat\/ceip-mcinto-verdaguer\/wp-json\/wp\/v2\/pages\/323"}],"wp:attachment":[{"href":"https:\/\/agora.xtec.cat\/ceip-mcinto-verdaguer\/wp-json\/wp\/v2\/media?parent=302"}],"curies":[{"name":"wp","href":"https:\/\/api.w.org\/{rel}","templated":true}]}}