{"id":289,"date":"2015-03-11T11:12:43","date_gmt":"2015-03-11T10:12:43","guid":{"rendered":"http:\/\/agora.xtec.cat\/ceip-mcinto-verdaguer\/?page_id=289"},"modified":"2025-05-20T13:49:00","modified_gmt":"2025-05-20T11:49:00","slug":"fotos-i-videos","status":"publish","type":"page","link":"https:\/\/agora.xtec.cat\/ceip-mcinto-verdaguer\/fotos-i-videos\/","title":{"rendered":"FOTOS I V\u00cdDEOS"},"content":{"rendered":"<p>&nbsp;<\/p>\n<table style=\"height: 436px; width: 58.0489%;\" width=\"878\">\n<tbody>\n<tr style=\"height: 96px;\">\n<td style=\"text-align: center; height: 96px; width: 553.6px;\">\n<h1><span style=\"color: #33cccc;\">FOTOGRAFIES<\/span><\/h1>\n<\/td>\n<td style=\"text-align: center; height: 96px; width: 310.4px;\">\n<h1><span style=\"color: #33cccc;\">VIDEOS<\/span><\/h1>\n<\/td>\n<\/tr>\n<tr>\n<td style=\"text-align: center; width: 553.6px;\"><a href=\"https:\/\/agora.xtec.cat\/ceip-mcinto-verdaguer\/fotos-24-25\/\" target=\"_blank\" rel=\"noopener\">Fotos 2024-25<\/a><\/td>\n<td style=\"text-align: center; width: 310.4px;\"><a href=\"https:\/\/agora.xtec.cat\/ceip-mcinto-verdaguer\/videos-2024-2025\/\" target=\"_blank\" rel=\"noopener\"><span style=\"color: #3366ff;\">V\u00eddeos 2024-25<\/span><\/a><\/td>\n<\/tr>\n<tr>\n<td style=\"text-align: center; width: 553.6px;\"><a href=\"https:\/\/agora.xtec.cat\/ceip-mcinto-verdaguer\/curs-2023-2024\/\">Fotos 2023-24<\/a><\/td>\n<td style=\"text-align: center; width: 310.4px;\"><a href=\"https:\/\/agora.xtec.cat\/ceip-mcinto-verdaguer\/videos-curs-23-24\/\"><span style=\"color: #3366ff;\">V\u00eddeos 2023-24<\/span><\/a><\/td>\n<\/tr>\n<tr style=\"height: 57px;\">\n<td style=\"text-align: center; width: 553.6px; height: 57px;\"><a href=\"https:\/\/agora.xtec.cat\/ceip-mcinto-verdaguer\/fotos-i-videos\/fotos\/fotos-2022-23\/\" target=\"_blank\" rel=\"noopener\">Fotos 2022-23<\/a><\/td>\n<td style=\"text-align: center; width: 310.4px; height: 57px;\"><span style=\"color: #3366ff;\"><a style=\"color: #3366ff;\" href=\"https:\/\/agora.xtec.cat\/ceip-mcinto-verdaguer\/fotos-i-videos\/videos\/2022-2023\/\" target=\"_blank\" rel=\"noopener\">V\u00eddeos 2022-23<\/a><\/span><\/td>\n<\/tr>\n<tr style=\"height: 33px;\">\n<td style=\"text-align: center; width: 553.6px; height: 33px;\"><a href=\"https:\/\/agora.xtec.cat\/ceip-mcinto-verdaguer\/fotos-i-videos\/fotos\/fotos-2021-22\/\" target=\"_blank\" rel=\"noopener\">Fotos 2021-22<\/a><\/td>\n<td style=\"text-align: center; width: 310.4px; height: 33px;\"><a href=\"https:\/\/agora.xtec.cat\/ceip-mcinto-verdaguer\/fotos-i-videos\/videos\/videos-2021-22\/\" target=\"_blank\" rel=\"noopener\">V\u00eddeos 2021-22<\/a><\/td>\n<\/tr>\n<tr style=\"height: 33px;\">\n<td style=\"text-align: center; width: 553.6px; height: 33px;\"><a href=\"http:\/\/agora.xtec.cat\/ceip-mcinto-verdaguer\/fotos-i-videos\/fotos\/fotos-2020-21\/\" target=\"_blank\" rel=\"noopener noreferrer\">Fotos 2020-21<\/a><\/td>\n<td style=\"text-align: center; width: 310.4px; height: 33px;\"><a href=\"https:\/\/agora.xtec.cat\/ceip-mcinto-verdaguer\/?page_id=7044&amp;preview=true\" target=\"_blank\" rel=\"noopener noreferrer\">V\u00eddeos 2020-21<\/a><\/td>\n<\/tr>\n<tr style=\"height: 31px;\">\n<td style=\"text-align: center; height: 31px; width: 553.6px;\"><a href=\"https:\/\/agora.xtec.cat\/ceip-mcinto-verdaguer\/fotos-i-videos\/fotos\/fotos-2019-20\/\" target=\"_blank\" rel=\"noopener noreferrer\">Fotos 2019-20<\/a><\/td>\n<td style=\"text-align: center; height: 31px; width: 310.4px;\"><a href=\"https:\/\/agora.xtec.cat\/ceip-mcinto-verdaguer\/fotos-i-videos\/videos\/videos-2019-20\/\" target=\"_blank\" rel=\"noopener noreferrer\">Videos 2019-20<\/a><\/td>\n<\/tr>\n<tr style=\"height: 31px;\">\n<td style=\"text-align: center; height: 31px; width: 553.6px;\"><a href=\"https:\/\/agora.xtec.cat\/ceip-mcinto-verdaguer\/fotos-i-videos\/fotos\/fotos-2018-19\/\">Fotos 2018-19<\/a><\/td>\n<td style=\"text-align: center; height: 31px; width: 310.4px;\"><a href=\"https:\/\/agora.xtec.cat\/ceip-mcinto-verdaguer\/fotos-i-videos\/videos\/videos-2018-19\/\">Videos 2018-19<\/a><\/td>\n<\/tr>\n<tr style=\"height: 31px;\">\n<td style=\"text-align: center; height: 31px; width: 553.6px;\"><a href=\"http:\/\/agora.xtec.cat\/ceip-mcinto-verdaguer\/intraweb\/fotos\/fotos-2017-18\/\" target=\"_blank\" rel=\"noopener noreferrer\">Fotos 2017-18<\/a><\/td>\n<td style=\"text-align: center; height: 31px; width: 310.4px;\"><a href=\"http:\/\/agora.xtec.cat\/ceip-mcinto-verdaguer\/fotos-i-videos\/videos\/videos-2017-18\/\" target=\"_blank\" rel=\"noopener noreferrer\">Videos 2017-18<\/a><\/td>\n<\/tr>\n<tr style=\"height: 31px;\">\n<td style=\"text-align: center; height: 31px; width: 553.6px;\"><a href=\"http:\/\/agora.xtec.cat\/ceip-mcinto-verdaguer\/fotos-i-videos\/fotos\/fotos-2016-17\/\" target=\"_blank\" rel=\"noopener noreferrer\">Fotos 2016-17<\/a><\/td>\n<td style=\"text-align: center; height: 31px; width: 310.4px;\"><a href=\"http:\/\/agora.xtec.cat\/ceip-mcinto-verdaguer\/fotos-i-videos\/videos\/videos-2016-17\/\" target=\"_blank\" rel=\"noopener noreferrer\">\u00a0V\u00eddeos 2016-17<\/a><\/td>\n<\/tr>\n<tr style=\"height: 31px;\">\n<td style=\"text-align: center; height: 31px; width: 553.6px;\"><a href=\"http:\/\/agora.xtec.cat\/ceip-mcinto-verdaguer\/fotos-i-videos\/fotos\/fotos-2015-16\/\" target=\"_blank\" rel=\"noopener noreferrer\">Fotos 2015-16<\/a><\/td>\n<td style=\"text-align: center; height: 31px; width: 310.4px;\"><a href=\"http:\/\/agora.xtec.cat\/ceip-mcinto-verdaguer\/fotos-i-videos\/videos\/videos-2015-16\/\" target=\"_blank\" rel=\"noopener noreferrer\">V\u00eddeos 2015-16<\/a><\/td>\n<\/tr>\n<tr style=\"height: 31px;\">\n<td style=\"text-align: center; height: 31px; width: 553.6px;\"><a href=\"http:\/\/agora.xtec.cat\/ceip-mcinto-verdaguer\/fotos-i-videos\/fotos\/fotos-2014-15\/\" target=\"_blank\" rel=\"noopener noreferrer\">Fotos 2014-15<\/a><\/td>\n<td style=\"text-align: center; height: 31px; width: 310.4px;\"><a href=\"http:\/\/agora.xtec.cat\/ceip-mcinto-verdaguer\/fotos-i-videos\/videos\/videos-2014-15\/\" target=\"_blank\" rel=\"noopener noreferrer\">V\u00eddeos 2014-15<\/a><\/td>\n<\/tr>\n<tr style=\"height: 31px;\">\n<td style=\"text-align: center; width: 553.6px; height: 31px;\"><a href=\"http:\/\/agora.xtec.cat\/ceip-mcinto-verdaguer\/fotos-i-videos\/fotos\/fotos-2013-14\/\" target=\"_blank\" rel=\"noopener noreferrer\">Fotos 2013-14<\/a><\/td>\n<td style=\"text-align: center; width: 310.4px; height: 31px;\"><a href=\"http:\/\/agora.xtec.cat\/ceip-mcinto-verdaguer\/fotos-i-videos\/videos\/videos-2013-14\/\" target=\"_blank\" rel=\"noopener noreferrer\">V\u00eddeos 2013-14<\/a><\/td>\n<\/tr>\n<\/tbody>\n<\/table>\n<h2><\/h2>\n<p>&nbsp;<\/p>\n<div align=\"left\"><\/div>\n","protected":false},"excerpt":{"rendered":"<p>&nbsp; FOTOGRAFIES VIDEOS Fotos 2024-25 V\u00eddeos 2024-25 Fotos 2023-24 V\u00eddeos 2023-24 Fotos 2022-23 V\u00eddeos 2022-23 Fotos 2021-22 V\u00eddeos 2021-22 Fotos 2020-21 V\u00eddeos 2020-21 Fotos 2019-20 Videos 2019-20 Fotos 2018-19 Videos 2018-19 Fotos 2017-18 Videos 2017-18 Fotos 2016-17 \u00a0V\u00eddeos 2016-17 Fotos 2015-16 V\u00eddeos 2015-16 Fotos 2014-15 V\u00eddeos 2014-15 Fotos 2013-14 V\u00eddeos 2013-14 &nbsp;<\/p>\n","protected":false},"author":1,"featured_media":0,"parent":0,"menu_order":0,"comment_status":"closed","ping_status":"closed","template":"page-templates\/side-menu.php","meta":{"_bbp_topic_count":0,"_bbp_reply_count":0,"_bbp_total_topic_count":0,"_bbp_total_reply_count":0,"_bbp_voice_count":0,"_bbp_anonymous_reply_count":0,"_bbp_topic_count_hidden":0,"_bbp_reply_count_hidden":0,"_bbp_forum_subforum_count":0,"site-sidebar-layout":"default","site-content-layout":"","ast-site-content-layout":"","site-content-style":"default","site-sidebar-style":"default","ast-global-header-display":"","ast-banner-title-visibility":"","ast-main-header-display":"","ast-hfb-above-header-display":"","ast-hfb-below-header-display":"","ast-hfb-mobile-header-display":"","site-post-title":"","ast-breadcrumbs-content":"","ast-featured-img":"","footer-sml-layout":"","theme-transparent-header-meta":"","adv-header-id-meta":"","stick-header-meta":"","header-above-stick-meta":"","header-main-stick-meta":"","header-below-stick-meta":"","astra-migrate-meta-layouts":"default","ast-page-background-enabled":"default","ast-page-background-meta":{"desktop":{"background-color":"var(--ast-global-color-4)","background-image":"","background-repeat":"repeat","background-position":"center center","background-size":"auto","background-attachment":"scroll","background-type":"","background-media":"","overlay-type":"","overlay-color":"","overlay-opacity":"","overlay-gradient":""},"tablet":{"background-color":"","background-image":"","background-repeat":"repeat","background-position":"center center","background-size":"auto","background-attachment":"scroll","background-type":"","background-media":"","overlay-type":"","overlay-color":"","overlay-opacity":"","overlay-gradient":""},"mobile":{"background-color":"","background-image":"","background-repeat":"repeat","background-position":"center center","background-size":"auto","background-attachment":"scroll","background-type":"","background-media":"","overlay-type":"","overlay-color":"","overlay-opacity":"","overlay-gradient":""}},"ast-content-background-meta":{"desktop":{"background-color":"var(--ast-global-color-5)","background-image":"","background-repeat":"repeat","background-position":"center center","background-size":"auto","background-attachment":"scroll","background-type":"","background-media":"","overlay-type":"","overlay-color":"","overlay-opacity":"","overlay-gradient":""},"tablet":{"background-color":"var(--ast-global-color-5)","background-image":"","background-repeat":"repeat","background-position":"center center","background-size":"auto","background-attachment":"scroll","background-type":"","background-media":"","overlay-type":"","overlay-color":"","overlay-opacity":"","overlay-gradient":""},"mobile":{"background-color":"var(--ast-global-color-5)","background-image":"","background-repeat":"repeat","background-position":"center center","background-size":"auto","background-attachment":"scroll","background-type":"","background-media":"","overlay-type":"","overlay-color":"","overlay-opacity":"","overlay-gradient":""}},"footnotes":""},"class_list":["post-289","page","type-page","status-publish","hentry"],"post_mailing_queue_ids":[],"_links":{"self":[{"href":"https:\/\/agora.xtec.cat\/ceip-mcinto-verdaguer\/wp-json\/wp\/v2\/pages\/289","targetHints":{"allow":["GET"]}}],"collection":[{"href":"https:\/\/agora.xtec.cat\/ceip-mcinto-verdaguer\/wp-json\/wp\/v2\/pages"}],"about":[{"href":"https:\/\/agora.xtec.cat\/ceip-mcinto-verdaguer\/wp-json\/wp\/v2\/types\/page"}],"author":[{"embeddable":true,"href":"https:\/\/agora.xtec.cat\/ceip-mcinto-verdaguer\/wp-json\/wp\/v2\/users\/1"}],"replies":[{"embeddable":true,"href":"https:\/\/agora.xtec.cat\/ceip-mcinto-verdaguer\/wp-json\/wp\/v2\/comments?post=289"}],"version-history":[{"count":7,"href":"https:\/\/agora.xtec.cat\/ceip-mcinto-verdaguer\/wp-json\/wp\/v2\/pages\/289\/revisions"}],"predecessor-version":[{"id":11917,"href":"https:\/\/agora.xtec.cat\/ceip-mcinto-verdaguer\/wp-json\/wp\/v2\/pages\/289\/revisions\/11917"}],"wp:attachment":[{"href":"https:\/\/agora.xtec.cat\/ceip-mcinto-verdaguer\/wp-json\/wp\/v2\/media?parent=289"}],"curies":[{"name":"wp","href":"https:\/\/api.w.org\/{rel}","templated":true}]}}