{"id":28,"date":"2014-09-18T12:29:35","date_gmt":"2014-09-18T12:29:35","guid":{"rendered":"http:\/\/agora.xtec.cat\/ceip-mcinto-verdaguer\/\/?page_id=28"},"modified":"2026-03-04T16:27:04","modified_gmt":"2026-03-04T15:27:04","slug":"consell-escolar","status":"publish","type":"page","link":"https:\/\/agora.xtec.cat\/ceip-mcinto-verdaguer\/lescola\/consell-escolar\/","title":{"rendered":"Consell escolar"},"content":{"rendered":"<p style=\"color: #000000;\" align=\"center\"><strong><span style=\"font-size: large;\"><span style=\"font-family: arial, helvetica, sans-serif;\">CURS\u00a0<\/span><\/span><span style=\"font-size: large;\"><span style=\"font-family: arial, helvetica, sans-serif;\">2026-2028<\/span><\/span><span style=\"font-size: large;\"><span style=\"font-family: arial, helvetica, sans-serif;\"><br \/>\n<\/span><\/span><\/strong><\/p>\n<table width=\"1041\" cellspacing=\"0\" cellpadding=\"10\">\n<tbody>\n<tr valign=\"top\">\n<td width=\"430\">\n<ul>\n<li>\n<p align=\"left\"><span style=\"color: #00426b;\"><b>Presidenta<\/b><\/span><\/p>\n<\/li>\n<\/ul>\n<\/td>\n<td style=\"width: 571px; vertical-align: middle;\" width=\"571\">\n<p align=\"left\"><span style=\"color: #00426b;\">Natalia Fuster (P \/C \/E \/M\/ <i>Part<\/i>\/ Ent)<\/span><\/p>\n<\/td>\n<\/tr>\n<tr valign=\"top\">\n<td width=\"430\">\n<ul>\n<li>\n<p align=\"left\"><span style=\"color: #00426b;\"><b>Secretari:<\/b><\/span><\/p>\n<\/li>\n<\/ul>\n<\/td>\n<td style=\"width: 571px; vertical-align: middle;\" width=\"571\">\n<p align=\"left\"><span style=\"color: #00426b;\">Carles Castell\u00f3n ( E\/ M)<\/span><\/p>\n<\/td>\n<\/tr>\n<tr valign=\"top\">\n<td width=\"430\">\n<ul>\n<li>\n<p align=\"left\"><span style=\"color: #00426b;\"><b>Cap d\u2019Estudis:<\/b> <\/span><\/p>\n<\/li>\n<\/ul>\n<\/td>\n<td style=\"width: 571px; vertical-align: middle;\" width=\"571\">\n<p align=\"left\"><span style=\"color: #00426b;\">Bego\u00f1a Sanabria (C )<\/span><\/p>\n<\/td>\n<\/tr>\n<tr valign=\"top\">\n<td width=\"430\">\n<ul>\n<li>\n<p align=\"left\"><span style=\"color: #00426b;\"><b>Representants dels mestres<\/b><b>: <\/b><\/span><\/p>\n<\/li>\n<\/ul>\n<\/td>\n<td width=\"571\">\n<p align=\"left\"><span style=\"color: #00426b;\">Xavi Benito (E)<\/span><\/p>\n<p align=\"left\"><span style=\"color: #00426b;\">Lola Quirant (P)<\/span><\/p>\n<p align=\"left\"><span style=\"color: #00426b;\">Sandra Mar\u00edn (M)<\/span><\/p>\n<p align=\"left\"><span style=\"color: #00426b;\">Maria Cortasa (C)<\/span><\/p>\n<p align=\"left\"><span style=\"color: #00426b;\">Elisabeth Giner (Ent)<\/span><\/p>\n<p align=\"left\"><span style=\"color: #00426b;\">Judith Grau <span style=\"font-size: small;\"><i>(Part)<\/i><\/span><\/span><\/p>\n<\/td>\n<\/tr>\n<tr valign=\"top\">\n<td width=\"430\">\n<ul>\n<li>\n<p align=\"left\"><span style=\"color: #00426b;\"><b>Representants fam\u00edlies<\/b><b>: <\/b><\/span><\/p>\n<\/li>\n<\/ul>\n<\/td>\n<td width=\"571\">\n<p align=\"left\"><span style=\"color: #00426b;\">Georgina Sanmart\u00ed (M)<\/span><\/p>\n<p align=\"left\"><span style=\"color: #00426b;\">Mariona Benain <span style=\"font-size: small;\"><i>(Part)<\/i><\/span><\/span><\/p>\n<p align=\"left\"><span style=\"color: #00426b;\">Adeline de Villardi (P)<\/span><\/p>\n<p align=\"left\"><span style=\"color: #00426b;\">Gema Alonso (C)<\/span><\/p>\n<p align=\"left\"><span style=\"color: #00426b;\">Maria Taltavull<\/span><\/p>\n<\/td>\n<\/tr>\n<tr valign=\"top\">\n<td width=\"430\">\n<ul>\n<li>\n<p align=\"left\"><span style=\"color: #00426b;\"><b>Representant AFA<\/b><b>: <\/b><\/span><\/p>\n<\/li>\n<\/ul>\n<\/td>\n<td width=\"571\">\n<p align=\"left\"><span style=\"color: #00426b;\"> Laia P\u00e9rez (E)<\/span><\/p>\n<\/td>\n<\/tr>\n<tr valign=\"top\">\n<td width=\"430\">\n<ul>\n<li>\n<p align=\"left\"><span style=\"color: #00426b;\"><b>Representant PAS<\/b><b>: <\/b><\/span><\/p>\n<\/li>\n<\/ul>\n<\/td>\n<td width=\"571\">\n<p align=\"left\"><span style=\"color: #00426b;\"> Laura Ferruz <span style=\"font-size: small;\"><i>(Part)<\/i><\/span><\/span><\/p>\n<\/td>\n<\/tr>\n<tr valign=\"top\">\n<td width=\"430\">\n<ul>\n<li>\n<p align=\"left\"><span style=\"color: #00426b;\"><b>Representant de l\u2019Ajuntament<\/b><\/span><\/p>\n<\/li>\n<\/ul>\n<\/td>\n<td width=\"571\">\n<p align=\"left\"><span style=\"color: #00426b;\">Marleny Colmenares (E)<\/span><\/p>\n<\/td>\n<\/tr>\n<\/tbody>\n<\/table>\n<p><span style=\"font-size: small;\"><i>(P): Comissi\u00f3 permanent Consell Escolar.<\/i><\/span><\/p>\n<p><span style=\"font-size: small;\"><i>(C): Comissi\u00f3 conviv\u00e8ncia <\/i><\/span><\/p>\n<p align=\"justify\"><span style=\"font-size: small;\"><i>(E): Comissi\u00f3 econ\u00f2mica <\/i><\/span><\/p>\n<p align=\"justify\"><span style=\"font-size: small;\"><i>(M): Comissi\u00f3 de menjador.<\/i><\/span><\/p>\n<p align=\"justify\"><span style=\"font-size: small;\"><i>(Ent): Entorn i obres<\/i><\/span><\/p>\n<p align=\"justify\"><span style=\"font-size: small;\"><i>(Part): Participativa<\/i><\/span><\/p>\n<p>&nbsp;<\/p>\n<ul>\n<li><a href=\"https:\/\/drive.google.com\/drive\/folders\/1480YBC7yAGUnT9erCC-BZLamhYhkvCyX?usp=drive_link\"><span style=\"color: #00426b;\"><b>Actes Consell Escolar curs 25-26<\/b><\/span><\/a><\/li>\n<\/ul>\n<p>&nbsp;<\/p>\n<p>&nbsp;<\/p>\n<p>&nbsp;<\/p>\n<p>&nbsp;<\/p>\n","protected":false},"excerpt":{"rendered":"<p>CURS\u00a02026-2028 Presidenta Natalia Fuster (P \/C \/E \/M\/ Part\/ Ent) Secretari: Carles Castell\u00f3n ( E\/ M) Cap d\u2019Estudis: Bego\u00f1a Sanabria (C ) Representants dels mestres: Xavi Benito (E) Lola Quirant (P) Sandra Mar\u00edn (M) Maria Cortasa (C) Elisabeth Giner (Ent) Judith Grau (Part) Representants fam\u00edlies: Georgina Sanmart\u00ed (M) Mariona Benain (Part) Adeline de Villardi (P) [&hellip;]<\/p>\n","protected":false},"author":2,"featured_media":0,"parent":22,"menu_order":30,"comment_status":"closed","ping_status":"closed","template":"","meta":{"_bbp_topic_count":0,"_bbp_reply_count":0,"_bbp_total_topic_count":0,"_bbp_total_reply_count":0,"_bbp_voice_count":0,"_bbp_anonymous_reply_count":0,"_bbp_topic_count_hidden":0,"_bbp_reply_count_hidden":0,"_bbp_forum_subforum_count":0,"site-sidebar-layout":"default","site-content-layout":"","ast-site-content-layout":"default","site-content-style":"default","site-sidebar-style":"default","ast-global-header-display":"","ast-banner-title-visibility":"","ast-main-header-display":"","ast-hfb-above-header-display":"","ast-hfb-below-header-display":"","ast-hfb-mobile-header-display":"","site-post-title":"","ast-breadcrumbs-content":"","ast-featured-img":"","footer-sml-layout":"","theme-transparent-header-meta":"default","adv-header-id-meta":"","stick-header-meta":"","header-above-stick-meta":"","header-main-stick-meta":"","header-below-stick-meta":"","astra-migrate-meta-layouts":"set","ast-page-background-enabled":"default","ast-page-background-meta":{"desktop":{"background-color":"var(--ast-global-color-4)","background-image":"","background-repeat":"repeat","background-position":"center center","background-size":"auto","background-attachment":"scroll","background-type":"","background-media":"","overlay-type":"","overlay-color":"","overlay-opacity":"","overlay-gradient":""},"tablet":{"background-color":"","background-image":"","background-repeat":"repeat","background-position":"center center","background-size":"auto","background-attachment":"scroll","background-type":"","background-media":"","overlay-type":"","overlay-color":"","overlay-opacity":"","overlay-gradient":""},"mobile":{"background-color":"","background-image":"","background-repeat":"repeat","background-position":"center center","background-size":"auto","background-attachment":"scroll","background-type":"","background-media":"","overlay-type":"","overlay-color":"","overlay-opacity":"","overlay-gradient":""}},"ast-content-background-meta":{"desktop":{"background-color":"var(--ast-global-color-5)","background-image":"","background-repeat":"repeat","background-position":"center center","background-size":"auto","background-attachment":"scroll","background-type":"","background-media":"","overlay-type":"","overlay-color":"","overlay-opacity":"","overlay-gradient":""},"tablet":{"background-color":"var(--ast-global-color-5)","background-image":"","background-repeat":"repeat","background-position":"center center","background-size":"auto","background-attachment":"scroll","background-type":"","background-media":"","overlay-type":"","overlay-color":"","overlay-opacity":"","overlay-gradient":""},"mobile":{"background-color":"var(--ast-global-color-5)","background-image":"","background-repeat":"repeat","background-position":"center center","background-size":"auto","background-attachment":"scroll","background-type":"","background-media":"","overlay-type":"","overlay-color":"","overlay-opacity":"","overlay-gradient":""}},"footnotes":""},"class_list":["post-28","page","type-page","status-publish","hentry"],"post_mailing_queue_ids":[],"_links":{"self":[{"href":"https:\/\/agora.xtec.cat\/ceip-mcinto-verdaguer\/wp-json\/wp\/v2\/pages\/28","targetHints":{"allow":["GET"]}}],"collection":[{"href":"https:\/\/agora.xtec.cat\/ceip-mcinto-verdaguer\/wp-json\/wp\/v2\/pages"}],"about":[{"href":"https:\/\/agora.xtec.cat\/ceip-mcinto-verdaguer\/wp-json\/wp\/v2\/types\/page"}],"author":[{"embeddable":true,"href":"https:\/\/agora.xtec.cat\/ceip-mcinto-verdaguer\/wp-json\/wp\/v2\/users\/2"}],"replies":[{"embeddable":true,"href":"https:\/\/agora.xtec.cat\/ceip-mcinto-verdaguer\/wp-json\/wp\/v2\/comments?post=28"}],"version-history":[{"count":7,"href":"https:\/\/agora.xtec.cat\/ceip-mcinto-verdaguer\/wp-json\/wp\/v2\/pages\/28\/revisions"}],"predecessor-version":[{"id":12657,"href":"https:\/\/agora.xtec.cat\/ceip-mcinto-verdaguer\/wp-json\/wp\/v2\/pages\/28\/revisions\/12657"}],"up":[{"embeddable":true,"href":"https:\/\/agora.xtec.cat\/ceip-mcinto-verdaguer\/wp-json\/wp\/v2\/pages\/22"}],"wp:attachment":[{"href":"https:\/\/agora.xtec.cat\/ceip-mcinto-verdaguer\/wp-json\/wp\/v2\/media?parent=28"}],"curies":[{"name":"wp","href":"https:\/\/api.w.org\/{rel}","templated":true}]}}