{"id":2734,"date":"2016-11-22T15:56:11","date_gmt":"2016-11-22T14:56:11","guid":{"rendered":"http:\/\/agora.xtec.cat\/ceip-mcinto-verdaguer\/?page_id=2734"},"modified":"2019-11-02T23:04:16","modified_gmt":"2019-11-02T22:04:16","slug":"fotos-2016-17","status":"publish","type":"page","link":"https:\/\/agora.xtec.cat\/ceip-mcinto-verdaguer\/fotos-i-videos\/fotos\/fotos-2016-17\/","title":{"rendered":"Fotos 2016-17"},"content":{"rendered":"<p><a href=\"https:\/\/goo.gl\/photos\/exGU5zZGgsT8TiQk8\" target=\"_blank\" rel=\"noopener noreferrer\">Inauguraci\u00f3 exposici\u00f3 &#8220;Som iguals, som diferents&#8221; <\/a> Alumnes de cicle inicial Maig 2017<\/p>\n<p><a href=\"https:\/\/goo.gl\/photos\/1wN7rziR2hYT8JCq8\" target=\"_blank\" rel=\"noopener noreferrer\">Cloenda Patrimonia&#8217;m <\/a> Alumnes de 5\u00e8 Maig 2017<\/p>\n<p><a href=\"https:\/\/goo.gl\/photos\/7Z7SAiZVPgMXbGj8A\" target=\"_blank\" rel=\"noopener noreferrer\">Barcelona, ciutat refugi <\/a> Alumnes de 6\u00e8 Maig 2017<\/p>\n<p><a href=\"https:\/\/goo.gl\/photos\/8jKX91cqktzfuqGp9\" target=\"_blank\" rel=\"noopener noreferrer\">Sortida a la granja <\/a> Alumnes de cicle inicial Maig 2017<\/p>\n<p><a href=\"https:\/\/goo.gl\/photos\/x9SWFLwX6McX9QHR7\" target=\"_blank\" rel=\"noopener noreferrer\">Jocs Florals <\/a> Comunitat educativa Abril 2017<\/p>\n<p><a href=\"https:\/\/goo.gl\/photos\/KUtjRmPgWQDd22C48\" target=\"_blank\" rel=\"noopener noreferrer\">Jornada esportiva <\/a> Alumnes de l&#8217;escola Abril 2017<\/p>\n<p><a href=\"https:\/\/goo.gl\/photos\/hDdAA4GcUov7QwFr8\" target=\"_blank\" rel=\"noopener noreferrer\">Dansa Ara <\/a> Alumnes de 2n Abril 2017<\/p>\n<p><a href=\"https:\/\/goo.gl\/photos\/4ArzL2z9os9fyUJt9\" target=\"_blank\" rel=\"noopener noreferrer\">Visita a la granja <\/a> Alumnes de P3 Mar\u00e7 2017<\/p>\n<p><a href=\"https:\/\/goo.gl\/photos\/EMpsaSGicwkSF4Kv9\" target=\"_blank\" rel=\"noopener noreferrer\">Organitzaci\u00f3 de pati <\/a> Alumnes de prim\u00e0ria Febrer 2017<\/p>\n<p><a href=\"https:\/\/goo.gl\/photos\/nY618r2PGmL2yFVt6\" target=\"_blank\" rel=\"noopener noreferrer\">Patrimoniem la domus <\/a> Alumnes de 5\u00e8 Febrer 2017<\/p>\n<p><a href=\"https:\/\/goo.gl\/photos\/E2UVhMsPTu4GDqeC7\" target=\"_blank\" rel=\"noopener noreferrer\">Projecte de l&#8217;aigua <\/a> Alumnes de 2n Febrer 2017<\/p>\n<p><a href=\"https:\/\/goo.gl\/photos\/3czyhqhtCdJCWAgy8\" target=\"_blank\" rel=\"noopener noreferrer\">Qu\u00e8 s\u00f3n les fonts prim\u00e0ries <\/a> Alumnes de 6\u00e8 Febrer 2017<\/p>\n<p><a href=\"https:\/\/goo.gl\/photos\/CCZmpeWWNb72ZiRi7\" target=\"_blank\" rel=\"noopener noreferrer\">Sortida al port <\/a> Alumnes de 2n Febrer 2017<\/p>\n<p><a href=\"https:\/\/goo.gl\/photos\/Qdc4vPs79ZiLfo558\" target=\"_blank\" rel=\"noopener noreferrer\">Concert de Nadal <\/a> Nens i nenes de l&#8217;escola Desembre 2016<\/p>\n<p><a href=\"https:\/\/goo.gl\/photos\/6fsZMe9JBvcpw9qR6\" target=\"_blank\" rel=\"noopener noreferrer\">Pastorets <\/a> Alumnes de 3r Desembre 2016<\/p>\n<p><a href=\"https:\/\/goo.gl\/photos\/gMSCPsF5YrJZNcFL6\" target=\"_blank\" rel=\"noopener noreferrer\">Celebraci\u00f3 Nadal a Infantil <\/a> Alumnes d&#8217;Educaci\u00f3 Infantil Desembre 2016<\/p>\n<p><a href=\"https:\/\/goo.gl\/photos\/Cdx2Viysvp4QDpxp7\" target=\"_blank\" rel=\"noopener noreferrer\">XXII Audi\u00e8ncia P\u00fablica <\/a> Alumnes de 6\u00e8 Desembre 2016<\/p>\n<p><a href=\"https:\/\/goo.gl\/photos\/rc6NddFoD7Fq7vLF7\" target=\"_blank\" rel=\"noopener noreferrer\">Descobrim el barri <\/a> Alumnes de 6\u00e8 Desembre 2016<\/p>\n<p><a href=\"https:\/\/goo.gl\/photos\/UEzt39X1WhiQBfPbA\" target=\"_blank\" rel=\"noopener noreferrer\">Sortida al garden <\/a> Alumnes de P4 Novembre 2016<\/p>\n<p><a href=\"https:\/\/goo.gl\/photos\/73tQjocHZK17noGSA\" target=\"_blank\" rel=\"noopener noreferrer\">El castanyer a la tardor <\/a> Alumnes de P4 Novembre 2016<\/p>\n<p><a href=\"https:\/\/goo.gl\/photos\/vgUnRxY3bVE9rqCw7\" target=\"_blank\" rel=\"noopener noreferrer\">Mines prehist\u00f2riques de Gav\u00e0 <\/a> Alumnes de 5\u00e8 Novembre 2016<\/p>\n<p><a href=\"https:\/\/goo.gl\/photos\/jHYLMwpuRwixWNpJ6\" target=\"_blank\" rel=\"noopener noreferrer\">Treball del cos <\/a> Alumnes de Cicle Inicial Novembre 2016<\/p>\n<p><a href=\"https:\/\/goo.gl\/photos\/GuP7MQWDRow2cJYPA\" target=\"_blank\" rel=\"noopener noreferrer\">Estudiem els cocodrils <\/a> Alumnes de P4 Octubre 2016<\/p>\n<p><a href=\"https:\/\/goo.gl\/photos\/j6t38sqXEtLzprqc9\" target=\"_blank\" rel=\"noopener noreferrer\">Festa de la castanyada <\/a> Comunitat educativa Octubre 2016<\/p>\n<p><a href=\"https:\/\/goo.gl\/photos\/BcK4Eoxt2S8SREYv5\" target=\"_blank\" rel=\"noopener noreferrer\">Coves del Salnitre, Collbat\u00f3 <\/a> Alumnes de 6\u00e8 Octubre 2016<\/p>\n<p><a href=\"https:\/\/goo.gl\/photos\/4ghsyqS3mCMVByom9\" target=\"_blank\" rel=\"noopener noreferrer\">Col\u00f2nies <\/a> Alumnes de 4t i 6\u00e8 Octubre 2016<\/p>\n<p><a href=\"https:\/\/goo.gl\/photos\/s8UKHHQyGQVKmKFJ8\" target=\"_blank\" rel=\"noopener noreferrer\">Visita Castellers Poble-sec <\/a> Setembre 2016<\/p>\n","protected":false},"excerpt":{"rendered":"<p>Inauguraci\u00f3 exposici\u00f3 &#8220;Som iguals, som diferents&#8221; Alumnes de cicle inicial Maig 2017 Cloenda Patrimonia&#8217;m Alumnes de 5\u00e8 Maig 2017 Barcelona, ciutat refugi Alumnes de 6\u00e8 Maig 2017 Sortida a la granja Alumnes de cicle inicial Maig 2017 Jocs Florals Comunitat educativa Abril 2017 Jornada esportiva Alumnes de l&#8217;escola Abril 2017 Dansa Ara Alumnes de 2n [&hellip;]<\/p>\n","protected":false},"author":1,"featured_media":0,"parent":321,"menu_order":4,"comment_status":"closed","ping_status":"closed","template":"","meta":{"_bbp_topic_count":0,"_bbp_reply_count":0,"_bbp_total_topic_count":0,"_bbp_total_reply_count":0,"_bbp_voice_count":0,"_bbp_anonymous_reply_count":0,"_bbp_topic_count_hidden":0,"_bbp_reply_count_hidden":0,"_bbp_forum_subforum_count":0,"site-sidebar-layout":"default","site-content-layout":"","ast-site-content-layout":"","site-content-style":"default","site-sidebar-style":"default","ast-global-header-display":"","ast-banner-title-visibility":"","ast-main-header-display":"","ast-hfb-above-header-display":"","ast-hfb-below-header-display":"","ast-hfb-mobile-header-display":"","site-post-title":"","ast-breadcrumbs-content":"","ast-featured-img":"","footer-sml-layout":"","theme-transparent-header-meta":"","adv-header-id-meta":"","stick-header-meta":"","header-above-stick-meta":"","header-main-stick-meta":"","header-below-stick-meta":"","astra-migrate-meta-layouts":"default","ast-page-background-enabled":"default","ast-page-background-meta":{"desktop":{"background-color":"var(--ast-global-color-4)","background-image":"","background-repeat":"repeat","background-position":"center center","background-size":"auto","background-attachment":"scroll","background-type":"","background-media":"","overlay-type":"","overlay-color":"","overlay-opacity":"","overlay-gradient":""},"tablet":{"background-color":"","background-image":"","background-repeat":"repeat","background-position":"center center","background-size":"auto","background-attachment":"scroll","background-type":"","background-media":"","overlay-type":"","overlay-color":"","overlay-opacity":"","overlay-gradient":""},"mobile":{"background-color":"","background-image":"","background-repeat":"repeat","background-position":"center center","background-size":"auto","background-attachment":"scroll","background-type":"","background-media":"","overlay-type":"","overlay-color":"","overlay-opacity":"","overlay-gradient":""}},"ast-content-background-meta":{"desktop":{"background-color":"var(--ast-global-color-5)","background-image":"","background-repeat":"repeat","background-position":"center center","background-size":"auto","background-attachment":"scroll","background-type":"","background-media":"","overlay-type":"","overlay-color":"","overlay-opacity":"","overlay-gradient":""},"tablet":{"background-color":"var(--ast-global-color-5)","background-image":"","background-repeat":"repeat","background-position":"center center","background-size":"auto","background-attachment":"scroll","background-type":"","background-media":"","overlay-type":"","overlay-color":"","overlay-opacity":"","overlay-gradient":""},"mobile":{"background-color":"var(--ast-global-color-5)","background-image":"","background-repeat":"repeat","background-position":"center center","background-size":"auto","background-attachment":"scroll","background-type":"","background-media":"","overlay-type":"","overlay-color":"","overlay-opacity":"","overlay-gradient":""}},"footnotes":""},"class_list":["post-2734","page","type-page","status-publish","hentry"],"post_mailing_queue_ids":[],"_links":{"self":[{"href":"https:\/\/agora.xtec.cat\/ceip-mcinto-verdaguer\/wp-json\/wp\/v2\/pages\/2734","targetHints":{"allow":["GET"]}}],"collection":[{"href":"https:\/\/agora.xtec.cat\/ceip-mcinto-verdaguer\/wp-json\/wp\/v2\/pages"}],"about":[{"href":"https:\/\/agora.xtec.cat\/ceip-mcinto-verdaguer\/wp-json\/wp\/v2\/types\/page"}],"author":[{"embeddable":true,"href":"https:\/\/agora.xtec.cat\/ceip-mcinto-verdaguer\/wp-json\/wp\/v2\/users\/1"}],"replies":[{"embeddable":true,"href":"https:\/\/agora.xtec.cat\/ceip-mcinto-verdaguer\/wp-json\/wp\/v2\/comments?post=2734"}],"version-history":[{"count":4,"href":"https:\/\/agora.xtec.cat\/ceip-mcinto-verdaguer\/wp-json\/wp\/v2\/pages\/2734\/revisions"}],"predecessor-version":[{"id":5836,"href":"https:\/\/agora.xtec.cat\/ceip-mcinto-verdaguer\/wp-json\/wp\/v2\/pages\/2734\/revisions\/5836"}],"up":[{"embeddable":true,"href":"https:\/\/agora.xtec.cat\/ceip-mcinto-verdaguer\/wp-json\/wp\/v2\/pages\/321"}],"wp:attachment":[{"href":"https:\/\/agora.xtec.cat\/ceip-mcinto-verdaguer\/wp-json\/wp\/v2\/media?parent=2734"}],"curies":[{"name":"wp","href":"https:\/\/api.w.org\/{rel}","templated":true}]}}