{"id":2602,"date":"2016-11-07T10:03:41","date_gmt":"2016-11-07T09:03:41","guid":{"rendered":"http:\/\/agora.xtec.cat\/ceip-mcinto-verdaguer\/?page_id=2602"},"modified":"2021-01-19T17:27:19","modified_gmt":"2021-01-19T16:27:19","slug":"innovacio-pedagogica","status":"publish","type":"page","link":"https:\/\/agora.xtec.cat\/ceip-mcinto-verdaguer\/innovacio-pedagogica\/","title":{"rendered":"."},"content":{"rendered":"<p><a href=\"https:\/\/agora.xtec.cat\/ceip-mcinto-verdaguer\/wp-content\/uploads\/usu657\/2021\/01\/LOGO_innoVerdaguer05.jpg\"><img loading=\"lazy\" decoding=\"async\" class=\"alignnone size-large wp-image-7156\" src=\"https:\/\/agora.xtec.cat\/ceip-mcinto-verdaguer\/wp-content\/uploads\/usu657\/2021\/01\/LOGO_innoVerdaguer05-1024x222.jpg\" alt=\"\" width=\"1024\" height=\"222\" srcset=\"https:\/\/agora.xtec.cat\/ceip-mcinto-verdaguer\/wp-content\/uploads\/usu657\/2021\/01\/LOGO_innoVerdaguer05-1024x222.jpg 1024w, https:\/\/agora.xtec.cat\/ceip-mcinto-verdaguer\/wp-content\/uploads\/usu657\/2021\/01\/LOGO_innoVerdaguer05-300x65.jpg 300w, https:\/\/agora.xtec.cat\/ceip-mcinto-verdaguer\/wp-content\/uploads\/usu657\/2021\/01\/LOGO_innoVerdaguer05-768x167.jpg 768w, https:\/\/agora.xtec.cat\/ceip-mcinto-verdaguer\/wp-content\/uploads\/usu657\/2021\/01\/LOGO_innoVerdaguer05.jpg 1960w\" sizes=\"auto, (max-width: 1024px) 100vw, 1024px\" \/><\/a><\/p>\n<p>A l&#8217;escola apostem des de fa temps per la innovaci\u00f3 pedag\u00f2gica; l&#8217;entrada en el projecte d&#8217;escola nova 21 ha estat una empenta m\u00e9s en el cam\u00ed cap a una renovaci\u00f3 que garanteix l&#8217;equitat i la cohesi\u00f3 social.<\/p>\n<p>Tamb\u00e9 des de fa temps hem potenciat\u00a0 la m\u00fasica com a eina d&#8217;expressi\u00f3 perqu\u00e8 l&#8217;alumnat interactu\u00ef amb el m\u00f3n i per explicar els coneixements adquirits. De fet, i de forma transversal, \u00e9s present en els projectes de treball, metodologia que ens defineix com a centre.<\/p>\n<p>A partir del curs 2019-2020 el claustre de professorat iniciem formaci\u00f3 en STEAM (treball per projectes que engloba de forma interdisciplinar\u00a0 les \u00e0rees de ci\u00e8ncia, tecnologia, enginyeria, art i matem\u00e0tiques) per tal de fer un pas endavant i de qualitat en les metodologies ja iniciades.<\/p>\n<p>Un altre aspecte\u00a0 en el que creiem fermament \u00e9s el treball en xarxa tant pel que fa a l&#8217;entorn immediat com \u00e9s el barri del Poble-sec com amb altres institucions i entitats de la ciutat. Fer del centre una escola oberta i connectada impregna la nostra manera de ser i ens marca la nostra l\u00ednia d&#8217;innovaci\u00f3 educativa.<\/p>\n<div class=\"h5p-iframe-wrapper\"><iframe id=\"h5p-iframe-2\" class=\"h5p-iframe\" data-content-id=\"2\" style=\"height:1px\" src=\"about:blank\" frameBorder=\"0\" scrolling=\"no\" title=\"Flyer\"><\/iframe><\/div>\n<p><strong>Anomenem a continuaci\u00f3 alguns dels projectes transversals que segueixen la filosofia abans esmentada:<\/strong><\/p>\n<p style=\"padding-left: 30px;\"><a href=\"http:\/\/agora.xtec.cat\/ceip-mcinto-verdaguer\/categoria\/projectes\/projecte-tandem\/\" target=\"_blank\" rel=\"noopener noreferrer\"><strong>Projecte T\u00e0ndem<\/strong><\/a><\/p>\n<div class=\"field field-name-body field-type-text-with-summary field-label-hidden\">\n<p>La filosofia T\u00e0ndem sorgeix el curs 2011-12 a partir del treball conjunt amb el <strong>Conservatori Municipal de M\u00fasica<\/strong> de Barcelona (CMMB). A partir d&#8217;aquest moment la m\u00fasica passa a formar part de la quotidianitat de l&#8217;escola de tal manera que s&#8217;implica en la participaci\u00f3 de diverses mat\u00e8ries de l\u2019escola. En aquest tipus d\u2019activitats que fomenten el treball per projectes multidisciplinars, es parteix d\u2019una idea que s\u2019aborda des dels diferents \u00e0mbit amb la finalitat de crear un projecte com\u00fa. Com a resultat d\u2019aquest projecte es fa una mostra-concert a final de cada curs amb la participaci\u00f3 de les fam\u00edlies.<\/p>\n<p>Des del 2019 i en l&#8217;actualitat, pel que fa a l&#8217;\u00e0rea de m\u00fasica, fem t\u00e0ndem amb <strong>Xamfr\u00e0<\/strong> tant en horari escolar com extraescolar.<\/p>\n<p>En aquests darrers cursos la col\u00b7laboraci\u00f3 amb d&#8217;altres entitats ha anat creixent notablement de tal manera que avui en dia fem t\u00e0ndem a part de Xamfr\u00e0, amb el <strong>Museu Mar\u00edtim de Barcelona<\/strong> i la <strong>Fundaci\u00f3 Joan Brossa<\/strong> a traves del projecte <strong>Apadrina<\/strong>, amb el <strong>MUHBA<\/strong> a trav\u00e9s del projecte <strong>Patrimonia&#8217;m<\/strong>, amb diferents <strong>museus de Montjuic a partir del projecte Gresol cultural.<\/strong><\/p>\n<p>Altres entitats amb les que col\u00b7laborem i fem t\u00e0ndem s\u00f3n: El <strong>Museu Mir\u00f3<\/strong>, la <strong>Universitat Blanquerna<\/strong>, el <strong>Mercat de les Flors<\/strong>, l&#8217;<strong>Institut del Teatre<\/strong>, <strong>Consorci d&#8217;educaci\u00f3<\/strong> a partir del <strong>Projecte Junts<\/strong>, <strong>Escoles m\u00e9s sostenibles<\/strong>, la <strong>Coordinadora d&#8217;entitats,<\/strong> \u00a0<strong>Cerhisec<\/strong> i el <strong>Districte<\/strong>.<\/p>\n<p style=\"padding-left: 30px;\"><a href=\"http:\/\/xamfra.net\/\" target=\"_blank\" rel=\"noopener noreferrer\"><strong>Xamfr\u00e0-Verdaguer, un espai de trobada art\u00edstica al Poble-sec<\/strong><\/a><\/p>\n<p>El curs 2019-2020 iniciem un projecte de col\u00b7laboraci\u00f3 a 3 bandes, per una banda la nostra escola, i per les altres dues el centre de m\u00fasica Xamfr\u00e0 i les escoles bressol amb infants de 2 anys.<\/p>\n<p>Es tracta de dur a terme tallers familiars per generar un espai de creaci\u00f3 i comunicaci\u00f3.<strong>\u00a0<a href=\"https:\/\/sites.google.com\/xtec.cat\/xamfra-verdaguer\/inici\" target=\"_blank\" rel=\"noopener noreferrer\"> Web del projecte<\/a>.<\/strong><\/p>\n<p style=\"padding-left: 30px;\"><a href=\"http:\/\/agora.xtec.cat\/ceip-mcinto-verdaguer\/categoria\/projectes\/projecte-tandem\/\" target=\"_blank\" rel=\"noopener noreferrer\"><strong>Projecte d&#8217;innovaci\u00f3 de Tecnologies digitals per a l&#8217;aprenentatge<\/strong><\/a><\/p>\n<p>El curs 2019-2020 entrem en el Projecte d&#8217;innovaci\u00f3 de tecnologies digitals per a l&#8217;aprenentatge dins l&#8217;\u00e0mbit de comunicaci\u00f3 digital. L&#8217;escola ha estat seleccionada pel Departament d&#8217;educaci\u00f3 en\u00a0 aquest programa d&#8217;innovaci\u00f3 <span style=\"font-family: inherit; font-size: 1em;\">amb<\/span>\u00a0la finalitat de treballar amb l&#8217;alumnat tant els aspectes d&#8217;informaci\u00f3 digitals amb la comunitat educativa com aprofitar l&#8217;entorn del centre per dur a terme diferents treballs amb format period\u00edstic: portals del centre, programes de r\u00e0dio i\/o de televisi\u00f3 digitals.<\/p>\n<p>Mitjan\u00e7ant un proc\u00e9s de treball d&#8217;elaboraci\u00f3 sistem\u00e0tic dels continguts i la seva publicaci\u00f3 en entorns digitals, l&#8217;alumnat esdev\u00e9 el protagonista en el desenvolupament d&#8217;aquests projectes.<\/p>\n<p>Un exemple d&#8217;aquest projecte \u00e9s <strong><a href=\"https:\/\/agora.xtec.cat\/ceip-mcinto-verdaguer\/categoria\/projectes\/radio\/\" target=\"_blank\" rel=\"noopener noreferrer\">CintoR\u00e0dio .<\/a><\/strong><\/p>\n<p>i la nostra participaci\u00f3 a <a href=\"https:\/\/www.radiosescolarsenxarxa.org\/\" target=\"_blank\" rel=\"noopener noreferrer\"><strong>REX<\/strong><\/a>, R\u00e0dios escolars en xarxa.<\/p>\n<\/div>\n<p style=\"padding-left: 30px;\"><a href=\"https:\/\/agora.xtec.cat\/ceip-mcinto-verdaguer\/categoria\/projectes\/xarxa-descoles-historiques-de-barcelona-xehb\/\" target=\"_blank\" rel=\"noopener noreferrer\"><strong>Xarxa d&#8217;escoles hist\u00f2riques de Barcelona<\/strong><\/a><\/p>\n<p>Des del curs 2011-2012 formem part del grup d&#8217;escoles fundadores de la Xarxa d&#8217;Escoles Hist\u00f2riques de Barcelona.<\/p>\n<p>La Xarxa agrupa, en un primer moment, centres educatius p\u00fablics\u00a0que hav\u00eden format part de Patronat Escolar de Barcelona, i que, a diferents nivells i de diferents maneres, realitzem un aprofitament did\u00e0ctic del nostre\u00a0patrimoni escolar.<\/p>\n<p>Posteriorment s&#8217;han incorporat altres centres educatius creats abans de l&#8217;any 1939, malgrat no haguessin format part del Patronat Escolar.<\/p>\n<p style=\"padding-left: 30px;\"><a href=\"http:\/\/agora.xtec.cat\/ceip-mcinto-verdaguer\/categoria\/projectes\/patrimoniam\/\" target=\"_blank\" rel=\"noopener noreferrer\"><strong>Patrimonia&#8217;m<\/strong><\/a><\/p>\n<p>Des del curs 2010-2011 ens incorporem al projecte Patrimonia&#8217;m amb el Museu d&#8217;Hist\u00f2ria de Barcelona.<\/p>\n<p>Cada centre educatiu que hi participa patrimonia un espai de la ciutat i desenvolupa un conjunt d\u2019activitats d\u2019ensenyament-aprenentatge en relaci\u00f3 amb aquest, tot analitzant el seu valor patrimonial i simb\u00f2lic.<\/p>\n<p>Els nois i noies es converteixen en experts de l&#8217;espai patrimoniat i estableixen vincles amb l&#8217;entorn i amb la ciutat.<\/p>\n<p>Actualment realitzem dos projectes, un a 5\u00e8, patrimoniant la Domus romana del carrer de la Fruita, i un a 6\u00e8 patrimoniant el Refugi 307 de la guerra civil, al mateix barri de l&#8217;escola.<\/p>\n<p style=\"padding-left: 30px;\"><a href=\"http:\/\/agora.xtec.cat\/ceip-mcinto-verdaguer\/categoria\/projectes\/ambients\/\" target=\"_blank\" rel=\"noopener noreferrer\"><strong>Ambients educatius<\/strong><\/a><\/p>\n<p>El curs 2016-2017 educaci\u00f3 infantil va comen\u00e7ar el treball per ambients per tal de donar resposta a les necessitats tant d&#8217;aprenentatge com socio-afectives dels nens i nenes d&#8217;aquestes edats.<\/p>\n<p>Els ambients potencien la curiositat, l&#8217;experimentaci\u00f3, l&#8217;espontane\u00eftat i les ganes d&#8217;aprendre des infants, aix\u00ed com faciliten que l&#8217;aprenentatge es dugui a terme de forma col\u00b7laborativa ja que s&#8217;apr\u00e8n a interactuar amb altres companys i companyes aix\u00ed com amb l&#8217;entorn.<\/p>\n<p style=\"padding-left: 30px;\"><a href=\"http:\/\/ajuntament.barcelona.cat\/educacio\/ca\/camins-escolars\" target=\"_blank\" rel=\"noopener noreferrer\"><strong>Cam\u00ed escolar<\/strong><\/a><\/p>\n<p>El curs 2016-2017, juntament amb l&#8217;Associaci\u00f3 de Pares i Mares de l&#8217;escola, es va iniciar la creaci\u00f3 d&#8217;un Cam\u00ed Escolar. En l&#8217;actualitat els nens i nenes de 4t s\u00f3n les persones encarregades de vetllar pel seu funcionament fent propostes de millora.<\/p>\n<p>&nbsp;<\/p>\n","protected":false},"excerpt":{"rendered":"<p>A l&#8217;escola apostem des de fa temps per la innovaci\u00f3 pedag\u00f2gica; l&#8217;entrada en el projecte d&#8217;escola nova 21 ha estat una empenta m\u00e9s en el cam\u00ed cap a una renovaci\u00f3 que garanteix l&#8217;equitat i la cohesi\u00f3 social. Tamb\u00e9 des de fa temps hem potenciat\u00a0 la m\u00fasica com a eina d&#8217;expressi\u00f3 perqu\u00e8 l&#8217;alumnat interactu\u00ef amb el [&hellip;]<\/p>\n","protected":false},"author":1,"featured_media":0,"parent":0,"menu_order":0,"comment_status":"closed","ping_status":"closed","template":"","meta":{"_bbp_topic_count":0,"_bbp_reply_count":0,"_bbp_total_topic_count":0,"_bbp_total_reply_count":0,"_bbp_voice_count":0,"_bbp_anonymous_reply_count":0,"_bbp_topic_count_hidden":0,"_bbp_reply_count_hidden":0,"_bbp_forum_subforum_count":0,"site-sidebar-layout":"default","site-content-layout":"","ast-site-content-layout":"","site-content-style":"default","site-sidebar-style":"default","ast-global-header-display":"","ast-banner-title-visibility":"","ast-main-header-display":"","ast-hfb-above-header-display":"","ast-hfb-below-header-display":"","ast-hfb-mobile-header-display":"","site-post-title":"","ast-breadcrumbs-content":"","ast-featured-img":"","footer-sml-layout":"","theme-transparent-header-meta":"","adv-header-id-meta":"","stick-header-meta":"","header-above-stick-meta":"","header-main-stick-meta":"","header-below-stick-meta":"","astra-migrate-meta-layouts":"default","ast-page-background-enabled":"default","ast-page-background-meta":{"desktop":{"background-color":"var(--ast-global-color-4)","background-image":"","background-repeat":"repeat","background-position":"center center","background-size":"auto","background-attachment":"scroll","background-type":"","background-media":"","overlay-type":"","overlay-color":"","overlay-opacity":"","overlay-gradient":""},"tablet":{"background-color":"","background-image":"","background-repeat":"repeat","background-position":"center center","background-size":"auto","background-attachment":"scroll","background-type":"","background-media":"","overlay-type":"","overlay-color":"","overlay-opacity":"","overlay-gradient":""},"mobile":{"background-color":"","background-image":"","background-repeat":"repeat","background-position":"center center","background-size":"auto","background-attachment":"scroll","background-type":"","background-media":"","overlay-type":"","overlay-color":"","overlay-opacity":"","overlay-gradient":""}},"ast-content-background-meta":{"desktop":{"background-color":"var(--ast-global-color-5)","background-image":"","background-repeat":"repeat","background-position":"center center","background-size":"auto","background-attachment":"scroll","background-type":"","background-media":"","overlay-type":"","overlay-color":"","overlay-opacity":"","overlay-gradient":""},"tablet":{"background-color":"var(--ast-global-color-5)","background-image":"","background-repeat":"repeat","background-position":"center center","background-size":"auto","background-attachment":"scroll","background-type":"","background-media":"","overlay-type":"","overlay-color":"","overlay-opacity":"","overlay-gradient":""},"mobile":{"background-color":"var(--ast-global-color-5)","background-image":"","background-repeat":"repeat","background-position":"center center","background-size":"auto","background-attachment":"scroll","background-type":"","background-media":"","overlay-type":"","overlay-color":"","overlay-opacity":"","overlay-gradient":""}},"footnotes":""},"class_list":["post-2602","page","type-page","status-publish","hentry"],"post_mailing_queue_ids":[],"_links":{"self":[{"href":"https:\/\/agora.xtec.cat\/ceip-mcinto-verdaguer\/wp-json\/wp\/v2\/pages\/2602","targetHints":{"allow":["GET"]}}],"collection":[{"href":"https:\/\/agora.xtec.cat\/ceip-mcinto-verdaguer\/wp-json\/wp\/v2\/pages"}],"about":[{"href":"https:\/\/agora.xtec.cat\/ceip-mcinto-verdaguer\/wp-json\/wp\/v2\/types\/page"}],"author":[{"embeddable":true,"href":"https:\/\/agora.xtec.cat\/ceip-mcinto-verdaguer\/wp-json\/wp\/v2\/users\/1"}],"replies":[{"embeddable":true,"href":"https:\/\/agora.xtec.cat\/ceip-mcinto-verdaguer\/wp-json\/wp\/v2\/comments?post=2602"}],"version-history":[{"count":4,"href":"https:\/\/agora.xtec.cat\/ceip-mcinto-verdaguer\/wp-json\/wp\/v2\/pages\/2602\/revisions"}],"predecessor-version":[{"id":7158,"href":"https:\/\/agora.xtec.cat\/ceip-mcinto-verdaguer\/wp-json\/wp\/v2\/pages\/2602\/revisions\/7158"}],"wp:attachment":[{"href":"https:\/\/agora.xtec.cat\/ceip-mcinto-verdaguer\/wp-json\/wp\/v2\/media?parent=2602"}],"curies":[{"name":"wp","href":"https:\/\/api.w.org\/{rel}","templated":true}]}}