{"id":1901,"date":"2016-04-27T08:30:39","date_gmt":"2016-04-27T07:30:39","guid":{"rendered":"http:\/\/agora.xtec.cat\/ceip-mcinto-verdaguer\/intraweb\/videos-curs-2013-2014\/"},"modified":"2016-04-27T08:30:39","modified_gmt":"2016-04-27T07:30:39","slug":"videos-curs-2013-2014","status":"publish","type":"page","link":"https:\/\/agora.xtec.cat\/ceip-mcinto-verdaguer\/intraweb\/videos-curs-2013-2014\/","title":{"rendered":"V\u00eddeos curs 2013-2014"},"content":{"rendered":"<p><a href=\"https:\/\/vimeo.com\/80185038\" target=\"_blank\" style=\"color: #457fb9; text-decoration: none; font-family: arial, helvetica, sans-serif; font-size: 12px;\">&quot;El Virolet&quot;<\/a><a target=\"_blank\" href=\"https:\/\/vimeo.com\/80185038\" style=\"color: #457fb9; text-decoration: none; font-family: arial, helvetica, sans-serif; font-size: 12px;\"> <\/a><span style=\"font-family: arial, helvetica, sans-serif; font-size: 12px;\">Alumnes de 3r Octubre 2013&nbsp;<\/span><\/p>\n<p><a href=\"https:\/\/vimeo.com\/80183118\" target=\"_blank\" style=\"font-family: arial, helvetica, sans-serif;\">&quot;La tardor que jo conec&quot;<\/a><a target=\"_blank\" href=\"https:\/\/vimeo.com\/80183118\" style=\"font-family: arial, helvetica, sans-serif;\"> <\/a><span style=\"font-family: arial, helvetica, sans-serif;\">Alumnes de 1r Octubre 2013<\/span><\/p>\n<p><font face=\"arial, helvetica, sans-serif\"><a href=\"https:\/\/vimeo.com\/78583030\" target=\"_blank\">&quot;Marrameu&quot;<\/a><a target=\"_blank\" href=\"https:\/\/vimeo.com\/78583030\"> <\/a>Alumnes de P4 Octubre 2013&nbsp;<\/font><span style=\"font-family: arial, helvetica, sans-serif;\"> <\/span><\/p>\n<p><a href=\"https:\/\/vimeo.com\/83938358\" target=\"_blank\" style=\"font-family: arial, helvetica, sans-serif;\">&quot;\u00c9s Nadal&quot;&nbsp;<\/a><span style=\"font-family: arial, helvetica, sans-serif;\">Alumnes, mestres i fam\u00edlies de prim\u00e0ria Desembre 2013&nbsp;<\/span><\/p>\n<p><a href=\"https:\/\/vimeo.com\/86043487\" target=\"_blank\" style=\"font-family: arial, helvetica, sans-serif;\">&quot;Every breath you take&quot; i &quot;El timbaler&quot;&nbsp;<\/a><span style=\"font-family: arial, helvetica, sans-serif;\">Alumnes de 6\u00e8 Desembre 2013&nbsp;<\/span><\/p>\n<p><a href=\"http:\/\/vimeo.com\/84717395\" target=\"_blank\" style=\"font-family: arial, helvetica, sans-serif;\">&quot;Actuaci\u00f3 per a l&#8217;escola bressol La Gavina&quot;&nbsp;<\/a><span style=\"font-family: arial, helvetica, sans-serif;\">Alumnes de P5 Desembre 2013&nbsp;<\/span><\/p>\n<p><a href=\"https:\/\/vimeo.com\/91541507\" target=\"_blank\" style=\"font-family: arial, helvetica, sans-serif;\">&quot;Dansa Ara&quot;&nbsp;<\/a><span style=\"font-family: arial, helvetica, sans-serif;\">Alumnes de 2n Abril 2014&nbsp;<\/span><\/p>\n<p><a href=\"http:\/\/youtu.be\/O43tOiMMqy0\" target=\"_blank\" style=\"font-family: arial, helvetica, sans-serif;\">&quot;LipDub&quot;&nbsp;<\/a><span style=\"font-family: arial, helvetica, sans-serif;\">Comunitat Educativa Juny 2014<\/span><\/p>\n<p><p><font face=\"arial, helvetica, sans-serif\"><a href=\"http:\/\/youtu.be\/pagfjlOkLSk\" target=\"_blank\">&quot;El Llibre de la Selva&quot; <\/a>Alumnes de 5\u00e8 Juny 2014<\/p>\n<p><p><a href=\"http:\/\/youtu.be\/-bGJfP-POQo\" target=\"_blank\" style=\"font-family: arial, helvetica, sans-serif;\">&quot;Danses d&#8217;arreu del m\u00f3n&quot;&nbsp;<a><span style=\"font-family: arial, helvetica, sans-serif;\">Alumnes de 3r Juny 2014<\/p>\n<p><p><font face=\"arial, helvetica, sans-serif\"><a href=\"http:\/\/youtu.be\/y570DPfarX0\" target=\"_blank\">&quot;Reduir, Reutilitzar, Reciclar&quot; <\/a>Alumnes de P5 Juny 2014<\/p>\n<p><p><font face=\"arial, helvetica, sans-serif\"><a href=\"http:\/\/youtu.be\/UR2BqX5B-CA\" target=\"_blank\">&quot;Mira Mir\u00f3&quot; <\/a>Alumnes de P3 Juny 2014<\/p>\n<p><a href=\"https:\/\/vimeo.com\/80188415\" target=\"_blank\" style=\"color: #457fb9; text-decoration: none; font-family: arial, helvetica, sans-serif; font-size: 12px;\">&quot;Rocktuistcharengue&quot;<\/a><a target=\"_blank\" href=\"https:\/\/vimeo.com\/80188415\" style=\"color: #457fb9; text-decoration: none; font-family: arial, helvetica, sans-serif; font-size: 12px;\"> <\/a><span style=\"font-family: arial, helvetica, sans-serif; font-size: 12px;\">Alumnes de 4t Octubre 2013&nbsp;<\/span><\/p>\n<p><a href=\"https:\/\/vimeo.com\/80184308\" target=\"_blank\" style=\"font-family: arial, helvetica, sans-serif;\">&quot;La bolangera&quot;<\/a><a target=\"_blank\" href=\"https:\/\/vimeo.com\/80184308\" style=\"font-family: arial, helvetica, sans-serif;\"> <\/a><span style=\"font-family: arial, helvetica, sans-serif;\">Alumnes de 2n Octubre 2013&nbsp;<\/span><\/p>\n<p><a href=\"https:\/\/vimeo.com\/80025762\" target=\"_blank\" style=\"font-family: arial, helvetica, sans-serif;\">&quot;Les castanyes peten, peten&quot;<\/a><a target=\"_blank\" href=\"https:\/\/vimeo.com\/80025762\" style=\"font-family: arial, helvetica, sans-serif;\"> <\/a><span style=\"font-family: arial, helvetica, sans-serif;\">Alumnes de P5 Octubre 2013<\/span><\/p>\n<p><a href=\"https:\/\/vimeo.com\/78573237\" target=\"_blank\" style=\"font-family: arial, helvetica, sans-serif;\">&quot;La castanyera&quot;<\/a><a target=\"_blank\" href=\"https:\/\/vimeo.com\/78573237\" style=\"font-family: arial, helvetica, sans-serif;\"> <\/a><span style=\"font-family: arial, helvetica, sans-serif;\">Alumnes de P3 Octubre 2013&nbsp;<\/span><\/p>\n<p><a href=\"https:\/\/vimeo.com\/83940066\" target=\"_blank\" style=\"font-family: arial, helvetica, sans-serif;\">&quot;\u00c0 la claire fontaine&quot; i &quot;Can\u00e7\u00f3 de bres per a una princesa negra&quot;&nbsp;<\/a><span style=\"font-family: arial, helvetica, sans-serif;\">Alumnes de 5\u00e8 Desembre 2013&nbsp;<\/span><\/p>\n<p><a href=\"http:\/\/vimeo.com\/84717393\" target=\"_blank\" style=\"font-family: arial, helvetica, sans-serif;\">&quot;Actuaci\u00f3 a l&#8217;escola bressol Forestier&quot;&nbsp;<\/a><span style=\"font-family: arial, helvetica, sans-serif;\">Alumnes de P5 Desembre 2013&nbsp;<\/span><\/p>\n<p><a href=\"https:\/\/vimeo.com\/86692243\" target=\"_blank\" style=\"font-family: arial, helvetica, sans-serif;\">&quot;Concert de Nadal&quot;&nbsp;<\/a><span style=\"font-family: arial, helvetica, sans-serif;\">Projecte T\u00e0ndem Desembre 2013<\/span><\/p>\n<p><a href=\"https:\/\/vimeo.com\/98559477\" target=\"_blank\" style=\"font-family: arial, helvetica, sans-serif;\">&quot;Cant\u00e0nia: Rambla Llibertat&quot;&nbsp;<\/a><span style=\"font-family: arial, helvetica, sans-serif;\">Alumnes de 4t Juny 2014<\/span><\/p>\n<p><p><font face=\"arial, helvetica, sans-serif\"><a href=\"http:\/\/youtu.be\/NNRSxm6BfW0\" target=\"_blank\">&quot;La hist\u00f2ria de l&#8217;escola&quot; <\/a>Alumnes de 6\u00e8 Juny 2014<\/p>\n<p><p><font face=\"arial, helvetica, sans-serif\"><a href=\"http:\/\/youtu.be\/-0gRkwEIA98\" target=\"_blank\">&quot;Petit tastet de Cant\u00e0nia&quot; <\/a>Alumnes de 4t Juny 2014<\/p>\n<p><p><a href=\"http:\/\/youtu.be\/bM0p15Wh_0k\" target=\"_blank\" style=\"font-family: arial, helvetica, sans-serif;\">&quot;Les Quatre Estacions&quot;&nbsp;<\/a><span style=\"font-family: arial, helvetica, sans-serif;\">Alumnes de Cicle Inicial Juny 2014<\/p>\n<p><p><font face=\"arial, helvetica, sans-serif\"><a href=\"http:\/\/youtu.be\/oJdF4k7xm28\" target=\"_blank\">&quot;El cos&quot; <\/a>Alumnes de P4 Juny 2014<\/p>\n","protected":false},"excerpt":{"rendered":"<p>&quot;El Virolet&quot; Alumnes de 3r Octubre 2013&nbsp; &quot;La tardor que jo conec&quot; Alumnes de 1r Octubre 2013 &quot;Marrameu&quot; Alumnes de P4 Octubre 2013&nbsp; &quot;\u00c9s Nadal&quot;&nbsp;Alumnes, mestres i fam\u00edlies de prim\u00e0ria Desembre 2013&nbsp; &quot;Every breath you take&quot; i &quot;El timbaler&quot;&nbsp;Alumnes de 6\u00e8 Desembre 2013&nbsp; &quot;Actuaci\u00f3 per a l&#8217;escola bressol La Gavina&quot;&nbsp;Alumnes de P5 Desembre 2013&nbsp; &quot;Dansa [&hellip;]<\/p>\n","protected":false},"author":1,"featured_media":0,"parent":1673,"menu_order":0,"comment_status":"open","ping_status":"open","template":"page-templates\/side-menu.php","meta":{"_bbp_topic_count":0,"_bbp_reply_count":0,"_bbp_total_topic_count":0,"_bbp_total_reply_count":0,"_bbp_voice_count":0,"_bbp_anonymous_reply_count":0,"_bbp_topic_count_hidden":0,"_bbp_reply_count_hidden":0,"_bbp_forum_subforum_count":0,"site-sidebar-layout":"default","site-content-layout":"","ast-site-content-layout":"","site-content-style":"default","site-sidebar-style":"default","ast-global-header-display":"","ast-banner-title-visibility":"","ast-main-header-display":"","ast-hfb-above-header-display":"","ast-hfb-below-header-display":"","ast-hfb-mobile-header-display":"","site-post-title":"","ast-breadcrumbs-content":"","ast-featured-img":"","footer-sml-layout":"","theme-transparent-header-meta":"","adv-header-id-meta":"","stick-header-meta":"","header-above-stick-meta":"","header-main-stick-meta":"","header-below-stick-meta":"","astra-migrate-meta-layouts":"default","ast-page-background-enabled":"default","ast-page-background-meta":{"desktop":{"background-color":"var(--ast-global-color-4)","background-image":"","background-repeat":"repeat","background-position":"center center","background-size":"auto","background-attachment":"scroll","background-type":"","background-media":"","overlay-type":"","overlay-color":"","overlay-opacity":"","overlay-gradient":""},"tablet":{"background-color":"","background-image":"","background-repeat":"repeat","background-position":"center center","background-size":"auto","background-attachment":"scroll","background-type":"","background-media":"","overlay-type":"","overlay-color":"","overlay-opacity":"","overlay-gradient":""},"mobile":{"background-color":"","background-image":"","background-repeat":"repeat","background-position":"center center","background-size":"auto","background-attachment":"scroll","background-type":"","background-media":"","overlay-type":"","overlay-color":"","overlay-opacity":"","overlay-gradient":""}},"ast-content-background-meta":{"desktop":{"background-color":"var(--ast-global-color-5)","background-image":"","background-repeat":"repeat","background-position":"center center","background-size":"auto","background-attachment":"scroll","background-type":"","background-media":"","overlay-type":"","overlay-color":"","overlay-opacity":"","overlay-gradient":""},"tablet":{"background-color":"var(--ast-global-color-5)","background-image":"","background-repeat":"repeat","background-position":"center center","background-size":"auto","background-attachment":"scroll","background-type":"","background-media":"","overlay-type":"","overlay-color":"","overlay-opacity":"","overlay-gradient":""},"mobile":{"background-color":"var(--ast-global-color-5)","background-image":"","background-repeat":"repeat","background-position":"center center","background-size":"auto","background-attachment":"scroll","background-type":"","background-media":"","overlay-type":"","overlay-color":"","overlay-opacity":"","overlay-gradient":""}},"footnotes":""},"class_list":["post-1901","page","type-page","status-publish","hentry"],"post_mailing_queue_ids":[],"_links":{"self":[{"href":"https:\/\/agora.xtec.cat\/ceip-mcinto-verdaguer\/wp-json\/wp\/v2\/pages\/1901","targetHints":{"allow":["GET"]}}],"collection":[{"href":"https:\/\/agora.xtec.cat\/ceip-mcinto-verdaguer\/wp-json\/wp\/v2\/pages"}],"about":[{"href":"https:\/\/agora.xtec.cat\/ceip-mcinto-verdaguer\/wp-json\/wp\/v2\/types\/page"}],"author":[{"embeddable":true,"href":"https:\/\/agora.xtec.cat\/ceip-mcinto-verdaguer\/wp-json\/wp\/v2\/users\/1"}],"replies":[{"embeddable":true,"href":"https:\/\/agora.xtec.cat\/ceip-mcinto-verdaguer\/wp-json\/wp\/v2\/comments?post=1901"}],"version-history":[{"count":0,"href":"https:\/\/agora.xtec.cat\/ceip-mcinto-verdaguer\/wp-json\/wp\/v2\/pages\/1901\/revisions"}],"up":[{"embeddable":true,"href":"https:\/\/agora.xtec.cat\/ceip-mcinto-verdaguer\/wp-json\/wp\/v2\/pages\/1673"}],"wp:attachment":[{"href":"https:\/\/agora.xtec.cat\/ceip-mcinto-verdaguer\/wp-json\/wp\/v2\/media?parent=1901"}],"curies":[{"name":"wp","href":"https:\/\/api.w.org\/{rel}","templated":true}]}}