{"id":1897,"date":"2016-04-27T08:30:38","date_gmt":"2016-04-27T07:30:38","guid":{"rendered":"http:\/\/agora.xtec.cat\/ceip-mcinto-verdaguer\/intraweb\/veos-curs-2011-2012\/"},"modified":"2016-04-27T08:30:38","modified_gmt":"2016-04-27T07:30:38","slug":"veos-curs-2011-2012","status":"publish","type":"page","link":"https:\/\/agora.xtec.cat\/ceip-mcinto-verdaguer\/intraweb\/veos-curs-2011-2012\/","title":{"rendered":"V\u00eddeos curs 2011-2012"},"content":{"rendered":"<p><a href=\"https:\/\/vimeo.com\/59561154\" target=\"_blank\" style=\"font-family: arial, helvetica, sans-serif;\">Els quatre elements<\/a><span style=\"font-family: arial, helvetica, sans-serif;\"> Projecte T\u00e0ndem Alumnes de Cicle Inicial&nbsp;Juny 2012<\/span><\/p>\n<p><a href=\"https:\/\/vimeo.com\/45571200\" target=\"_blank\" style=\"font-family: arial, helvetica, sans-serif;\">Terra<\/a><span style=\"font-family: arial, helvetica, sans-serif;\"> Projecte T\u00e0ndem 2nA&nbsp;Juny 2012<\/span><\/p>\n<p><a href=\"https:\/\/vimeo.com\/44810410\" target=\"_blank\" style=\"font-family: arial, helvetica, sans-serif;\">Aigua<\/a><span style=\"font-family: arial, helvetica, sans-serif;\"> Projecte T\u00e0ndem 1rA&nbsp;Juny 2012<\/span><\/p>\n<p><a href=\"https:\/\/vimeo.com\/42028832\" target=\"_blank\" style=\"font-family: arial, helvetica, sans-serif;\">Un petit tastet de Cant\u00e0nia<\/a><span style=\"font-family: arial, helvetica, sans-serif;\"> Alumnes de 4t &nbsp;Abril 2012<\/span><\/p>\n<p><a href=\"http:\/\/vimeo.com\/34475677\" target=\"_blank\" style=\"font-family: arial, helvetica, sans-serif;\">Pastorets<\/a><span style=\"font-family: arial, helvetica, sans-serif;\"> Alumnes de 3r &nbsp;Desembre 2011<\/span><\/p>\n<p><a href=\"http:\/\/vimeo.com\/34561015\" target=\"_blank\" style=\"font-family: arial, helvetica, sans-serif;\">Concert de nadales<\/a><span style=\"font-family: arial, helvetica, sans-serif;\"> &nbsp;Desembre 2011&nbsp;<\/span><\/p>\n<p><span style=\"font-family: arial, helvetica, sans-serif;\">Dansa <\/span><a href=\"http:\/\/vimeo.com\/32135663\" target=\"_blank\" style=\"font-family: arial, helvetica, sans-serif;\">La castanyera<\/a><span style=\"font-family: arial, helvetica, sans-serif;\"> Alumnes de P3 Octubre 2011<\/span><\/p>\n<p><span style=\"font-family: arial, helvetica, sans-serif;\">Dansa <\/span><a href=\"http:\/\/vimeo.com\/32137820\" target=\"_blank\" style=\"font-family: arial, helvetica, sans-serif;\">Les castanyes peten, peten<\/a><span style=\"font-family: arial, helvetica, sans-serif;\"> Alumnes de P5 Octubre 2011<\/span><\/p>\n<p><span style=\"font-family: arial, helvetica, sans-serif;\">Dansa <\/span><a href=\"http:\/\/vimeo.com\/32134834\" target=\"_blank\" style=\"font-family: arial, helvetica, sans-serif;\">Patatuf<\/a><span style=\"font-family: arial, helvetica, sans-serif;\"> Alumnes de 2n Octubre 2011<\/span><\/p>\n<p><span style=\"font-family: arial, helvetica, sans-serif;\">Dansa <\/span><a href=\"http:\/\/vimeo.com\/32169970\" target=\"_blank\" style=\"font-family: arial, helvetica, sans-serif;\">Ball de cascavells<\/a><span style=\"font-family: arial, helvetica, sans-serif;\"> Alumnes de 4t Octubre 2011<\/span><\/p>\n<p><a href=\"https:\/\/vimeo.com\/45957796\" target=\"_blank\" style=\"font-family: arial, helvetica, sans-serif;\">Foc<\/a><span style=\"font-family: arial, helvetica, sans-serif;\"> Projecte T\u00e0ndem 2nB&nbsp;Juny 2012<\/span><\/p>\n<p><a href=\"https:\/\/vimeo.com\/45569141\" target=\"_blank\" style=\"font-family: arial, helvetica, sans-serif;\">Aire<\/a><span style=\"font-family: arial, helvetica, sans-serif;\"> Projecte T\u00e0ndem 1rB&nbsp;Juny 2012<\/span><\/p>\n<p><a href=\"\/ceip-mcinto-verdaguer\/intranet\/42047101\" target=\"_blank\" style=\"font-family: arial, helvetica, sans-serif;\">La nit estrellada<\/a><span style=\"font-family: arial, helvetica, sans-serif;\"> Teatre extraescolar (Grup de petits)&nbsp;Abril 2012&nbsp;<\/span><\/p>\n<p><a href=\"http:\/\/www.youtube.com\/watch?feature=player_embedded&amp;v=7WgRxVqp8r4#%21\" target=\"_blank\" style=\"font-family: arial, helvetica, sans-serif;\">Concert de Nadal<\/a><span style=\"font-family: arial, helvetica, sans-serif;\"> Projecte T\u00e0ndem &nbsp;Desembre 2011&nbsp;<\/span><\/p>\n<p><a href=\"http:\/\/vimeo.com\/34525282\" target=\"_blank\" style=\"font-family: arial, helvetica, sans-serif;\">Dansa &quot;Amics&quot;<\/a><span style=\"font-family: arial, helvetica, sans-serif;\"> Alumnes de 1r Desembre 2011&nbsp;<\/span><\/p>\n<p><span style=\"font-family: arial, helvetica, sans-serif;\">Dansa <\/span><a href=\"http:\/\/vimeo.com\/32138398\" target=\"_blank\" style=\"font-family: arial, helvetica, sans-serif;\">Marrameu<\/a><span style=\"font-family: arial, helvetica, sans-serif;\"> Alumnes de P4 Octubre 2011<\/span><\/p>\n<p><span style=\"font-family: arial, helvetica, sans-serif;\">UnDoD&#8217;Acords Alumnes de 6\u00e8 &nbsp; Desembre 2011<\/span><\/p>\n<p><span style=\"font-family: arial, helvetica, sans-serif;\">Dansa <\/span><a href=\"http:\/\/vimeo.com\/32111704\" target=\"_blank\" style=\"font-family: arial, helvetica, sans-serif;\">La dansa dels amics<\/a><span style=\"font-family: arial, helvetica, sans-serif;\"> Alumnes de 1r Octubre 2011<\/span><\/p>\n<p><span style=\"font-family: arial, helvetica, sans-serif;\">Dansa <\/span><a href=\"http:\/\/vimeo.com\/32168116\" target=\"_blank\" style=\"font-family: arial, helvetica, sans-serif;\">Rap de la castanya<\/a><span style=\"font-family: arial, helvetica, sans-serif;\"> Alumnes de 3r Octubre 2011<\/span><\/p>\n<p><a href=\"http:\/\/vimeo.com\/30303929\" target=\"_blank\" style=\"font-family: arial, helvetica, sans-serif;\">Jornada Verdaguer<\/a><span style=\"font-family: arial, helvetica, sans-serif;\"> Octubre 2011<\/span><\/p>\n<p>Concert <a href=\"http:\/\/youtu.be\/5vnWxWgbQuA\" target=\"_blank\">&quot;Els quatre elements&quot;<\/a> Projecte T\u00e0ndem Juny 2012<\/p>\n","protected":false},"excerpt":{"rendered":"<p>Els quatre elements Projecte T\u00e0ndem Alumnes de Cicle Inicial&nbsp;Juny 2012 Terra Projecte T\u00e0ndem 2nA&nbsp;Juny 2012 Aigua Projecte T\u00e0ndem 1rA&nbsp;Juny 2012 Un petit tastet de Cant\u00e0nia Alumnes de 4t &nbsp;Abril 2012 Pastorets Alumnes de 3r &nbsp;Desembre 2011 Concert de nadales &nbsp;Desembre 2011&nbsp; Dansa La castanyera Alumnes de P3 Octubre 2011 Dansa Les castanyes peten, peten Alumnes [&hellip;]<\/p>\n","protected":false},"author":3,"featured_media":0,"parent":1673,"menu_order":0,"comment_status":"open","ping_status":"open","template":"page-templates\/side-menu.php","meta":{"_bbp_topic_count":0,"_bbp_reply_count":0,"_bbp_total_topic_count":0,"_bbp_total_reply_count":0,"_bbp_voice_count":0,"_bbp_anonymous_reply_count":0,"_bbp_topic_count_hidden":0,"_bbp_reply_count_hidden":0,"_bbp_forum_subforum_count":0,"site-sidebar-layout":"default","site-content-layout":"","ast-site-content-layout":"","site-content-style":"default","site-sidebar-style":"default","ast-global-header-display":"","ast-banner-title-visibility":"","ast-main-header-display":"","ast-hfb-above-header-display":"","ast-hfb-below-header-display":"","ast-hfb-mobile-header-display":"","site-post-title":"","ast-breadcrumbs-content":"","ast-featured-img":"","footer-sml-layout":"","theme-transparent-header-meta":"","adv-header-id-meta":"","stick-header-meta":"","header-above-stick-meta":"","header-main-stick-meta":"","header-below-stick-meta":"","astra-migrate-meta-layouts":"default","ast-page-background-enabled":"default","ast-page-background-meta":{"desktop":{"background-color":"var(--ast-global-color-4)","background-image":"","background-repeat":"repeat","background-position":"center center","background-size":"auto","background-attachment":"scroll","background-type":"","background-media":"","overlay-type":"","overlay-color":"","overlay-opacity":"","overlay-gradient":""},"tablet":{"background-color":"","background-image":"","background-repeat":"repeat","background-position":"center center","background-size":"auto","background-attachment":"scroll","background-type":"","background-media":"","overlay-type":"","overlay-color":"","overlay-opacity":"","overlay-gradient":""},"mobile":{"background-color":"","background-image":"","background-repeat":"repeat","background-position":"center center","background-size":"auto","background-attachment":"scroll","background-type":"","background-media":"","overlay-type":"","overlay-color":"","overlay-opacity":"","overlay-gradient":""}},"ast-content-background-meta":{"desktop":{"background-color":"var(--ast-global-color-5)","background-image":"","background-repeat":"repeat","background-position":"center center","background-size":"auto","background-attachment":"scroll","background-type":"","background-media":"","overlay-type":"","overlay-color":"","overlay-opacity":"","overlay-gradient":""},"tablet":{"background-color":"var(--ast-global-color-5)","background-image":"","background-repeat":"repeat","background-position":"center center","background-size":"auto","background-attachment":"scroll","background-type":"","background-media":"","overlay-type":"","overlay-color":"","overlay-opacity":"","overlay-gradient":""},"mobile":{"background-color":"var(--ast-global-color-5)","background-image":"","background-repeat":"repeat","background-position":"center center","background-size":"auto","background-attachment":"scroll","background-type":"","background-media":"","overlay-type":"","overlay-color":"","overlay-opacity":"","overlay-gradient":""}},"footnotes":""},"class_list":["post-1897","page","type-page","status-publish","hentry"],"post_mailing_queue_ids":[],"_links":{"self":[{"href":"https:\/\/agora.xtec.cat\/ceip-mcinto-verdaguer\/wp-json\/wp\/v2\/pages\/1897","targetHints":{"allow":["GET"]}}],"collection":[{"href":"https:\/\/agora.xtec.cat\/ceip-mcinto-verdaguer\/wp-json\/wp\/v2\/pages"}],"about":[{"href":"https:\/\/agora.xtec.cat\/ceip-mcinto-verdaguer\/wp-json\/wp\/v2\/types\/page"}],"author":[{"embeddable":true,"href":"https:\/\/agora.xtec.cat\/ceip-mcinto-verdaguer\/wp-json\/wp\/v2\/users\/3"}],"replies":[{"embeddable":true,"href":"https:\/\/agora.xtec.cat\/ceip-mcinto-verdaguer\/wp-json\/wp\/v2\/comments?post=1897"}],"version-history":[{"count":0,"href":"https:\/\/agora.xtec.cat\/ceip-mcinto-verdaguer\/wp-json\/wp\/v2\/pages\/1897\/revisions"}],"up":[{"embeddable":true,"href":"https:\/\/agora.xtec.cat\/ceip-mcinto-verdaguer\/wp-json\/wp\/v2\/pages\/1673"}],"wp:attachment":[{"href":"https:\/\/agora.xtec.cat\/ceip-mcinto-verdaguer\/wp-json\/wp\/v2\/media?parent=1897"}],"curies":[{"name":"wp","href":"https:\/\/api.w.org\/{rel}","templated":true}]}}