{"id":1896,"date":"2016-04-27T08:30:38","date_gmt":"2016-04-27T07:30:38","guid":{"rendered":"http:\/\/agora.xtec.cat\/ceip-mcinto-verdaguer\/intraweb\/fotos-curs-2011-12\/"},"modified":"2016-04-27T08:30:38","modified_gmt":"2016-04-27T07:30:38","slug":"fotos-curs-2011-12","status":"publish","type":"page","link":"https:\/\/agora.xtec.cat\/ceip-mcinto-verdaguer\/intraweb\/fotos-curs-2011-12\/","title":{"rendered":"Fotos curs 2011-12"},"content":{"rendered":"<p><a href=\"https:\/\/picasaweb.google.com\/mcintoverdaguer\/Colonies4t6e2011?authuser=0&amp;authkey=Gv1sRgCKyDxq_Twrb9Tw&amp;feat=directlink\" target=\"_blank\">Col\u00f2nies 4t-6\u00e8<\/a><\/p>\n<p><a href=\"https:\/\/picasaweb.google.com\/mcintoverdaguer\/Castanyada2011?authuser=0&amp;authkey=Gv1sRgCIOGlaz3l9qaywE&amp;feat=directlink\" target=\"_blank\">Castanyada 2011<\/a><\/p>\n<p><a href=\"https:\/\/picasaweb.google.com\/mcintoverdaguer\/CantadaDeNadales2011?authuser=0&amp;authkey=Gv1sRgCKOAptrunLXrJg&amp;feat=directlink\" target=\"_blank\">Cantada de Nadales<\/a><\/p>\n<p><a href=\"https:\/\/picasaweb.google.com\/mcintoverdaguer\/ExpliquemElBarri6e?authuser=0&amp;authkey=Gv1sRgCIGE6Nby0-i-GA&amp;feat=directlink\" target=\"_blank\"><br \/>\nExpliquem el barri<\/a> Alumnes de 6\u00e8<\/p>\n<p><a href=\"https:\/\/picasaweb.google.com\/mcintoverdaguer\/FemDeCuinersP5?authuser=0&amp;authkey=Gv1sRgCPPujLnrisGc1AE&amp;feat=directlink\" target=\"_blank\">Fem de cuiners!<\/a> Alumnes de P5<\/p>\n<p><a href=\"https:\/\/picasaweb.google.com\/mcintoverdaguer\/DansaAra?authuser=0&amp;authkey=Gv1sRgCO21-uPow8GaIA&amp;feat=directlink\" target=\"_blank\">Dansa Ara<\/a> Alumnes de 2n<\/p>\n<p><a href=\"https:\/\/picasaweb.google.com\/mcintoverdaguer\/ConcursMenjador?authuser=0&amp;feat=directlink\" target=\"_blank\"><br \/>\nConcurs de decoraci\u00f3 de menjadors<\/a><\/p>\n<p><a href=\"https:\/\/picasaweb.google.com\/mcintoverdaguer\/SortidaALaGranja?authuser=0&amp;authkey=Gv1sRgCIKu9PbY_YXTDA&amp;feat=directlink\" target=\"_blank\"><br \/>\nSortida a la granja<\/a> Alumnes de P3<\/p>\n<p><a href=\"https:\/\/picasaweb.google.com\/mcintoverdaguer\/Biatlo?authuser=0&amp;authkey=Gv1sRgCOCZrY6cyemlPg&amp;feat=directlink\" target=\"_blank\"><br \/>\nBiatl\u00f3<\/a> Alumnes de 6\u00e8<\/p>\n<p><a href=\"https:\/\/picasaweb.google.com\/mcintoverdaguer\/PaAmbTomaquet?authuser=0&amp;authkey=Gv1sRgCJCfi5GxtPPkFA&amp;feat=directlink\" target=\"_blank\"><br \/>\nPa amb tom\u00e0quet<\/a><\/p>\n<p><p><a href=\"https:\/\/picasaweb.google.com\/mcintoverdaguer\/SortidaAlZooP4P5?authuser=0&amp;authkey=Gv1sRgCKjk3-PPz7yFnAE&amp;feat=directlink\" target=\"_blank\"><br \/>\nSortida al Zoo<\/a> Alumnes de P4-P5<\/p>\n<p><\/p>\n<p><a href=\"https:\/\/picasaweb.google.com\/mcintoverdaguer\/UnDoDAcords?authuser=0&amp;authkey=Gv1sRgCJ2Lm5Dxn_jTggE&amp;feat=directlink\" target=\"_blank\">Un Do d&#8217;Acords<\/a> Alumnes de 6\u00e8<\/p>\n<p><a href=\"https:\/\/picasaweb.google.com\/mcintoverdaguer\/VisitaALaGuardiaUrbana5e?authuser=0&amp;authkey=Gv1sRgCJrUyuHv78mEJw&amp;feat=directlink\" target=\"_blank\">Visita a la Gu\u00e0rdia Urbana<\/a> Alumnes de 5\u00e8<\/p>\n<p><a href=\"https:\/\/picasaweb.google.com\/mcintoverdaguer\/Activitats2nTrimestreP4?authuser=0&amp;authkey=Gv1sRgCLaG9oLN-4uaxQE&amp;feat=directlink\" target=\"_blank\">Activitats del 2n trimestre<\/a> Alumnes de P4<\/p>\n<p><a href=\"https:\/\/picasaweb.google.com\/mcintoverdaguer\/JornadaEsportiva?authuser=0&amp;authkey=Gv1sRgCO7D3tmY6KKc9gE&amp;feat=directlink\" target=\"_blank\"><br \/>\nJornada esportiva<\/a><\/p>\n<p><a href=\"https:\/\/picasaweb.google.com\/mcintoverdaguer\/SortidaAlRiuBesos?authuser=0&amp;authkey=Gv1sRgCNnhxeuj3YDLygE&amp;feat=directlink\" target=\"_blank\"><br \/>\nSortida al riu Bes\u00f2s<\/a>&nbsp;Alumnes de 4t<\/p>\n<p><a href=\"https:\/\/picasaweb.google.com\/mcintoverdaguer\/UnDoDAcords5e?authuser=0&amp;authkey=Gv1sRgCPmLoNzUnIbo1gE&amp;feat=directlink\" target=\"_blank\">Un Do d&#8217;Acords<\/a> Alumnes de 5\u00e8<\/p>\n<p><a href=\"https:\/\/picasaweb.google.com\/mcintoverdaguer\/ProjecteTANDEMCI?authuser=0&amp;authkey=Gv1sRgCJTguM3-l7fpoQE&amp;feat=directlink\" target=\"_blank\"><br \/>\nProjecte T\u00e0ndem<\/a> Alumnes de Cicle Inicial<\/p>\n<p><a href=\"https:\/\/picasaweb.google.com\/mcintoverdaguer\/Sopar6e?authuser=0&amp;authkey=Gv1sRgCIKxyuu74anuGA&amp;feat=directlink\" target=\"_blank\"><br \/>\nSopar 6\u00e8<\/a><\/p>\n<p><a href=\"https:\/\/picasaweb.google.com\/mcintoverdaguer\/TallerArqueologia4t?authuser=0&amp;authkey=Gv1sRgCImI9ca3r-fNKA&amp;feat=directlink\" target=\"_blank\"><br \/>\nTaller d&#8217;arqueologia<\/a> Alumnes de 4t<\/p>\n<p><a href=\"https:\/\/picasaweb.google.com\/mcintoverdaguer\/JornadaVerdaguer2011?authuser=0&amp;authkey=Gv1sRgCKPQ0tjh2c6cCA&amp;feat=directlink\" target=\"_blank\"><br \/>\nJornada Verdaguer<\/a><\/p>\n<p><a href=\"https:\/\/picasaweb.google.com\/mcintoverdaguer\/MuseuDArqueologia5e?authuser=0&amp;authkey=Gv1sRgCJGhotjyndG10wE&amp;feat=directlink\" target=\"_blank\"><br \/>\nMuseu d&#8217;Arqueologia<\/a> Alumnes de 5\u00e8<\/p>\n<p><a href=\"https:\/\/picasaweb.google.com\/mcintoverdaguer\/Pastorets2011?authuser=0&amp;authkey=Gv1sRgCMSl-rKZjdnWXA&amp;feat=directlink\" target=\"_blank\"><br \/>\nPastorets<\/a> Alumnes de 3r<\/p>\n<p><a href=\"https:\/\/picasaweb.google.com\/mcintoverdaguer\/PatrimoniaM5e?authuser=0&amp;authkey=Gv1sRgCPKlvvSd9-TByAE&amp;feat=directlink\" target=\"_blank\"><br \/>\nPatrimonia&#8217;m<\/a> Alumnes de 5\u00e8<\/p>\n<p><a href=\"https:\/\/picasaweb.google.com\/mcintoverdaguer\/AnemAlMercatP5?authuser=0&amp;authkey=Gv1sRgCI6S7JWBlKbfKw&amp;feat=directlink\" target=\"_blank\">Anem al mercat<\/a> Alumnes de P5<\/p>\n<p><a href=\"https:\/\/picasaweb.google.com\/mcintoverdaguer\/DansaAra?authuser=0&amp;authkey=Gv1sRgCO21-uPow8GaIA&amp;feat=directlink\" target=\"_blank\">Jocs Florals<\/a><\/p>\n<p><a href=\"https:\/\/picasaweb.google.com\/mcintoverdaguer\/SantPonc2012?authuser=0&amp;authkey=Gv1sRgCM7yjcS69e_KNQ&amp;feat=directlink\" target=\"_blank\"><br \/>\nSant Pon\u00e7<\/a> alumnes de Cicle Inicial<\/p>\n<p><a href=\"https:\/\/picasaweb.google.com\/mcintoverdaguer\/ColoniesP52n02?authuser=0&amp;authkey=Gv1sRgCNPlx8iEmvj5Tg&amp;feat=directlink\" target=\"_blank\"><br \/>\nCol\u00f2nies P5-2n<\/a><\/p>\n<p><a href=\"https:\/\/picasaweb.google.com\/mcintoverdaguer\/FinalCurs?authuser=0&amp;authkey=Gv1sRgCNi6yLefupGzDg&amp;feat=directlink\" target=\"_blank\">Final de curs<\/a><\/p>\n","protected":false},"excerpt":{"rendered":"<p>Col\u00f2nies 4t-6\u00e8 Castanyada 2011 Cantada de Nadales Expliquem el barri Alumnes de 6\u00e8 Fem de cuiners! Alumnes de P5 Dansa Ara Alumnes de 2n Concurs de decoraci\u00f3 de menjadors Sortida a la granja Alumnes de P3 Biatl\u00f3 Alumnes de 6\u00e8 Pa amb tom\u00e0quet Sortida al Zoo Alumnes de P4-P5 Un Do d&#8217;Acords Alumnes de 6\u00e8 [&hellip;]<\/p>\n","protected":false},"author":1,"featured_media":0,"parent":1673,"menu_order":0,"comment_status":"open","ping_status":"open","template":"page-templates\/side-menu.php","meta":{"_bbp_topic_count":0,"_bbp_reply_count":0,"_bbp_total_topic_count":0,"_bbp_total_reply_count":0,"_bbp_voice_count":0,"_bbp_anonymous_reply_count":0,"_bbp_topic_count_hidden":0,"_bbp_reply_count_hidden":0,"_bbp_forum_subforum_count":0,"site-sidebar-layout":"default","site-content-layout":"","ast-site-content-layout":"","site-content-style":"default","site-sidebar-style":"default","ast-global-header-display":"","ast-banner-title-visibility":"","ast-main-header-display":"","ast-hfb-above-header-display":"","ast-hfb-below-header-display":"","ast-hfb-mobile-header-display":"","site-post-title":"","ast-breadcrumbs-content":"","ast-featured-img":"","footer-sml-layout":"","theme-transparent-header-meta":"","adv-header-id-meta":"","stick-header-meta":"","header-above-stick-meta":"","header-main-stick-meta":"","header-below-stick-meta":"","astra-migrate-meta-layouts":"default","ast-page-background-enabled":"default","ast-page-background-meta":{"desktop":{"background-color":"var(--ast-global-color-4)","background-image":"","background-repeat":"repeat","background-position":"center center","background-size":"auto","background-attachment":"scroll","background-type":"","background-media":"","overlay-type":"","overlay-color":"","overlay-opacity":"","overlay-gradient":""},"tablet":{"background-color":"","background-image":"","background-repeat":"repeat","background-position":"center center","background-size":"auto","background-attachment":"scroll","background-type":"","background-media":"","overlay-type":"","overlay-color":"","overlay-opacity":"","overlay-gradient":""},"mobile":{"background-color":"","background-image":"","background-repeat":"repeat","background-position":"center center","background-size":"auto","background-attachment":"scroll","background-type":"","background-media":"","overlay-type":"","overlay-color":"","overlay-opacity":"","overlay-gradient":""}},"ast-content-background-meta":{"desktop":{"background-color":"var(--ast-global-color-5)","background-image":"","background-repeat":"repeat","background-position":"center center","background-size":"auto","background-attachment":"scroll","background-type":"","background-media":"","overlay-type":"","overlay-color":"","overlay-opacity":"","overlay-gradient":""},"tablet":{"background-color":"var(--ast-global-color-5)","background-image":"","background-repeat":"repeat","background-position":"center center","background-size":"auto","background-attachment":"scroll","background-type":"","background-media":"","overlay-type":"","overlay-color":"","overlay-opacity":"","overlay-gradient":""},"mobile":{"background-color":"var(--ast-global-color-5)","background-image":"","background-repeat":"repeat","background-position":"center center","background-size":"auto","background-attachment":"scroll","background-type":"","background-media":"","overlay-type":"","overlay-color":"","overlay-opacity":"","overlay-gradient":""}},"footnotes":""},"class_list":["post-1896","page","type-page","status-publish","hentry"],"post_mailing_queue_ids":[],"_links":{"self":[{"href":"https:\/\/agora.xtec.cat\/ceip-mcinto-verdaguer\/wp-json\/wp\/v2\/pages\/1896","targetHints":{"allow":["GET"]}}],"collection":[{"href":"https:\/\/agora.xtec.cat\/ceip-mcinto-verdaguer\/wp-json\/wp\/v2\/pages"}],"about":[{"href":"https:\/\/agora.xtec.cat\/ceip-mcinto-verdaguer\/wp-json\/wp\/v2\/types\/page"}],"author":[{"embeddable":true,"href":"https:\/\/agora.xtec.cat\/ceip-mcinto-verdaguer\/wp-json\/wp\/v2\/users\/1"}],"replies":[{"embeddable":true,"href":"https:\/\/agora.xtec.cat\/ceip-mcinto-verdaguer\/wp-json\/wp\/v2\/comments?post=1896"}],"version-history":[{"count":0,"href":"https:\/\/agora.xtec.cat\/ceip-mcinto-verdaguer\/wp-json\/wp\/v2\/pages\/1896\/revisions"}],"up":[{"embeddable":true,"href":"https:\/\/agora.xtec.cat\/ceip-mcinto-verdaguer\/wp-json\/wp\/v2\/pages\/1673"}],"wp:attachment":[{"href":"https:\/\/agora.xtec.cat\/ceip-mcinto-verdaguer\/wp-json\/wp\/v2\/media?parent=1896"}],"curies":[{"name":"wp","href":"https:\/\/api.w.org\/{rel}","templated":true}]}}