{"id":1895,"date":"2016-04-27T08:30:38","date_gmt":"2016-04-27T07:30:38","guid":{"rendered":"http:\/\/agora.xtec.cat\/ceip-mcinto-verdaguer\/intraweb\/recull-de-premsa-2\/"},"modified":"2016-04-27T08:30:38","modified_gmt":"2016-04-27T07:30:38","slug":"recull-de-premsa-2","status":"publish","type":"page","link":"https:\/\/agora.xtec.cat\/ceip-mcinto-verdaguer\/intraweb\/recull-de-premsa-2\/","title":{"rendered":"Recull de premsa"},"content":{"rendered":"<div style=\"text-align: left; \">\n<p><strong>AMPLIACI\u00d3 DE L&#8217;ESCOLA <\/strong><\/p>\n<ul>\n<li><a href=\"http:\/\/www.el3.cat\/noticies\/noticia.php?p=5309\" target=\"_blank\">El 3<\/a> (14-09-12)<\/li>\n<li><a><\/a><a href=\"http:\/\/www.btv.cat\/btvnoticies\/2012\/09\/14\/lescola-jacint-verdaguer-estrena-nous-espais\/\" target=\"_blank\">BTV<\/a> (14-09-12)<\/li>\n<li><a href=\"http:\/\/www.uavvpoblesec.entitatsbcn.net\/Noticia_detall_1\/_WbG8NZvDIQTbhqxnwqq4BRrr6OCsGXFXlNaVeqGnEvj2XtgZ2nM99JuPdXrlmPhJ\" target=\"_blank\">Uni\u00f3 de Ve\u00efns de Poble Sec<\/a> (27-04-12)<\/li>\n<li><a href=\"http:\/\/www.el3.org\/noticies\/noticia.php?p=4928\" target=\"_blank\">El 3<\/a> (27-04-12)<\/li>\n<li><a href=\"http:\/\/www.uavvpoblesec.entitatsbcn.net\/Noticia_detall_1\/_WbG8NZvDIQTbhqxnwqq4BRrr6OCsGXFXlNaVeqGnEvik3rlAkKMoOBX-QNNe1Zzm\" target=\"_blank\">Uni\u00f3 de Ve\u00efns de Poble Sec<\/a>&nbsp;(19-04-12)&nbsp;\n<\/li>\n<li><a href=\"http:\/\/www.btv.cat\/btvnoticies\/2012\/02\/10\/lampliacio-de-lescola-jacint-verdaguer-es-fa-esperar\/\" target=\"_blank\">BTV<\/a> (10-02-12)<\/li>\n<li><a href=\"http:\/\/www.zonasec.entitatsbcn.net\/files\/3-13365-annex\/zonasec_99.pdf\" target=\"_blank\">ZonaSec<\/a> (gener 2012)<\/li>\n<\/ul>\n<\/p><\/div>\n<p><\/p>\n<p><p><strong><br \/>\nESCOLES T\u00c0NDEM<\/strong><\/p>\n<\/p>\n<ul>\n<li><a href=\"http:\/\/www.btv.cat\/alacarta\/infobarris\/19363\/\" target=\"_blank\">BTV Televisi\u00f3 Infobarris<\/a> (15-06-12)<\/li>\n<li><a href=\"http:\/\/www.ara.cat\/premium\/suplements\/Escoles-tandem-especialitzacio-eduativa_0_652134914.html\" target=\"_blank\">Ara<\/a> (25-02-12)<\/li>\n<li><a href=\"http:\/\/www.revistamusical.cat\/?p=1418\" target=\"_blank\">Revista Musical Catalana<\/a> (05-01-12)&nbsp;<\/li>\n<li><a href=\"http:\/\/www.cmmb.cat\/es\/el-conservatorio-participa-en-el-proyecto-educativo-escoles-t%C3%A0ndem-de-la-obra-social-de-catalunya-caixa_94553\" target=\"_blank\">Conservatori Municipal de M\u00fasica de Barcelona<\/a> (18-11-11)<\/li>\n<li><a href=\"http:\/\/www.edubcn.cat\/ca\/noticies\/detall?44194\" target=\"_blank\">Consorci d&#8217;Educaci\u00f3 de Barcelona<\/a> (17-11-11)<\/li>\n<\/ul>\n<p><\/p>\n","protected":false},"excerpt":{"rendered":"<p>AMPLIACI\u00d3 DE L&#8217;ESCOLA El 3 (14-09-12) BTV (14-09-12) Uni\u00f3 de Ve\u00efns de Poble Sec (27-04-12) El 3 (27-04-12) Uni\u00f3 de Ve\u00efns de Poble Sec&nbsp;(19-04-12)&nbsp; BTV (10-02-12) ZonaSec (gener 2012) ESCOLES T\u00c0NDEM BTV Televisi\u00f3 Infobarris (15-06-12) Ara (25-02-12) Revista Musical Catalana (05-01-12)&nbsp; Conservatori Municipal de M\u00fasica de Barcelona (18-11-11) Consorci d&#8217;Educaci\u00f3 de Barcelona (17-11-11)<\/p>\n","protected":false},"author":1,"featured_media":0,"parent":1673,"menu_order":0,"comment_status":"open","ping_status":"open","template":"page-templates\/side-menu.php","meta":{"_bbp_topic_count":0,"_bbp_reply_count":0,"_bbp_total_topic_count":0,"_bbp_total_reply_count":0,"_bbp_voice_count":0,"_bbp_anonymous_reply_count":0,"_bbp_topic_count_hidden":0,"_bbp_reply_count_hidden":0,"_bbp_forum_subforum_count":0,"site-sidebar-layout":"default","site-content-layout":"","ast-site-content-layout":"","site-content-style":"default","site-sidebar-style":"default","ast-global-header-display":"","ast-banner-title-visibility":"","ast-main-header-display":"","ast-hfb-above-header-display":"","ast-hfb-below-header-display":"","ast-hfb-mobile-header-display":"","site-post-title":"","ast-breadcrumbs-content":"","ast-featured-img":"","footer-sml-layout":"","theme-transparent-header-meta":"","adv-header-id-meta":"","stick-header-meta":"","header-above-stick-meta":"","header-main-stick-meta":"","header-below-stick-meta":"","astra-migrate-meta-layouts":"default","ast-page-background-enabled":"default","ast-page-background-meta":{"desktop":{"background-color":"var(--ast-global-color-4)","background-image":"","background-repeat":"repeat","background-position":"center center","background-size":"auto","background-attachment":"scroll","background-type":"","background-media":"","overlay-type":"","overlay-color":"","overlay-opacity":"","overlay-gradient":""},"tablet":{"background-color":"","background-image":"","background-repeat":"repeat","background-position":"center center","background-size":"auto","background-attachment":"scroll","background-type":"","background-media":"","overlay-type":"","overlay-color":"","overlay-opacity":"","overlay-gradient":""},"mobile":{"background-color":"","background-image":"","background-repeat":"repeat","background-position":"center center","background-size":"auto","background-attachment":"scroll","background-type":"","background-media":"","overlay-type":"","overlay-color":"","overlay-opacity":"","overlay-gradient":""}},"ast-content-background-meta":{"desktop":{"background-color":"var(--ast-global-color-5)","background-image":"","background-repeat":"repeat","background-position":"center center","background-size":"auto","background-attachment":"scroll","background-type":"","background-media":"","overlay-type":"","overlay-color":"","overlay-opacity":"","overlay-gradient":""},"tablet":{"background-color":"var(--ast-global-color-5)","background-image":"","background-repeat":"repeat","background-position":"center center","background-size":"auto","background-attachment":"scroll","background-type":"","background-media":"","overlay-type":"","overlay-color":"","overlay-opacity":"","overlay-gradient":""},"mobile":{"background-color":"var(--ast-global-color-5)","background-image":"","background-repeat":"repeat","background-position":"center center","background-size":"auto","background-attachment":"scroll","background-type":"","background-media":"","overlay-type":"","overlay-color":"","overlay-opacity":"","overlay-gradient":""}},"footnotes":""},"class_list":["post-1895","page","type-page","status-publish","hentry"],"post_mailing_queue_ids":[],"_links":{"self":[{"href":"https:\/\/agora.xtec.cat\/ceip-mcinto-verdaguer\/wp-json\/wp\/v2\/pages\/1895","targetHints":{"allow":["GET"]}}],"collection":[{"href":"https:\/\/agora.xtec.cat\/ceip-mcinto-verdaguer\/wp-json\/wp\/v2\/pages"}],"about":[{"href":"https:\/\/agora.xtec.cat\/ceip-mcinto-verdaguer\/wp-json\/wp\/v2\/types\/page"}],"author":[{"embeddable":true,"href":"https:\/\/agora.xtec.cat\/ceip-mcinto-verdaguer\/wp-json\/wp\/v2\/users\/1"}],"replies":[{"embeddable":true,"href":"https:\/\/agora.xtec.cat\/ceip-mcinto-verdaguer\/wp-json\/wp\/v2\/comments?post=1895"}],"version-history":[{"count":0,"href":"https:\/\/agora.xtec.cat\/ceip-mcinto-verdaguer\/wp-json\/wp\/v2\/pages\/1895\/revisions"}],"up":[{"embeddable":true,"href":"https:\/\/agora.xtec.cat\/ceip-mcinto-verdaguer\/wp-json\/wp\/v2\/pages\/1673"}],"wp:attachment":[{"href":"https:\/\/agora.xtec.cat\/ceip-mcinto-verdaguer\/wp-json\/wp\/v2\/media?parent=1895"}],"curies":[{"name":"wp","href":"https:\/\/api.w.org\/{rel}","templated":true}]}}