{"id":1892,"date":"2016-04-27T08:30:38","date_gmt":"2016-04-27T07:30:38","guid":{"rendered":"http:\/\/agora.xtec.cat\/ceip-mcinto-verdaguer\/intraweb\/fotos-2010-2011\/"},"modified":"2016-04-27T08:30:38","modified_gmt":"2016-04-27T07:30:38","slug":"fotos-2010-2011","status":"publish","type":"page","link":"https:\/\/agora.xtec.cat\/ceip-mcinto-verdaguer\/intraweb\/fotos-2010-2011\/","title":{"rendered":"FOTOS 2010-2011"},"content":{"rendered":"<p><a href=\"https:\/\/picasaweb.google.com\/mcintoverdaguer\/FinalDeCurs?authkey=Gv1sRgCKe4orOS_JX3uQE\" target=\"_blank\">Final de curs<\/a><\/p>\n<p><a href=\"https:\/\/picasaweb.google.com\/mcintoverdaguer\/ColoniesP52n?authkey=Gv1sRgCMStu4K8x_bLPA\" target=\"_blank\">Col\u00f2nies P5-2n<\/a><\/p>\n<p><a href=\"https:\/\/picasaweb.google.com\/mcintoverdaguer\/JocsFloralsEducacioInfantil?authkey=Gv1sRgCJ2_gdz-6LTSqQE\" target=\"_blank\">Jocs Florals<\/a> Educaci\u00f3 Infantil<\/p>\n<p><a href=\"https:\/\/picasaweb.google.com\/mcintoverdaguer\/TeatreExtraescolars?authkey=Gv1sRgCKC25aadibbEjQE\" target=\"_blank\">Teatre extraescolars<\/a><\/p>\n<p><a href=\"https:\/\/picasaweb.google.com\/mcintoverdaguer\/Dansa2n?authkey=Gv1sRgCMeI4ein_NrQVA\" target=\"_blank\">Dansa 2n<\/a><\/p>\n<p><a href=\"https:\/\/picasaweb.google.com\/mcintoverdaguer\/SnowWhite?authkey=Gv1sRgCOmktsfGg6KMPg\" target=\"_blank\">Snow white<\/a><\/p>\n<p><a href=\"https:\/\/picasaweb.google.com\/mcintoverdaguer\/DansesLaia?authkey=Gv1sRgCKmG2L_T89LgigE\" target=\"_blank\">Danses Laia<\/a><\/p>\n<p><a href=\"https:\/\/picasaweb.google.com\/mcintoverdaguer\/Entreacte2n?authkey=Gv1sRgCOzT8ci3vs-fkAE\" target=\"_blank\">Entreacte<\/a> Alumnes de 2n<\/p>\n<p><a href=\"https:\/\/picasaweb.google.com\/mcintoverdaguer\/TioIPatgeReial2010?authkey=Gv1sRgCNejzeqFqLndlAE\" target=\"_blank\">Ti\u00f3 i patge reial<\/a><\/p>\n<p><a href=\"https:\/\/picasaweb.google.com\/mcintoverdaguer\/Castanyada2010?authkey=Gv1sRgCOG7-Kec25SdEA\" target=\"_blank\">Castanyada 2010<\/a><\/p>\n<p><a href=\"https:\/\/picasaweb.google.com\/mcintoverdaguer\/SortidaAlZooP5?authkey=Gv1sRgCOz9i7uAnvjCeg\" target=\"_blank\">Sortida al Zoo<\/a> Alumnes de P5<\/p>\n<p><a href=\"https:\/\/picasaweb.google.com\/mcintoverdaguer\/TrobadaDEscoles?authkey=Gv1sRgCIXrnNuAoY6npgE\" target=\"_blank\">Trobada d&#8217;escoles<\/a>&nbsp;Alumnes de 3r<\/p>\n<p><a href=\"https:\/\/picasaweb.google.com\/mcintoverdaguer\/SantPonc2011?authkey=Gv1sRgCJOB042k7ImuQA\" target=\"_blank\">Sant Pon\u00e7<\/a><\/p>\n<p><a href=\"https:\/\/picasaweb.google.com\/mcintoverdaguer\/JocsFlorals2011?authkey=Gv1sRgCO78tIjb_pCSkAE\" target=\"_blank\">Jocs Florals<\/a><\/p>\n<p><a href=\"https:\/\/picasaweb.google.com\/mcintoverdaguer\/TresVegadesEraUnRei?authkey=Gv1sRgCNy495_P6bSYcQ\" target=\"_blank\">Tres vegades era un rei<\/a>&nbsp;Alumnes de 5\u00e8<\/p>\n<p><a href=\"https:\/\/picasaweb.google.com\/mcintoverdaguer\/Colonies4t6e?authkey=Gv1sRgCI2hnZ61zs3bGA\" target=\"_blank\">Col\u00f2nies 4t-6\u00e8<\/a><\/p>\n<p><a href=\"https:\/\/picasaweb.google.com\/mcintoverdaguer\/CrispetesP5?authkey=Gv1sRgCPvulY3sm7fAygE\" target=\"_blank\">Fem crispetes<\/a> Alumnes de P5<\/p>\n<p><a href=\"https:\/\/picasaweb.google.com\/mcintoverdaguer\/CantadaDeNadales2010?authkey=Gv1sRgCICulPmYoP2Y7AE\" target=\"_blank\">Cantada de Nadales<\/a>&nbsp;2010<\/p>\n<p><a href=\"https:\/\/picasaweb.google.com\/mcintoverdaguer\/TreballDelsElefantsP4?authkey=Gv1sRgCJ3OzLSlqN7_jgE\" target=\"_blank\">Treball dels elefants<\/a> Alumnes de P4<\/p>\n<p><a href=\"https:\/\/picasaweb.google.com\/mcintoverdaguer\/Piscina6e?authkey=Gv1sRgCKiU2OaAkP3-hAE\" target=\"_blank\">Piscina<\/a> Alumnes de 6\u00e8<\/p>\n<p><a href=\"https:\/\/picasaweb.google.com\/mcintoverdaguer\/CaixaForumP5?authkey=Gv1sRgCLqspNuY6KqYlwE\" target=\"_blank\">CaixaForum<\/a> Alumnes de P5<\/p>\n<p><a href=\"https:\/\/picasaweb.google.com\/mcintoverdaguer\/FestesDelsColors?authkey=Gv1sRgCMyhybf0xsuIlwE\" target=\"_blank\">Festa dels colors<\/a>&nbsp;Alumnes de P3<\/p>\n<p><a href=\"https:\/\/picasaweb.google.com\/mcintoverdaguer\/JocPerdut?authkey=Gv1sRgCNqN8Kf2xomO9gE\" target=\"_blank\">Joc perdut<\/a>&nbsp;Alumnes de P5<\/p>\n<p><a href=\"https:\/\/picasaweb.google.com\/mcintoverdaguer\/Dansa1r?authkey=Gv1sRgCOrS677Y2rbaeQ\" target=\"_blank\">Dansa 1r<\/a><\/p>\n<p><a href=\"https:\/\/picasaweb.google.com\/mcintoverdaguer\/TallerDeCiencies5e?authkey=Gv1sRgCOaykObwvP2CZw\" target=\"_blank\">Taller de ci\u00e8ncies<\/a> Alumnes de 5\u00e8<\/p>\n<p><a href=\"https:\/\/picasaweb.google.com\/mcintoverdaguer\/LlibreSecretDeLesAdreces3r?authkey=Gv1sRgCJ-w16eRu_Dy6AE\" target=\"_blank\">Llibre secret de les adreces<\/a> Alumnes de 3r<\/p>\n<p><a href=\"https:\/\/picasaweb.google.com\/mcintoverdaguer\/Pastorets2010?authkey=Gv1sRgCMalqMSw3LXOJA\" target=\"_blank\">Pastorets<\/a> Alumnes de 3r<\/p>\n<p><a href=\"https:\/\/picasaweb.google.com\/mcintoverdaguer\/CelebracionsALesClasses?authkey=Gv1sRgCIqb5Le4ppiQ9wE\" target=\"_blank\">Celebracions a les classes<\/a><\/p>\n<p><a href=\"https:\/\/picasaweb.google.com\/mcintoverdaguer\/TreballDeLesGirafesP4?authkey=Gv1sRgCKLTgNnfr9zW8AE\" target=\"_blank\">Treball de les girafes<\/a> Alumnes de P4<\/p>\n<p><a href=\"https:\/\/picasaweb.google.com\/mcintoverdaguer\/SortidaAlZooP4?authkey=Gv1sRgCLvj1q2NgsaluwE\" target=\"_blank\">Sortida al Zoo<\/a> Alumnes de P4<\/p>\n<p><a href=\"https:\/\/picasaweb.google.com\/mcintoverdaguer\/DiadaVerdaguer2010?authkey=Gv1sRgCI2_w93vnqWlgAE\" target=\"_blank\">Jornada Verdaguer 2010<\/a><\/p>\n","protected":false},"excerpt":{"rendered":"<p>Final de curs Col\u00f2nies P5-2n Jocs Florals Educaci\u00f3 Infantil Teatre extraescolars Dansa 2n Snow white Danses Laia Entreacte Alumnes de 2n Ti\u00f3 i patge reial Castanyada 2010 Sortida al Zoo Alumnes de P5 Trobada d&#8217;escoles&nbsp;Alumnes de 3r Sant Pon\u00e7 Jocs Florals Tres vegades era un rei&nbsp;Alumnes de 5\u00e8 Col\u00f2nies 4t-6\u00e8 Fem crispetes Alumnes de P5 [&hellip;]<\/p>\n","protected":false},"author":1,"featured_media":0,"parent":1673,"menu_order":0,"comment_status":"open","ping_status":"open","template":"page-templates\/side-menu.php","meta":{"_bbp_topic_count":0,"_bbp_reply_count":0,"_bbp_total_topic_count":0,"_bbp_total_reply_count":0,"_bbp_voice_count":0,"_bbp_anonymous_reply_count":0,"_bbp_topic_count_hidden":0,"_bbp_reply_count_hidden":0,"_bbp_forum_subforum_count":0,"site-sidebar-layout":"default","site-content-layout":"","ast-site-content-layout":"","site-content-style":"default","site-sidebar-style":"default","ast-global-header-display":"","ast-banner-title-visibility":"","ast-main-header-display":"","ast-hfb-above-header-display":"","ast-hfb-below-header-display":"","ast-hfb-mobile-header-display":"","site-post-title":"","ast-breadcrumbs-content":"","ast-featured-img":"","footer-sml-layout":"","theme-transparent-header-meta":"","adv-header-id-meta":"","stick-header-meta":"","header-above-stick-meta":"","header-main-stick-meta":"","header-below-stick-meta":"","astra-migrate-meta-layouts":"default","ast-page-background-enabled":"default","ast-page-background-meta":{"desktop":{"background-color":"var(--ast-global-color-4)","background-image":"","background-repeat":"repeat","background-position":"center center","background-size":"auto","background-attachment":"scroll","background-type":"","background-media":"","overlay-type":"","overlay-color":"","overlay-opacity":"","overlay-gradient":""},"tablet":{"background-color":"","background-image":"","background-repeat":"repeat","background-position":"center center","background-size":"auto","background-attachment":"scroll","background-type":"","background-media":"","overlay-type":"","overlay-color":"","overlay-opacity":"","overlay-gradient":""},"mobile":{"background-color":"","background-image":"","background-repeat":"repeat","background-position":"center center","background-size":"auto","background-attachment":"scroll","background-type":"","background-media":"","overlay-type":"","overlay-color":"","overlay-opacity":"","overlay-gradient":""}},"ast-content-background-meta":{"desktop":{"background-color":"var(--ast-global-color-5)","background-image":"","background-repeat":"repeat","background-position":"center center","background-size":"auto","background-attachment":"scroll","background-type":"","background-media":"","overlay-type":"","overlay-color":"","overlay-opacity":"","overlay-gradient":""},"tablet":{"background-color":"var(--ast-global-color-5)","background-image":"","background-repeat":"repeat","background-position":"center center","background-size":"auto","background-attachment":"scroll","background-type":"","background-media":"","overlay-type":"","overlay-color":"","overlay-opacity":"","overlay-gradient":""},"mobile":{"background-color":"var(--ast-global-color-5)","background-image":"","background-repeat":"repeat","background-position":"center center","background-size":"auto","background-attachment":"scroll","background-type":"","background-media":"","overlay-type":"","overlay-color":"","overlay-opacity":"","overlay-gradient":""}},"footnotes":""},"class_list":["post-1892","page","type-page","status-publish","hentry"],"post_mailing_queue_ids":[],"_links":{"self":[{"href":"https:\/\/agora.xtec.cat\/ceip-mcinto-verdaguer\/wp-json\/wp\/v2\/pages\/1892","targetHints":{"allow":["GET"]}}],"collection":[{"href":"https:\/\/agora.xtec.cat\/ceip-mcinto-verdaguer\/wp-json\/wp\/v2\/pages"}],"about":[{"href":"https:\/\/agora.xtec.cat\/ceip-mcinto-verdaguer\/wp-json\/wp\/v2\/types\/page"}],"author":[{"embeddable":true,"href":"https:\/\/agora.xtec.cat\/ceip-mcinto-verdaguer\/wp-json\/wp\/v2\/users\/1"}],"replies":[{"embeddable":true,"href":"https:\/\/agora.xtec.cat\/ceip-mcinto-verdaguer\/wp-json\/wp\/v2\/comments?post=1892"}],"version-history":[{"count":0,"href":"https:\/\/agora.xtec.cat\/ceip-mcinto-verdaguer\/wp-json\/wp\/v2\/pages\/1892\/revisions"}],"up":[{"embeddable":true,"href":"https:\/\/agora.xtec.cat\/ceip-mcinto-verdaguer\/wp-json\/wp\/v2\/pages\/1673"}],"wp:attachment":[{"href":"https:\/\/agora.xtec.cat\/ceip-mcinto-verdaguer\/wp-json\/wp\/v2\/media?parent=1892"}],"curies":[{"name":"wp","href":"https:\/\/api.w.org\/{rel}","templated":true}]}}