{"id":1888,"date":"2016-04-27T08:30:38","date_gmt":"2016-04-27T07:30:38","guid":{"rendered":"http:\/\/agora.xtec.cat\/ceip-mcinto-verdaguer\/intraweb\/recomanacions-musicals\/"},"modified":"2016-04-27T08:30:38","modified_gmt":"2016-04-27T07:30:38","slug":"recomanacions-musicals","status":"publish","type":"page","link":"https:\/\/agora.xtec.cat\/ceip-mcinto-verdaguer\/intraweb\/recomanacions-musicals\/","title":{"rendered":"Recomanacions musicals"},"content":{"rendered":"<p>Els nois i noies de 5\u00e8 i 6\u00e8 us volen fer unes recomanacions musicals i us expliquen perqu\u00e8 els hi agraden aquestes can\u00e7ons.<\/p>\n<p><a href=\"http:\/\/www.youtube.com\/watch?v=XRDpn7ePJrc\"><\/a><\/p>\n<h3>CAN\u00c7ONS DE 6\u00e8<\/h3>\n<p><a href=\"http:\/\/www.youtube.com\/watch?v=LDrkU0rzFu8&#038;feature=player_detailpage\"><\/a><\/p>\n<p><a href=\"http:\/\/www.youtube.com\/watch?v=VLSVLqRSw7s&#038;feahttp:\/\/www.youtube.com\/watch%20?v=VLSVLqRSw7s&#038;feature=player_detailpageture=player_detailpage\"><\/a><\/p>\n<p><a href=\"http:\/\/www.youtube.com\/watch?v=bjTPpHlMwTQ\"><\/a><\/p>\n<p><a href=\"http:\/\/www.youtube.com\/watch?v=WzixRPj0-Ls&#038;feature=player_detailpage\"><\/a><\/p>\n<p><a href=\"http:\/\/www.youtube.com\/watch?v=8hRGBcr_gJc&#038;feature=artistob&#038;playnext=1&#038;list=TLtOvmLzhZYoA\"><\/a><\/p>\n<p><a href=\"http:\/\/www.youtube.com\/watch?v=Ztgn_ZQc6B0\"><\/a><\/p>\n<p><a href=\"http:\/\/www.youtube.com\/watch?v=tOwkin90J1U\"><\/a><\/p>\n<p><a href=\"http:\/\/www.youtube.com\/watch?v=vIaH35-MLsk\"><\/a><\/p>\n<p><a href=\"http:\/\/www.youtube.com\/watch?v=GbxghJmzfok\"><\/a><\/p>\n<p><a href=\"http:\/\/www.youtube.com\/watch?v=NpWANog7_og\"><\/a><\/p>\n<p><a href=\"http:\/\/www.youtube.com\/watch?v=o9tJW9MDs2M\"><\/a><\/p>\n<p><a href=\"http:\/\/www.youtube.com\/watch?v=-CN5jYkbFkE&#038;NR=1\"><\/a><\/p>\n<p><a href=\"http:\/\/www.youtube.com\/watch?v=r2ozuCXpVJY\"><\/a><\/p>\n<p><a href=\"http:\/\/www.youtube.com\/watch?v=QGJuMBdaqIw\"><\/a><\/p>\n<p><a href=\"http:\/\/www.youtube.com\/watch?v=zHvZq923WDk&#038;feature=player_detailpage\"><\/a><\/p>\n<p><a href=\"http:\/\/www.youtube.com\/watch?v=nxxheF8uUK0\"><\/a><\/p>\n<p><a href=\"http:\/\/www.youtube.com\/watch?v=V92D5JZsF3w\"><\/a><\/p>\n<p><a href=\"http:\/\/www.youtube.com\/watch?v=8l_PDohwPu4\"><\/a><\/p>\n<p><a href=\"http:\/\/www.youtube.com\/watch?v=oGpkMkvkcM4\"><\/a><\/p>\n<p><a href=\"http:\/\/www.youtube.com\/watch?v=a6w7J9-eh8A\"><\/a><\/p>\n<p><a href=\"http:\/\/www.youtube.com\/watch?v=uaVeA_kPgcQ\"><\/a><\/p>\n<p><a href=\"http:\/\/www.youtube.com\/watch?v=ajTibbA_Y-c&#038;feature=related\"><\/a><\/p>\n<p><a href=\"http:\/\/www.youtube.com\/watch?v=dn28nlMOYfg\"><\/a><\/p>\n<p><a href=\"http:\/\/www.youtube.com\/watch?v=nxxheF8uUK0\"><\/a><\/p>\n<p><a href=\"http:\/\/www.youtube.com\/watch?v=o8Dhj7KsEyQ\"><\/a><\/p>\n<h3>CAN\u00c7ONS DE 5\u00e8<\/h3>\n<p><a href=\"http:\/\/www.youtube.com\/watch?v=uIhn3wgags0\"><\/a><\/p>\n<p><a href=\"http:\/\/www.youtube.com\/watch?v=D7K3wFXJFsQ\"><\/a><\/p>\n<p><a href=\"http:\/\/www.youtube.com\/watch?v=qdDVtFvJwUc\"><\/a><\/p>\n<p><a href=\"http:\/\/www.youtube.com\/watch?v=Ti-wloa6HTo\"><\/a><\/p>\n<p><a href=\"http:\/\/www.youtube.com\/watch?v=GCpRn6pVQ50\"><\/a><\/p>\n<p><a href=\"http:\/\/www.youtube.com\/watch?v=023EhYNpRFQ\"><\/a><\/p>\n<p><a href=\"http:\/\/www.youtube.com\/watch?v=0FajA3IGTj0&#038;feature=fvst\"><\/a><\/p>\n<h3>CAN\u00c7ONS DE 4t<\/h3>\n<p><a href=\"http:\/\/www.youtube.com\/watch?v=9hWDOOyCSU8\"><\/a><\/p>\n<p><a href=\"http:\/\/www.youtube.com\/watch?v=_q5WUjzVEqk\"><\/a><\/p>\n<p><a href=\"http:\/\/www.youtube.com\/watch?v=NpWANog7_og\"><\/a><\/p>\n<p><a href=\"http:\/\/www.youtube.com\/watch?v=s58W6Q_rz5Y\"><\/a><\/p>\n<p><a href=\"http:\/\/www.youtube.com\/watch?v=je5Fw5Ohcs8\"><\/a><\/p>\n","protected":false},"excerpt":{"rendered":"<p>Els nois i noies de 5\u00e8 i 6\u00e8 us volen fer unes recomanacions musicals i us expliquen perqu\u00e8 els hi agraden aquestes can\u00e7ons. CAN\u00c7ONS DE 6\u00e8 CAN\u00c7ONS DE 5\u00e8 CAN\u00c7ONS DE 4t<\/p>\n","protected":false},"author":3,"featured_media":0,"parent":1673,"menu_order":0,"comment_status":"open","ping_status":"open","template":"page-templates\/side-menu.php","meta":{"_bbp_topic_count":0,"_bbp_reply_count":0,"_bbp_total_topic_count":0,"_bbp_total_reply_count":0,"_bbp_voice_count":0,"_bbp_anonymous_reply_count":0,"_bbp_topic_count_hidden":0,"_bbp_reply_count_hidden":0,"_bbp_forum_subforum_count":0,"site-sidebar-layout":"default","site-content-layout":"","ast-site-content-layout":"","site-content-style":"default","site-sidebar-style":"default","ast-global-header-display":"","ast-banner-title-visibility":"","ast-main-header-display":"","ast-hfb-above-header-display":"","ast-hfb-below-header-display":"","ast-hfb-mobile-header-display":"","site-post-title":"","ast-breadcrumbs-content":"","ast-featured-img":"","footer-sml-layout":"","theme-transparent-header-meta":"","adv-header-id-meta":"","stick-header-meta":"","header-above-stick-meta":"","header-main-stick-meta":"","header-below-stick-meta":"","astra-migrate-meta-layouts":"default","ast-page-background-enabled":"default","ast-page-background-meta":{"desktop":{"background-color":"var(--ast-global-color-4)","background-image":"","background-repeat":"repeat","background-position":"center center","background-size":"auto","background-attachment":"scroll","background-type":"","background-media":"","overlay-type":"","overlay-color":"","overlay-opacity":"","overlay-gradient":""},"tablet":{"background-color":"","background-image":"","background-repeat":"repeat","background-position":"center center","background-size":"auto","background-attachment":"scroll","background-type":"","background-media":"","overlay-type":"","overlay-color":"","overlay-opacity":"","overlay-gradient":""},"mobile":{"background-color":"","background-image":"","background-repeat":"repeat","background-position":"center center","background-size":"auto","background-attachment":"scroll","background-type":"","background-media":"","overlay-type":"","overlay-color":"","overlay-opacity":"","overlay-gradient":""}},"ast-content-background-meta":{"desktop":{"background-color":"var(--ast-global-color-5)","background-image":"","background-repeat":"repeat","background-position":"center center","background-size":"auto","background-attachment":"scroll","background-type":"","background-media":"","overlay-type":"","overlay-color":"","overlay-opacity":"","overlay-gradient":""},"tablet":{"background-color":"var(--ast-global-color-5)","background-image":"","background-repeat":"repeat","background-position":"center center","background-size":"auto","background-attachment":"scroll","background-type":"","background-media":"","overlay-type":"","overlay-color":"","overlay-opacity":"","overlay-gradient":""},"mobile":{"background-color":"var(--ast-global-color-5)","background-image":"","background-repeat":"repeat","background-position":"center center","background-size":"auto","background-attachment":"scroll","background-type":"","background-media":"","overlay-type":"","overlay-color":"","overlay-opacity":"","overlay-gradient":""}},"footnotes":""},"class_list":["post-1888","page","type-page","status-publish","hentry"],"post_mailing_queue_ids":[],"_links":{"self":[{"href":"https:\/\/agora.xtec.cat\/ceip-mcinto-verdaguer\/wp-json\/wp\/v2\/pages\/1888","targetHints":{"allow":["GET"]}}],"collection":[{"href":"https:\/\/agora.xtec.cat\/ceip-mcinto-verdaguer\/wp-json\/wp\/v2\/pages"}],"about":[{"href":"https:\/\/agora.xtec.cat\/ceip-mcinto-verdaguer\/wp-json\/wp\/v2\/types\/page"}],"author":[{"embeddable":true,"href":"https:\/\/agora.xtec.cat\/ceip-mcinto-verdaguer\/wp-json\/wp\/v2\/users\/3"}],"replies":[{"embeddable":true,"href":"https:\/\/agora.xtec.cat\/ceip-mcinto-verdaguer\/wp-json\/wp\/v2\/comments?post=1888"}],"version-history":[{"count":0,"href":"https:\/\/agora.xtec.cat\/ceip-mcinto-verdaguer\/wp-json\/wp\/v2\/pages\/1888\/revisions"}],"up":[{"embeddable":true,"href":"https:\/\/agora.xtec.cat\/ceip-mcinto-verdaguer\/wp-json\/wp\/v2\/pages\/1673"}],"wp:attachment":[{"href":"https:\/\/agora.xtec.cat\/ceip-mcinto-verdaguer\/wp-json\/wp\/v2\/media?parent=1888"}],"curies":[{"name":"wp","href":"https:\/\/api.w.org\/{rel}","templated":true}]}}