{"id":1723,"date":"2016-04-27T08:24:19","date_gmt":"2016-04-27T07:24:19","guid":{"rendered":"http:\/\/agora.xtec.cat\/ceip-mcinto-verdaguer\/intraweb\/com-registrar-se\/"},"modified":"2016-04-27T08:24:19","modified_gmt":"2016-04-27T07:24:19","slug":"com-registrar-se","status":"publish","type":"page","link":"https:\/\/agora.xtec.cat\/ceip-mcinto-verdaguer\/intraweb\/com-registrar-se\/","title":{"rendered":"Com registrar-se"},"content":{"rendered":"<div>\n<p>Segurament us heu adonat que les fotografies i els v\u00eddeos de<br \/>\nl&#8217;escola no s\u00f3n accesibles per a tothom. Aix\u00f2 respon a una voluntat de<br \/>\nlimitar el seu acc\u00e9s nom\u00e9s als membres de la comunitat educativa.<\/p>\n<p>Els nois i noies de l&#8217;escola, des de 4t fins a 6\u00e8, ja tenen un<br \/>\nusuari i contrasenya per a poder entrar, comunicar-se amb els companys,<br \/>\nredactar not\u00edcies, realitzar activitats lligades al seu<br \/>\naprenentatge, etc&#8230;, per\u00f2 les fam\u00edlies tamb\u00e9 podeu tenir-hi acc\u00e9s i us<br \/>\npodeu registrar des de tres llocs diferents d&#8217;aquesta intranet:<\/p>\n<blockquote>\n<ul>\n<li>en el men\u00fa de l&#8217;esquerra, a l&#8217;apartat &quot;Entrada d&#8217;usuaris&quot; cal seleccionar <strong>Compte nou<\/strong><\/li>\n<\/ul>\n<\/blockquote>\n<blockquote>\n<ul>\n<li>directament des de la p\u00e0gina de fotos o v\u00eddeos, en l&#8217;enlla\u00e7 que hi ha.<\/li>\n<\/ul>\n<ul>\n<li>clicant aquest <a target=\"_blank\" href=\"\/ceip-mcinto-verdaguer\/intranet\/index.php?module=users&amp;func=register\">enlla\u00e7<\/a><\/li>\n<\/ul>\n<\/blockquote>\n<p>En tots els casos, haureu d&#8217;omplir <strong>tots<\/strong> els camps d&#8217;un formulari, sense oblidar-vos el curs del vostre fill o filla. <\/p>\n<p>El registre no \u00e9s autom\u00e0tic, cal que comprovem&nbsp; les dades que ens faciliteu, o sigui que us demanen una mica de<br \/>\npaci\u00e8ncia i en el termini de pocs dies rebreu la contrasenya per a poder<br \/>\n accedir-hi.<\/p>\n<\/p><\/div>\n<p><\/p>\n","protected":false},"excerpt":{"rendered":"<p>Segurament us heu adonat que les fotografies i els v\u00eddeos de l&#8217;escola no s\u00f3n accesibles per a tothom. Aix\u00f2 respon a una voluntat de limitar el seu acc\u00e9s nom\u00e9s als membres de la comunitat educativa. Els nois i noies de l&#8217;escola, des de 4t fins a 6\u00e8, ja tenen un usuari i contrasenya per a [&hellip;]<\/p>\n","protected":false},"author":1,"featured_media":0,"parent":1673,"menu_order":0,"comment_status":"open","ping_status":"open","template":"page-templates\/side-menu.php","meta":{"_bbp_topic_count":0,"_bbp_reply_count":0,"_bbp_total_topic_count":0,"_bbp_total_reply_count":0,"_bbp_voice_count":0,"_bbp_anonymous_reply_count":0,"_bbp_topic_count_hidden":0,"_bbp_reply_count_hidden":0,"_bbp_forum_subforum_count":0,"site-sidebar-layout":"default","site-content-layout":"","ast-site-content-layout":"","site-content-style":"default","site-sidebar-style":"default","ast-global-header-display":"","ast-banner-title-visibility":"","ast-main-header-display":"","ast-hfb-above-header-display":"","ast-hfb-below-header-display":"","ast-hfb-mobile-header-display":"","site-post-title":"","ast-breadcrumbs-content":"","ast-featured-img":"","footer-sml-layout":"","theme-transparent-header-meta":"","adv-header-id-meta":"","stick-header-meta":"","header-above-stick-meta":"","header-main-stick-meta":"","header-below-stick-meta":"","astra-migrate-meta-layouts":"default","ast-page-background-enabled":"default","ast-page-background-meta":{"desktop":{"background-color":"var(--ast-global-color-4)","background-image":"","background-repeat":"repeat","background-position":"center center","background-size":"auto","background-attachment":"scroll","background-type":"","background-media":"","overlay-type":"","overlay-color":"","overlay-opacity":"","overlay-gradient":""},"tablet":{"background-color":"","background-image":"","background-repeat":"repeat","background-position":"center center","background-size":"auto","background-attachment":"scroll","background-type":"","background-media":"","overlay-type":"","overlay-color":"","overlay-opacity":"","overlay-gradient":""},"mobile":{"background-color":"","background-image":"","background-repeat":"repeat","background-position":"center center","background-size":"auto","background-attachment":"scroll","background-type":"","background-media":"","overlay-type":"","overlay-color":"","overlay-opacity":"","overlay-gradient":""}},"ast-content-background-meta":{"desktop":{"background-color":"var(--ast-global-color-5)","background-image":"","background-repeat":"repeat","background-position":"center center","background-size":"auto","background-attachment":"scroll","background-type":"","background-media":"","overlay-type":"","overlay-color":"","overlay-opacity":"","overlay-gradient":""},"tablet":{"background-color":"var(--ast-global-color-5)","background-image":"","background-repeat":"repeat","background-position":"center center","background-size":"auto","background-attachment":"scroll","background-type":"","background-media":"","overlay-type":"","overlay-color":"","overlay-opacity":"","overlay-gradient":""},"mobile":{"background-color":"var(--ast-global-color-5)","background-image":"","background-repeat":"repeat","background-position":"center center","background-size":"auto","background-attachment":"scroll","background-type":"","background-media":"","overlay-type":"","overlay-color":"","overlay-opacity":"","overlay-gradient":""}},"footnotes":""},"class_list":["post-1723","page","type-page","status-publish","hentry"],"post_mailing_queue_ids":[],"_links":{"self":[{"href":"https:\/\/agora.xtec.cat\/ceip-mcinto-verdaguer\/wp-json\/wp\/v2\/pages\/1723","targetHints":{"allow":["GET"]}}],"collection":[{"href":"https:\/\/agora.xtec.cat\/ceip-mcinto-verdaguer\/wp-json\/wp\/v2\/pages"}],"about":[{"href":"https:\/\/agora.xtec.cat\/ceip-mcinto-verdaguer\/wp-json\/wp\/v2\/types\/page"}],"author":[{"embeddable":true,"href":"https:\/\/agora.xtec.cat\/ceip-mcinto-verdaguer\/wp-json\/wp\/v2\/users\/1"}],"replies":[{"embeddable":true,"href":"https:\/\/agora.xtec.cat\/ceip-mcinto-verdaguer\/wp-json\/wp\/v2\/comments?post=1723"}],"version-history":[{"count":0,"href":"https:\/\/agora.xtec.cat\/ceip-mcinto-verdaguer\/wp-json\/wp\/v2\/pages\/1723\/revisions"}],"up":[{"embeddable":true,"href":"https:\/\/agora.xtec.cat\/ceip-mcinto-verdaguer\/wp-json\/wp\/v2\/pages\/1673"}],"wp:attachment":[{"href":"https:\/\/agora.xtec.cat\/ceip-mcinto-verdaguer\/wp-json\/wp\/v2\/media?parent=1723"}],"curies":[{"name":"wp","href":"https:\/\/api.w.org\/{rel}","templated":true}]}}