{"id":1710,"date":"2016-04-27T08:23:31","date_gmt":"2016-04-27T07:23:31","guid":{"rendered":"http:\/\/agora.xtec.cat\/ceip-mcinto-verdaguer\/intraweb\/les-nostres-fotos\/"},"modified":"2016-04-27T08:23:31","modified_gmt":"2016-04-27T07:23:31","slug":"les-nostres-fotos","status":"publish","type":"page","link":"https:\/\/agora.xtec.cat\/ceip-mcinto-verdaguer\/intraweb\/les-nostres-fotos\/","title":{"rendered":"Les nostres fotos"},"content":{"rendered":"<div align=\"center\">\n<p><font size=\"4\"><strong style=\"color: #3d3fff;\">LA NOSTRA GALERIA FOTOGR\u00c0FICA<\/strong><\/font><\/p>\n<p style=\"text-align: left;\"><a target=\"_blank\" href=\"https:\/\/picasaweb.google.com\/115450588754531661035\/CantadaDeNadales?authuser=0&amp;authkey=Gv1sRgCNeE7ta6tZWIbw&amp;feat=directlink\">Concert de Nadal<\/a> Desembre 2014 <span style=\"background-color: #ffff00;\">NOU!<\/span><\/p>\n<p style=\"text-align: left;\"><a target=\"_blank\" href=\"https:\/\/picasaweb.google.com\/115450588754531661035\/Pastorets?authuser=0&amp;authkey=Gv1sRgCPLBw8KpptCu4wE&amp;feat=directlink\">Pastorets<\/a> Desembre 2014 Alumnes de 3r<span style=\"background-color: #ffff00;\"><\/span> <span style=\"background-color: #ffff00;\">NOU!<\/span><\/p>\n<p style=\"text-align: left;\"><a target=\"_blank\" href=\"https:\/\/picasaweb.google.com\/115450588754531661035\/P4AlCOSMOCAIXADesembre2014?authuser=0&amp;authkey=Gv1sRgCPuS6PbwzZeQDA&amp;feat=directlink\">P4 al COSMOCAIXA<\/a> Desembre 2014 Alumnes de P4 <span style=\"background-color: #ffff00;\">NOU!<\/span><\/p>\n<div align=\"left\">\n<div align=\"center\">\n<p style=\"text-align: left;\"><a target=\"_blank\" href=\"https:\/\/picasaweb.google.com\/115450588754531661035\/SortidaCollbato?authuser=0&amp;authkey=Gv1sRgCKn9uaDAzeX7BQ&amp;feat=directlink\">Sortida a Collbat\u00f3<\/a> Novembre 2014 Alumnes de 6\u00e8<\/p>\n<div align=\"left\">\n<div align=\"center\">\n<p align=\"left\"><a target=\"_blank\" href=\"https:\/\/picasaweb.google.com\/115450588754531661035\/Colonies6e?authuser=0&amp;authkey=Gv1sRgCMS9mO6R096OYQ&amp;feat=directlink\">Col\u00f2nies<\/a> Novembre 2014 Alumnes de 6\u00e8&nbsp;&nbsp;<\/p>\n<p align=\"left\"><a target=\"_blank\" href=\"https:\/\/picasaweb.google.com\/116836025299845278856\/P4ACollserola191114?authuser=0&amp;authkey=Gv1sRgCKvG3szr-NPMHw&amp;feat=directlink\">Sortida a Collserola<\/a> Novembre 2014 Alumnes de P4 &nbsp;<\/p>\n<p align=\"left\"><a target=\"_blank\" href=\"https:\/\/picasaweb.google.com\/115450588754531661035\/MinesDeGava?authuser=0&amp;authkey=Gv1sRgCOTZnar456y_jAE&amp;feat=directlink\">Mines de Gav\u00e0<\/a> Novembre 2014 Alumnes de 5\u00e8 &nbsp;<\/p>\n<p align=\"left\"><a target=\"_blank\" href=\"https:\/\/picasaweb.google.com\/115450588754531661035\/Castanyada?authuser=0&amp;authkey=Gv1sRgCOT50Yun7fnmUA&amp;feat=directlink\">Castanyada<\/a> Octubre 2014 Comunitat educativa &nbsp;<\/p>\n<p align=\"left\"><a target=\"_blank\" href=\"https:\/\/picasaweb.google.com\/115450588754531661035\/VisitaAlMNAC?authuser=0&amp;authkey=Gv1sRgCLvn6pi-kJL2jwE&amp;feat=directlink\">Visita al MNAC<\/a> Setembre 2014 Alumnes de 2n&nbsp;<\/p>\n<p align=\"left\"><a href=\"\/ceip-mcinto-verdaguer\/intranet\/index.php?module=contingut&amp;&lt;span%20id=\">Fotos curs 2013-2014<\/a><\/p>\n<p align=\"left\"><a href=\"\/ceip-mcinto-verdaguer\/intranet\/index.php?module=contingut&amp;func=view&amp;pid=16\" target=\"_blank\">Fotos curs 2012-2013<\/a> <\/p>\n<p align=\"left\"><a target=\"_blank\" href=\"\/ceip-mcinto-verdaguer\/intranet\/index.php?module=contingut&amp;func=view&amp;pid=14\">Fotos curs 2011-2012<\/a><\/p>\n<p align=\"left\"><a href=\"\/ceip-mcinto-verdaguer\/intranet\/index.php?module=contingut&amp;func=view&amp;pid=9\" target=\"_blank\">Fotos curs 2010-2011<\/a><\/p>\n<p align=\"left\"><a href=\"\/ceip-mcinto-verdaguer\/intranet\/index.php?module=contingut&amp;func=view&amp;pid=1\" target=\"_blank\">Fotos curs 2009-2010<\/a><\/p>\n<p align=\"left\"><a href=\"https:\/\/picasaweb.google.com\/116836025299845278856\/Curs200809?authuser=0&amp;authkey=Gv1sRgCLe4iKfV9f2JvQE&amp;feat=directlink\" target=\"_blank\">Fotos curs 2008-2009<\/a><br \/><span style=\"background-color: #ffff00;\"><\/span><\/p>\n<p align=\"left\">\n<\/p><\/div>\n<p><strong><strong> <\/p>\n<ul> <\/ul>\n<p><\/strong><\/strong>\n        <\/div>\n<p><strong><strong> <\/strong> <\/strong>\n      <\/div>\n<p><strong><strong><strong><strong><strong><strong><strong><strong><strong><strong> <\/strong> <\/strong> <\/strong> <\/strong><\/strong><\/strong><\/strong><\/strong><\/strong><\/strong> <strong><strong> <\/strong><\/strong>\n    <\/div>\n<\/p><\/div>\n<p><\/p>\n","protected":false},"excerpt":{"rendered":"<p>LA NOSTRA GALERIA FOTOGR\u00c0FICA Concert de Nadal Desembre 2014 NOU! Pastorets Desembre 2014 Alumnes de 3r NOU! P4 al COSMOCAIXA Desembre 2014 Alumnes de P4 NOU! Sortida a Collbat\u00f3 Novembre 2014 Alumnes de 6\u00e8 Col\u00f2nies Novembre 2014 Alumnes de 6\u00e8&nbsp;&nbsp; Sortida a Collserola Novembre 2014 Alumnes de P4 &nbsp; Mines de Gav\u00e0 Novembre 2014 Alumnes [&hellip;]<\/p>\n","protected":false},"author":3,"featured_media":0,"parent":1673,"menu_order":0,"comment_status":"open","ping_status":"open","template":"page-templates\/side-menu.php","meta":{"_bbp_topic_count":0,"_bbp_reply_count":0,"_bbp_total_topic_count":0,"_bbp_total_reply_count":0,"_bbp_voice_count":0,"_bbp_anonymous_reply_count":0,"_bbp_topic_count_hidden":0,"_bbp_reply_count_hidden":0,"_bbp_forum_subforum_count":0,"site-sidebar-layout":"default","site-content-layout":"","ast-site-content-layout":"","site-content-style":"default","site-sidebar-style":"default","ast-global-header-display":"","ast-banner-title-visibility":"","ast-main-header-display":"","ast-hfb-above-header-display":"","ast-hfb-below-header-display":"","ast-hfb-mobile-header-display":"","site-post-title":"","ast-breadcrumbs-content":"","ast-featured-img":"","footer-sml-layout":"","theme-transparent-header-meta":"","adv-header-id-meta":"","stick-header-meta":"","header-above-stick-meta":"","header-main-stick-meta":"","header-below-stick-meta":"","astra-migrate-meta-layouts":"default","ast-page-background-enabled":"default","ast-page-background-meta":{"desktop":{"background-color":"var(--ast-global-color-4)","background-image":"","background-repeat":"repeat","background-position":"center center","background-size":"auto","background-attachment":"scroll","background-type":"","background-media":"","overlay-type":"","overlay-color":"","overlay-opacity":"","overlay-gradient":""},"tablet":{"background-color":"","background-image":"","background-repeat":"repeat","background-position":"center center","background-size":"auto","background-attachment":"scroll","background-type":"","background-media":"","overlay-type":"","overlay-color":"","overlay-opacity":"","overlay-gradient":""},"mobile":{"background-color":"","background-image":"","background-repeat":"repeat","background-position":"center center","background-size":"auto","background-attachment":"scroll","background-type":"","background-media":"","overlay-type":"","overlay-color":"","overlay-opacity":"","overlay-gradient":""}},"ast-content-background-meta":{"desktop":{"background-color":"var(--ast-global-color-5)","background-image":"","background-repeat":"repeat","background-position":"center center","background-size":"auto","background-attachment":"scroll","background-type":"","background-media":"","overlay-type":"","overlay-color":"","overlay-opacity":"","overlay-gradient":""},"tablet":{"background-color":"var(--ast-global-color-5)","background-image":"","background-repeat":"repeat","background-position":"center center","background-size":"auto","background-attachment":"scroll","background-type":"","background-media":"","overlay-type":"","overlay-color":"","overlay-opacity":"","overlay-gradient":""},"mobile":{"background-color":"var(--ast-global-color-5)","background-image":"","background-repeat":"repeat","background-position":"center center","background-size":"auto","background-attachment":"scroll","background-type":"","background-media":"","overlay-type":"","overlay-color":"","overlay-opacity":"","overlay-gradient":""}},"footnotes":""},"class_list":["post-1710","page","type-page","status-publish","hentry"],"post_mailing_queue_ids":[],"_links":{"self":[{"href":"https:\/\/agora.xtec.cat\/ceip-mcinto-verdaguer\/wp-json\/wp\/v2\/pages\/1710","targetHints":{"allow":["GET"]}}],"collection":[{"href":"https:\/\/agora.xtec.cat\/ceip-mcinto-verdaguer\/wp-json\/wp\/v2\/pages"}],"about":[{"href":"https:\/\/agora.xtec.cat\/ceip-mcinto-verdaguer\/wp-json\/wp\/v2\/types\/page"}],"author":[{"embeddable":true,"href":"https:\/\/agora.xtec.cat\/ceip-mcinto-verdaguer\/wp-json\/wp\/v2\/users\/3"}],"replies":[{"embeddable":true,"href":"https:\/\/agora.xtec.cat\/ceip-mcinto-verdaguer\/wp-json\/wp\/v2\/comments?post=1710"}],"version-history":[{"count":0,"href":"https:\/\/agora.xtec.cat\/ceip-mcinto-verdaguer\/wp-json\/wp\/v2\/pages\/1710\/revisions"}],"up":[{"embeddable":true,"href":"https:\/\/agora.xtec.cat\/ceip-mcinto-verdaguer\/wp-json\/wp\/v2\/pages\/1673"}],"wp:attachment":[{"href":"https:\/\/agora.xtec.cat\/ceip-mcinto-verdaguer\/wp-json\/wp\/v2\/media?parent=1710"}],"curies":[{"name":"wp","href":"https:\/\/api.w.org\/{rel}","templated":true}]}}