{"id":1705,"date":"2016-04-27T08:23:25","date_gmt":"2016-04-27T07:23:25","guid":{"rendered":"http:\/\/agora.xtec.cat\/ceip-mcinto-verdaguer\/intraweb\/concurs-unesco-2007-08\/"},"modified":"2016-04-27T08:23:25","modified_gmt":"2016-04-27T07:23:25","slug":"concurs-unesco-2007-08","status":"publish","type":"page","link":"https:\/\/agora.xtec.cat\/ceip-mcinto-verdaguer\/intraweb\/concurs-unesco-2007-08\/","title":{"rendered":"Concurs Unesco 2007-08"},"content":{"rendered":"<p class=\"MsoBodyTextIndent\" style=\"margin-left: 0cm;\" align=\"center\"><img decoding=\"async\" style=\"width: 488px; height: 367px;\" alt=\"Carlos Zaragoza\" <img decoding=\"async\" src=\"http:\/\/agora.xtec.cat\/ceip-mcinto-verdaguer\/wp-content\/uploads\/usu657\/2016\/04\/carloszaragoza.jpg\" vspace=\"10\" hspace=\"10\" \/>\n<\/p>\n<p class=\"MsoBodyTextIndent\" style=\"margin-left: 0cm;\"><font face=\"tahoma,arial,helvetica,sans-serif\" size=\"3\"><span style=\"font-size: 11pt;\" lang=\"CA\">Divendres 6 de juny va tenir lloc l\u2019acte de lliurament de premis del IV Certamen Literari&nbsp; Escolar en Lleng\u00fces d\u2019Origen, organitzat pels Amics de la Unesco de Barcelona.<\/span><\/font><br \/>\n  \n<\/p>\n<p><font face=\"tahoma,arial,helvetica,sans-serif\" size=\"3\"><span style=\"font-size: 11pt;\" lang=\"CA\">La festa anomenada <em>diada de la Pau<\/em>, ha estat el lloc de trobada de totes les persones que hem participat en activitats orientades a aconseguir la Pau i fomentar el di\u00e0leg entre tots.<\/span> <\/font>\n<\/p>\n<p><font face=\"tahoma,arial,helvetica,sans-serif\" size=\"3\"><span style=\"font-size: 11pt;\" lang=\"CA\">L&#8217;alumne Carlos Zaragoza, de 4t, ha estat guardonat amb el Primer Premi de la Categoria B (Cicle Mitj\u00e0 de Prim\u00e0ria) pel seu conte <em>\u201cLa creaci\u00f3 del Poble Sec\u201d. <\/em><\/span><\/font>\n<\/p>\n<p><font face=\"tahoma,arial,helvetica,sans-serif\" size=\"3\"><span style=\"font-size: 11pt;\" lang=\"CA\"><em><\/em>Moltes felicitats, Carlos, pel teu premi.<\/span><\/font>\n<\/p>\n<p>&nbsp;\n<\/p>\n<p>&nbsp;\n<\/p>\n<p style=\"color: rgb(0, 0, 0);\" align=\"center\">&nbsp;<strong style=\"color: rgb(255, 61, 61);\"><strong><em>LA CREACI\u00d3 DEL POBLE SEC<\/em><\/strong><\/strong>\n<\/p>\n<p>&nbsp;\n<\/p>\n<p style=\"color: rgb(0, 0, 0);\" align=\"left\">Hi havia una vegada un noi que es deia Joan que anava passejant pel carrer. Un dia va veure un lloc deshabitat on hi havia molta aigua. Es va proclamar rei del lloc deshabitat per\u00f2 es sentia sol i va tenir una idea:\n<\/p>\n<p style=\"color: rgb(0, 0, 0);\" align=\"left\">-Anir\u00e9 a buscar gent perqu\u00e8 visqui aqu\u00ed al meu poble- va pensar en Joan-.\n<\/p>\n<p style=\"color: rgb(0, 0, 0);\" align=\"left\">Va viatjar molt. I camina que caminar\u00e0s, navega que navegar\u00e0s, vola que volar\u00e0s, va trobar molta gent: d&#8217;Argentina, de Paraguai, del Marroc, de Madrid, de Sevilla, de R\u00fassia, de la&nbsp;Xina&#8230; I va fer un poble. Per\u00f2 un dia es va assecar de tanta gent que hi havia. I&#8230; tampoc tenia nom, el poble. En Joan va decidir que com estava mig sec, s&#8217;anomenaria Poble Sec!\n<\/p>\n<p style=\"color: rgb(0, 0, 0);\" align=\"left\">Una noia que es deia Noelia va dir que aniria a buscar aigua. Va viatjar i viatjar fins que va trobar una font, per\u00f2 hi havia una bruixa, a la font!\n<\/p>\n<p style=\"color: rgb(0, 0, 0);\" align=\"left\">La bruixa li va dir:\n<\/p>\n<p style=\"color: rgb(0, 0, 0);\" align=\"left\">-Et donar\u00e9 aigua si tu em d\u00f3nes la teva bellesa.\n<\/p>\n<p style=\"color: rgb(0, 0, 0);\" align=\"left\">La Noelia s&#8217;ho va pensar: Ho he de fer pel meu poble. I&#8230;\n<\/p>\n<p style=\"color: rgb(0, 0, 0);\" align=\"left\">-Abracadabra, pota de cabra, valum, valum, valum que la Noelia sigui lletja i jo maca! -va dir la bruixa-.\n<\/p>\n<p style=\"color: rgb(0, 0, 0);\" align=\"left\">Llavors la Noelia es va transformar en lletja i la bruixa en maca. La bruixa li va donar aigua i no es va acabar mai.\n<\/p>\n<p style=\"color: rgb(0, 0, 0);\" align=\"left\">I&nbsp;vet aqu\u00ed un gos, vet aqu\u00ed un gat que aquest conte s&#8217;ha acabat.\n<\/p>\n<p align=\"center\">\n<p><\/p>\n","protected":false},"excerpt":{"rendered":"","protected":false},"author":3,"featured_media":0,"parent":1673,"menu_order":0,"comment_status":"open","ping_status":"open","template":"page-templates\/side-menu.php","meta":{"_bbp_topic_count":0,"_bbp_reply_count":0,"_bbp_total_topic_count":0,"_bbp_total_reply_count":0,"_bbp_voice_count":0,"_bbp_anonymous_reply_count":0,"_bbp_topic_count_hidden":0,"_bbp_reply_count_hidden":0,"_bbp_forum_subforum_count":0,"site-sidebar-layout":"default","site-content-layout":"","ast-site-content-layout":"","site-content-style":"default","site-sidebar-style":"default","ast-global-header-display":"","ast-banner-title-visibility":"","ast-main-header-display":"","ast-hfb-above-header-display":"","ast-hfb-below-header-display":"","ast-hfb-mobile-header-display":"","site-post-title":"","ast-breadcrumbs-content":"","ast-featured-img":"","footer-sml-layout":"","theme-transparent-header-meta":"","adv-header-id-meta":"","stick-header-meta":"","header-above-stick-meta":"","header-main-stick-meta":"","header-below-stick-meta":"","astra-migrate-meta-layouts":"default","ast-page-background-enabled":"default","ast-page-background-meta":{"desktop":{"background-color":"var(--ast-global-color-4)","background-image":"","background-repeat":"repeat","background-position":"center center","background-size":"auto","background-attachment":"scroll","background-type":"","background-media":"","overlay-type":"","overlay-color":"","overlay-opacity":"","overlay-gradient":""},"tablet":{"background-color":"","background-image":"","background-repeat":"repeat","background-position":"center center","background-size":"auto","background-attachment":"scroll","background-type":"","background-media":"","overlay-type":"","overlay-color":"","overlay-opacity":"","overlay-gradient":""},"mobile":{"background-color":"","background-image":"","background-repeat":"repeat","background-position":"center center","background-size":"auto","background-attachment":"scroll","background-type":"","background-media":"","overlay-type":"","overlay-color":"","overlay-opacity":"","overlay-gradient":""}},"ast-content-background-meta":{"desktop":{"background-color":"var(--ast-global-color-5)","background-image":"","background-repeat":"repeat","background-position":"center center","background-size":"auto","background-attachment":"scroll","background-type":"","background-media":"","overlay-type":"","overlay-color":"","overlay-opacity":"","overlay-gradient":""},"tablet":{"background-color":"var(--ast-global-color-5)","background-image":"","background-repeat":"repeat","background-position":"center center","background-size":"auto","background-attachment":"scroll","background-type":"","background-media":"","overlay-type":"","overlay-color":"","overlay-opacity":"","overlay-gradient":""},"mobile":{"background-color":"var(--ast-global-color-5)","background-image":"","background-repeat":"repeat","background-position":"center center","background-size":"auto","background-attachment":"scroll","background-type":"","background-media":"","overlay-type":"","overlay-color":"","overlay-opacity":"","overlay-gradient":""}},"footnotes":""},"class_list":["post-1705","page","type-page","status-publish","hentry"],"post_mailing_queue_ids":[],"_links":{"self":[{"href":"https:\/\/agora.xtec.cat\/ceip-mcinto-verdaguer\/wp-json\/wp\/v2\/pages\/1705","targetHints":{"allow":["GET"]}}],"collection":[{"href":"https:\/\/agora.xtec.cat\/ceip-mcinto-verdaguer\/wp-json\/wp\/v2\/pages"}],"about":[{"href":"https:\/\/agora.xtec.cat\/ceip-mcinto-verdaguer\/wp-json\/wp\/v2\/types\/page"}],"author":[{"embeddable":true,"href":"https:\/\/agora.xtec.cat\/ceip-mcinto-verdaguer\/wp-json\/wp\/v2\/users\/3"}],"replies":[{"embeddable":true,"href":"https:\/\/agora.xtec.cat\/ceip-mcinto-verdaguer\/wp-json\/wp\/v2\/comments?post=1705"}],"version-history":[{"count":0,"href":"https:\/\/agora.xtec.cat\/ceip-mcinto-verdaguer\/wp-json\/wp\/v2\/pages\/1705\/revisions"}],"up":[{"embeddable":true,"href":"https:\/\/agora.xtec.cat\/ceip-mcinto-verdaguer\/wp-json\/wp\/v2\/pages\/1673"}],"wp:attachment":[{"href":"https:\/\/agora.xtec.cat\/ceip-mcinto-verdaguer\/wp-json\/wp\/v2\/media?parent=1705"}],"curies":[{"name":"wp","href":"https:\/\/api.w.org\/{rel}","templated":true}]}}