{"id":1695,"date":"2016-04-27T08:22:34","date_gmt":"2016-04-27T07:22:34","guid":{"rendered":"http:\/\/agora.xtec.cat\/ceip-mcinto-verdaguer\/intraweb\/equip-huma\/"},"modified":"2016-04-27T08:22:34","modified_gmt":"2016-04-27T07:22:34","slug":"equip-huma","status":"publish","type":"page","link":"https:\/\/agora.xtec.cat\/ceip-mcinto-verdaguer\/intraweb\/equip-huma\/","title":{"rendered":"Equip hum\u00e0"},"content":{"rendered":"<div align=\"center\"><font size=\"4\"><font face=\"arial,helvetica,sans-serif\"><font size=\"3\"><font size=\"4\"><strong>EQUIP HUM\u00c0 <\/strong><\/font><\/font><\/font><\/font> <br \/><font size=\"4\"><font face=\"arial,helvetica,sans-serif\"><font size=\"3\"><font size=\"4\"><strong>CURS 2014-2015<\/strong><\/font><\/font><\/font><\/font> <\/div>\n<ul>\n<li><font size=\"4\"><font face=\"arial,helvetica,sans-serif\"><font size=\"3\"><font size=\"4\"><strong>Equip docent <\/strong><\/font><\/font><\/font><\/font><\/li>\n<\/ul>\n<blockquote>\n<ul>\n<li><font size=\"4\"><font face=\"arial,helvetica,sans-serif\"><font size=\"3\"><strong>Equip directiu<\/strong><\/font><\/font><\/font><\/li>\n<\/ul>\n<table width=\"767\" height=\"143\" cellspacing=\"1\" cellpadding=\"1\" border=\"1\" style=\"display: table;\" class=\" htmtableborders\">\n<tbody>\n<tr>\n<td><\/td>\n<td><\/td>\n<td> <strong><font size=\"4\"><font face=\"arial,helvetica,sans-serif\"><font size=\"3\">Horari d\u2019atenci\u00f3 a les fam\u00edlies <\/font><\/font><\/font><\/strong><\/td>\n<\/tr>\n<tr>\n<td> <font size=\"4\"><font face=\"arial,helvetica,sans-serif\"><font size=\"3\">Directora<br \/>\n      <br \/><\/font><\/font><\/font><\/td>\n<td> <font size=\"4\"><font face=\"arial,helvetica,sans-serif\"><font size=\"3\">N\u00faria Lacasa<\/font><\/font><\/font><\/td>\n<td> <font size=\"4\"><font face=\"arial,helvetica,sans-serif\"><font size=\"3\">Dilluns, dimarts, dimecres &nbsp;i divendres de 8,30 a 9,30 h<br \/>\n<br \/><\/font><\/font><\/font><\/td>\n<\/tr>\n<tr>\n<td> <font size=\"4\"><font face=\"arial,helvetica,sans-serif\"><font size=\"3\">Cap d\u2019estudis<\/font><\/font><\/font><\/td>\n<td><font size=\"4\"><font face=\"arial,helvetica,sans-serif\"><font size=\"3\">Bego\u00f1a Sanabria<br \/>\n      <br \/><\/font><\/font><\/font><\/td>\n<td> <font size=\"4\"><font face=\"arial,helvetica,sans-serif\"><font size=\"3\">Dilluns de 8,30 a 9,30 h <\/font><\/font><\/font><\/td>\n<\/tr>\n<tr>\n<td> <font size=\"4\"><font face=\"arial,helvetica,sans-serif\"><font size=\"3\">Secret\u00e0ria <\/font><\/font><\/font><\/td>\n<td><font size=\"4\"><font face=\"arial,helvetica,sans-serif\"><font size=\"3\">M. Pau Navarro&nbsp; <br \/><\/font><\/font><\/font><\/td>\n<td><font size=\"4\"><font face=\"arial,helvetica,sans-serif\"><font size=\"3\">Dimecres de 8,30 a 9,30 h<\/font><\/font><\/font><\/td>\n<\/tr>\n<\/tbody>\n<\/table>\n<p> \n  <\/p><\/blockquote>\n<blockquote>\n<ul>\n<li><font size=\"4\"><font face=\"arial,helvetica,sans-serif\"><font size=\"3\"> <strong>Tutors\/es <\/strong><\/font><\/font><\/font><\/li>\n<\/ul>\n<div align=\"center\"> <\/div>\n<\/p>\n<table width=\"763\" height=\"489\" cellspacing=\"1\" cellpadding=\"1\" border=\"1\">\n<tbody>\n<tr>\n<td align=\"center\"><strong> <font size=\"4\"><font face=\"arial,helvetica,sans-serif\"><font size=\"3\">Curs<\/font><\/font><\/font><\/strong><\/td>\n<td align=\"center\"><strong> <font size=\"4\"><font face=\"arial,helvetica,sans-serif\"><font size=\"3\"> Tutor\/a <\/font><\/font><\/font><\/strong><\/td>\n<td align=\"center\"><strong> <font size=\"4\"><font face=\"arial,helvetica,sans-serif\"><font size=\"3\">Horari d\u2019entrevistes <\/font><\/font><\/font><\/strong><\/td>\n<\/tr>\n<tr>\n<td><font size=\"4\"><font face=\"arial,helvetica,sans-serif\"><font size=\"3\"> <\/font><\/font><\/font><font size=\"4\"><font face=\"arial,helvetica,sans-serif\"><font size=\"3\">P3A<\/font><\/font><\/font><\/td>\n<td><font face=\"arial, helvetica, sans-serif\"><font size=\"3\">Merc\u00e8 Bautista<\/font><\/font><\/td>\n<td> <font size=\"4\"><font face=\"arial,helvetica,sans-serif\"><font size=\"3\">Dimecres de 12,30 a 13,30 h.<br \/>\n      <br \/><\/font><\/font><\/font><\/td>\n<\/tr>\n<tr>\n<td> <font size=\"4\"><font face=\"arial,helvetica,sans-serif\"><font size=\"3\">P3B<\/font><\/font><\/font><\/td>\n<td> <font size=\"4\"><font face=\"arial,helvetica,sans-serif\"><font size=\"3\">M. Teresa Sanz<br \/><\/font><\/font><\/font><\/td>\n<td> <font size=\"4\"><font face=\"arial,helvetica,sans-serif\"><font size=\"3\">Dimecres de 12,30 a 13,30 h.<\/font><\/font><\/font><\/td>\n<\/tr>\n<tr>\n<td> <font size=\"4\"><font face=\"arial,helvetica,sans-serif\"><font size=\"3\">P4A <\/font><\/font><\/font><\/td>\n<td><font face=\"arial, helvetica, sans-serif\"><font size=\"3\">Nat\u00e0lia Juan \/ Maribel Hern\u00e1ndez<\/font><\/font><\/td>\n<td> <font size=\"4\"><font face=\"arial,helvetica,sans-serif\"><font size=\"3\">Dimecres de 12,30 a 13,30 h. <\/font><\/font><\/font><\/td>\n<\/tr>\n<tr>\n<td><font size=\"4\"><font face=\"arial,helvetica,sans-serif\"><font size=\"3\">&nbsp;P4B<\/font><\/font><\/font><\/td>\n<td> <font size=\"3\"><font face=\"arial,helvetica,sans-serif\">Irene Quinto<\/font><\/font><\/td>\n<td> <font size=\"4\"><font face=\"arial,helvetica,sans-serif\"><font size=\"3\">Dimecres de 12,30 a 13,30 h.<\/font><\/font><\/font><\/td>\n<\/tr>\n<tr>\n<td> <font size=\"4\"><font face=\"arial,helvetica,sans-serif\"><font size=\"3\">P5A<\/font><\/font><\/font><\/td>\n<td><font size=\"4\"><font face=\"arial,helvetica,sans-serif\"><font size=\"3\">Marta Plana\/Fedra Lobeto<br \/><\/font><\/font><\/font><\/td>\n<td> <font size=\"4\"><font face=\"arial,helvetica,sans-serif\"><font size=\"3\">Dimecres de 12.30 a 13,30 h. <\/font><\/font><\/font><\/td>\n<\/tr>\n<tr>\n<td> <font size=\"4\"><font face=\"arial,helvetica,sans-serif\"><font size=\"3\">P5B<\/font><\/font><\/font><\/td>\n<td><font face=\"arial, helvetica, sans-serif\"><font size=\"3\">Cristina Hern\u00e1ndez<br \/><\/font><\/font><\/td>\n<td><font face=\"arial, helvetica, sans-serif\"><font size=\"3\">Dimecres de 12.30 a 13,30 h. <\/font><\/font><\/td>\n<\/tr>\n<tr>\n<td> <font size=\"4\"><font face=\"arial,helvetica,sans-serif\"><font size=\"3\">1rA<\/font><\/font><\/font><\/td>\n<td><span style=\"font-family: arial, helvetica, sans-serif;\"><font size=\"3\">M. Luisa de la Fuente<\/font><\/span><\/td>\n<td> <font size=\"4\"><font face=\"arial,helvetica,sans-serif\"><font size=\"3\">Dimecres de 12,30 a 13,30 h.<\/font><\/font><\/font><\/td>\n<\/tr>\n<tr>\n<td> <font size=\"4\"><font face=\"arial,helvetica,sans-serif\"><font size=\"3\">1rB<\/font><\/font><\/font><\/td>\n<td><font size=\"4\"><font face=\"arial,helvetica,sans-serif\"><font size=\"3\">S\u00edlvia \u00dabeda<br \/><\/font><\/font><\/font><\/td>\n<td> <font size=\"4\"><font face=\"arial,helvetica,sans-serif\"><font size=\"3\">Dimecres de 12,30 a 13,30 h. <\/font><\/font><\/font><\/td>\n<\/tr>\n<tr>\n<td><font size=\"4\"><font face=\"arial,helvetica,sans-serif\"><font size=\"3\"> 2nA<\/font><\/font><\/font><\/td>\n<td><font size=\"4\"><font face=\"arial,helvetica,sans-serif\"><font size=\"3\">Marisa \u00c1lvarez<\/font><\/font><\/font><\/td>\n<td> <font size=\"4\"><font face=\"arial,helvetica,sans-serif\"><font size=\"3\">Dimecres de 12,30 a 13,30 h. <\/font><\/font><\/font><\/td>\n<\/tr>\n<tr>\n<td> <font size=\"4\"><font face=\"arial,helvetica,sans-serif\"><font size=\"3\">2nB<\/font><\/font><\/font><\/td>\n<td><font size=\"4\"><font face=\"arial,helvetica,sans-serif\"><font size=\"3\">Albert Mediavilla<br \/><\/font><\/font><\/font><\/td>\n<td><font size=\"4\"><font face=\"arial,helvetica,sans-serif\"><font size=\"3\">Dimecres de 12,30 a 13,30 h. <\/font><\/font><\/font><\/td>\n<\/tr>\n<tr>\n<td> <font size=\"4\"><font face=\"arial,helvetica,sans-serif\"><font size=\"3\">3rA<\/font><\/font><\/font><\/td>\n<td><font size=\"4\"><font face=\"arial,helvetica,sans-serif\"><font size=\"3\">Rosa Teixid\u00f3<\/font><\/font><\/font><\/td>\n<td> <font size=\"4\"><font face=\"arial,helvetica,sans-serif\"><font size=\"3\">Dimecres de 12,30 a 13,30 h. <\/font><\/font><\/font><\/td>\n<\/tr>\n<tr>\n<td> <font size=\"4\"><font face=\"arial,helvetica,sans-serif\"><font size=\"3\">3rB<\/font><\/font><\/font><\/td>\n<td><font size=\"4\"><font face=\"arial,helvetica,sans-serif\"><font size=\"3\">Maica Mar\u00edn<\/font><\/font><\/font><\/td>\n<td><font face=\"arial, helvetica, sans-serif\"><font size=\"3\">Dimecres de 12,30 a 13,30 h. <\/font><\/font><\/td>\n<\/tr>\n<tr>\n<td> <font size=\"4\"><font face=\"arial,helvetica,sans-serif\"><font size=\"3\">4tA<\/font><\/font><\/font><\/td>\n<td><font size=\"4\"><font face=\"arial,helvetica,sans-serif\"><font size=\"3\">Lourdes Palma<br \/><\/font><\/font><\/font><\/td>\n<td> <font size=\"4\"><font face=\"arial,helvetica,sans-serif\"><font size=\"3\">Dimecres de 12,30 a 13,30 h. <\/font><\/font><\/font><\/td>\n<\/tr>\n<tr>\n<td> <font size=\"4\"><font face=\"arial,helvetica,sans-serif\"><font size=\"3\">4tB<\/font><\/font><\/font><\/td>\n<td><font size=\"4\"><font face=\"arial,helvetica,sans-serif\"><font size=\"3\">Ana Alcaide<\/font><\/font><\/font><\/td>\n<td> <font size=\"4\"><font face=\"arial,helvetica,sans-serif\"><font size=\"3\">Dimecres de 12,30 a 13,30 h. <\/font><\/font><\/font><\/td>\n<\/tr>\n<tr>\n<td> <font size=\"4\"><font face=\"arial,helvetica,sans-serif\"><font size=\"3\">5\u00e8A<\/font><\/font><\/font><\/td>\n<td><font size=\"4\"><font face=\"arial,helvetica,sans-serif\"><font size=\"3\">M. Ant\u00f2nia Novellas<\/font><\/font><\/font><\/td>\n<td> <font size=\"4\"><font face=\"arial,helvetica,sans-serif\"><font size=\"3\">Dimecres de 12,30 a 13,30 h. <\/font><\/font><\/font><\/td>\n<\/tr>\n<tr>\n<td> <font size=\"4\"><font face=\"arial,helvetica,sans-serif\"><font size=\"3\">5\u00e8B<\/font><\/font><\/font><\/td>\n<td><font size=\"4\"><font face=\"arial,helvetica,sans-serif\"><font size=\"3\">Lorena S\u00e1nchez<\/font><\/font><\/font><\/td>\n<td> <font size=\"4\"><font face=\"arial,helvetica,sans-serif\"><font size=\"3\">Dimecres de 12,30 a 13,30 h. <\/font><\/font><\/font><\/td>\n<\/tr>\n<tr>\n<td><font size=\"4\"><font face=\"arial,helvetica,sans-serif\"><font size=\"3\"> 6\u00e8A<\/font><\/font><\/font><\/td>\n<td><font size=\"4\"><font face=\"arial,helvetica,sans-serif\"><font size=\"3\">Paula Reguera<\/font><\/font><\/font><\/td>\n<td> <font size=\"4\"><font face=\"arial,helvetica,sans-serif\"><font size=\"3\">Dimecres de 12,30 a 13,30 h. <\/font><\/font><\/font><\/td>\n<\/tr>\n<tr>\n<td> <font size=\"4\"><font face=\"arial,helvetica,sans-serif\"><font size=\"3\">6\u00e8B<\/font><\/font><\/font><\/td>\n<td><font size=\"4\"><font face=\"arial,helvetica,sans-serif\"><font size=\"3\">Jordi Go\u00f1i<\/font><\/font><\/font><\/td>\n<td> <font size=\"4\"><font face=\"arial,helvetica,sans-serif\"><font size=\"3\">Dimecres de 12,30 a 13,30 h.<\/font><\/font><\/font><\/td>\n<\/tr>\n<\/tbody>\n<\/table>\n<p> \n  <\/p><\/blockquote>\n<blockquote>\n<ul>\n<li><font size=\"4\"><font face=\"arial,helvetica,sans-serif\"><font size=\"3\"> <strong>Professorat no tutor <\/strong><\/font><\/font><\/font><\/li>\n<\/ul>\n<div align=\"center\"> <\/div>\n<ul>\n<table cellspacing=\"1\" cellpadding=\"1\" border=\"1\" style=\"width: 100%;\">\n<tbody>\n<tr>\n<td align=\"left\"> <font size=\"4\"><font face=\"arial,helvetica,sans-serif\"><font size=\"3\">Montserrat Pau<br \/><\/font><\/font><\/font><\/td>\n<td> <font size=\"3\" face=\"arial,helvetica,sans-serif\"><font size=\"3\">Coordinadora Educaci\u00f3 Infantil<\/font><\/font><\/td>\n<td align=\"left\" style=\"text-align: left;\"><span style=\"font-family: arial, helvetica, sans-serif;\"><font size=\"3\">Elisa Torn\u00e9<\/font><\/span><\/td>\n<td style=\"text-align: left;\"><font size=\"3\" face=\"arial,helvetica,sans-serif\">Coordinadora Cicle Mitj\u00e0  <\/font><\/td>\n<\/tr>\n<tr>\n<td align=\"left\"><font size=\"4\"><font face=\"arial,helvetica,sans-serif\"><font size=\"3\">Maite Ponce <\/font><\/font><\/font><\/td>\n<td><font size=\"3\" face=\"arial,helvetica,sans-serif\"><font size=\"3\">Coordinadora Cicle Superior <\/font><\/font><\/td>\n<td align=\"left\" style=\"text-align: left;\"><font face=\"arial, helvetica, sans-serif\"><font size=\"3\">Pep Moneo<\/font><\/font><\/td>\n<td><font size=\"3\" face=\"arial,helvetica,sans-serif\"><font size=\"3\">Coordinador d&#8217;Inform\u00e0tica<\/font><\/font><\/td>\n<\/tr>\n<tr>\n<td align=\"left\"><font size=\"4\"><font face=\"arial,helvetica,sans-serif\"><font size=\"3\">Anna Carta\u00f1\u00e0<\/font><\/font><\/font><\/td>\n<td><font size=\"3\" face=\"arial,helvetica,sans-serif\"><font size=\"3\">Educaci\u00f3 Especial<\/font><\/font><\/td>\n<td align=\"left\"><font size=\"4\"><font face=\"arial,helvetica,sans-serif\"><font size=\"3\">Xavier Benito<\/font><\/font><\/font><\/td>\n<td><font size=\"3\" face=\"arial,helvetica,sans-serif\"><font size=\"3\">Educaci\u00f3 Especial<\/font><\/font><\/td>\n<\/tr>\n<tr>\n<td align=\"left\"><font face=\"arial, helvetica, sans-serif\"><font size=\"3\">M. Pilar Calle<\/font><\/font><\/td>\n<td><font size=\"3\" face=\"arial,helvetica,sans-serif\"><font size=\"3\">Educaci\u00f3 Religiosa  <\/font><\/font><\/td>\n<td align=\"left\" style=\"text-align: left;\"><font face=\"arial, helvetica, sans-serif\"><font size=\"3\">Rosa P\u00e9rez<\/font><\/font><\/td>\n<td><font face=\"arial, helvetica, sans-serif\"><font size=\"3\">Aula d&#8217;Acollida<\/font><\/font><\/td>\n<\/tr>\n<tr>\n<td align=\"left\"><span style=\"font-family: arial, helvetica, sans-serif;\"><font size=\"3\">Cinta Baiges<\/font><\/span><font size=\"3\"> <\/font><\/td>\n<td><font size=\"3\" face=\"arial,helvetica,sans-serif\"><font size=\"3\">Biblioteca  <\/font><\/font><\/td>\n<td align=\"left\" style=\"text-align: left;\"> <font size=\"4\"><font face=\"arial,helvetica,sans-serif\"><font size=\"3\">Llu\u00eds Naval<\/font><\/font><\/font><\/td>\n<td><font size=\"3\" face=\"arial,helvetica,sans-serif\"><font size=\"3\">Educaci\u00f3 F\u00edsica<br \/>\n          <br \/><\/font><\/font><\/td>\n<\/tr>\n<tr>\n<td align=\"left\"><span style=\"font-family: arial, helvetica, sans-serif;\">Carla L\u00f3pez<\/span><\/td>\n<td><font size=\"3\" face=\"arial,helvetica,sans-serif\"><font size=\"3\">Educaci\u00f3 Musical<\/font><\/font><\/td>\n<td align=\"left\"><font size=\"4\"><font face=\"arial,helvetica,sans-serif\"><font size=\"3\">Laura Arnaldo<\/font><\/font><\/font><\/td>\n<td><font size=\"3\" face=\"arial,helvetica,sans-serif\">Llengua anglesa<\/font><\/td>\n<\/tr>\n<tr>\n<td align=\"left\"><font size=\"4\"><font face=\"arial,helvetica,sans-serif\"><font size=\"3\"><br \/><\/font><\/font><\/font><\/td>\n<td><font size=\"3\" face=\"arial,helvetica,sans-serif\"><br \/><\/font><\/td>\n<td align=\"left\"><font size=\"4\"><font face=\"arial,helvetica,sans-serif\"><font size=\"3\"> <\/font><\/font><\/font> <\/td>\n<td><font size=\"3\" face=\"arial,helvetica,sans-serif\"> <br \/><\/font><\/td>\n<\/tr>\n<\/tbody>\n<\/table>\n<\/ul>\n<\/blockquote>\n<blockquote>\n<blockquote><p> <\/p><\/blockquote>\n<\/blockquote>\n<ul>\n<li><font size=\"4\"><strong><font face=\"arial,helvetica,sans-serif\">Personal no docent <\/font><\/strong><\/font><\/li>\n<\/ul>\n<blockquote><p><font size=\"4\"><font face=\"arial,helvetica,sans-serif\"><font size=\"3\"><strong>T\u00e8cnica d\u2019Educaci\u00f3 Infantil:<\/strong> Paula \u00c1lvarez<\/font><\/font><\/font> <font size=\"3\" face=\"arial,helvetica,sans-serif\">de Luna<\/font><br \/><font size=\"4\"><font face=\"arial,helvetica,sans-serif\"><font size=\"3\"> <\/font><\/font><\/font> <br \/><strong><font size=\"3\"><font face=\"arial,helvetica,sans-serif\">Auxiliar Educaci\u00f3 Especial<\/font><\/font><font size=\"3\" face=\"arial,helvetica,sans-serif\">: <\/font><\/strong><font size=\"3\"><font face=\"arial,helvetica,sans-serif\">Eva Rosell<\/font><\/font> <\/p>\n<blockquote>\n<blockquote>\n<blockquote>\n<blockquote>\n<blockquote><p><font size=\"3\" face=\"arial,helvetica,sans-serif\">Mari Carmen Gomis<\/font> <\/p><\/blockquote>\n<\/blockquote>\n<\/blockquote>\n<\/blockquote>\n<\/blockquote>\n<\/blockquote>\n<blockquote><p><font size=\"4\"><font face=\"arial,helvetica,sans-serif\"><font size=\"3\"><strong>Consergeria:<\/strong> Maribel Montserrat<\/font><\/font><\/font> <\/p><\/blockquote>\n<blockquote><p><font size=\"4\"><font face=\"arial,helvetica,sans-serif\"><font size=\"3\"><strong>Secretaria:<\/strong> Laura Ferruz <\/font><\/font><\/font>  <\/p><\/blockquote>\n<blockquote>\n<blockquote><p><font size=\"4\"><font face=\"arial,helvetica,sans-serif\"><font size=\"3\">Horari d\u2019atenci\u00f3 a les fam\u00edlies: <\/font><\/font><\/font>  <\/p><\/blockquote>\n<\/blockquote>\n<blockquote>\n<blockquote><p><font size=\"4\"><font face=\"arial,helvetica,sans-serif\"><font size=\"3\">\u00b7 Mat\u00ed de 8,45 a 11 h. <\/font><\/font><\/font>  <\/p><\/blockquote>\n<\/blockquote>\n<blockquote>\n<blockquote><p><font size=\"4\"><font face=\"arial,helvetica,sans-serif\"><font size=\"3\">&nbsp; En cas que alguna fam\u00edlia no es pugui ajustar a aquest horari, preguem demani hora per tel\u00e8fon preguntant per la Sra. Laura Ferruz.<\/font><\/font><\/font><\/p>\n<\/blockquote>\n<\/blockquote>\n<ul>\n<li><font size=\"4\"><strong><font face=\"arial,helvetica,sans-serif\">Monitores de menjador <\/font><\/strong><\/font><\/li>\n<\/ul>\n<blockquote><p><font size=\"4\"><font face=\"arial,helvetica,sans-serif\"><font size=\"3\">P3- Jasmina Adji<\/font><\/font><\/font><\/p><\/blockquote>\n<blockquote><p><font size=\"4\"><font face=\"arial,helvetica,sans-serif\"><font size=\"3\">P4-Mar\u00eda Jos\u00e9 Bioque Puentes<\/font><\/font><\/font><\/p><\/blockquote>\n<blockquote><p><font size=\"4\"><font face=\"arial,helvetica,sans-serif\"><font size=\"3\">P5- Teresa Alonso Zayas<\/font><\/font><\/font>  <\/p><\/blockquote>\n<blockquote><p><font size=\"4\"><font face=\"arial,helvetica,sans-serif\"><font size=\"3\">1r &#8211; Ana Isabel Ferrer<\/font><\/font><\/font>  <\/p><\/blockquote>\n<blockquote><p><font size=\"4\"><font face=\"arial,helvetica,sans-serif\"><font size=\"3\">2n &#8211; Susana Garc\u00eda Garc\u00eda <\/font><\/font><\/font><\/p><\/blockquote>\n<blockquote><p><font size=\"4\"><font face=\"arial,helvetica,sans-serif\"><font size=\"3\">3r -Pilar Rodr\u00edguez<\/font><\/font><\/font><\/p><\/blockquote>\n<blockquote><p><font size=\"4\"><font face=\"arial,helvetica,sans-serif\"><font size=\"3\">4t &#8211; Eva Rosell Todoli<\/font><\/font><\/font><\/p><\/blockquote>\n<blockquote><p><font size=\"4\"><font face=\"arial,helvetica,sans-serif\"><font size=\"3\">5\u00e8 i 6\u00e8- Gisela S\u00e1nchez Gomis<\/font><\/font><\/font><\/p><\/blockquote>\n<blockquote><p><font size=\"4\"><font face=\"arial,helvetica,sans-serif\"><font size=\"3\">Coordinadora i refor\u00e7 de 5\u00e8 i 6\u00e8- Mar\u00eda Carmen Gomis Gonz\u00e1lez<\/font><\/font><\/font><\/p><\/blockquote>\n<p><\/p>\n","protected":false},"excerpt":{"rendered":"<p>EQUIP HUM\u00c0 CURS 2014-2015 Equip docent Equip directiu Horari d\u2019atenci\u00f3 a les fam\u00edlies Directora N\u00faria Lacasa Dilluns, dimarts, dimecres &nbsp;i divendres de 8,30 a 9,30 h Cap d\u2019estudis Bego\u00f1a Sanabria Dilluns de 8,30 a 9,30 h Secret\u00e0ria M. Pau Navarro&nbsp; Dimecres de 8,30 a 9,30 h Tutors\/es Curs Tutor\/a Horari d\u2019entrevistes P3A Merc\u00e8 Bautista Dimecres [&hellip;]<\/p>\n","protected":false},"author":1,"featured_media":0,"parent":1673,"menu_order":0,"comment_status":"open","ping_status":"open","template":"page-templates\/side-menu.php","meta":{"_bbp_topic_count":0,"_bbp_reply_count":0,"_bbp_total_topic_count":0,"_bbp_total_reply_count":0,"_bbp_voice_count":0,"_bbp_anonymous_reply_count":0,"_bbp_topic_count_hidden":0,"_bbp_reply_count_hidden":0,"_bbp_forum_subforum_count":0,"site-sidebar-layout":"default","site-content-layout":"","ast-site-content-layout":"","site-content-style":"default","site-sidebar-style":"default","ast-global-header-display":"","ast-banner-title-visibility":"","ast-main-header-display":"","ast-hfb-above-header-display":"","ast-hfb-below-header-display":"","ast-hfb-mobile-header-display":"","site-post-title":"","ast-breadcrumbs-content":"","ast-featured-img":"","footer-sml-layout":"","theme-transparent-header-meta":"","adv-header-id-meta":"","stick-header-meta":"","header-above-stick-meta":"","header-main-stick-meta":"","header-below-stick-meta":"","astra-migrate-meta-layouts":"default","ast-page-background-enabled":"default","ast-page-background-meta":{"desktop":{"background-color":"var(--ast-global-color-4)","background-image":"","background-repeat":"repeat","background-position":"center center","background-size":"auto","background-attachment":"scroll","background-type":"","background-media":"","overlay-type":"","overlay-color":"","overlay-opacity":"","overlay-gradient":""},"tablet":{"background-color":"","background-image":"","background-repeat":"repeat","background-position":"center center","background-size":"auto","background-attachment":"scroll","background-type":"","background-media":"","overlay-type":"","overlay-color":"","overlay-opacity":"","overlay-gradient":""},"mobile":{"background-color":"","background-image":"","background-repeat":"repeat","background-position":"center center","background-size":"auto","background-attachment":"scroll","background-type":"","background-media":"","overlay-type":"","overlay-color":"","overlay-opacity":"","overlay-gradient":""}},"ast-content-background-meta":{"desktop":{"background-color":"var(--ast-global-color-5)","background-image":"","background-repeat":"repeat","background-position":"center center","background-size":"auto","background-attachment":"scroll","background-type":"","background-media":"","overlay-type":"","overlay-color":"","overlay-opacity":"","overlay-gradient":""},"tablet":{"background-color":"var(--ast-global-color-5)","background-image":"","background-repeat":"repeat","background-position":"center center","background-size":"auto","background-attachment":"scroll","background-type":"","background-media":"","overlay-type":"","overlay-color":"","overlay-opacity":"","overlay-gradient":""},"mobile":{"background-color":"var(--ast-global-color-5)","background-image":"","background-repeat":"repeat","background-position":"center center","background-size":"auto","background-attachment":"scroll","background-type":"","background-media":"","overlay-type":"","overlay-color":"","overlay-opacity":"","overlay-gradient":""}},"footnotes":""},"class_list":["post-1695","page","type-page","status-publish","hentry"],"post_mailing_queue_ids":[],"_links":{"self":[{"href":"https:\/\/agora.xtec.cat\/ceip-mcinto-verdaguer\/wp-json\/wp\/v2\/pages\/1695","targetHints":{"allow":["GET"]}}],"collection":[{"href":"https:\/\/agora.xtec.cat\/ceip-mcinto-verdaguer\/wp-json\/wp\/v2\/pages"}],"about":[{"href":"https:\/\/agora.xtec.cat\/ceip-mcinto-verdaguer\/wp-json\/wp\/v2\/types\/page"}],"author":[{"embeddable":true,"href":"https:\/\/agora.xtec.cat\/ceip-mcinto-verdaguer\/wp-json\/wp\/v2\/users\/1"}],"replies":[{"embeddable":true,"href":"https:\/\/agora.xtec.cat\/ceip-mcinto-verdaguer\/wp-json\/wp\/v2\/comments?post=1695"}],"version-history":[{"count":0,"href":"https:\/\/agora.xtec.cat\/ceip-mcinto-verdaguer\/wp-json\/wp\/v2\/pages\/1695\/revisions"}],"up":[{"embeddable":true,"href":"https:\/\/agora.xtec.cat\/ceip-mcinto-verdaguer\/wp-json\/wp\/v2\/pages\/1673"}],"wp:attachment":[{"href":"https:\/\/agora.xtec.cat\/ceip-mcinto-verdaguer\/wp-json\/wp\/v2\/media?parent=1695"}],"curies":[{"name":"wp","href":"https:\/\/api.w.org\/{rel}","templated":true}]}}