{"id":1693,"date":"2016-04-27T08:22:34","date_gmt":"2016-04-27T07:22:34","guid":{"rendered":"http:\/\/agora.xtec.cat\/ceip-mcinto-verdaguer\/intraweb\/activitats-extraescolars\/"},"modified":"2016-04-27T08:22:34","modified_gmt":"2016-04-27T07:22:34","slug":"activitats-extraescolars","status":"publish","type":"page","link":"https:\/\/agora.xtec.cat\/ceip-mcinto-verdaguer\/intraweb\/activitats-extraescolars\/","title":{"rendered":"Activitats extraescolars"},"content":{"rendered":"<div style=\"text-align: center; \"><font face=\"arial, helvetica, sans-serif\"><strong>CURS 2011-12<\/strong><\/font><\/div>\n<p>&nbsp;<\/p>\n<\/p>\n<p align=\"center\" style=\"text-align: left; \"><font face=\"arial, helvetica, sans-serif\">Properament l&#8217;AMPA convocar\u00e0 totes les fam\u00edlies a una reuni\u00f3 per informar de les activitats programades per al present curs i els seus horaris.<\/font><\/p>\n<p><font face=\"arial, helvetica, sans-serif\">Les activitats &nbsp;que s&#8217;oferiran durant el curs escolar 2011-12 s\u00f3n les seg\u00fcents:<\/font><\/p>\n<\/p>\n<ul>\n<li><font face=\"arial, helvetica, sans-serif\">Activitats esportives.<\/font><\/li>\n<\/ul>\n<blockquote class=\"webkit-indent-blockquote\" style=\"margin-top: 0px; margin-right: 0px; margin-bottom: 0px; margin-left: 40px; border-top-style: none; border-right-style: none; border-bottom-style: none; border-left-style: none; border-width: initial; border-color: initial; padding-top: 0px; padding-right: 0px; padding-bottom: 0px; padding-left: 0px; \">\n<p> <font face=\"arial, helvetica, sans-serif\">Preu: 12 \u20ac no socis de l&#8217;AMPA<\/font><\/p>\n<\/p>\n<\/blockquote>\n<blockquote class=\"webkit-indent-blockquote\" style=\"margin-top: 0px; margin-right: 0px; margin-bottom: 0px; margin-left: 40px; border-top-style: none; border-right-style: none; border-bottom-style: none; border-left-style: none; border-width: initial; border-color: initial; padding-top: 0px; padding-right: 0px; padding-bottom: 0px; padding-left: 0px; \">\n<blockquote class=\"webkit-indent-blockquote\" style=\"margin-top: 0px; margin-right: 0px; margin-bottom: 0px; margin-left: 40px; border-top-style: none; border-right-style: none; border-bottom-style: none; border-left-style: none; border-width: initial; border-color: initial; padding-top: 0px; padding-right: 0px; padding-bottom: 0px; padding-left: 0px; \">\n<p> <font face=\"arial, helvetica, sans-serif\">10 \u20ac socis de l&#8217;AMPA<\/font><\/p>\n<\/p>\n<\/blockquote>\n<\/blockquote>\n<blockquote class=\"webkit-indent-blockquote\" style=\"margin-top: 0px; margin-right: 0px; margin-bottom: 0px; margin-left: 40px; border-top-style: none; border-right-style: none; border-bottom-style: none; border-left-style: none; border-width: initial; border-color: initial; padding-top: 0px; padding-right: 0px; padding-bottom: 0px; padding-left: 0px; \">\n<blockquote class=\"webkit-indent-blockquote\" style=\"margin-top: 0px; margin-right: 0px; margin-bottom: 0px; margin-left: 40px; border-top-style: none; border-right-style: none; border-bottom-style: none; border-left-style: none; border-width: initial; border-color: initial; padding-top: 0px; padding-right: 0px; padding-bottom: 0px; padding-left: 0px; \"><p><span style=\"font-family: arial, helvetica, sans-serif; \">8\u20ac germans socis de l&#8217;AMPA<\/span><\/p><\/blockquote>\n<\/blockquote>\n<p> <font face=\"arial, helvetica, sans-serif\">Aquestes activitats estan subvencionades pel Consell de l&#8217;Esport Escolar (Ajuntament de BArcelona)<\/font><\/p>\n<\/p>\n<ul>\n<li> <font face=\"arial, helvetica, sans-serif\">Teatre<\/font><\/li>\n<\/ul>\n<blockquote class=\"webkit-indent-blockquote\" style=\"margin-top: 0px; margin-right: 0px; margin-bottom: 0px; margin-left: 40px; border-top-style: none; border-right-style: none; border-bottom-style: none; border-left-style: none; border-width: initial; border-color: initial; padding-top: 0px; padding-right: 0px; padding-bottom: 0px; padding-left: 0px; \">\n<p> <font face=\"arial, helvetica, sans-serif\">Preu: 18\u20ac no socis de l&#8217;AMPA<\/font><\/p>\n<\/p>\n<\/blockquote>\n<blockquote class=\"webkit-indent-blockquote\" style=\"margin-top: 0px; margin-right: 0px; margin-bottom: 0px; margin-left: 40px; border-top-style: none; border-right-style: none; border-bottom-style: none; border-left-style: none; border-width: initial; border-color: initial; padding-top: 0px; padding-right: 0px; padding-bottom: 0px; padding-left: 0px; \">\n<blockquote class=\"webkit-indent-blockquote\" style=\"margin-top: 0px; margin-right: 0px; margin-bottom: 0px; margin-left: 40px; border-top-style: none; border-right-style: none; border-bottom-style: none; border-left-style: none; border-width: initial; border-color: initial; padding-top: 0px; padding-right: 0px; padding-bottom: 0px; padding-left: 0px; \">\n<p> <font face=\"arial, helvetica, sans-serif\">16\u20ac socis de l&#8217;AMPA<\/font><\/p>\n<\/p>\n<\/blockquote>\n<\/blockquote>\n<p> <font face=\"arial, helvetica, sans-serif\">Inscripcions:<\/font><\/p>\n<p><font face=\"arial, helvetica, sans-serif\">Passar per l&#8217;AMPA del 19 al 30 de setembre, en horari d&#8217;atenci\u00f3 a les fam\u00edlies. Les activitats es realitzaran sempre que hi hagi un m\u00ednim d&#8217;inscrits.<\/font><\/p>\n<p><font face=\"arial, helvetica, sans-serif\"><br \/><\/font><\/p>\n<\/p>\n<p><\/p>\n","protected":false},"excerpt":{"rendered":"<p>CURS 2011-12 &nbsp; Properament l&#8217;AMPA convocar\u00e0 totes les fam\u00edlies a una reuni\u00f3 per informar de les activitats programades per al present curs i els seus horaris. Les activitats &nbsp;que s&#8217;oferiran durant el curs escolar 2011-12 s\u00f3n les seg\u00fcents: Activitats esportives. Preu: 12 \u20ac no socis de l&#8217;AMPA 10 \u20ac socis de l&#8217;AMPA 8\u20ac germans socis [&hellip;]<\/p>\n","protected":false},"author":3,"featured_media":0,"parent":1673,"menu_order":0,"comment_status":"open","ping_status":"open","template":"page-templates\/side-menu.php","meta":{"_bbp_topic_count":0,"_bbp_reply_count":0,"_bbp_total_topic_count":0,"_bbp_total_reply_count":0,"_bbp_voice_count":0,"_bbp_anonymous_reply_count":0,"_bbp_topic_count_hidden":0,"_bbp_reply_count_hidden":0,"_bbp_forum_subforum_count":0,"site-sidebar-layout":"default","site-content-layout":"","ast-site-content-layout":"","site-content-style":"default","site-sidebar-style":"default","ast-global-header-display":"","ast-banner-title-visibility":"","ast-main-header-display":"","ast-hfb-above-header-display":"","ast-hfb-below-header-display":"","ast-hfb-mobile-header-display":"","site-post-title":"","ast-breadcrumbs-content":"","ast-featured-img":"","footer-sml-layout":"","theme-transparent-header-meta":"","adv-header-id-meta":"","stick-header-meta":"","header-above-stick-meta":"","header-main-stick-meta":"","header-below-stick-meta":"","astra-migrate-meta-layouts":"default","ast-page-background-enabled":"default","ast-page-background-meta":{"desktop":{"background-color":"var(--ast-global-color-4)","background-image":"","background-repeat":"repeat","background-position":"center center","background-size":"auto","background-attachment":"scroll","background-type":"","background-media":"","overlay-type":"","overlay-color":"","overlay-opacity":"","overlay-gradient":""},"tablet":{"background-color":"","background-image":"","background-repeat":"repeat","background-position":"center center","background-size":"auto","background-attachment":"scroll","background-type":"","background-media":"","overlay-type":"","overlay-color":"","overlay-opacity":"","overlay-gradient":""},"mobile":{"background-color":"","background-image":"","background-repeat":"repeat","background-position":"center center","background-size":"auto","background-attachment":"scroll","background-type":"","background-media":"","overlay-type":"","overlay-color":"","overlay-opacity":"","overlay-gradient":""}},"ast-content-background-meta":{"desktop":{"background-color":"var(--ast-global-color-5)","background-image":"","background-repeat":"repeat","background-position":"center center","background-size":"auto","background-attachment":"scroll","background-type":"","background-media":"","overlay-type":"","overlay-color":"","overlay-opacity":"","overlay-gradient":""},"tablet":{"background-color":"var(--ast-global-color-5)","background-image":"","background-repeat":"repeat","background-position":"center center","background-size":"auto","background-attachment":"scroll","background-type":"","background-media":"","overlay-type":"","overlay-color":"","overlay-opacity":"","overlay-gradient":""},"mobile":{"background-color":"var(--ast-global-color-5)","background-image":"","background-repeat":"repeat","background-position":"center center","background-size":"auto","background-attachment":"scroll","background-type":"","background-media":"","overlay-type":"","overlay-color":"","overlay-opacity":"","overlay-gradient":""}},"footnotes":""},"class_list":["post-1693","page","type-page","status-publish","hentry"],"post_mailing_queue_ids":[],"_links":{"self":[{"href":"https:\/\/agora.xtec.cat\/ceip-mcinto-verdaguer\/wp-json\/wp\/v2\/pages\/1693","targetHints":{"allow":["GET"]}}],"collection":[{"href":"https:\/\/agora.xtec.cat\/ceip-mcinto-verdaguer\/wp-json\/wp\/v2\/pages"}],"about":[{"href":"https:\/\/agora.xtec.cat\/ceip-mcinto-verdaguer\/wp-json\/wp\/v2\/types\/page"}],"author":[{"embeddable":true,"href":"https:\/\/agora.xtec.cat\/ceip-mcinto-verdaguer\/wp-json\/wp\/v2\/users\/3"}],"replies":[{"embeddable":true,"href":"https:\/\/agora.xtec.cat\/ceip-mcinto-verdaguer\/wp-json\/wp\/v2\/comments?post=1693"}],"version-history":[{"count":0,"href":"https:\/\/agora.xtec.cat\/ceip-mcinto-verdaguer\/wp-json\/wp\/v2\/pages\/1693\/revisions"}],"up":[{"embeddable":true,"href":"https:\/\/agora.xtec.cat\/ceip-mcinto-verdaguer\/wp-json\/wp\/v2\/pages\/1673"}],"wp:attachment":[{"href":"https:\/\/agora.xtec.cat\/ceip-mcinto-verdaguer\/wp-json\/wp\/v2\/media?parent=1693"}],"curies":[{"name":"wp","href":"https:\/\/api.w.org\/{rel}","templated":true}]}}