{"id":1692,"date":"2016-04-27T08:22:34","date_gmt":"2016-04-27T07:22:34","guid":{"rendered":"http:\/\/agora.xtec.cat\/ceip-mcinto-verdaguer\/intraweb\/menjador\/"},"modified":"2016-04-27T08:22:34","modified_gmt":"2016-04-27T07:22:34","slug":"menjador","status":"publish","type":"page","link":"https:\/\/agora.xtec.cat\/ceip-mcinto-verdaguer\/intraweb\/menjador\/","title":{"rendered":"Menjador"},"content":{"rendered":"<div align=\"center\">\n<p align=\"center\"><font size=\"4\"><strong><font face=\"arial,helvetica,sans-serif\">Menjador Escolar<\/font><\/strong><\/font><\/p>\n<p><em><font size=\"3\"><font face=\"arial,helvetica,sans-serif\">A l&#8217;apartat de &quot;Documents&quot; trobareu el men\u00fa d&#8217;aquest mes. El podeu consultar i imprimir<\/font><\/font><\/em> <\/p>\n<p align=\"center\">\n<div class=\"pagebreak\"><!--pagebreak--><\/div>\n<div class=\"pagebreak\"><!--pagebreak--><\/div>\n<p> <\/p>\n<p><strong><font size=\"3\"><font face=\"arial,helvetica,sans-serif\">curs 2009-10<\/font><\/font><\/strong>  <\/p>\n<\/p><\/div>\n<p><font size=\"3\" face=\"arial,helvetica,sans-serif\">Estem a l\u2019inici&nbsp; d\u2019un nou curs escolar i creiem necessari informar-vos&nbsp; d\u2019alguns aspectes nous i recordar-vos algunes de les normes establertes amb anterioritat.<\/p>\n<p><strong>TORNS PER DINAR:<\/strong> <br \/><\/font> <\/p>\n<ul>\n<li><font size=\"3\" face=\"arial,helvetica,sans-serif\">1er. torn&nbsp; Educaci\u00f3 Infantil i Cicle Inicial<\/font><\/li>\n<li><font size=\"3\" face=\"arial,helvetica,sans-serif\">2n. torn&nbsp;&nbsp; Cicle Superior<\/font><\/li>\n<li><font size=\"3\" face=\"arial,helvetica,sans-serif\">3r. torn&nbsp;&nbsp;&nbsp; Cicle Mitj\u00e0<\/font><\/li>\n<\/ul>\n<p><font size=\"3\" face=\"arial,helvetica,sans-serif\"><strong>PAGAMENT:<\/strong> <br \/>El pagament es far\u00e0 per rebut domiciliat al seu compte corrent durant&nbsp; els primers 5 dies del mes. En el cas que el rebut estigui retornat, les despeses correran a c\u00e0rrec de la fam\u00edlia.<br \/>\n  <br \/>La Sra. Rita Mart\u00ednez atendr\u00e0 les incid\u00e8ncies di\u00e0riament, de 8\u201930 a 9\u00b430 hores.<br \/>\n  <br \/><\/font> <\/p>\n<ul>\n<li><font size=\"3\" face=\"arial,helvetica,sans-serif\">ALUMNES FIXOS: 6 \u20ac diaris (inclou menjar i servei de monitors)<\/font><\/li>\n<\/ul>\n<ul>\n<li><font size=\"3\" face=\"arial,helvetica,sans-serif\">ALUMNES EVENTUALS: 7 \u20ac diaris<\/font><\/li>\n<\/ul>\n<ul>\n<li><font size=\"3\" face=\"arial,helvetica,sans-serif\">PREU del MEN\u00da: El cost&nbsp; mensual dependr\u00e0 del nombre de dies h\u00e0bils.<\/font><\/li>\n<\/ul>\n<p><font size=\"3\" face=\"arial,helvetica,sans-serif\">Quan un alumne estigui MALALT, haur\u00e0 de presentar el justificant m\u00e8dic corresponent a la Sra. Rita Mart\u00ednez, per tal que li sigui descomptat l\u2019 import del menjar del dies que ha faltat, (2,50 \u20ac cada dia).<br \/>\n  <br \/>L\u2019 import total dels dies que ha faltat durant el curs (justificats), es descomptaran en el rebut del mes de juny de 2010.<\/p>\n<p><strong>ASSIST\u00c8NCIA AL MENJADOR:<\/strong> <br \/>Els alumnes que no assisteixin a l\u2019escola al MAT\u00cd no es podran incorporar al Servei de Menjador, a excepci\u00f3 d\u2019aquells casos que presentin un justificant del metge.<\/p>\n<p><strong>CONDUCTES IMPR\u00d2PIES:<\/strong> <br \/>El Reglament de R\u00e8gim Intern&nbsp; aprovat pel Consell Escolar indica que aquells alumnes que presentin conductes en contra de la conviv\u00e8ncia de la resta de nens, la fam\u00edlia ser\u00e0 advertida mitjan\u00e7ant&nbsp; una nota, i en cas de reincid\u00e8ncia EXCLOSOS ja&nbsp; que el Servei de menjador NO \u00c9S OBLIGATORI.<br \/>\n  <br \/><strong> <br \/>INFORMES:<\/strong> <br \/>Els&nbsp; monitors us faran arribar TRIMESTRALMENT&nbsp; un INFORME sobre les actituds de cada nen\/a en el menjador, de la seva relaci\u00f3 amb la resta de companys i sobre la seva participaci\u00f3 en les activitats.<\/p>\n<p><strong>INCID\u00c8NCIES:<\/strong> <br \/>Es donar\u00e0 als alumnes una nota informativa respecte a qualsevol incid\u00e8ncia que hagi succe\u00eft en horari de menjador.<\/font> <\/p>\n<p><font size=\"3\" face=\"arial,helvetica,sans-serif\"> <br \/><strong>MEDICINES:<\/strong> <br \/>Cas d\u2019haver d\u2019administrar algun medicament, caldr\u00e0 una c\u00f2pia de la prescripci\u00f3 m\u00e8dica amb el nom de l\u2019alumne i la dosificaci\u00f3. S\u2019adjuntar\u00e0 l\u2019autoritzaci\u00f3 signada pel pare, mare o tutor.<\/font> <\/p>\n<p><font size=\"3\" face=\"arial,helvetica,sans-serif\"><strong> <br \/>SORTIDES DE L\u2019ESCOLA EN HORARI DE MENJADOR:<\/strong> <br \/>Per a recollir un nen o nena en horari de menjador, ser\u00e0 imprescindible haver-ho comunicat pr\u00e8viament a la Sra. Rita mitjan\u00e7ant una nota escrita. La persona que vingui a buscar l\u2019alumne SIGNAR\u00c0 en un llibre d\u2019entrades i sortides.<\/p>\n<p><strong>DIETES I AL\u00c8RGIES:<\/strong> <br \/>Els nens i nenes que tinguin necessitat de fer dieta han de presentar al mat\u00ed la demanda escrita i signada pels pares a la Sra. Rita Mart\u00ednez.<br \/>\n  <br \/>Els qui tinguin al\u00b7l\u00e8rgia a algun aliment cal presentin un informe m\u00e8dic a menjador. <\/font> <\/p>\n<p><font size=\"3\" face=\"arial,helvetica,sans-serif\"> <br \/><\/font> <\/p>\n<p><font size=\"3\" face=\"arial,helvetica,sans-serif\"><strong>PREUS MENSUALS:<\/strong><\/font> <\/p>\n<p><font size=\"3\" face=\"arial,helvetica,sans-serif\"> <\/p>\n<table width=\"496\" height=\"198\" cellspacing=\"1\" cellpadding=\"1\" border=\"1\">\n<tbody>\n<tr>\n<td align=\"center\"> <font size=\"3\" face=\"arial,helvetica,sans-serif\">Setembre<\/font><\/td>\n<td align=\"center\"> <font size=\"3\" face=\"arial,helvetica,sans-serif\">12 dies<\/font><\/td>\n<td align=\"center\"> <font size=\"3\" face=\"arial,helvetica,sans-serif\">72\u20ac<\/font><\/td>\n<\/tr>\n<tr>\n<td align=\"center\"> <font size=\"3\" face=\"arial,helvetica,sans-serif\">Octubre<\/font><\/td>\n<td align=\"center\"> <font size=\"3\" face=\"arial,helvetica,sans-serif\"> 21 dies<\/font><\/td>\n<td align=\"center\"><font size=\"3\" face=\"arial,helvetica,sans-serif\">126\u20ac<\/font> <\/td>\n<\/tr>\n<tr>\n<td align=\"center\"> <font size=\"3\" face=\"arial,helvetica,sans-serif\">Novembre<\/font><\/td>\n<td align=\"center\"><font size=\"3\" face=\"arial,helvetica,sans-serif\">21 dies<\/font> <\/td>\n<td align=\"center\"><font size=\"3\" face=\"arial,helvetica,sans-serif\">126\u20ac<\/font> <\/td>\n<\/tr>\n<tr>\n<td align=\"center\"><font size=\"3\" face=\"arial,helvetica,sans-serif\">Desembre<\/font> <\/td>\n<td align=\"center\"> <font size=\"3\" face=\"arial,helvetica,sans-serif\">14 dies<\/font><\/td>\n<td align=\"center\"><font size=\"3\" face=\"arial,helvetica,sans-serif\">84\u20ac<\/font> <\/td>\n<\/tr>\n<tr>\n<td align=\"center\"><font size=\"3\" face=\"arial,helvetica,sans-serif\">Gener<\/font> <\/td>\n<td align=\"center\"><font size=\"3\" face=\"arial,helvetica,sans-serif\">16 dies<\/font> <\/td>\n<td align=\"center\"> <font size=\"3\" face=\"arial,helvetica,sans-serif\">96\u20ac<\/font><\/td>\n<\/tr>\n<tr>\n<td align=\"center\"> <font size=\"3\" face=\"arial,helvetica,sans-serif\">Febrer <\/font><\/td>\n<td align=\"center\"> <font size=\"3\" face=\"arial,helvetica,sans-serif\">19 dies<\/font><\/td>\n<td align=\"center\"> <font size=\"3\" face=\"arial,helvetica,sans-serif\">114\u20ac<\/font><\/td>\n<\/tr>\n<tr>\n<td align=\"center\"><font size=\"3\" face=\"arial,helvetica,sans-serif\">Mar\u00e7<\/font> <\/td>\n<td align=\"center\"><font size=\"3\" face=\"arial,helvetica,sans-serif\">20 dies<\/font> <\/td>\n<td align=\"center\"><font size=\"3\" face=\"arial,helvetica,sans-serif\">120\u20ac<\/font> <\/td>\n<\/tr>\n<tr>\n<td align=\"center\"><font size=\"3\" face=\"arial,helvetica,sans-serif\">Abril&nbsp;<\/font> <\/td>\n<td align=\"center\"> <font size=\"3\" face=\"arial,helvetica,sans-serif\">19 dies<\/font><\/td>\n<td align=\"center\"> <font size=\"3\" face=\"arial,helvetica,sans-serif\">114\u20ac<\/font><\/td>\n<\/tr>\n<tr>\n<td align=\"center\"> <font size=\"3\" face=\"arial,helvetica,sans-serif\">Maig<\/font><\/td>\n<td align=\"center\"><font size=\"3\" face=\"arial,helvetica,sans-serif\">19 dies<\/font> <\/td>\n<td align=\"center\"><font size=\"3\" face=\"arial,helvetica,sans-serif\">114\u20ac<\/font> <\/td>\n<\/tr>\n<tr>\n<td align=\"center\"> <font size=\"3\" face=\"arial,helvetica,sans-serif\">Juny<\/font><\/td>\n<td align=\"center\"> <font size=\"3\" face=\"arial,helvetica,sans-serif\"> 16 dies<br \/>\n      <br \/><\/font><\/td>\n<td align=\"center\"><font size=\"3\" face=\"arial,helvetica,sans-serif\">96\u20ac<\/font> <\/td>\n<\/tr>\n<\/tbody>\n<\/table>\n<p><\/font><font size=\"3\" face=\"arial,helvetica,sans-serif\"> <br \/>TOTAL : 177&nbsp; dies anuals.<br \/>\n  <br \/>&nbsp;Preu fix:&nbsp;&nbsp; 6\u20ac x dia<br \/>\n  <br \/>&nbsp;Preu eventuals:&nbsp; 7\u20ac<br \/>\n  <br \/><\/font>  <\/p>\n<p><\/p>\n","protected":false},"excerpt":{"rendered":"<p>Menjador Escolar A l&#8217;apartat de &quot;Documents&quot; trobareu el men\u00fa d&#8217;aquest mes. El podeu consultar i imprimir curs 2009-10 Estem a l\u2019inici&nbsp; d\u2019un nou curs escolar i creiem necessari informar-vos&nbsp; d\u2019alguns aspectes nous i recordar-vos algunes de les normes establertes amb anterioritat. TORNS PER DINAR: 1er. torn&nbsp; Educaci\u00f3 Infantil i Cicle Inicial 2n. torn&nbsp;&nbsp; Cicle Superior [&hellip;]<\/p>\n","protected":false},"author":3,"featured_media":0,"parent":1673,"menu_order":0,"comment_status":"open","ping_status":"open","template":"page-templates\/side-menu.php","meta":{"_bbp_topic_count":0,"_bbp_reply_count":0,"_bbp_total_topic_count":0,"_bbp_total_reply_count":0,"_bbp_voice_count":0,"_bbp_anonymous_reply_count":0,"_bbp_topic_count_hidden":0,"_bbp_reply_count_hidden":0,"_bbp_forum_subforum_count":0,"site-sidebar-layout":"default","site-content-layout":"","ast-site-content-layout":"","site-content-style":"default","site-sidebar-style":"default","ast-global-header-display":"","ast-banner-title-visibility":"","ast-main-header-display":"","ast-hfb-above-header-display":"","ast-hfb-below-header-display":"","ast-hfb-mobile-header-display":"","site-post-title":"","ast-breadcrumbs-content":"","ast-featured-img":"","footer-sml-layout":"","theme-transparent-header-meta":"","adv-header-id-meta":"","stick-header-meta":"","header-above-stick-meta":"","header-main-stick-meta":"","header-below-stick-meta":"","astra-migrate-meta-layouts":"default","ast-page-background-enabled":"default","ast-page-background-meta":{"desktop":{"background-color":"var(--ast-global-color-4)","background-image":"","background-repeat":"repeat","background-position":"center center","background-size":"auto","background-attachment":"scroll","background-type":"","background-media":"","overlay-type":"","overlay-color":"","overlay-opacity":"","overlay-gradient":""},"tablet":{"background-color":"","background-image":"","background-repeat":"repeat","background-position":"center center","background-size":"auto","background-attachment":"scroll","background-type":"","background-media":"","overlay-type":"","overlay-color":"","overlay-opacity":"","overlay-gradient":""},"mobile":{"background-color":"","background-image":"","background-repeat":"repeat","background-position":"center center","background-size":"auto","background-attachment":"scroll","background-type":"","background-media":"","overlay-type":"","overlay-color":"","overlay-opacity":"","overlay-gradient":""}},"ast-content-background-meta":{"desktop":{"background-color":"var(--ast-global-color-5)","background-image":"","background-repeat":"repeat","background-position":"center center","background-size":"auto","background-attachment":"scroll","background-type":"","background-media":"","overlay-type":"","overlay-color":"","overlay-opacity":"","overlay-gradient":""},"tablet":{"background-color":"var(--ast-global-color-5)","background-image":"","background-repeat":"repeat","background-position":"center center","background-size":"auto","background-attachment":"scroll","background-type":"","background-media":"","overlay-type":"","overlay-color":"","overlay-opacity":"","overlay-gradient":""},"mobile":{"background-color":"var(--ast-global-color-5)","background-image":"","background-repeat":"repeat","background-position":"center center","background-size":"auto","background-attachment":"scroll","background-type":"","background-media":"","overlay-type":"","overlay-color":"","overlay-opacity":"","overlay-gradient":""}},"footnotes":""},"class_list":["post-1692","page","type-page","status-publish","hentry"],"post_mailing_queue_ids":[],"_links":{"self":[{"href":"https:\/\/agora.xtec.cat\/ceip-mcinto-verdaguer\/wp-json\/wp\/v2\/pages\/1692","targetHints":{"allow":["GET"]}}],"collection":[{"href":"https:\/\/agora.xtec.cat\/ceip-mcinto-verdaguer\/wp-json\/wp\/v2\/pages"}],"about":[{"href":"https:\/\/agora.xtec.cat\/ceip-mcinto-verdaguer\/wp-json\/wp\/v2\/types\/page"}],"author":[{"embeddable":true,"href":"https:\/\/agora.xtec.cat\/ceip-mcinto-verdaguer\/wp-json\/wp\/v2\/users\/3"}],"replies":[{"embeddable":true,"href":"https:\/\/agora.xtec.cat\/ceip-mcinto-verdaguer\/wp-json\/wp\/v2\/comments?post=1692"}],"version-history":[{"count":0,"href":"https:\/\/agora.xtec.cat\/ceip-mcinto-verdaguer\/wp-json\/wp\/v2\/pages\/1692\/revisions"}],"up":[{"embeddable":true,"href":"https:\/\/agora.xtec.cat\/ceip-mcinto-verdaguer\/wp-json\/wp\/v2\/pages\/1673"}],"wp:attachment":[{"href":"https:\/\/agora.xtec.cat\/ceip-mcinto-verdaguer\/wp-json\/wp\/v2\/media?parent=1692"}],"curies":[{"name":"wp","href":"https:\/\/api.w.org\/{rel}","templated":true}]}}