{"id":1691,"date":"2016-04-27T08:22:34","date_gmt":"2016-04-27T07:22:34","guid":{"rendered":"http:\/\/agora.xtec.cat\/ceip-mcinto-verdaguer\/intraweb\/reconeixements\/"},"modified":"2016-04-27T08:22:34","modified_gmt":"2016-04-27T07:22:34","slug":"reconeixements","status":"publish","type":"page","link":"https:\/\/agora.xtec.cat\/ceip-mcinto-verdaguer\/intraweb\/reconeixements\/","title":{"rendered":"Reconeixements"},"content":{"rendered":"<div align=\"center\">\n<p><font size=\"4\"><font face=\"arial,helvetica,sans-serif\"><strong>PREMIS I RECONEIXEMENTS<\/strong><\/font><\/font> <\/p>\n<\/p>\n<div align=\"left\">\n<h1><font size=\"3\" face=\"arial,helvetica,sans-serif\" style=\"color: #1012ff;\">PREMIS A L\u2019ESCOLA<\/font> <\/h1>\n<ul>\n<li><font size=\"3\"><font face=\"arial,helvetica,sans-serif\"><a title=\"Escola sostenible\" target=\"_blank\" href=\"\/ceip-mcinto-verdaguer\/intranet\/index.php?module=pages&amp;func=display&amp;pageid=25\">Reconeixement com Escola Sostenible curs 2008-09<\/a> <br \/><\/font><\/font><\/li>\n<\/ul>\n<ul>\n<li><font size=\"3\" face=\"arial,helvetica,sans-serif\"><a title=\"Baldiri Reixac\" target=\"_blank\" href=\"\/ceip-mcinto-verdaguer\/intranet\/index.php?module=pages&amp;func=display&amp;pageid=21\">Premi Baldiri Reixac curs 2004-05<\/a><\/font><\/li>\n<\/ul>\n<h1><font size=\"3\" style=\"color: #1012ff;\"><font face=\"arial,helvetica,sans-serif\">PREMIS ALS ALUMNES<\/font><\/font> <\/h1>\n<ul>\n<li><font size=\"3\" face=\"arial,helvetica,sans-serif\">6<a href=\"\/ceip-mcinto-verdaguer\/intranet\/index.php?module=pagines&amp;func=display&amp;pageid=31\" target=\"_blank\">\u00e8&nbsp;Certamen Literari Terra Negre 2012-1<\/a>3&nbsp;David Abellaneda 5\u00e8<\/font><font size=\"3\" face=\"arial,helvetica,sans-serif\">&nbsp;(Primer premi poesia)<\/font><\/li>\n<\/ul>\n<ul>\n<li><font size=\"3\" face=\"arial,helvetica,sans-serif\"><a href=\"\/ceip-mcinto-verdaguer\/intranet\/index.php?module=pagines&amp;func=display&amp;pageid=31\" target=\"_blank\">5\u00e8&nbsp;Certamen Literari Terra Negre 2011-12<\/a> <\/font><font size=\"3\" face=\"arial,helvetica,sans-serif\">Amy Collago <\/font><font size=\"3\" face=\"arial,helvetica,sans-serif\">6\u00e8 (Primer premi prosa), Mari Carmen P\u00e9rez 5\u00e8 (Finalista prosa) i Khaoula Khachabi 6\u00e8 (Primer premi poesia)<\/font><\/li>\n<\/ul>\n<ul>\n<li> <font size=\"3\" face=\"arial,helvetica,sans-serif\"><a target=\"_blank\" href=\"https:\/\/sites.google.com\/a\/xtec.cat\/expliquem-el-barri\/\">XXXIV Premi Baldiri Reixac categoria alumnes 2011-12<\/a>&nbsp; &nbsp; Expliquem el barri Alumnes de 6\u00e8<br \/><\/font><\/li>\n<\/ul>\n<ul>\n<li> <font size=\"3\" face=\"arial,helvetica,sans-serif\"><a title=\"Terra Negre\" target=\"_blank\" href=\"\/ceip-mcinto-verdaguer\/intranet\/index.php?module=pagines&amp;func=display&amp;pageid=32\">4t Certamen Literari Terra Negre 2010-11<\/a>&nbsp; &nbsp;M. del Mar Barroso 6\u00e8<br \/>\n      <br \/><\/font><\/li>\n<\/ul>\n<ul>\n<li> <font size=\"3\" face=\"arial,helvetica,sans-serif\"><a title=\"Terra Negre\" target=\"_blank\" href=\"\/ceip-mcinto-verdaguer\/intranet\/index.php?module=pagines&amp;func=display&amp;pageid=23\">3r Certamen Literari Terra Negre 2009-10<\/a>&nbsp;&nbsp; Anna M. Gaitano 5\u00e8<br \/>\n      <br \/><\/font><\/li>\n<\/ul>\n<ul>\n<li><a title=\"Premi Unesco\" href=\"\/ceip-mcinto-verdaguer\/intranet\/index.php?module=pages&amp;func=display&amp;pageid=24\" target=\"_blank\"><font size=\"3\" face=\"arial,helvetica,sans-serif\">Concurs Unesco 2007-08<\/font><\/a> <font size=\"3\" face=\"arial,helvetica,sans-serif\">Carlos Zaragoza 4t<\/font> <\/li>\n<\/ul>\n<ul>\n<li><a title=\"Jocs Florals\" target=\"_blank\" href=\"\/ceip-mcinto-verdaguer\/intranet\/index.php?module=pages&amp;func=display&amp;pageid=22\"><font size=\"3\" face=\"arial,helvetica,sans-serif\">Jocs Florals del districte<\/font> <font size=\"3\" face=\"arial,helvetica,sans-serif\">2004-05<\/font><\/a> <font size=\"3\" face=\"arial,helvetica,sans-serif\"> Elena Ribes 4t<\/font> <\/li>\n<\/ul><\/div>\n<\/p><\/div>\n<\/p>\n<h1><font size=\"3\" style=\"color: #1012ff;\"><font face=\"arial,helvetica,sans-serif\">PREMIS AL PROFESSORAT<\/font><\/font><\/h1>\n<ul>\n<li><font size=\"3\" face=\"arial, helvetica, sans-serif\"><a href=\"http:\/\/www.edubcn.cat\/tecnologiaeducativa\/a_barcelona\/concurs_de_bones_practiques\/premiats_ii_concurs_de_bones_practiques\" target=\"_blank\">II Concurs Bones Pr\u00e0ctiques TIC 2011-12<\/a> &nbsp;M. Pau Navarro (&quot;Expliquem el barri&quot; 3r Premi modalitat individual)<\/font><\/li>\n<\/ul>\n<ul> <\/ul>\n<p><\/p>\n","protected":false},"excerpt":{"rendered":"<p>PREMIS I RECONEIXEMENTS PREMIS A L\u2019ESCOLA Reconeixement com Escola Sostenible curs 2008-09 Premi Baldiri Reixac curs 2004-05 PREMIS ALS ALUMNES 6\u00e8&nbsp;Certamen Literari Terra Negre 2012-13&nbsp;David Abellaneda 5\u00e8&nbsp;(Primer premi poesia) 5\u00e8&nbsp;Certamen Literari Terra Negre 2011-12 Amy Collago 6\u00e8 (Primer premi prosa), Mari Carmen P\u00e9rez 5\u00e8 (Finalista prosa) i Khaoula Khachabi 6\u00e8 (Primer premi poesia) XXXIV Premi [&hellip;]<\/p>\n","protected":false},"author":3,"featured_media":0,"parent":1673,"menu_order":0,"comment_status":"open","ping_status":"open","template":"page-templates\/side-menu.php","meta":{"_bbp_topic_count":0,"_bbp_reply_count":0,"_bbp_total_topic_count":0,"_bbp_total_reply_count":0,"_bbp_voice_count":0,"_bbp_anonymous_reply_count":0,"_bbp_topic_count_hidden":0,"_bbp_reply_count_hidden":0,"_bbp_forum_subforum_count":0,"site-sidebar-layout":"default","site-content-layout":"","ast-site-content-layout":"","site-content-style":"default","site-sidebar-style":"default","ast-global-header-display":"","ast-banner-title-visibility":"","ast-main-header-display":"","ast-hfb-above-header-display":"","ast-hfb-below-header-display":"","ast-hfb-mobile-header-display":"","site-post-title":"","ast-breadcrumbs-content":"","ast-featured-img":"","footer-sml-layout":"","theme-transparent-header-meta":"","adv-header-id-meta":"","stick-header-meta":"","header-above-stick-meta":"","header-main-stick-meta":"","header-below-stick-meta":"","astra-migrate-meta-layouts":"default","ast-page-background-enabled":"default","ast-page-background-meta":{"desktop":{"background-color":"var(--ast-global-color-4)","background-image":"","background-repeat":"repeat","background-position":"center center","background-size":"auto","background-attachment":"scroll","background-type":"","background-media":"","overlay-type":"","overlay-color":"","overlay-opacity":"","overlay-gradient":""},"tablet":{"background-color":"","background-image":"","background-repeat":"repeat","background-position":"center center","background-size":"auto","background-attachment":"scroll","background-type":"","background-media":"","overlay-type":"","overlay-color":"","overlay-opacity":"","overlay-gradient":""},"mobile":{"background-color":"","background-image":"","background-repeat":"repeat","background-position":"center center","background-size":"auto","background-attachment":"scroll","background-type":"","background-media":"","overlay-type":"","overlay-color":"","overlay-opacity":"","overlay-gradient":""}},"ast-content-background-meta":{"desktop":{"background-color":"var(--ast-global-color-5)","background-image":"","background-repeat":"repeat","background-position":"center center","background-size":"auto","background-attachment":"scroll","background-type":"","background-media":"","overlay-type":"","overlay-color":"","overlay-opacity":"","overlay-gradient":""},"tablet":{"background-color":"var(--ast-global-color-5)","background-image":"","background-repeat":"repeat","background-position":"center center","background-size":"auto","background-attachment":"scroll","background-type":"","background-media":"","overlay-type":"","overlay-color":"","overlay-opacity":"","overlay-gradient":""},"mobile":{"background-color":"var(--ast-global-color-5)","background-image":"","background-repeat":"repeat","background-position":"center center","background-size":"auto","background-attachment":"scroll","background-type":"","background-media":"","overlay-type":"","overlay-color":"","overlay-opacity":"","overlay-gradient":""}},"footnotes":""},"class_list":["post-1691","page","type-page","status-publish","hentry"],"post_mailing_queue_ids":[],"_links":{"self":[{"href":"https:\/\/agora.xtec.cat\/ceip-mcinto-verdaguer\/wp-json\/wp\/v2\/pages\/1691","targetHints":{"allow":["GET"]}}],"collection":[{"href":"https:\/\/agora.xtec.cat\/ceip-mcinto-verdaguer\/wp-json\/wp\/v2\/pages"}],"about":[{"href":"https:\/\/agora.xtec.cat\/ceip-mcinto-verdaguer\/wp-json\/wp\/v2\/types\/page"}],"author":[{"embeddable":true,"href":"https:\/\/agora.xtec.cat\/ceip-mcinto-verdaguer\/wp-json\/wp\/v2\/users\/3"}],"replies":[{"embeddable":true,"href":"https:\/\/agora.xtec.cat\/ceip-mcinto-verdaguer\/wp-json\/wp\/v2\/comments?post=1691"}],"version-history":[{"count":0,"href":"https:\/\/agora.xtec.cat\/ceip-mcinto-verdaguer\/wp-json\/wp\/v2\/pages\/1691\/revisions"}],"up":[{"embeddable":true,"href":"https:\/\/agora.xtec.cat\/ceip-mcinto-verdaguer\/wp-json\/wp\/v2\/pages\/1673"}],"wp:attachment":[{"href":"https:\/\/agora.xtec.cat\/ceip-mcinto-verdaguer\/wp-json\/wp\/v2\/media?parent=1691"}],"curies":[{"name":"wp","href":"https:\/\/api.w.org\/{rel}","templated":true}]}}