{"id":1690,"date":"2016-04-27T08:22:34","date_gmt":"2016-04-27T07:22:34","guid":{"rendered":"http:\/\/agora.xtec.cat\/ceip-mcinto-verdaguer\/intraweb\/horari-i-calendari\/"},"modified":"2016-04-27T08:22:34","modified_gmt":"2016-04-27T07:22:34","slug":"horari-i-calendari","status":"publish","type":"page","link":"https:\/\/agora.xtec.cat\/ceip-mcinto-verdaguer\/intraweb\/horari-i-calendari\/","title":{"rendered":"Horari i calendari"},"content":{"rendered":"<p align=\"center\"><font size=\"4\"><font face=\"arial,helvetica,sans-serif\"><strong>HORARIS CURS 2014-2015<\/strong><\/font><\/font>  <\/p>\n<\/p>\n<p><font size=\"3\" face=\"arial,helvetica,sans-serif\"><strong>EDUCACI\u00d3 INFANTIL: P.3, P.4 i P.5 <\/strong> <br \/><\/font> <\/p>\n<ul>\n<li><font size=\"3\" face=\"arial,helvetica,sans-serif\">Mat\u00ed: de 9:30h a 12:30h <\/font><\/li>\n<li><font size=\"3\" face=\"arial,helvetica,sans-serif\">Tarda: de 3h a 5h&nbsp; <\/font><\/li>\n<\/ul>\n<\/p>\n<p><font size=\"3\" face=\"arial,helvetica,sans-serif\"><strong>PRIM\u00c0RIA: de 1r a 6\u00e8 <\/strong> <br \/><\/font> <\/p>\n<ul>\n<li><font size=\"3\" face=\"arial,helvetica,sans-serif\">Mat\u00ed: de 8:30h a 12:30h <\/font><\/li>\n<li><font size=\"3\" face=\"arial,helvetica,sans-serif\">Tarda: de 3h a 5h <\/font><\/li>\n<\/ul>\n<p><font size=\"3\" face=\"arial,helvetica,sans-serif\">Cal respectar els horaris d\u2019entrada i sortida. L\u2019escola no es far\u00e0 c\u00e0rrec de l\u2019alumnat a partir de les 12:30h del migdia i de les 5h de la tarda. <\/font> <\/p>\n<p><font size=\"3\" face=\"arial,helvetica,sans-serif\"> <br \/><strong>JORNADA INTENSIVA:<\/strong> <br \/><\/font> <\/p>\n<ul>\n<li><font size=\"3\" face=\"arial,helvetica,sans-serif\">Dimarts 23 de desembre<\/font><span style=\"font-family: arial, helvetica, sans-serif;\"><font size=\"3\" face=\"arial,helvetica,sans-serif\">:&nbsp; <\/font><font size=\"3\" face=\"arial,helvetica,sans-serif\">de 8,30h a 12,30h&nbsp;<\/font><\/span><\/li>\n<p><font size=\"3\" face=\"arial,helvetica,sans-serif\"> <\/p>\n<li><font size=\"3\" face=\"arial,helvetica,sans-serif\">Del 8 al 19 de juny:&nbsp; <\/font><font size=\"3\" face=\"arial,helvetica,sans-serif\">de 8,30h a 12,30h&nbsp;<\/font><\/li>\n<p> <\/font>\n  <\/ul>\n<p><font size=\"3\" face=\"arial,helvetica,sans-serif\"> <\/p>\n<p><font size=\"3\" face=\"arial,helvetica,sans-serif\">L\u2019horari de menjador d&#8217;aquests dies ser\u00e0: de 12:30h a 17h. Les fam\u00edlies que vulguin recollir els seus fills i filles a les 3h, hauran d\u2019avisar pr\u00e8viament a<br \/>\n  la Sra. Mari. <\/font> <\/p>\n<p><font size=\"3\" face=\"arial,helvetica,sans-serif\"> <\/font> <\/p>\n<p align=\"center\"><font size=\"3\" face=\"arial,helvetica,sans-serif\"><font size=\"4\"><strong>&nbsp; CALENDARI ESCOLAR CURS 201<font size=\"4\">4<\/font>-201<font size=\"4\">5<\/font><\/strong><\/font><\/font> <\/p>\n<p align=\"center\"><font size=\"3\" face=\"arial,helvetica,sans-serif\"><font size=\"4\"><strong><\/strong><\/font> <br \/><\/font> <\/p>\n<ul>\n<li><font size=\"3\" face=\"arial,helvetica,sans-serif\">Comen\u00e7ament de curs: dilluns 15&nbsp;de setembre de 2014. <\/font><\/li>\n<li><font size=\"3\" face=\"arial,helvetica,sans-serif\">&nbsp;Fi de curs: divendres 19&nbsp;de juny de 2015<font size=\"3\"><\/font>. <\/font><\/li>\n<li><font size=\"3\" face=\"arial,helvetica,sans-serif\">&nbsp;Vacances de Nadal: del 2<font size=\"3\">4<\/font> de desembre al <font size=\"3\">7<\/font> de gener (ambd\u00f3s inclosos). <\/font><\/li>\n<li><font size=\"3\" face=\"arial,helvetica,sans-serif\"> &nbsp;Vacances de Setmana Santa: del 28 de mar\u00e7 al 6 d&#8217;abril (ambd\u00f3s inclosos).<\/font><\/li>\n<p><font size=\"3\" face=\"arial,helvetica,sans-serif\"> <\/font>\n    <\/ul>\n<p><font size=\"3\" face=\"arial,helvetica,sans-serif\"> <\/p>\n<p><font size=\"3\" face=\"arial,helvetica,sans-serif\"> <br \/> <strong>Dies festius:<\/strong> <br \/><\/font> <\/p>\n<ul>\n<li><span style=\"font-family: arial, helvetica, sans-serif;\">24 de setembre: La Merc\u00e8<\/span> <\/li>\n<li><font size=\"3\" face=\"arial,helvetica,sans-serif\">8 de desembre : Dia de la Immaculada<\/font><\/li>\n<li><font size=\"3\" face=\"arial,helvetica,sans-serif\">1 de maig: Dia del Treball.<\/font><\/li>\n<p><font size=\"3\" face=\"arial,helvetica,sans-serif\"> <\/p>\n<li><font size=\"3\" face=\"arial,helvetica,sans-serif\">1 de juny: (En lloc de la Pasqua Granada)<\/font><\/li>\n<p> <\/font>\n      <\/ul>\n<p><font size=\"3\" face=\"arial,helvetica,sans-serif\"> <\/p>\n<p><font size=\"3\" face=\"arial,helvetica,sans-serif\"> <br \/>&nbsp;Dies festius de lliure disposici\u00f3 aprovats pel Consell Escolar del Centre:<br \/>\n  <br \/><\/font> <\/p>\n<ul>\n<li><font size=\"3\" face=\"arial,helvetica,sans-serif\">Dilluns 3 de novembre. <\/font><\/li>\n<li><font size=\"3\" face=\"arial,helvetica,sans-serif\">Dilluns 16 de febrer.<\/font><\/li>\n<li><font size=\"3\" face=\"arial,helvetica,sans-serif\">Divendres 29 de maig. <\/font><\/li>\n<\/ul>\n<p><font size=\"3\" face=\"arial,helvetica,sans-serif\">Important: Cal justificar les faltes d\u2019assist\u00e8ncia o de retard a la tutora o tutor i, si \u00e9s el cas, al servei de menjador. <\/font> <\/p>\n<p> <\/font><\/font><\/font><\/p>\n","protected":false},"excerpt":{"rendered":"<p>HORARIS CURS 2014-2015 EDUCACI\u00d3 INFANTIL: P.3, P.4 i P.5 Mat\u00ed: de 9:30h a 12:30h Tarda: de 3h a 5h&nbsp; PRIM\u00c0RIA: de 1r a 6\u00e8 Mat\u00ed: de 8:30h a 12:30h Tarda: de 3h a 5h Cal respectar els horaris d\u2019entrada i sortida. L\u2019escola no es far\u00e0 c\u00e0rrec de l\u2019alumnat a partir de les 12:30h del migdia [&hellip;]<\/p>\n","protected":false},"author":3,"featured_media":0,"parent":1673,"menu_order":0,"comment_status":"open","ping_status":"open","template":"page-templates\/side-menu.php","meta":{"_bbp_topic_count":0,"_bbp_reply_count":0,"_bbp_total_topic_count":0,"_bbp_total_reply_count":0,"_bbp_voice_count":0,"_bbp_anonymous_reply_count":0,"_bbp_topic_count_hidden":0,"_bbp_reply_count_hidden":0,"_bbp_forum_subforum_count":0,"site-sidebar-layout":"default","site-content-layout":"","ast-site-content-layout":"","site-content-style":"default","site-sidebar-style":"default","ast-global-header-display":"","ast-banner-title-visibility":"","ast-main-header-display":"","ast-hfb-above-header-display":"","ast-hfb-below-header-display":"","ast-hfb-mobile-header-display":"","site-post-title":"","ast-breadcrumbs-content":"","ast-featured-img":"","footer-sml-layout":"","theme-transparent-header-meta":"","adv-header-id-meta":"","stick-header-meta":"","header-above-stick-meta":"","header-main-stick-meta":"","header-below-stick-meta":"","astra-migrate-meta-layouts":"default","ast-page-background-enabled":"default","ast-page-background-meta":{"desktop":{"background-color":"var(--ast-global-color-4)","background-image":"","background-repeat":"repeat","background-position":"center center","background-size":"auto","background-attachment":"scroll","background-type":"","background-media":"","overlay-type":"","overlay-color":"","overlay-opacity":"","overlay-gradient":""},"tablet":{"background-color":"","background-image":"","background-repeat":"repeat","background-position":"center center","background-size":"auto","background-attachment":"scroll","background-type":"","background-media":"","overlay-type":"","overlay-color":"","overlay-opacity":"","overlay-gradient":""},"mobile":{"background-color":"","background-image":"","background-repeat":"repeat","background-position":"center center","background-size":"auto","background-attachment":"scroll","background-type":"","background-media":"","overlay-type":"","overlay-color":"","overlay-opacity":"","overlay-gradient":""}},"ast-content-background-meta":{"desktop":{"background-color":"var(--ast-global-color-5)","background-image":"","background-repeat":"repeat","background-position":"center center","background-size":"auto","background-attachment":"scroll","background-type":"","background-media":"","overlay-type":"","overlay-color":"","overlay-opacity":"","overlay-gradient":""},"tablet":{"background-color":"var(--ast-global-color-5)","background-image":"","background-repeat":"repeat","background-position":"center center","background-size":"auto","background-attachment":"scroll","background-type":"","background-media":"","overlay-type":"","overlay-color":"","overlay-opacity":"","overlay-gradient":""},"mobile":{"background-color":"var(--ast-global-color-5)","background-image":"","background-repeat":"repeat","background-position":"center center","background-size":"auto","background-attachment":"scroll","background-type":"","background-media":"","overlay-type":"","overlay-color":"","overlay-opacity":"","overlay-gradient":""}},"footnotes":""},"class_list":["post-1690","page","type-page","status-publish","hentry"],"post_mailing_queue_ids":[],"_links":{"self":[{"href":"https:\/\/agora.xtec.cat\/ceip-mcinto-verdaguer\/wp-json\/wp\/v2\/pages\/1690","targetHints":{"allow":["GET"]}}],"collection":[{"href":"https:\/\/agora.xtec.cat\/ceip-mcinto-verdaguer\/wp-json\/wp\/v2\/pages"}],"about":[{"href":"https:\/\/agora.xtec.cat\/ceip-mcinto-verdaguer\/wp-json\/wp\/v2\/types\/page"}],"author":[{"embeddable":true,"href":"https:\/\/agora.xtec.cat\/ceip-mcinto-verdaguer\/wp-json\/wp\/v2\/users\/3"}],"replies":[{"embeddable":true,"href":"https:\/\/agora.xtec.cat\/ceip-mcinto-verdaguer\/wp-json\/wp\/v2\/comments?post=1690"}],"version-history":[{"count":0,"href":"https:\/\/agora.xtec.cat\/ceip-mcinto-verdaguer\/wp-json\/wp\/v2\/pages\/1690\/revisions"}],"up":[{"embeddable":true,"href":"https:\/\/agora.xtec.cat\/ceip-mcinto-verdaguer\/wp-json\/wp\/v2\/pages\/1673"}],"wp:attachment":[{"href":"https:\/\/agora.xtec.cat\/ceip-mcinto-verdaguer\/wp-json\/wp\/v2\/media?parent=1690"}],"curies":[{"name":"wp","href":"https:\/\/api.w.org\/{rel}","templated":true}]}}