{"id":1687,"date":"2016-04-27T08:22:33","date_gmt":"2016-04-27T07:22:33","guid":{"rendered":"http:\/\/agora.xtec.cat\/ceip-mcinto-verdaguer\/intraweb\/el-nostre-nom\/"},"modified":"2016-04-27T08:22:33","modified_gmt":"2016-04-27T07:22:33","slug":"el-nostre-nom","status":"publish","type":"page","link":"https:\/\/agora.xtec.cat\/ceip-mcinto-verdaguer\/intraweb\/el-nostre-nom\/","title":{"rendered":"El nostre nom"},"content":{"rendered":"<p align=\"center\"><font size=\"4\"><font face=\"arial,helvetica,sans-serif\">EL NOM DE L\u2019ESCOLA<\/font><\/font>\n<\/p>\n<p><font face=\"arial,helvetica,sans-serif\" size=\"3\">Quan el 1931 l\u2019edifici pass\u00e0 a ser un centre escolar, <\/font><font size=\"3\"><font face=\"arial,helvetica,sans-serif\">la Comissi\u00f3 de Cultura de l\u2019Ajuntament de Barcelona va ser&nbsp; qui va demanar que el nou grup escolar port\u00e9s el nom de Moss\u00e8n Jacint Verdaguer, at\u00e8s que a m\u00e9s de ser un excels poeta, havia cantat les belleses de Montju\u00efc i la grandesa de Barcelona.<\/font><\/font>\n<\/p>\n<p>&nbsp;\n<\/p>\n<p><strong><em><font size=\"3\"><font face=\"arial,helvetica,sans-serif\">J<\/font><\/font><font face=\"arial,helvetica,sans-serif\" size=\"3\">acint Verdaguer (Folgueroles, 1845 &#8211; Vil\u00b7la Joana, Vallvidrera, 1902).<img loading=\"lazy\" decoding=\"async\" <img loading=\"lazy\" decoding=\"async\" src=\"http:\/\/agora.xtec.cat\/ceip-mcinto-verdaguer\/wp-content\/uploads\/usu657\/2016\/04\/barretina_inici.jpg\" width=\"176\" align=\"right\" height=\"237\" \/><\/font><\/em><\/strong>\n<\/p>\n<p><font face=\"arial,helvetica,sans-serif\" size=\"3\">Jacint Verdaguer est\u00e0 considerat el poeta m\u00e9s destacat de la&nbsp;<a><\/a>Renaixen\u00e7a;&nbsp; va n\u00e9ixer a Folgueroles, un poble de la plana de Vic, l&#8217;any 1845. El seu pare feia de pag\u00e8s i tamb\u00e9 de picapedrer i la seva mare s&#8217;ocupava de les feines de la llar. Tingu\u00e9 vuit germans m\u00e9s, dels quals nom\u00e9s tres arribaren a grans.<\/font><font size=\"3\"><font face=\"arial,helvetica,sans-serif\"> La seva fam\u00edlia tenia profundes conviccions religioses i als 10 anys va entrar al seminari de Vic.<\/font><\/font> <font face=\"arial,helvetica,sans-serif\" size=\"3\">Escriv\u00ed els seus primers textos quan tenia 15 anys. <\/font><br \/>\n  <br \/><font face=\"arial,helvetica,sans-serif\" size=\"3\"><\/font>\n<\/p>\n<p><font face=\"arial,helvetica,sans-serif\" size=\"3\">L&#8217;any 1864 concursa per primera vegada als Jocs Florals, per\u00f2 els seus poemes passen desapercebuts. En canvi, l&#8217;any seg\u00fcent presenta quatre composicions i dues s\u00f3n premiades.&nbsp;Verdaguer va a recollir els premis i causa sensaci\u00f3 quan es presenta amb el vestit t\u00edpic de la pagesia, amb la roba de pana i la barretina vermella, perqu\u00e8 per fi els participants veuen com la Catalunya rural que ells sovint celebren en els seus poemes s&#8217;incorpora directament al m\u00f3n de la poesia. Al mateix temps \u00e9s una \u00e8poca d&#8217;una certa crisi en els estudis, els suspenen de Teologia, segurament pel seu atreviment a concursar i, a m\u00e9s, per fer-ho amb poemes patri\u00f2tics i no religiosos i pel fet d&#8217;anar a buscar els premis. <\/font>\n<\/p>\n<p><font face=\"arial,helvetica,sans-serif\" size=\"3\"><br \/>\n  <br \/> <\/font><font face=\"arial,helvetica,sans-serif\" size=\"3\"><img loading=\"lazy\" decoding=\"async\" <img loading=\"lazy\" decoding=\"async\" src=\"http:\/\/agora.xtec.cat\/ceip-mcinto-verdaguer\/wp-content\/uploads\/usu657\/2016\/04\/jacintverdabutaca.jpg\" vspace=\"5\" width=\"167\" align=\"left\" height=\"216\" hspace=\"5\" \/><\/font><font face=\"arial,helvetica,sans-serif\" size=\"3\"> L&#8217;any 1886 presenta 6 composicions i obt\u00e9 quatre premis (diversos acc\u00e8ssits).<\/font>\n<\/p>\n<p><font face=\"arial,helvetica,sans-serif\" size=\"3\">Poeta catal\u00e0 de m\u00e9s d&#8217;un registre, prosista de notes de viatges, de textos combatius a la premsa di\u00e0ria, folklorista i traductor. Representa el do de la paraula amb imatges \u00faniques, sensibles i exacerbades, reflectint la complexitat i riquesa del mar, de la muntanya, dels boscos, dels rius, de la vegetaci\u00f3, de la fauna i de les persones a partir de les seves viv\u00e8ncies.<\/font>\n<\/p>\n<p><\/p>\n","protected":false},"excerpt":{"rendered":"<p>EL NOM DE L\u2019ESCOLA Quan el 1931 l\u2019edifici pass\u00e0 a ser un centre escolar, la Comissi\u00f3 de Cultura de l\u2019Ajuntament de Barcelona va ser&nbsp; qui va demanar que el nou grup escolar port\u00e9s el nom de Moss\u00e8n Jacint Verdaguer, at\u00e8s que a m\u00e9s de ser un excels poeta, havia cantat les belleses de Montju\u00efc i [&hellip;]<\/p>\n","protected":false},"author":3,"featured_media":0,"parent":1673,"menu_order":0,"comment_status":"open","ping_status":"open","template":"page-templates\/side-menu.php","meta":{"_bbp_topic_count":0,"_bbp_reply_count":0,"_bbp_total_topic_count":0,"_bbp_total_reply_count":0,"_bbp_voice_count":0,"_bbp_anonymous_reply_count":0,"_bbp_topic_count_hidden":0,"_bbp_reply_count_hidden":0,"_bbp_forum_subforum_count":0,"site-sidebar-layout":"default","site-content-layout":"","ast-site-content-layout":"","site-content-style":"default","site-sidebar-style":"default","ast-global-header-display":"","ast-banner-title-visibility":"","ast-main-header-display":"","ast-hfb-above-header-display":"","ast-hfb-below-header-display":"","ast-hfb-mobile-header-display":"","site-post-title":"","ast-breadcrumbs-content":"","ast-featured-img":"","footer-sml-layout":"","theme-transparent-header-meta":"","adv-header-id-meta":"","stick-header-meta":"","header-above-stick-meta":"","header-main-stick-meta":"","header-below-stick-meta":"","astra-migrate-meta-layouts":"default","ast-page-background-enabled":"default","ast-page-background-meta":{"desktop":{"background-color":"var(--ast-global-color-4)","background-image":"","background-repeat":"repeat","background-position":"center center","background-size":"auto","background-attachment":"scroll","background-type":"","background-media":"","overlay-type":"","overlay-color":"","overlay-opacity":"","overlay-gradient":""},"tablet":{"background-color":"","background-image":"","background-repeat":"repeat","background-position":"center center","background-size":"auto","background-attachment":"scroll","background-type":"","background-media":"","overlay-type":"","overlay-color":"","overlay-opacity":"","overlay-gradient":""},"mobile":{"background-color":"","background-image":"","background-repeat":"repeat","background-position":"center center","background-size":"auto","background-attachment":"scroll","background-type":"","background-media":"","overlay-type":"","overlay-color":"","overlay-opacity":"","overlay-gradient":""}},"ast-content-background-meta":{"desktop":{"background-color":"var(--ast-global-color-5)","background-image":"","background-repeat":"repeat","background-position":"center center","background-size":"auto","background-attachment":"scroll","background-type":"","background-media":"","overlay-type":"","overlay-color":"","overlay-opacity":"","overlay-gradient":""},"tablet":{"background-color":"var(--ast-global-color-5)","background-image":"","background-repeat":"repeat","background-position":"center center","background-size":"auto","background-attachment":"scroll","background-type":"","background-media":"","overlay-type":"","overlay-color":"","overlay-opacity":"","overlay-gradient":""},"mobile":{"background-color":"var(--ast-global-color-5)","background-image":"","background-repeat":"repeat","background-position":"center center","background-size":"auto","background-attachment":"scroll","background-type":"","background-media":"","overlay-type":"","overlay-color":"","overlay-opacity":"","overlay-gradient":""}},"footnotes":""},"class_list":["post-1687","page","type-page","status-publish","hentry"],"post_mailing_queue_ids":[],"_links":{"self":[{"href":"https:\/\/agora.xtec.cat\/ceip-mcinto-verdaguer\/wp-json\/wp\/v2\/pages\/1687","targetHints":{"allow":["GET"]}}],"collection":[{"href":"https:\/\/agora.xtec.cat\/ceip-mcinto-verdaguer\/wp-json\/wp\/v2\/pages"}],"about":[{"href":"https:\/\/agora.xtec.cat\/ceip-mcinto-verdaguer\/wp-json\/wp\/v2\/types\/page"}],"author":[{"embeddable":true,"href":"https:\/\/agora.xtec.cat\/ceip-mcinto-verdaguer\/wp-json\/wp\/v2\/users\/3"}],"replies":[{"embeddable":true,"href":"https:\/\/agora.xtec.cat\/ceip-mcinto-verdaguer\/wp-json\/wp\/v2\/comments?post=1687"}],"version-history":[{"count":0,"href":"https:\/\/agora.xtec.cat\/ceip-mcinto-verdaguer\/wp-json\/wp\/v2\/pages\/1687\/revisions"}],"up":[{"embeddable":true,"href":"https:\/\/agora.xtec.cat\/ceip-mcinto-verdaguer\/wp-json\/wp\/v2\/pages\/1673"}],"wp:attachment":[{"href":"https:\/\/agora.xtec.cat\/ceip-mcinto-verdaguer\/wp-json\/wp\/v2\/media?parent=1687"}],"curies":[{"name":"wp","href":"https:\/\/api.w.org\/{rel}","templated":true}]}}