{"id":1679,"date":"2016-04-27T08:21:53","date_gmt":"2016-04-27T07:21:53","guid":{"rendered":"http:\/\/agora.xtec.cat\/ceip-mcinto-verdaguer\/intraweb\/trets-didentitat\/"},"modified":"2016-04-27T08:21:53","modified_gmt":"2016-04-27T07:21:53","slug":"trets-didentitat","status":"publish","type":"page","link":"https:\/\/agora.xtec.cat\/ceip-mcinto-verdaguer\/intraweb\/trets-didentitat\/","title":{"rendered":"Trets d&#8217;identitat"},"content":{"rendered":"<p align=\"center\">&nbsp;<font size=\"4\"><font face=\"arial,helvetica,sans-serif\"><strong>TRETS D\u2019IDENTITAT<br \/>\n  <br \/><\/strong><\/font><\/font>\n<\/p>\n<p>&nbsp;\n<\/p>\n<div align=\"justify\">\n<p><font face=\"arial,helvetica,sans-serif\" size=\"3\"><strong><em><font face=\"arial,helvetica,sans-serif\">L\u2019Escola Moss\u00e8n Jacint Verdaguer \u00e9s una escola que\u2026<\/font><\/em><\/strong>&nbsp; <\/font> <font face=\"arial,helvetica,sans-serif\" size=\"3\"><\/font>\n  <\/p>\n<ul>\n<li><font face=\"arial,helvetica,sans-serif\" size=\"3\">Compta amb els pares en l\u2019acci\u00f3 educativa. <\/font><\/li>\n<li><font face=\"arial,helvetica,sans-serif\" size=\"3\">Treballa en equip, comparteix, col\u00b7labora, consensua fomentant l\u2019esperit cr\u00edtic. El&nbsp; di\u00e0leg \u00e9s l\u2019eina de treball. <\/font><\/li>\n<li><font face=\"arial,helvetica,sans-serif\" size=\"3\">\u00c9s una escola integradora, laica, pluralista, democr\u00e0tica, oberta a les fam\u00edlies i als canvis socials del seu entorn. <\/font><\/li>\n<li><font face=\"arial,helvetica,sans-serif\" size=\"3\">Fomenta la qualitat de l\u2019educaci\u00f3 donant eines per saber interpretar l\u2019entorn, amb observaci\u00f3 directa per aconseguir un aprenentatge&nbsp; significatiu. <\/font><\/li>\n<li><font face=\"arial,helvetica,sans-serif\" size=\"3\">Forma nois i noies capa\u00e7os d\u2019integrar-se en la societat tot assumint els reptes del seu futur acad\u00e8mic. <\/font><\/li>\n<li><font face=\"arial,helvetica,sans-serif\" size=\"3\">Potencia la conviv\u00e8ncia i l\u2019esperit de col\u00b7laboraci\u00f3 entre tota la comunitat educativa i l\u2019aprenentatge entre iguals. Vetlla per l\u2019adquisici\u00f3 de l\u2019autonomia personal. <\/font><\/li>\n<li><font face=\"arial,helvetica,sans-serif\" size=\"3\">El catal\u00e0 \u00e9s la llengua pr\u00f2pia de l\u2019escola. La llengua castellana s\u2019introdueix al 1r. curs i la llengua anglesa a p\u00e0rvuls 4 anys. <\/font><\/li>\n<li><font face=\"arial,helvetica,sans-serif\" size=\"3\">Es treballa l\u2019\u00e0rea de matem\u00e0tiques en grups redu\u00efts adequats al nivell de l\u2019alumne. <\/font><\/li>\n<li><font face=\"arial,helvetica,sans-serif\" size=\"3\">Estableix m\u00e8todes d\u2019avaluaci\u00f3 individualitzats per determinar el grau d\u2019assoliment dels objectius plantejats. <\/font><\/li>\n<li><font face=\"arial,helvetica,sans-serif\" size=\"3\">At\u00e9n i s\u2019enriqueix en la diversitat dels alumnes tant a nivell cultural com en els aprenentatges. Disposa de dues especialistes d\u2019Educaci\u00f3 Especial i d\u2019un servei d\u2019assessorament Psicopedag\u00f2gic. <\/font><\/li>\n<li><font face=\"arial,helvetica,sans-serif\" size=\"3\">Fa \u00fas de les noves tecnologies, com una eina m\u00e9s en el proc\u00e9s d\u2019aprenentatge. <\/font><\/li>\n<li><font face=\"arial,helvetica,sans-serif\" size=\"3\">Afavoreix la comprensi\u00f3 i l\u2019expressi\u00f3 orals en el taller de teatre, que tamb\u00e9 aporta, a m\u00e9s del seu valor cultural per definici\u00f3, un coneixement de les emocions i sentiments que fomenta una relaci\u00f3 solid\u00e0ria amb la resta del grup. <\/font><\/li>\n<li><font face=\"arial,helvetica,sans-serif\" size=\"3\">Fomenta l\u2019educaci\u00f3 art\u00edstica amb la pr\u00e0ctica de danses i l\u2019aprenentatge de disciplines musicals com el cant coral i la flauta. <\/font><\/li>\n<li><font face=\"arial,helvetica,sans-serif\" size=\"3\">Organitza, sortides educatives a tots els nivells, col\u00f2nies a final de cicle \u2013 P.5, 2n, 4t i 6\u00e8-, i celebra les festes tradicionals (el ti\u00f3, St. Jordi, etc.) <\/font><\/li>\n<li><font face=\"arial,helvetica,sans-serif\" size=\"3\">Participa amb diferents entitats (\u201cEl pa\u00eds a l\u2019escola\u201d, associacions del barri) i institucions (Ajuntament de BCN), en diverses activitats acad\u00e8miques: piscina a 1r, danses a 1r, 2n i 3r. I com escola sostenible participa en l\u2019AGENDA 21 escolar. <\/font><\/li>\n<li><font face=\"arial,helvetica,sans-serif\" size=\"3\">El curs 2004-05 ha estat guardonada amb el premi Baldiri Reixach <\/font><\/li>\n<li><font face=\"arial,helvetica,sans-serif\" size=\"3\">Fomenta la lectura i la recerca d\u2019informaci\u00f3 tot participant en el projecte de biblioteques Puntedu. <\/font><\/li>\n<li><font face=\"arial,helvetica,sans-serif\" size=\"3\">Disposa d\u2019aula d\u2019inform\u00e0tica, ci\u00e8ncies, psicomotricitat, aula d\u2019acollida, un petit hort i dos patis, un d\u2019ells, destinat als m\u00e9s petits, amb sorral. <\/font><\/li>\n<li><font face=\"arial,helvetica,sans-serif\" size=\"3\">Compta amb una AMPA que participa activament en la marxa de l\u2019escola i organitza l\u2019acollida matinal i les activitats extraescolars. <\/font><\/li>\n<li><font face=\"arial,helvetica,sans-serif\" size=\"3\">Fomenta la reutilitzaci\u00f3 dels llibres de text per tal de col\u00b7laborar en la reducci\u00f3 del cost dels llibres i en la sostenibilitat del planeta. <\/font><\/li>\n<li><font face=\"arial,helvetica,sans-serif\" size=\"3\">Participa en les activitats que programen les entitats del barri amb la finalitat de fomentar la cohesi\u00f3 social de les fam\u00edlies amb l\u2019entorn escolar i ciutad\u00e0.<\/font><\/li>\n<\/ul>\n<\/div>\n<p><\/p>\n","protected":false},"excerpt":{"rendered":"<p>&nbsp;TRETS D\u2019IDENTITAT &nbsp; L\u2019Escola Moss\u00e8n Jacint Verdaguer \u00e9s una escola que\u2026&nbsp; Compta amb els pares en l\u2019acci\u00f3 educativa. Treballa en equip, comparteix, col\u00b7labora, consensua fomentant l\u2019esperit cr\u00edtic. El&nbsp; di\u00e0leg \u00e9s l\u2019eina de treball. \u00c9s una escola integradora, laica, pluralista, democr\u00e0tica, oberta a les fam\u00edlies i als canvis socials del seu entorn. Fomenta la qualitat de [&hellip;]<\/p>\n","protected":false},"author":1,"featured_media":0,"parent":1673,"menu_order":0,"comment_status":"open","ping_status":"open","template":"page-templates\/side-menu.php","meta":{"_bbp_topic_count":0,"_bbp_reply_count":0,"_bbp_total_topic_count":0,"_bbp_total_reply_count":0,"_bbp_voice_count":0,"_bbp_anonymous_reply_count":0,"_bbp_topic_count_hidden":0,"_bbp_reply_count_hidden":0,"_bbp_forum_subforum_count":0,"site-sidebar-layout":"default","site-content-layout":"","ast-site-content-layout":"","site-content-style":"default","site-sidebar-style":"default","ast-global-header-display":"","ast-banner-title-visibility":"","ast-main-header-display":"","ast-hfb-above-header-display":"","ast-hfb-below-header-display":"","ast-hfb-mobile-header-display":"","site-post-title":"","ast-breadcrumbs-content":"","ast-featured-img":"","footer-sml-layout":"","theme-transparent-header-meta":"","adv-header-id-meta":"","stick-header-meta":"","header-above-stick-meta":"","header-main-stick-meta":"","header-below-stick-meta":"","astra-migrate-meta-layouts":"default","ast-page-background-enabled":"default","ast-page-background-meta":{"desktop":{"background-color":"var(--ast-global-color-4)","background-image":"","background-repeat":"repeat","background-position":"center center","background-size":"auto","background-attachment":"scroll","background-type":"","background-media":"","overlay-type":"","overlay-color":"","overlay-opacity":"","overlay-gradient":""},"tablet":{"background-color":"","background-image":"","background-repeat":"repeat","background-position":"center center","background-size":"auto","background-attachment":"scroll","background-type":"","background-media":"","overlay-type":"","overlay-color":"","overlay-opacity":"","overlay-gradient":""},"mobile":{"background-color":"","background-image":"","background-repeat":"repeat","background-position":"center center","background-size":"auto","background-attachment":"scroll","background-type":"","background-media":"","overlay-type":"","overlay-color":"","overlay-opacity":"","overlay-gradient":""}},"ast-content-background-meta":{"desktop":{"background-color":"var(--ast-global-color-5)","background-image":"","background-repeat":"repeat","background-position":"center center","background-size":"auto","background-attachment":"scroll","background-type":"","background-media":"","overlay-type":"","overlay-color":"","overlay-opacity":"","overlay-gradient":""},"tablet":{"background-color":"var(--ast-global-color-5)","background-image":"","background-repeat":"repeat","background-position":"center center","background-size":"auto","background-attachment":"scroll","background-type":"","background-media":"","overlay-type":"","overlay-color":"","overlay-opacity":"","overlay-gradient":""},"mobile":{"background-color":"var(--ast-global-color-5)","background-image":"","background-repeat":"repeat","background-position":"center center","background-size":"auto","background-attachment":"scroll","background-type":"","background-media":"","overlay-type":"","overlay-color":"","overlay-opacity":"","overlay-gradient":""}},"footnotes":""},"class_list":["post-1679","page","type-page","status-publish","hentry"],"post_mailing_queue_ids":[],"_links":{"self":[{"href":"https:\/\/agora.xtec.cat\/ceip-mcinto-verdaguer\/wp-json\/wp\/v2\/pages\/1679","targetHints":{"allow":["GET"]}}],"collection":[{"href":"https:\/\/agora.xtec.cat\/ceip-mcinto-verdaguer\/wp-json\/wp\/v2\/pages"}],"about":[{"href":"https:\/\/agora.xtec.cat\/ceip-mcinto-verdaguer\/wp-json\/wp\/v2\/types\/page"}],"author":[{"embeddable":true,"href":"https:\/\/agora.xtec.cat\/ceip-mcinto-verdaguer\/wp-json\/wp\/v2\/users\/1"}],"replies":[{"embeddable":true,"href":"https:\/\/agora.xtec.cat\/ceip-mcinto-verdaguer\/wp-json\/wp\/v2\/comments?post=1679"}],"version-history":[{"count":0,"href":"https:\/\/agora.xtec.cat\/ceip-mcinto-verdaguer\/wp-json\/wp\/v2\/pages\/1679\/revisions"}],"up":[{"embeddable":true,"href":"https:\/\/agora.xtec.cat\/ceip-mcinto-verdaguer\/wp-json\/wp\/v2\/pages\/1673"}],"wp:attachment":[{"href":"https:\/\/agora.xtec.cat\/ceip-mcinto-verdaguer\/wp-json\/wp\/v2\/media?parent=1679"}],"curies":[{"name":"wp","href":"https:\/\/api.w.org\/{rel}","templated":true}]}}