{"id":1678,"date":"2016-04-27T08:21:53","date_gmt":"2016-04-27T07:21:53","guid":{"rendered":"http:\/\/agora.xtec.cat\/ceip-mcinto-verdaguer\/intraweb\/contacta-amb-nosaltres\/"},"modified":"2016-04-27T08:21:53","modified_gmt":"2016-04-27T07:21:53","slug":"contacta-amb-nosaltres","status":"publish","type":"page","link":"https:\/\/agora.xtec.cat\/ceip-mcinto-verdaguer\/intraweb\/contacta-amb-nosaltres\/","title":{"rendered":"Contacta amb nosaltres"},"content":{"rendered":"<p align=\"center\"><font size=\"4\"><font face=\"arial,helvetica,sans-serif\"><strong>CONTACTA AMB NOSALTRES<\/strong><\/font><\/font>  <\/p>\n<\/p>\n<p style=\"background-color: #ffffff; \"><strong><font size=\"3\"><font face=\"arial,helvetica,sans-serif\">ADRE\u00c7A&nbsp;&nbsp;&nbsp;&nbsp;&nbsp;&nbsp;&nbsp;&nbsp;&nbsp;&nbsp; <\/font><\/font><\/strong><font size=\"3\"><font face=\"arial,helvetica,sans-serif\">Carr<\/font><\/font><font size=\"3\"><font face=\"arial,helvetica,sans-serif\">er Lleida<\/font><\/font><strong><font size=\"3\"><font face=\"arial,helvetica,sans-serif\"> <\/font><\/font><\/strong><font size=\"3\"><font face=\"arial,helvetica,sans-serif\">32<\/font><\/font> <\/p>\n<blockquote style=\"background-color: #ffffff; \">\n<blockquote>\n<blockquote>\n<p><font size=\"3\"><font face=\"arial,helvetica,sans-serif\">08004 &#8211; Barcelona<\/font><\/font><strong><font size=\"3\"><font face=\"arial,helvetica,sans-serif\"> <\/font><\/font><\/strong> <\/p>\n<p><strong><font size=\"3\"><font face=\"arial,helvetica,sans-serif\"> <br \/><\/font><\/font><\/strong> <\/p>\n<\/blockquote>\n<\/blockquote>\n<\/blockquote>\n<p style=\"background-color: #ffffff; \"><font face=\"arial,helvetica,sans-serif\" size=\"3\"><strong>TEL\u00c8FON<\/strong> <\/font><font face=\"arial,helvetica,sans-serif\" size=\"3\">&nbsp; 93 424 02 01<\/font> <\/p>\n<p style=\"background-color: #ffffff; \">\n<p style=\"background-color: #ffffff; \"><font face=\"arial,helvetica,sans-serif\" size=\"3\"><strong>FAX<\/strong> &nbsp;&nbsp;&nbsp; 93 424 02 01<\/font> <\/p>\n<p style=\"background-color: #ffffff; \">\n<p style=\"background-color: #ffffff; \"><font face=\"arial,helvetica,sans-serif\" size=\"3\"><strong>CORREU ELECTR\u00d2NIC<\/strong> <a href=\"\/ceip-mcinto-verdaguer\/intranet\/index.php?module=formicula\"> <\/a><a href=\"\/ceip-mcinto-verdaguer\/intranet\/index.php?module=formicula\">a8001649@xtec.cat<\/a><\/font><\/p>\n<p><img decoding=\"async\" <img decoding=\"async\" src=\"http:\/\/agora.xtec.cat\/ceip-mcinto-verdaguer\/wp-content\/uploads\/usu657\/2016\/04\/mail.png\" hspace=\"10\" vspace=\"10\" align=\"left\" \/> <\/p>\n<blockquote>\n<blockquote>\n<blockquote>\n<blockquote>\n<blockquote>\n<p><font face=\"arial,helvetica,sans-serif\" size=\"3\">&nbsp;(Per <\/font><font face=\"arial,helvetica,sans-serif\" size=\"3\">q\u00fcestions relacionades amb l\u2019escola, escolliu <em>\u201cEscola\u201d<\/em> en el formulari; per aspectes relacionats amb el funcionament de la intranet, trieu la opci\u00f3<em>\u201cWebmaster\u201d<\/em>)<\/font>  <\/p>\n<\/blockquote>\n<\/blockquote>\n<\/blockquote>\n<\/blockquote>\n<\/blockquote>\n<p><\/p>\n","protected":false},"excerpt":{"rendered":"<p>CONTACTA AMB NOSALTRES ADRE\u00c7A&nbsp;&nbsp;&nbsp;&nbsp;&nbsp;&nbsp;&nbsp;&nbsp;&nbsp;&nbsp; Carrer Lleida 32 08004 &#8211; Barcelona TEL\u00c8FON &nbsp; 93 424 02 01 FAX &nbsp;&nbsp;&nbsp; 93 424 02 01 CORREU ELECTR\u00d2NIC a8001649@xtec.cat<\/p>\n","protected":false},"author":1,"featured_media":0,"parent":1673,"menu_order":0,"comment_status":"open","ping_status":"open","template":"page-templates\/side-menu.php","meta":{"_bbp_topic_count":0,"_bbp_reply_count":0,"_bbp_total_topic_count":0,"_bbp_total_reply_count":0,"_bbp_voice_count":0,"_bbp_anonymous_reply_count":0,"_bbp_topic_count_hidden":0,"_bbp_reply_count_hidden":0,"_bbp_forum_subforum_count":0,"site-sidebar-layout":"default","site-content-layout":"","ast-site-content-layout":"","site-content-style":"default","site-sidebar-style":"default","ast-global-header-display":"","ast-banner-title-visibility":"","ast-main-header-display":"","ast-hfb-above-header-display":"","ast-hfb-below-header-display":"","ast-hfb-mobile-header-display":"","site-post-title":"","ast-breadcrumbs-content":"","ast-featured-img":"","footer-sml-layout":"","theme-transparent-header-meta":"","adv-header-id-meta":"","stick-header-meta":"","header-above-stick-meta":"","header-main-stick-meta":"","header-below-stick-meta":"","astra-migrate-meta-layouts":"default","ast-page-background-enabled":"default","ast-page-background-meta":{"desktop":{"background-color":"var(--ast-global-color-4)","background-image":"","background-repeat":"repeat","background-position":"center center","background-size":"auto","background-attachment":"scroll","background-type":"","background-media":"","overlay-type":"","overlay-color":"","overlay-opacity":"","overlay-gradient":""},"tablet":{"background-color":"","background-image":"","background-repeat":"repeat","background-position":"center center","background-size":"auto","background-attachment":"scroll","background-type":"","background-media":"","overlay-type":"","overlay-color":"","overlay-opacity":"","overlay-gradient":""},"mobile":{"background-color":"","background-image":"","background-repeat":"repeat","background-position":"center center","background-size":"auto","background-attachment":"scroll","background-type":"","background-media":"","overlay-type":"","overlay-color":"","overlay-opacity":"","overlay-gradient":""}},"ast-content-background-meta":{"desktop":{"background-color":"var(--ast-global-color-5)","background-image":"","background-repeat":"repeat","background-position":"center center","background-size":"auto","background-attachment":"scroll","background-type":"","background-media":"","overlay-type":"","overlay-color":"","overlay-opacity":"","overlay-gradient":""},"tablet":{"background-color":"var(--ast-global-color-5)","background-image":"","background-repeat":"repeat","background-position":"center center","background-size":"auto","background-attachment":"scroll","background-type":"","background-media":"","overlay-type":"","overlay-color":"","overlay-opacity":"","overlay-gradient":""},"mobile":{"background-color":"var(--ast-global-color-5)","background-image":"","background-repeat":"repeat","background-position":"center center","background-size":"auto","background-attachment":"scroll","background-type":"","background-media":"","overlay-type":"","overlay-color":"","overlay-opacity":"","overlay-gradient":""}},"footnotes":""},"class_list":["post-1678","page","type-page","status-publish","hentry"],"post_mailing_queue_ids":[],"_links":{"self":[{"href":"https:\/\/agora.xtec.cat\/ceip-mcinto-verdaguer\/wp-json\/wp\/v2\/pages\/1678","targetHints":{"allow":["GET"]}}],"collection":[{"href":"https:\/\/agora.xtec.cat\/ceip-mcinto-verdaguer\/wp-json\/wp\/v2\/pages"}],"about":[{"href":"https:\/\/agora.xtec.cat\/ceip-mcinto-verdaguer\/wp-json\/wp\/v2\/types\/page"}],"author":[{"embeddable":true,"href":"https:\/\/agora.xtec.cat\/ceip-mcinto-verdaguer\/wp-json\/wp\/v2\/users\/1"}],"replies":[{"embeddable":true,"href":"https:\/\/agora.xtec.cat\/ceip-mcinto-verdaguer\/wp-json\/wp\/v2\/comments?post=1678"}],"version-history":[{"count":0,"href":"https:\/\/agora.xtec.cat\/ceip-mcinto-verdaguer\/wp-json\/wp\/v2\/pages\/1678\/revisions"}],"up":[{"embeddable":true,"href":"https:\/\/agora.xtec.cat\/ceip-mcinto-verdaguer\/wp-json\/wp\/v2\/pages\/1673"}],"wp:attachment":[{"href":"https:\/\/agora.xtec.cat\/ceip-mcinto-verdaguer\/wp-json\/wp\/v2\/media?parent=1678"}],"curies":[{"name":"wp","href":"https:\/\/api.w.org\/{rel}","templated":true}]}}