{"id":1676,"date":"2016-04-27T08:21:48","date_gmt":"2016-04-27T07:21:48","guid":{"rendered":"http:\/\/agora.xtec.cat\/ceip-mcinto-verdaguer\/intraweb\/el-nostre-barri\/"},"modified":"2016-04-27T08:21:48","modified_gmt":"2016-04-27T07:21:48","slug":"el-nostre-barri","status":"publish","type":"page","link":"https:\/\/agora.xtec.cat\/ceip-mcinto-verdaguer\/intraweb\/el-nostre-barri\/","title":{"rendered":"El nostre barri"},"content":{"rendered":"<p align=\"center\"><strong><font size=\"4\"><font face=\"arial,helvetica,sans-serif\">EL NOSTRE BARRI<\/font><\/font><\/strong> <\/p>\n<\/p>\n<p align=\"center\"><font size=\"3\" face=\"arial,helvetica,sans-serif\"><img loading=\"lazy\" decoding=\"async\" height=\"155\" width=\"178\" <img loading=\"lazy\" decoding=\"async\" src=\"http:\/\/agora.xtec.cat\/ceip-mcinto-verdaguer\/wp-content\/uploads\/usu657\/2016\/04\/mercat_de_les_flors.jpg\" alt=\"Mercat de les Flors\" \/><\/font> <\/p>\n<div align=\"center\"> <\/div>\n<p> <font size=\"3\" face=\"arial,helvetica,sans-serif\">El Poble Sec, ocupa una estreta franja urbana que s&#8217;est\u00e9n des del peu de la muntanya de Montju\u00efc fins al Paral\u00b7lel. Des del 1984 est\u00e0 adscrit al districte de Sants-Montju\u00efc.&nbsp;<\/font> <\/p>\n<div align=\"justify\"> <\/div>\n<p align=\"justify\"><font size=\"3\" face=\"arial,helvetica,sans-serif\">Delimiten el barri el passeig de Josep Carner, l&#8217;avinguda Paral\u00b7lel, el carrer de Lleida i el passeig de Santa Madrona i la muntanya i el passeig de <\/font><font size=\"3\" face=\"arial,helvetica,sans-serif\">Montju\u00efc.&nbsp;<\/font> <\/p>\n<div align=\"justify\"> <\/div>\n<p><font size=\"3\" face=\"arial,helvetica,sans-serif\">El nom de Poble Sec t\u00e9 diferents versions. Es diu que prov\u00e9 del fet que durant una \u00e8poca es va fer una explotaci\u00f3<\/font><img decoding=\"async\" <img decoding=\"async\" src=\"http:\/\/agora.xtec.cat\/ceip-mcinto-verdaguer\/wp-content\/uploads\/usu657\/2016\/04\/Casarramona.jpg\" alt=\"Casarramona.jpg\" title=\"Casarramona.jpg\" align=\"right\" \/> <\/p>\n<div align=\"left\"><\/div>\n<p><font size=\"3\" face=\"arial,helvetica,sans-serif\"><\/font><font size=\"3\" face=\"arial,helvetica,sans-serif\">excesiva&nbsp;<\/font><font size=\"3\" face=\"arial,helvetica,sans-serif\">d&#8217;aquestes terres i que finalment van patir problemes d&#8217;aigua.&nbsp;<\/font><\/p>\n<p><font size=\"3\" face=\"arial,helvetica,sans-serif\"><\/font><font size=\"3\" face=\"arial,helvetica,sans-serif\" style=\"text-align: -webkit-left; \">Al nostre v<\/font><font size=\"3\" face=\"arial,helvetica,sans-serif\" style=\"text-align: -webkit-left; \">o<\/font><font size=\"3\" face=\"arial,helvetica,sans-serif\" style=\"text-align: -webkit-left; \">ltant podem trobar edificis hist\u00f2rics molt importants,com per exemple <\/font><font size=\"3\" face=\"arial,helvetica,sans-serif\" style=\"text-align: -webkit-left; \">l&#8217;antiga<\/font><font size=\"3\" face=\"arial,helvetica,sans-serif\" style=\"text-align: -webkit-left; \"> <\/font><font size=\"3\" face=\"arial,helvetica,sans-serif\" style=\"text-align: -webkit-left; \">Casaramona seu de la&nbsp;<\/font><font size=\"3\" face=\"arial,helvetica,sans-serif\" style=\"text-align: -webkit-left; \">Fundaci\u00f3<\/font><font size=\"3\" face=\"arial,helvetica,sans-serif\" style=\"text-align: -webkit-left; \">La Caix<\/font><font size=\"3\" face=\"arial,helvetica,sans-serif\" style=\"text-align: -webkit-left; \">a,<\/font><font size=\"3\" face=\"arial,helvetica,sans-serif\" style=\"text-align: -webkit-left; \">&nbsp;el Palau Nacional on est\u00e0<\/font><font size=\"3\" face=\"arial,helvetica,sans-serif\" style=\"text-align: -webkit-left; \">&nbsp;ubicat el Museu Nacional d&#8217;Art de Catalu<\/font><font size=\"3\" face=\"arial,helvetica,sans-serif\" style=\"text-align: -webkit-left; \">nya,el Mercat de les Flors on s\u00b4ha instal\u00b7lat l&#8217; Institut del Teatre i finalment no<\/font><font size=\"3\" face=\"arial,helvetica,sans-serif\" style=\"text-align: -webkit-left; \"> p<\/font><font size=\"3\" face=\"arial,helvetica,sans-serif\" style=\"text-align: -webkit-left; \">odem oblidar les Fonts de Montju\u00efc que ofereixen un marc incomparabl<\/font><font size=\"3\" face=\"arial,helvetica,sans-serif\" style=\"text-align: -webkit-left; \">e a la ciutat i a <\/font><font size=\"3\" face=\"arial,helvetica,sans-serif\" style=\"text-align: -webkit-left; \">la seu de la Fira internacional <\/font><font size=\"3\" face=\"arial,helvetica,sans-serif\" style=\"text-align: -webkit-left; \">de Barcelona.<\/font><\/p>\n<div>\n<div align=\"left\">\n<p><font face=\"arial, helvetica, sans-serif\"><font size=\"3\"><\/font><\/font><\/p>\n<p><font size=\"3\" face=\"arial,helvetica,sans-serif\"> <\/p>\n<p><\/font><font size=\"3\" face=\"arial,helvetica,sans-serif\"> <\/p>\n<p><\/font> <\/p>\n<p align=\"center\"><font size=\"3\" face=\"arial,helvetica,sans-serif\"><img loading=\"lazy\" decoding=\"async\" height=\"168\" width=\"210\" src=\"\/ceip-mcinto-verdaguer\/intranet\/file.php?file=public\/barri\/pla%E7a_del_sortidor.jpg\" \/><\/font><\/p>\n<p><font size=\"3\" face=\"arial,helvetica,sans-serif\"> <\/p>\n<p>Des d&#8217;el curs 2010-2011, els alumnes de 6\u00e8 desenvolupen un projecte de recerca i descoberta al voltant del barri.<\/p>\n<p>Si en voleu saber m\u00e9s, aqu\u00ed teniu &nbsp;els enlla\u00e7os a la feina realitzada cada curs.<\/p>\n<p><a href=\"https:\/\/sites.google.com\/a\/xtec.cat\/expliquem-el-barri\/\" target=\"_blank\">Curs 2011-2012<\/a><\/p>\n<p><a href=\"http:\/\/www.slideshare.net\/mcintoverdaguer\/descobrim-el-barri\" target=\"_blank\">Curs 2010-2011<\/a> <\/p>\n<\/p>\n<p><\/font>\n    <\/div>\n<p align=\"left\">\n<\/p><\/div>\n<p><\/p>\n","protected":false},"excerpt":{"rendered":"<p>EL NOSTRE BARRI<\/p>\n","protected":false},"author":1,"featured_media":0,"parent":1673,"menu_order":0,"comment_status":"open","ping_status":"open","template":"page-templates\/side-menu.php","meta":{"_bbp_topic_count":0,"_bbp_reply_count":0,"_bbp_total_topic_count":0,"_bbp_total_reply_count":0,"_bbp_voice_count":0,"_bbp_anonymous_reply_count":0,"_bbp_topic_count_hidden":0,"_bbp_reply_count_hidden":0,"_bbp_forum_subforum_count":0,"site-sidebar-layout":"default","site-content-layout":"","ast-site-content-layout":"","site-content-style":"default","site-sidebar-style":"default","ast-global-header-display":"","ast-banner-title-visibility":"","ast-main-header-display":"","ast-hfb-above-header-display":"","ast-hfb-below-header-display":"","ast-hfb-mobile-header-display":"","site-post-title":"","ast-breadcrumbs-content":"","ast-featured-img":"","footer-sml-layout":"","theme-transparent-header-meta":"","adv-header-id-meta":"","stick-header-meta":"","header-above-stick-meta":"","header-main-stick-meta":"","header-below-stick-meta":"","astra-migrate-meta-layouts":"default","ast-page-background-enabled":"default","ast-page-background-meta":{"desktop":{"background-color":"var(--ast-global-color-4)","background-image":"","background-repeat":"repeat","background-position":"center center","background-size":"auto","background-attachment":"scroll","background-type":"","background-media":"","overlay-type":"","overlay-color":"","overlay-opacity":"","overlay-gradient":""},"tablet":{"background-color":"","background-image":"","background-repeat":"repeat","background-position":"center center","background-size":"auto","background-attachment":"scroll","background-type":"","background-media":"","overlay-type":"","overlay-color":"","overlay-opacity":"","overlay-gradient":""},"mobile":{"background-color":"","background-image":"","background-repeat":"repeat","background-position":"center center","background-size":"auto","background-attachment":"scroll","background-type":"","background-media":"","overlay-type":"","overlay-color":"","overlay-opacity":"","overlay-gradient":""}},"ast-content-background-meta":{"desktop":{"background-color":"var(--ast-global-color-5)","background-image":"","background-repeat":"repeat","background-position":"center center","background-size":"auto","background-attachment":"scroll","background-type":"","background-media":"","overlay-type":"","overlay-color":"","overlay-opacity":"","overlay-gradient":""},"tablet":{"background-color":"var(--ast-global-color-5)","background-image":"","background-repeat":"repeat","background-position":"center center","background-size":"auto","background-attachment":"scroll","background-type":"","background-media":"","overlay-type":"","overlay-color":"","overlay-opacity":"","overlay-gradient":""},"mobile":{"background-color":"var(--ast-global-color-5)","background-image":"","background-repeat":"repeat","background-position":"center center","background-size":"auto","background-attachment":"scroll","background-type":"","background-media":"","overlay-type":"","overlay-color":"","overlay-opacity":"","overlay-gradient":""}},"footnotes":""},"class_list":["post-1676","page","type-page","status-publish","hentry"],"post_mailing_queue_ids":[],"_links":{"self":[{"href":"https:\/\/agora.xtec.cat\/ceip-mcinto-verdaguer\/wp-json\/wp\/v2\/pages\/1676","targetHints":{"allow":["GET"]}}],"collection":[{"href":"https:\/\/agora.xtec.cat\/ceip-mcinto-verdaguer\/wp-json\/wp\/v2\/pages"}],"about":[{"href":"https:\/\/agora.xtec.cat\/ceip-mcinto-verdaguer\/wp-json\/wp\/v2\/types\/page"}],"author":[{"embeddable":true,"href":"https:\/\/agora.xtec.cat\/ceip-mcinto-verdaguer\/wp-json\/wp\/v2\/users\/1"}],"replies":[{"embeddable":true,"href":"https:\/\/agora.xtec.cat\/ceip-mcinto-verdaguer\/wp-json\/wp\/v2\/comments?post=1676"}],"version-history":[{"count":0,"href":"https:\/\/agora.xtec.cat\/ceip-mcinto-verdaguer\/wp-json\/wp\/v2\/pages\/1676\/revisions"}],"up":[{"embeddable":true,"href":"https:\/\/agora.xtec.cat\/ceip-mcinto-verdaguer\/wp-json\/wp\/v2\/pages\/1673"}],"wp:attachment":[{"href":"https:\/\/agora.xtec.cat\/ceip-mcinto-verdaguer\/wp-json\/wp\/v2\/media?parent=1676"}],"curies":[{"name":"wp","href":"https:\/\/api.w.org\/{rel}","templated":true}]}}