{"id":12448,"date":"2026-01-19T13:52:39","date_gmt":"2026-01-19T12:52:39","guid":{"rendered":"https:\/\/agora.xtec.cat\/ceip-mcinto-verdaguer\/?page_id=12448"},"modified":"2026-01-28T15:22:14","modified_gmt":"2026-01-28T14:22:14","slug":"portes-obertes","status":"publish","type":"page","link":"https:\/\/agora.xtec.cat\/ceip-mcinto-verdaguer\/preinscripcio-i-matricula\/portes-obertes\/","title":{"rendered":"Portes obertes"},"content":{"rendered":"<p><img loading=\"lazy\" decoding=\"async\" class=\"alignnone size-medium wp-image-12439 aligncenter\" src=\"https:\/\/agora.xtec.cat\/ceip-mcinto-verdaguer\/wp-content\/uploads\/usu657\/2026\/01\/20210121_171704-206x300.png\" alt=\"\" width=\"206\" height=\"300\" srcset=\"https:\/\/agora.xtec.cat\/ceip-mcinto-verdaguer\/wp-content\/uploads\/usu657\/2026\/01\/20210121_171704-206x300.png 206w, https:\/\/agora.xtec.cat\/ceip-mcinto-verdaguer\/wp-content\/uploads\/usu657\/2026\/01\/20210121_171704-704x1024.png 704w, https:\/\/agora.xtec.cat\/ceip-mcinto-verdaguer\/wp-content\/uploads\/usu657\/2026\/01\/20210121_171704.png 742w\" sizes=\"auto, (max-width: 206px) 100vw, 206px\" \/><\/p>\n<h2><strong>Benvingudes i benvinguts a l\u2019Escola Moss\u00e8n Jacint Verdaguer<\/strong><\/h2>\n<p>Gr\u00e0cies pel vostre inter\u00e8s en el nostre projecte educatiu.<\/p>\n<p style=\"text-align: justify;\">Som una escola acollidora i inclusiva qu acompanyem cada infant en el seu desenvolupament. Fomentem l&#8217;autonomia, la col\u00b7laboraci\u00f3, el benestar emocional i el sentiment de pertinen\u00e7a al barri.<\/p>\n<p style=\"text-align: justify;\">El nostre centre est\u00e0 format per un claustre comprom\u00e8s que valora la diversitat. Docents i professionals socioeducatius que treballen de manera col\u00b7laborativa per garantir una educaci\u00f3 inclusiva, equitativa i de qualitat.<\/p>\n<p style=\"text-align: justify;\">La m\u00fasica es el fil conductor del nostre projecte, i promovem l&#8217;aprenentatge a partir de la descoberta i la curiositat. Entre altres activitats, planifiquem ambients a infantil i tallers d&#8217;STEAM i de comunicaci\u00f3 a prim\u00e0ria i fem escola de natura a cicle inicial.<\/p>\n<p style=\"text-align: justify;\">Us convidem a con\u00e8ixer-nos a les portes obertes i a seguir el dia a dia de l&#8217;escola a Instagram: <a href=\"https:\/\/www.instagram.com\/mcintoverdaguer\/\">@escolajacintverdaguer<\/a>.<\/p>\n<p style=\"text-align: justify;\">Estarem encantats d&#8217;acompanyar-vos en aquest proc\u00e9s i resoldre qualsevol dubte que pugui sorgir.<\/p>\n<p>&nbsp;<\/p>\n<h2>Dates de portes obertes<\/h2>\n<p>. Organitzarem quatre torns:<\/p>\n<ul>\n<li>Dimarts, 10 de febrer\u00a0a les\u00a09.30 h<\/li>\n<li>Dimecres, 18 de febrer\u00a0a les\u00a016.45 h<\/li>\n<li>Dimecres, 25 de febrer\u00a0a les\u00a015.15 h<\/li>\n<li>Dissabte, 28 de febrer\u00a0a les\u00a010.00 h<\/li>\n<\/ul>\n<h2><\/h2>\n<p>&nbsp;<\/p>\n<h2>Com inscriure&#8217;s<\/h2>\n<p>Empleneu el <a href=\"https:\/\/docs.google.com\/forms\/d\/e\/1FAIpQLSf4bLPYGqf8jwzR6SSP50nxjAZ9Y2t0Rsn8kue9_urIVkBXuw\/viewform\">formulari<\/a><\/p>\n<p>&nbsp;<\/p>\n<h2>Projecte Educatiu<\/h2>\n<p><a href=\"https:\/\/agora.xtec.cat\/ceip-mcinto-verdaguer\/innovacio-pedagogica\/\">PEC<\/a><\/p>\n<p><iframe loading=\"lazy\" src=\"\/\/www.youtube.com\/embed\/h3WRnSJ9k6I\" width=\"560\" height=\"314\" allowfullscreen=\"allowfullscreen\"><\/iframe><\/p>\n","protected":false},"excerpt":{"rendered":"<p>Benvingudes i benvinguts a l\u2019Escola Moss\u00e8n Jacint Verdaguer Gr\u00e0cies pel vostre inter\u00e8s en el nostre projecte educatiu. Som una escola acollidora i inclusiva qu acompanyem cada infant en el seu desenvolupament. Fomentem l&#8217;autonomia, la col\u00b7laboraci\u00f3, el benestar emocional i el sentiment de pertinen\u00e7a al barri. El nostre centre est\u00e0 format per un claustre comprom\u00e8s que [&hellip;]<\/p>\n","protected":false},"author":1,"featured_media":0,"parent":12437,"menu_order":0,"comment_status":"closed","ping_status":"closed","template":"","meta":{"_bbp_topic_count":0,"_bbp_reply_count":0,"_bbp_total_topic_count":0,"_bbp_total_reply_count":0,"_bbp_voice_count":0,"_bbp_anonymous_reply_count":0,"_bbp_topic_count_hidden":0,"_bbp_reply_count_hidden":0,"_bbp_forum_subforum_count":0,"site-sidebar-layout":"default","site-content-layout":"","ast-site-content-layout":"default","site-content-style":"default","site-sidebar-style":"default","ast-global-header-display":"","ast-banner-title-visibility":"","ast-main-header-display":"","ast-hfb-above-header-display":"","ast-hfb-below-header-display":"","ast-hfb-mobile-header-display":"","site-post-title":"","ast-breadcrumbs-content":"","ast-featured-img":"","footer-sml-layout":"","theme-transparent-header-meta":"default","adv-header-id-meta":"","stick-header-meta":"","header-above-stick-meta":"","header-main-stick-meta":"","header-below-stick-meta":"","astra-migrate-meta-layouts":"set","ast-page-background-enabled":"default","ast-page-background-meta":{"desktop":{"background-color":"var(--ast-global-color-4)","background-image":"","background-repeat":"repeat","background-position":"center center","background-size":"auto","background-attachment":"scroll","background-type":"","background-media":"","overlay-type":"","overlay-color":"","overlay-opacity":"","overlay-gradient":""},"tablet":{"background-color":"","background-image":"","background-repeat":"repeat","background-position":"center center","background-size":"auto","background-attachment":"scroll","background-type":"","background-media":"","overlay-type":"","overlay-color":"","overlay-opacity":"","overlay-gradient":""},"mobile":{"background-color":"","background-image":"","background-repeat":"repeat","background-position":"center center","background-size":"auto","background-attachment":"scroll","background-type":"","background-media":"","overlay-type":"","overlay-color":"","overlay-opacity":"","overlay-gradient":""}},"ast-content-background-meta":{"desktop":{"background-color":"var(--ast-global-color-5)","background-image":"","background-repeat":"repeat","background-position":"center center","background-size":"auto","background-attachment":"scroll","background-type":"","background-media":"","overlay-type":"","overlay-color":"","overlay-opacity":"","overlay-gradient":""},"tablet":{"background-color":"var(--ast-global-color-5)","background-image":"","background-repeat":"repeat","background-position":"center center","background-size":"auto","background-attachment":"scroll","background-type":"","background-media":"","overlay-type":"","overlay-color":"","overlay-opacity":"","overlay-gradient":""},"mobile":{"background-color":"var(--ast-global-color-5)","background-image":"","background-repeat":"repeat","background-position":"center center","background-size":"auto","background-attachment":"scroll","background-type":"","background-media":"","overlay-type":"","overlay-color":"","overlay-opacity":"","overlay-gradient":""}},"footnotes":""},"class_list":["post-12448","page","type-page","status-publish","hentry"],"post_mailing_queue_ids":[],"_links":{"self":[{"href":"https:\/\/agora.xtec.cat\/ceip-mcinto-verdaguer\/wp-json\/wp\/v2\/pages\/12448","targetHints":{"allow":["GET"]}}],"collection":[{"href":"https:\/\/agora.xtec.cat\/ceip-mcinto-verdaguer\/wp-json\/wp\/v2\/pages"}],"about":[{"href":"https:\/\/agora.xtec.cat\/ceip-mcinto-verdaguer\/wp-json\/wp\/v2\/types\/page"}],"author":[{"embeddable":true,"href":"https:\/\/agora.xtec.cat\/ceip-mcinto-verdaguer\/wp-json\/wp\/v2\/users\/1"}],"replies":[{"embeddable":true,"href":"https:\/\/agora.xtec.cat\/ceip-mcinto-verdaguer\/wp-json\/wp\/v2\/comments?post=12448"}],"version-history":[{"count":6,"href":"https:\/\/agora.xtec.cat\/ceip-mcinto-verdaguer\/wp-json\/wp\/v2\/pages\/12448\/revisions"}],"predecessor-version":[{"id":12546,"href":"https:\/\/agora.xtec.cat\/ceip-mcinto-verdaguer\/wp-json\/wp\/v2\/pages\/12448\/revisions\/12546"}],"up":[{"embeddable":true,"href":"https:\/\/agora.xtec.cat\/ceip-mcinto-verdaguer\/wp-json\/wp\/v2\/pages\/12437"}],"wp:attachment":[{"href":"https:\/\/agora.xtec.cat\/ceip-mcinto-verdaguer\/wp-json\/wp\/v2\/media?parent=12448"}],"curies":[{"name":"wp","href":"https:\/\/api.w.org\/{rel}","templated":true}]}}