{"id":11201,"date":"2024-11-05T10:01:34","date_gmt":"2024-11-05T09:01:34","guid":{"rendered":"https:\/\/agora.xtec.cat\/ceip-mcinto-verdaguer\/?page_id=11201"},"modified":"2025-06-19T11:50:20","modified_gmt":"2025-06-19T09:50:20","slug":"fotos-24-25","status":"publish","type":"page","link":"https:\/\/agora.xtec.cat\/ceip-mcinto-verdaguer\/fotos-24-25\/","title":{"rendered":"FOTOS 24-25"},"content":{"rendered":"<p><strong>FOTOS 24-25<\/strong><\/p>\n<p><strong><a href=\"https:\/\/photos.app.goo.gl\/w6otH2affegtg4qx8\" target=\"_blank\" rel=\"noopener\">Fotos T\u00e0ndem juny. L&#8217;\u00faltim concert del curs<\/a><\/strong><\/p>\n<p><strong><a href=\"https:\/\/photos.app.goo.gl\/LwnkLGAxPHqGWPNeA\" target=\"_blank\" rel=\"noopener\">6\u00e8. Visita al Ins Consell de Cent<\/a><\/strong><\/p>\n<p><a href=\"https:\/\/photos.app.goo.gl\/knm1KhC7FEqSXntM7\" target=\"_blank\" rel=\"noopener\">3r. M\u00e0quines amb LEGO Poble Espanyol<\/a><\/p>\n<p><strong><a href=\"https:\/\/photos.app.goo.gl\/vJH62LHEciP5VA8D9\" target=\"_blank\" rel=\"noopener\">Comunitat Gran. Sortida al Canal Ol\u00edmpic<\/a><\/strong><\/p>\n<p><strong><a href=\"https:\/\/photos.app.goo.gl\/hsuKgeu3UuZAnGDFA\" target=\"_blank\" rel=\"noopener\">Comunitat Mitjana. Sant Pon\u00e7<\/a><\/strong><\/p>\n<p><strong><a href=\"https:\/\/photos.app.goo.gl\/u5PJaTWQNmSpiCpG6\" target=\"_blank\" rel=\"noopener\">3r. Sortida a la platja<\/a><\/strong><\/p>\n<p><strong><a href=\"https:\/\/photos.app.goo.gl\/tW5vFFXnj84yUn7E7\" target=\"_blank\" rel=\"noopener\">3r. HORT<\/a><\/strong><\/p>\n<p><strong><a href=\"https:\/\/photos.app.goo.gl\/HSW5fQU5gHpCKQpJ9\" target=\"_blank\" rel=\"noopener\">ENGLISH DAY 2025<\/a><\/strong><\/p>\n<p><strong><a href=\"https:\/\/photos.app.goo.gl\/nnmgirK6i9EnjLS69\" target=\"_blank\" rel=\"noopener\">COMUNITAT MITJANA A DOSRIUS<\/a><\/strong><\/p>\n<p><strong><a href=\"https:\/\/photos.app.goo.gl\/ECuHftbHFP33QgGbA\" target=\"_blank\" rel=\"noopener\">5\u00e8. Cloenda Patrimonia&#8217;m<\/a><\/strong><\/p>\n<p><strong><a href=\"https:\/\/photos.app.goo.gl\/ofH5xpMAYbKu5GmM7\" target=\"_blank\" rel=\"noopener\">3r. Cloenda Maria Canals<\/a><\/strong><\/p>\n<p><strong><a href=\"https:\/\/photos.app.goo.gl\/UFMwFScPiNdL5fCu7\" target=\"_blank\" rel=\"noopener\">2n. Col\u00f2nies<\/a><\/strong><\/p>\n<p><strong><a href=\"https:\/\/photos.app.goo.gl\/bpLoHcW95gkoq65o6\" target=\"_blank\" rel=\"noopener\">2n. Auditori Ulls clucs<\/a><\/strong><\/p>\n<p><strong><a href=\"https:\/\/photos.app.goo.gl\/7pc47EHCcymC5DMW7\" target=\"_blank\" rel=\"noopener\">SCHOOL TOUR<\/a><\/strong><\/p>\n<p><strong><a href=\"https:\/\/photos.app.goo.gl\/Ddzm9rzaiyiEzSn27\" target=\"_blank\" rel=\"noopener\">JORNADA ESPORTIVA<\/a><\/strong><\/p>\n<p><strong><a href=\"https:\/\/photos.app.goo.gl\/2zyuNHc5TuTQTXtP8\" target=\"_blank\" rel=\"noopener\">I5 PLANETARI MUNICIPAL<\/a><\/strong><\/p>\n<p><strong><a href=\"https:\/\/photos.app.goo.gl\/dwXph4sxCwiV2bEQ8\" target=\"_blank\" rel=\"noopener\">I5 CAIXA FORUM<\/a><\/strong><\/p>\n<p><strong><a href=\"https:\/\/photos.app.goo.gl\/ARmvu4dXEiiE1kRL9\" target=\"_blank\" rel=\"noopener\">I5 PARC DELS OLORS<\/a><\/strong><\/p>\n<p><strong><a href=\"https:\/\/photos.app.goo.gl\/oRSTrVhA1QGAwFj16\" target=\"_blank\" rel=\"noopener\">I5 COL\u00d2NIES CAN RIGOL<\/a><\/strong><\/p>\n<p><strong><a href=\"https:\/\/photos.app.goo.gl\/8Fv9efBTwbFHgiWx5\" target=\"_blank\" rel=\"noopener\">I5 LUDOTECA COTXERES<\/a><\/strong><\/p>\n<p><strong><a href=\"https:\/\/photos.app.goo.gl\/QMHd7q8AfqnUeXnDA\" target=\"_blank\" rel=\"noopener\">SANT PON\u00c7 (1r, 2n i 3r)<\/a><\/strong><\/p>\n<p><strong><a href=\"https:\/\/photos.app.goo.gl\/Zb4UxJwkgvUuqygo9\" target=\"_blank\" rel=\"noopener\">2n PROJECTE ESSERS VIUS<\/a><\/strong><\/p>\n<p><strong><a href=\"https:\/\/photos.app.goo.gl\/ctyrKESmqoyvg7x76\" target=\"_blank\" rel=\"noopener\">Jocs Florals 2025<\/a><\/strong><\/p>\n<p><strong><a href=\"https:\/\/photos.app.goo.gl\/Q1nJgGdud89kuXbSA\" target=\"_blank\" rel=\"noopener\">EASTER EGG<\/a><\/strong><\/p>\n<p><strong><a href=\"https:\/\/photos.app.goo.gl\/a3iomGSkKXnGxaab7\" target=\"_blank\" rel=\"noopener\">5\u00e8 RUTA PER BARCINO<\/a><\/strong><\/p>\n<p><strong><a href=\"https:\/\/photos.app.goo.gl\/GqTVm831Bto1t7J96\" target=\"_blank\" rel=\"noopener\">STEAM<\/a><\/strong><\/p>\n<p><strong><a href=\"https:\/\/photos.app.goo.gl\/r3GvAV2Z45wneydG7\" target=\"_blank\" rel=\"noopener\">I4 B<\/a><\/strong><\/p>\n<p><strong><a href=\"https:\/\/photos.app.goo.gl\/VAUDNvVaGhJF1BKbA\" target=\"_blank\" rel=\"noopener\">DIA DE LA PAU I LA NO VIOL\u00c8NCIA ESCOLAR<\/a><\/strong><\/p>\n<p><strong><a href=\"https:\/\/photos.app.goo.gl\/tHhc99Gtvc6yvpHP7\" target=\"_blank\" rel=\"noopener\">3r FOC<\/a><\/strong><\/p>\n<p><strong><a href=\"https:\/\/photos.app.goo.gl\/Hiia7xZiQMVZJHT7A\" target=\"_blank\" rel=\"noopener\">3R R\u00c0DIO<\/a><\/strong><\/p>\n<p><a href=\"https:\/\/photos.app.goo.gl\/T1kwqyVJe6k2jUYh9\" target=\"_blank\" rel=\"noopener\"><strong>2n \u00d2PTIQUES DEL BOSC VERD<\/strong><\/a><\/p>\n<p><strong><a href=\"https:\/\/photos.app.goo.gl\/hWJPmRDqmhAVf8Gc6\" target=\"_blank\" rel=\"noopener\">2n PLANETARI<\/a><\/strong><\/p>\n<p><strong><a href=\"https:\/\/photos.app.goo.gl\/3zGH2FkexjNd8pf76\" target=\"_blank\" rel=\"noopener\">2n DANSA ARA<\/a><\/strong><\/p>\n<p><a href=\"https:\/\/photos.app.goo.gl\/xiFXWjbhsT4tNVcm9\" target=\"_blank\" rel=\"noopener\"><strong>VISITA D&#8217;EXALUMNES<\/strong><\/a><\/p>\n<p><strong><a href=\"https:\/\/photos.app.goo.gl\/CoaGxMMJW2Hfpmw97\" target=\"_blank\" rel=\"noopener\">TALLERS DE NADAL<\/a><\/strong><\/p>\n<p><strong><a href=\"https:\/\/photos.app.goo.gl\/xeeCrN6cSv5C2bf19\" target=\"_blank\" rel=\"noopener\">Concert de Nadal 2024<\/a><\/strong><\/p>\n<p><a href=\"https:\/\/photos.app.goo.gl\/51Cf3RC6E9K9VojM9\" target=\"_blank\" rel=\"noopener\"><strong>Castanyada 2024<\/strong><\/a><\/p>\n","protected":false},"excerpt":{"rendered":"<p>FOTOS 24-25 Fotos T\u00e0ndem juny. L&#8217;\u00faltim concert del curs 6\u00e8. Visita al Ins Consell de Cent 3r. M\u00e0quines amb LEGO Poble Espanyol Comunitat Gran. Sortida al Canal Ol\u00edmpic Comunitat Mitjana. Sant Pon\u00e7 3r. Sortida a la platja 3r. HORT ENGLISH DAY 2025 COMUNITAT MITJANA A DOSRIUS 5\u00e8. Cloenda Patrimonia&#8217;m 3r. Cloenda Maria Canals 2n. Col\u00f2nies [&hellip;]<\/p>\n","protected":false},"author":1,"featured_media":0,"parent":0,"menu_order":0,"comment_status":"closed","ping_status":"closed","template":"","meta":{"_bbp_topic_count":0,"_bbp_reply_count":0,"_bbp_total_topic_count":0,"_bbp_total_reply_count":0,"_bbp_voice_count":0,"_bbp_anonymous_reply_count":0,"_bbp_topic_count_hidden":0,"_bbp_reply_count_hidden":0,"_bbp_forum_subforum_count":0,"site-sidebar-layout":"default","site-content-layout":"","ast-site-content-layout":"","site-content-style":"default","site-sidebar-style":"default","ast-global-header-display":"","ast-banner-title-visibility":"","ast-main-header-display":"","ast-hfb-above-header-display":"","ast-hfb-below-header-display":"","ast-hfb-mobile-header-display":"","site-post-title":"","ast-breadcrumbs-content":"","ast-featured-img":"","footer-sml-layout":"","theme-transparent-header-meta":"","adv-header-id-meta":"","stick-header-meta":"","header-above-stick-meta":"","header-main-stick-meta":"","header-below-stick-meta":"","astra-migrate-meta-layouts":"default","ast-page-background-enabled":"default","ast-page-background-meta":{"desktop":{"background-color":"var(--ast-global-color-4)","background-image":"","background-repeat":"repeat","background-position":"center center","background-size":"auto","background-attachment":"scroll","background-type":"","background-media":"","overlay-type":"","overlay-color":"","overlay-opacity":"","overlay-gradient":""},"tablet":{"background-color":"","background-image":"","background-repeat":"repeat","background-position":"center center","background-size":"auto","background-attachment":"scroll","background-type":"","background-media":"","overlay-type":"","overlay-color":"","overlay-opacity":"","overlay-gradient":""},"mobile":{"background-color":"","background-image":"","background-repeat":"repeat","background-position":"center center","background-size":"auto","background-attachment":"scroll","background-type":"","background-media":"","overlay-type":"","overlay-color":"","overlay-opacity":"","overlay-gradient":""}},"ast-content-background-meta":{"desktop":{"background-color":"var(--ast-global-color-5)","background-image":"","background-repeat":"repeat","background-position":"center center","background-size":"auto","background-attachment":"scroll","background-type":"","background-media":"","overlay-type":"","overlay-color":"","overlay-opacity":"","overlay-gradient":""},"tablet":{"background-color":"var(--ast-global-color-5)","background-image":"","background-repeat":"repeat","background-position":"center center","background-size":"auto","background-attachment":"scroll","background-type":"","background-media":"","overlay-type":"","overlay-color":"","overlay-opacity":"","overlay-gradient":""},"mobile":{"background-color":"var(--ast-global-color-5)","background-image":"","background-repeat":"repeat","background-position":"center center","background-size":"auto","background-attachment":"scroll","background-type":"","background-media":"","overlay-type":"","overlay-color":"","overlay-opacity":"","overlay-gradient":""}},"footnotes":""},"class_list":["post-11201","page","type-page","status-publish","hentry"],"post_mailing_queue_ids":[],"_links":{"self":[{"href":"https:\/\/agora.xtec.cat\/ceip-mcinto-verdaguer\/wp-json\/wp\/v2\/pages\/11201","targetHints":{"allow":["GET"]}}],"collection":[{"href":"https:\/\/agora.xtec.cat\/ceip-mcinto-verdaguer\/wp-json\/wp\/v2\/pages"}],"about":[{"href":"https:\/\/agora.xtec.cat\/ceip-mcinto-verdaguer\/wp-json\/wp\/v2\/types\/page"}],"author":[{"embeddable":true,"href":"https:\/\/agora.xtec.cat\/ceip-mcinto-verdaguer\/wp-json\/wp\/v2\/users\/1"}],"replies":[{"embeddable":true,"href":"https:\/\/agora.xtec.cat\/ceip-mcinto-verdaguer\/wp-json\/wp\/v2\/comments?post=11201"}],"version-history":[{"count":6,"href":"https:\/\/agora.xtec.cat\/ceip-mcinto-verdaguer\/wp-json\/wp\/v2\/pages\/11201\/revisions"}],"predecessor-version":[{"id":12047,"href":"https:\/\/agora.xtec.cat\/ceip-mcinto-verdaguer\/wp-json\/wp\/v2\/pages\/11201\/revisions\/12047"}],"wp:attachment":[{"href":"https:\/\/agora.xtec.cat\/ceip-mcinto-verdaguer\/wp-json\/wp\/v2\/media?parent=11201"}],"curies":[{"name":"wp","href":"https:\/\/api.w.org\/{rel}","templated":true}]}}