{"id":10683,"date":"2024-04-08T11:45:42","date_gmt":"2024-04-08T09:45:42","guid":{"rendered":"https:\/\/agora.xtec.cat\/ceip-mcinto-verdaguer\/?page_id=10683"},"modified":"2024-04-08T20:19:22","modified_gmt":"2024-04-08T18:19:22","slug":"cinta-el-nostre-geganti","status":"publish","type":"page","link":"https:\/\/agora.xtec.cat\/ceip-mcinto-verdaguer\/projecte-educatiu\/cinta-el-nostre-geganti\/","title":{"rendered":"CINTA, EL NOSTRE GEGANT\u00d3"},"content":{"rendered":"<p>Aquesta \u00e9s\u00a0 la can\u00e7\u00f3 que acompanyar\u00e0 el nostre gegant\u00ed, torrasses i cuca-fera de l&#8217;escola, la lletra just a sota:<\/p>\n<!--[if lt IE 9]><script>document.createElement('audio');<\/script><![endif]-->\n<audio class=\"wp-audio-shortcode\" id=\"audio-10683-1\" preload=\"none\" style=\"width: 100%;\" controls=\"controls\"><source type=\"audio\/mpeg\" src=\"https:\/\/www.ivoox.com\/canco-ball-gegants-l-8217-escola-jacint_md_127172933_wp_1.mp3?_=1\" \/><a href=\"https:\/\/www.ivoox.com\/canco-ball-gegants-l-8217-escola-jacint_md_127172933_wp_1.mp3\">https:\/\/www.ivoox.com\/canco-ball-gegants-l-8217-escola-jacint_md_127172933_wp_1.mp3<\/a><\/audio>\n<p>&nbsp;<\/p>\n<p><strong>El Ball de la Cinta, les Torrasses i la Cucafera<\/strong><br \/>\n<strong>Ball de gegants de l\u2019Escola Jacint Verdaguer<\/strong><br \/>\n<span style=\"color: #808080;\"><em>Ester Bonal<\/em><\/span><\/p>\n<p><span style=\"color: #808080;\"><em>(Pas a tres caminant)<\/em><\/span><br \/>\n\u00c9s la Cinta un vell vaixell<br \/>\ni_\u00e9s la mar la Cucafera<br \/>\nde molt lluny han arribat<br \/>\ni_a l\u2019escola han amarrat.<\/p>\n<p>Vell vaixell vens carregat<br \/>\nd\u2019una mescla de cultures<br \/>\nque_han omplert el teu pallol<br \/>\nde viatges i aventures.<\/p>\n<p><span style=\"color: #808080;\"><em>Tornada<\/em><\/span><br \/>\nGira que gira i saluda a l\u2019esquerra <em><span style=\"color: #808080;\">(salutaci\u00f3 a l\u2019esquerra)<\/span><\/em><br \/>\ngira_a la dreta_i torna_saludar <span style=\"color: #808080;\"><em>(salutaci\u00f3 a la dreta)<\/em><\/span><br \/>\ngira fent la giragonsa sencera <em><span style=\"color: #808080;\">(volta sencera)<\/span><\/em><br \/>\nLa gegantona se\u2019ns ha marejat! <em><span style=\"color: #808080;\">(balanceig suau endavant i enrera)<\/span><\/em><br \/>\n<span style=\"color: #808080;\"><em>(2 vegades)<\/em><\/span><\/p>\n<p>Del poeta Verdaguer<br \/>\npren el nom la nostra escola<br \/>\ni xalem m\u00e9s que ning\u00fa<br \/>\ntot fent gresca i fent tabola.<\/p>\n<p>Balla Cinta amb les Torrasses,<br \/>\nCucafera obre\u2019ls pas<br \/>\nper trepitjar carrers i les places<br \/>\ndel Poble-sec, barri_estimat!<\/p>\n<p><span style=\"color: #808080;\"><em>Tornada<\/em><\/span><br \/>\nGira que gira i saluda a l\u2019esquerra <em><span style=\"color: #808080;\">(salutaci\u00f3 a l\u2019esquerra)<\/span><\/em><br \/>\ngira_a la dreta_i torna_saludar <em><span style=\"color: #808080;\">(salutaci\u00f3 a la dreta)<\/span><\/em><br \/>\ngira fent la giragonsa sencera <em><span style=\"color: #808080;\">(volta sencera)<\/span><\/em><br \/>\nLa gegantona se\u2019ns ha marejat! <span style=\"color: #808080;\"><em>(balanceig suau endavant i enrera)<\/em><\/span><br \/>\n<span style=\"color: #808080;\"><em>(2 vegades)<\/em><\/span><\/p>\n","protected":false},"excerpt":{"rendered":"<p>Aquesta \u00e9s\u00a0 la can\u00e7\u00f3 que acompanyar\u00e0 el nostre gegant\u00ed, torrasses i cuca-fera de l&#8217;escola, la lletra just a sota: &nbsp; El Ball de la Cinta, les Torrasses i la Cucafera Ball de gegants de l\u2019Escola Jacint Verdaguer Ester Bonal (Pas a tres caminant) \u00c9s la Cinta un vell vaixell i_\u00e9s la mar la Cucafera de [&hellip;]<\/p>\n","protected":false},"author":1,"featured_media":0,"parent":64,"menu_order":0,"comment_status":"closed","ping_status":"closed","template":"","meta":{"_bbp_topic_count":0,"_bbp_reply_count":0,"_bbp_total_topic_count":0,"_bbp_total_reply_count":0,"_bbp_voice_count":0,"_bbp_anonymous_reply_count":0,"_bbp_topic_count_hidden":0,"_bbp_reply_count_hidden":0,"_bbp_forum_subforum_count":0,"site-sidebar-layout":"default","site-content-layout":"","ast-site-content-layout":"","site-content-style":"default","site-sidebar-style":"default","ast-global-header-display":"","ast-banner-title-visibility":"","ast-main-header-display":"","ast-hfb-above-header-display":"","ast-hfb-below-header-display":"","ast-hfb-mobile-header-display":"","site-post-title":"","ast-breadcrumbs-content":"","ast-featured-img":"","footer-sml-layout":"","theme-transparent-header-meta":"","adv-header-id-meta":"","stick-header-meta":"","header-above-stick-meta":"","header-main-stick-meta":"","header-below-stick-meta":"","astra-migrate-meta-layouts":"default","ast-page-background-enabled":"default","ast-page-background-meta":{"desktop":{"background-color":"var(--ast-global-color-4)","background-image":"","background-repeat":"repeat","background-position":"center center","background-size":"auto","background-attachment":"scroll","background-type":"","background-media":"","overlay-type":"","overlay-color":"","overlay-opacity":"","overlay-gradient":""},"tablet":{"background-color":"","background-image":"","background-repeat":"repeat","background-position":"center center","background-size":"auto","background-attachment":"scroll","background-type":"","background-media":"","overlay-type":"","overlay-color":"","overlay-opacity":"","overlay-gradient":""},"mobile":{"background-color":"","background-image":"","background-repeat":"repeat","background-position":"center center","background-size":"auto","background-attachment":"scroll","background-type":"","background-media":"","overlay-type":"","overlay-color":"","overlay-opacity":"","overlay-gradient":""}},"ast-content-background-meta":{"desktop":{"background-color":"var(--ast-global-color-5)","background-image":"","background-repeat":"repeat","background-position":"center center","background-size":"auto","background-attachment":"scroll","background-type":"","background-media":"","overlay-type":"","overlay-color":"","overlay-opacity":"","overlay-gradient":""},"tablet":{"background-color":"var(--ast-global-color-5)","background-image":"","background-repeat":"repeat","background-position":"center center","background-size":"auto","background-attachment":"scroll","background-type":"","background-media":"","overlay-type":"","overlay-color":"","overlay-opacity":"","overlay-gradient":""},"mobile":{"background-color":"var(--ast-global-color-5)","background-image":"","background-repeat":"repeat","background-position":"center center","background-size":"auto","background-attachment":"scroll","background-type":"","background-media":"","overlay-type":"","overlay-color":"","overlay-opacity":"","overlay-gradient":""}},"footnotes":""},"class_list":["post-10683","page","type-page","status-publish","hentry"],"post_mailing_queue_ids":[],"_links":{"self":[{"href":"https:\/\/agora.xtec.cat\/ceip-mcinto-verdaguer\/wp-json\/wp\/v2\/pages\/10683","targetHints":{"allow":["GET"]}}],"collection":[{"href":"https:\/\/agora.xtec.cat\/ceip-mcinto-verdaguer\/wp-json\/wp\/v2\/pages"}],"about":[{"href":"https:\/\/agora.xtec.cat\/ceip-mcinto-verdaguer\/wp-json\/wp\/v2\/types\/page"}],"author":[{"embeddable":true,"href":"https:\/\/agora.xtec.cat\/ceip-mcinto-verdaguer\/wp-json\/wp\/v2\/users\/1"}],"replies":[{"embeddable":true,"href":"https:\/\/agora.xtec.cat\/ceip-mcinto-verdaguer\/wp-json\/wp\/v2\/comments?post=10683"}],"version-history":[{"count":6,"href":"https:\/\/agora.xtec.cat\/ceip-mcinto-verdaguer\/wp-json\/wp\/v2\/pages\/10683\/revisions"}],"predecessor-version":[{"id":10690,"href":"https:\/\/agora.xtec.cat\/ceip-mcinto-verdaguer\/wp-json\/wp\/v2\/pages\/10683\/revisions\/10690"}],"up":[{"embeddable":true,"href":"https:\/\/agora.xtec.cat\/ceip-mcinto-verdaguer\/wp-json\/wp\/v2\/pages\/64"}],"wp:attachment":[{"href":"https:\/\/agora.xtec.cat\/ceip-mcinto-verdaguer\/wp-json\/wp\/v2\/media?parent=10683"}],"curies":[{"name":"wp","href":"https:\/\/api.w.org\/{rel}","templated":true}]}}