{"id":10063,"date":"2023-11-01T18:34:46","date_gmt":"2023-11-01T17:34:46","guid":{"rendered":"https:\/\/agora.xtec.cat\/ceip-mcinto-verdaguer\/?page_id=10063"},"modified":"2024-06-19T18:35:45","modified_gmt":"2024-06-19T16:35:45","slug":"videos-curs-23-24","status":"publish","type":"page","link":"https:\/\/agora.xtec.cat\/ceip-mcinto-verdaguer\/videos-curs-23-24\/","title":{"rendered":"V\u00cdDEOS CURS 23-24"},"content":{"rendered":"<p><a href=\"https:\/\/youtu.be\/nmp-ak1Lwvc\" target=\"_blank\" rel=\"noopener\">T\u00c0NDEM JUNY 2024. UNA AVENTURA SUBMARINA<\/a><\/p>\n<p><a href=\"https:\/\/youtu.be\/X9AEYn3kFyk\" target=\"_blank\" rel=\"noopener\">ESTRENA DEL GEGANT\u00d3<\/a><\/p>\n<p><a href=\"https:\/\/youtu.be\/RZmHZYFvDvg\" target=\"_blank\" rel=\"noopener\">ROB\u00d2TICA: ESTRENEM ROBOTS NOUS<\/a><\/p>\n<p><a href=\"https:\/\/youtu.be\/39TnD3_7F7c\" target=\"_blank\" rel=\"noopener\">ENGLISH DAY<\/a><\/p>\n<p><a href=\"https:\/\/youtu.be\/SmrhLf4-N34\" target=\"_blank\" rel=\"noopener\">CONSTRU\u00cfM EL GEGANT\u00d3<\/a><\/p>\n<p><a href=\"https:\/\/youtu.be\/hpg9YWo48tU\" target=\"_blank\" rel=\"noopener\">ROB\u00d2TICA: FEM UN AEROPORT<\/a><\/p>\n<p><a href=\"https:\/\/youtu.be\/HNfP6vHjt9k\" target=\"_blank\" rel=\"noopener\">DIA DE LA PAU<\/a><\/p>\n<p><a href=\"https:\/\/youtu.be\/xpsHGvmCekI\" target=\"_blank\" rel=\"noopener\">TEATRE: ELS PASTORETS<\/a><\/p>\n<p><a href=\"https:\/\/youtu.be\/uBqHSt91K9Q\" target=\"_blank\" rel=\"noopener\">CONCERT DE NADAL<\/a><\/p>\n<p><a href=\"https:\/\/youtu.be\/BMcG9vLkQ_A\" target=\"_blank\" rel=\"noopener\">FESTA DE LA CASTANYADA 2023<\/a><\/p>\n<p style=\"text-align: left;\"><a href=\"https:\/\/youtu.be\/UAaBAXwksJ4\">INICI DE CURS<\/a><\/p>\n","protected":false},"excerpt":{"rendered":"<p>T\u00c0NDEM JUNY 2024. UNA AVENTURA SUBMARINA ESTRENA DEL GEGANT\u00d3 ROB\u00d2TICA: ESTRENEM ROBOTS NOUS ENGLISH DAY CONSTRU\u00cfM EL GEGANT\u00d3 ROB\u00d2TICA: FEM UN AEROPORT DIA DE LA PAU TEATRE: ELS PASTORETS CONCERT DE NADAL FESTA DE LA CASTANYADA 2023 INICI DE CURS<\/p>\n","protected":false},"author":1,"featured_media":0,"parent":0,"menu_order":0,"comment_status":"closed","ping_status":"closed","template":"","meta":{"_bbp_topic_count":0,"_bbp_reply_count":0,"_bbp_total_topic_count":0,"_bbp_total_reply_count":0,"_bbp_voice_count":0,"_bbp_anonymous_reply_count":0,"_bbp_topic_count_hidden":0,"_bbp_reply_count_hidden":0,"_bbp_forum_subforum_count":0,"site-sidebar-layout":"default","site-content-layout":"","ast-site-content-layout":"","site-content-style":"default","site-sidebar-style":"default","ast-global-header-display":"","ast-banner-title-visibility":"","ast-main-header-display":"","ast-hfb-above-header-display":"","ast-hfb-below-header-display":"","ast-hfb-mobile-header-display":"","site-post-title":"","ast-breadcrumbs-content":"","ast-featured-img":"","footer-sml-layout":"","theme-transparent-header-meta":"","adv-header-id-meta":"","stick-header-meta":"","header-above-stick-meta":"","header-main-stick-meta":"","header-below-stick-meta":"","astra-migrate-meta-layouts":"default","ast-page-background-enabled":"default","ast-page-background-meta":{"desktop":{"background-color":"var(--ast-global-color-4)","background-image":"","background-repeat":"repeat","background-position":"center center","background-size":"auto","background-attachment":"scroll","background-type":"","background-media":"","overlay-type":"","overlay-color":"","overlay-opacity":"","overlay-gradient":""},"tablet":{"background-color":"","background-image":"","background-repeat":"repeat","background-position":"center center","background-size":"auto","background-attachment":"scroll","background-type":"","background-media":"","overlay-type":"","overlay-color":"","overlay-opacity":"","overlay-gradient":""},"mobile":{"background-color":"","background-image":"","background-repeat":"repeat","background-position":"center center","background-size":"auto","background-attachment":"scroll","background-type":"","background-media":"","overlay-type":"","overlay-color":"","overlay-opacity":"","overlay-gradient":""}},"ast-content-background-meta":{"desktop":{"background-color":"var(--ast-global-color-5)","background-image":"","background-repeat":"repeat","background-position":"center center","background-size":"auto","background-attachment":"scroll","background-type":"","background-media":"","overlay-type":"","overlay-color":"","overlay-opacity":"","overlay-gradient":""},"tablet":{"background-color":"var(--ast-global-color-5)","background-image":"","background-repeat":"repeat","background-position":"center center","background-size":"auto","background-attachment":"scroll","background-type":"","background-media":"","overlay-type":"","overlay-color":"","overlay-opacity":"","overlay-gradient":""},"mobile":{"background-color":"var(--ast-global-color-5)","background-image":"","background-repeat":"repeat","background-position":"center center","background-size":"auto","background-attachment":"scroll","background-type":"","background-media":"","overlay-type":"","overlay-color":"","overlay-opacity":"","overlay-gradient":""}},"footnotes":""},"class_list":["post-10063","page","type-page","status-publish","hentry"],"post_mailing_queue_ids":[],"_links":{"self":[{"href":"https:\/\/agora.xtec.cat\/ceip-mcinto-verdaguer\/wp-json\/wp\/v2\/pages\/10063","targetHints":{"allow":["GET"]}}],"collection":[{"href":"https:\/\/agora.xtec.cat\/ceip-mcinto-verdaguer\/wp-json\/wp\/v2\/pages"}],"about":[{"href":"https:\/\/agora.xtec.cat\/ceip-mcinto-verdaguer\/wp-json\/wp\/v2\/types\/page"}],"author":[{"embeddable":true,"href":"https:\/\/agora.xtec.cat\/ceip-mcinto-verdaguer\/wp-json\/wp\/v2\/users\/1"}],"replies":[{"embeddable":true,"href":"https:\/\/agora.xtec.cat\/ceip-mcinto-verdaguer\/wp-json\/wp\/v2\/comments?post=10063"}],"version-history":[{"count":6,"href":"https:\/\/agora.xtec.cat\/ceip-mcinto-verdaguer\/wp-json\/wp\/v2\/pages\/10063\/revisions"}],"predecessor-version":[{"id":10981,"href":"https:\/\/agora.xtec.cat\/ceip-mcinto-verdaguer\/wp-json\/wp\/v2\/pages\/10063\/revisions\/10981"}],"wp:attachment":[{"href":"https:\/\/agora.xtec.cat\/ceip-mcinto-verdaguer\/wp-json\/wp\/v2\/media?parent=10063"}],"curies":[{"name":"wp","href":"https:\/\/api.w.org\/{rel}","templated":true}]}}