{"id":10059,"date":"2023-11-01T18:23:04","date_gmt":"2023-11-01T17:23:04","guid":{"rendered":"https:\/\/agora.xtec.cat\/ceip-mcinto-verdaguer\/?page_id=10059"},"modified":"2024-06-19T19:02:22","modified_gmt":"2024-06-19T17:02:22","slug":"curs-2023-2024","status":"publish","type":"page","link":"https:\/\/agora.xtec.cat\/ceip-mcinto-verdaguer\/curs-2023-2024\/","title":{"rendered":"CURS 2023-2024"},"content":{"rendered":"<p><a href=\"https:\/\/photos.app.goo.gl\/2CfrdjP1uUnS85Mm7\" target=\"_blank\" rel=\"noopener\">T\u00c0NDEM JUNY 2024. UNA AVENTURA SUBMARINA<\/a><\/p>\n<p>SORTIDA I5 AL COSMOCAIXA<\/p>\n<p><a href=\"https:\/\/photos.app.goo.gl\/58qY55Z6BAqVVoNd8\" target=\"_blank\" rel=\"noopener\">ESTRENA DEL GEGANT\u00d3<\/a><\/p>\n<p><a href=\"https:\/\/photos.app.goo.gl\/ec9fHhndnN5N3iZ58\" target=\"_blank\" rel=\"noopener\">COL\u00d2NIES I5<\/a><\/p>\n<p><a href=\"https:\/\/photos.app.goo.gl\/yeKP6fHdcjBfnqra9\" target=\"_blank\" rel=\"noopener\">ENGLISH DAY<\/a><\/p>\n<p><a href=\"https:\/\/photos.app.goo.gl\/PPZAWszG6QU9Soov6\" target=\"_blank\" rel=\"noopener\">JOCS FLORALS 2024<\/a><\/p>\n<p><a href=\"https:\/\/photos.app.goo.gl\/S9K45m6QUouDMBCC7\" target=\"_blank\" rel=\"noopener\">JORNADA ESPORTIVA 2024<\/a><\/p>\n<p><a href=\"https:\/\/photos.app.goo.gl\/nyhSafybgQY6VvVt8\" target=\"_blank\" rel=\"noopener\">DIA DE LA PAU<\/a><\/p>\n<p><a href=\"https:\/\/photos.app.goo.gl\/Vrt6A3JJGQVvgnw9A\" target=\"_blank\" rel=\"noopener\">R\u00c0DIO 1R 2n trimestre<\/a><\/p>\n<p><a href=\"https:\/\/photos.app.goo.gl\/2TJU57tKDR3J23Dv5\" target=\"_blank\" rel=\"noopener\">R\u00c0DIO 2n 2n trimestre<\/a><\/p>\n<p><a href=\"https:\/\/photos.app.goo.gl\/vGv2KCAWskpniAqF9\" target=\"_blank\" rel=\"noopener\">R\u00c0DIO 6\u00e8 2n trimestre<\/a><\/p>\n<p><a href=\"https:\/\/photos.app.goo.gl\/AFwxMF33hLd22cDF6\" target=\"_blank\" rel=\"noopener\">TEMPS DE MIGDIA<\/a><\/p>\n<p><a href=\"https:\/\/photos.app.goo.gl\/tXX3HhA8iS6EPgXFA\" target=\"_blank\" rel=\"noopener\">FOTOGRAFIES DEL CONCERT DE NADAL<\/a><\/p>\n<p><a href=\"https:\/\/photos.app.goo.gl\/NNJgcCACm7r8LpZ99\" target=\"_blank\" rel=\"noopener\">5\u00e8 i CINTOR\u00c0DIO<\/a><\/p>\n<p><a href=\"https:\/\/photos.app.goo.gl\/reZQnfencA1fxi6m7\" target=\"_blank\" rel=\"noopener\">1r i CINTOR\u00c0DIO<\/a><\/p>\n<p><a href=\"https:\/\/photos.app.goo.gl\/xTvuaEz6XgZhwuhaA\" target=\"_blank\" rel=\"noopener\">2N SORTIDA AL CAIXA F\u00d2RUM<\/a><\/p>\n<p><a href=\"https:\/\/photos.app.goo.gl\/na5891gSfoURKpF38\" target=\"_blank\" rel=\"noopener\">I5 VISITA LA GRANJA<\/a><\/p>\n<p><a href=\"https:\/\/photos.app.goo.gl\/4kUV8w7pV6Qupr1L8\" target=\"_blank\" rel=\"noopener\">TALLERS STEAM A LA COMUNITAT MITJANA<\/a><\/p>\n<p><a href=\"https:\/\/photos.app.goo.gl\/A69Ju2TiZqUmkyVcA\" target=\"_blank\" rel=\"noopener\">DISSENY I MAQUETES DEL GEGANT\u00d3 O GEGANTONA DE L&#8217;ESCOLA<\/a><\/p>\n<p><a href=\"https:\/\/photos.app.goo.gl\/oUDTt2cBCZ3RFJqPA\" target=\"_blank\" rel=\"noopener\">CINTOR\u00c0DIO i 6\u00e8<\/a><\/p>\n<p><a href=\"https:\/\/photos.app.goo.gl\/2zk1JHCEusw4vXWx5\" target=\"_blank\" rel=\"noopener\">1r EL PROJECTE DEL COS<\/a><\/p>\n<p><a href=\"https:\/\/photos.app.goo.gl\/cdyZyzQdeQeAjtkN6\" target=\"_blank\" rel=\"noopener\">1r TREBALLA AMB PYCTOESCRIPTURA<\/a><\/p>\n<p><a href=\"https:\/\/photos.app.goo.gl\/j85T8BabxkCPpuwD6\" target=\"_blank\" rel=\"noopener\">CASTANYADA 23<\/a><\/p>\n<p><a href=\"https:\/\/photos.app.goo.gl\/te2BtBXWYpp5W1us5\">COL\u00d2NIES 2n<\/a><\/p>\n<p><a href=\"https:\/\/photos.app.goo.gl\/PzTyf6fycZacvVui8\" target=\"_blank\" rel=\"noopener\">COL\u00d2NIES 4t<\/a><\/p>\n<p><a href=\"https:\/\/photos.app.goo.gl\/ckuHviLaUwf5DfoUA\">COL\u00d2NIES 6\u00e8<\/a><\/p>\n<p>&nbsp;<\/p>\n","protected":false},"excerpt":{"rendered":"<p>T\u00c0NDEM JUNY 2024. UNA AVENTURA SUBMARINA SORTIDA I5 AL COSMOCAIXA ESTRENA DEL GEGANT\u00d3 COL\u00d2NIES I5 ENGLISH DAY JOCS FLORALS 2024 JORNADA ESPORTIVA 2024 DIA DE LA PAU R\u00c0DIO 1R 2n trimestre R\u00c0DIO 2n 2n trimestre R\u00c0DIO 6\u00e8 2n trimestre TEMPS DE MIGDIA FOTOGRAFIES DEL CONCERT DE NADAL 5\u00e8 i CINTOR\u00c0DIO 1r i CINTOR\u00c0DIO 2N SORTIDA [&hellip;]<\/p>\n","protected":false},"author":1,"featured_media":0,"parent":0,"menu_order":0,"comment_status":"closed","ping_status":"closed","template":"","meta":{"_bbp_topic_count":0,"_bbp_reply_count":0,"_bbp_total_topic_count":0,"_bbp_total_reply_count":0,"_bbp_voice_count":0,"_bbp_anonymous_reply_count":0,"_bbp_topic_count_hidden":0,"_bbp_reply_count_hidden":0,"_bbp_forum_subforum_count":0,"site-sidebar-layout":"default","site-content-layout":"","ast-site-content-layout":"","site-content-style":"default","site-sidebar-style":"default","ast-global-header-display":"","ast-banner-title-visibility":"","ast-main-header-display":"","ast-hfb-above-header-display":"","ast-hfb-below-header-display":"","ast-hfb-mobile-header-display":"","site-post-title":"","ast-breadcrumbs-content":"","ast-featured-img":"","footer-sml-layout":"","theme-transparent-header-meta":"","adv-header-id-meta":"","stick-header-meta":"","header-above-stick-meta":"","header-main-stick-meta":"","header-below-stick-meta":"","astra-migrate-meta-layouts":"default","ast-page-background-enabled":"default","ast-page-background-meta":{"desktop":{"background-color":"var(--ast-global-color-4)","background-image":"","background-repeat":"repeat","background-position":"center center","background-size":"auto","background-attachment":"scroll","background-type":"","background-media":"","overlay-type":"","overlay-color":"","overlay-opacity":"","overlay-gradient":""},"tablet":{"background-color":"","background-image":"","background-repeat":"repeat","background-position":"center center","background-size":"auto","background-attachment":"scroll","background-type":"","background-media":"","overlay-type":"","overlay-color":"","overlay-opacity":"","overlay-gradient":""},"mobile":{"background-color":"","background-image":"","background-repeat":"repeat","background-position":"center center","background-size":"auto","background-attachment":"scroll","background-type":"","background-media":"","overlay-type":"","overlay-color":"","overlay-opacity":"","overlay-gradient":""}},"ast-content-background-meta":{"desktop":{"background-color":"var(--ast-global-color-5)","background-image":"","background-repeat":"repeat","background-position":"center center","background-size":"auto","background-attachment":"scroll","background-type":"","background-media":"","overlay-type":"","overlay-color":"","overlay-opacity":"","overlay-gradient":""},"tablet":{"background-color":"var(--ast-global-color-5)","background-image":"","background-repeat":"repeat","background-position":"center center","background-size":"auto","background-attachment":"scroll","background-type":"","background-media":"","overlay-type":"","overlay-color":"","overlay-opacity":"","overlay-gradient":""},"mobile":{"background-color":"var(--ast-global-color-5)","background-image":"","background-repeat":"repeat","background-position":"center center","background-size":"auto","background-attachment":"scroll","background-type":"","background-media":"","overlay-type":"","overlay-color":"","overlay-opacity":"","overlay-gradient":""}},"footnotes":""},"class_list":["post-10059","page","type-page","status-publish","hentry"],"post_mailing_queue_ids":[],"_links":{"self":[{"href":"https:\/\/agora.xtec.cat\/ceip-mcinto-verdaguer\/wp-json\/wp\/v2\/pages\/10059","targetHints":{"allow":["GET"]}}],"collection":[{"href":"https:\/\/agora.xtec.cat\/ceip-mcinto-verdaguer\/wp-json\/wp\/v2\/pages"}],"about":[{"href":"https:\/\/agora.xtec.cat\/ceip-mcinto-verdaguer\/wp-json\/wp\/v2\/types\/page"}],"author":[{"embeddable":true,"href":"https:\/\/agora.xtec.cat\/ceip-mcinto-verdaguer\/wp-json\/wp\/v2\/users\/1"}],"replies":[{"embeddable":true,"href":"https:\/\/agora.xtec.cat\/ceip-mcinto-verdaguer\/wp-json\/wp\/v2\/comments?post=10059"}],"version-history":[{"count":6,"href":"https:\/\/agora.xtec.cat\/ceip-mcinto-verdaguer\/wp-json\/wp\/v2\/pages\/10059\/revisions"}],"predecessor-version":[{"id":10983,"href":"https:\/\/agora.xtec.cat\/ceip-mcinto-verdaguer\/wp-json\/wp\/v2\/pages\/10059\/revisions\/10983"}],"wp:attachment":[{"href":"https:\/\/agora.xtec.cat\/ceip-mcinto-verdaguer\/wp-json\/wp\/v2\/media?parent=10059"}],"curies":[{"name":"wp","href":"https:\/\/api.w.org\/{rel}","templated":true}]}}