{"id":788,"date":"2020-03-13T17:59:44","date_gmt":"2020-03-13T16:59:44","guid":{"rendered":"https:\/\/agora.xtec.cat\/ceip-masmaso-salt\/?page_id=788"},"modified":"2025-05-09T12:17:46","modified_gmt":"2025-05-09T10:17:46","slug":"apadrinem-escultures","status":"publish","type":"page","link":"https:\/\/agora.xtec.cat\/ceip-masmaso-salt\/projectes\/apadrinem-escultures\/","title":{"rendered":"Apadrinem escultures"},"content":{"rendered":"<p>La iniciativa forma part del projecte Apadrinem Escultures, d\u2019Amics de la Unesco, i compta amb la col\u00b7laboraci\u00f3 de l\u2019Ajuntament de Salt. Aquest projecte, educatiu i ciutad\u00e0, t\u00e9 com a objectiu apropar els alumnes dels centres educatius al parc escult\u00f2ric de la seva poblaci\u00f3 per tal de poder-lo con\u00e8ixer, estimar i ajudar a tenir-ne cura.<a href=\"https:\/\/agora.xtec.cat\/ceip-masmaso-salt\/wp-content\/uploads\/usu2012\/2020\/03\/ajuntament_salt.jpg\"><img loading=\"lazy\" decoding=\"async\" class=\"wp-image-791 aligncenter\" src=\"https:\/\/agora.xtec.cat\/ceip-masmaso-salt\/wp-content\/uploads\/usu2012\/2020\/03\/ajuntament_salt-300x141.jpg\" alt=\"\" width=\"266\" height=\"125\" srcset=\"https:\/\/agora.xtec.cat\/ceip-masmaso-salt\/wp-content\/uploads\/usu2012\/2020\/03\/ajuntament_salt-300x141.jpg 300w, https:\/\/agora.xtec.cat\/ceip-masmaso-salt\/wp-content\/uploads\/usu2012\/2020\/03\/ajuntament_salt.jpg 512w\" sizes=\"auto, (max-width: 266px) 100vw, 266px\" \/><\/a><\/p>\n","protected":false},"excerpt":{"rendered":"<p>La iniciativa forma part del projecte Apadrinem Escultures, d\u2019Amics de la Unesco, i compta amb la col\u00b7laboraci\u00f3 de l\u2019Ajuntament de Salt. Aquest projecte, educatiu i ciutad\u00e0, t\u00e9 com a objectiu apropar els alumnes dels centres educatius al parc escult\u00f2ric de la seva poblaci\u00f3 per tal de poder-lo con\u00e8ixer, estimar i ajudar a tenir-ne cura.<\/p>\n","protected":false},"author":1,"featured_media":0,"parent":1078,"menu_order":0,"comment_status":"closed","ping_status":"closed","template":"","meta":{"_bbp_topic_count":0,"_bbp_reply_count":0,"_bbp_total_topic_count":0,"_bbp_total_reply_count":0,"_bbp_voice_count":0,"_bbp_anonymous_reply_count":0,"_bbp_topic_count_hidden":0,"_bbp_reply_count_hidden":0,"_bbp_forum_subforum_count":0,"site-sidebar-layout":"default","site-content-layout":"","ast-site-content-layout":"","site-content-style":"default","site-sidebar-style":"default","ast-global-header-display":"","ast-banner-title-visibility":"","ast-main-header-display":"","ast-hfb-above-header-display":"","ast-hfb-below-header-display":"","ast-hfb-mobile-header-display":"","site-post-title":"","ast-breadcrumbs-content":"","ast-featured-img":"","footer-sml-layout":"","theme-transparent-header-meta":"","adv-header-id-meta":"","stick-header-meta":"","header-above-stick-meta":"","header-main-stick-meta":"","header-below-stick-meta":"","astra-migrate-meta-layouts":"default","ast-page-background-enabled":"default","ast-page-background-meta":{"desktop":{"background-color":"var(--ast-global-color-4)","background-image":"","background-repeat":"repeat","background-position":"center center","background-size":"auto","background-attachment":"scroll","background-type":"","background-media":"","overlay-type":"","overlay-color":"","overlay-opacity":"","overlay-gradient":""},"tablet":{"background-color":"","background-image":"","background-repeat":"repeat","background-position":"center center","background-size":"auto","background-attachment":"scroll","background-type":"","background-media":"","overlay-type":"","overlay-color":"","overlay-opacity":"","overlay-gradient":""},"mobile":{"background-color":"","background-image":"","background-repeat":"repeat","background-position":"center center","background-size":"auto","background-attachment":"scroll","background-type":"","background-media":"","overlay-type":"","overlay-color":"","overlay-opacity":"","overlay-gradient":""}},"ast-content-background-meta":{"desktop":{"background-color":"var(--ast-global-color-5)","background-image":"","background-repeat":"repeat","background-position":"center center","background-size":"auto","background-attachment":"scroll","background-type":"","background-media":"","overlay-type":"","overlay-color":"","overlay-opacity":"","overlay-gradient":""},"tablet":{"background-color":"var(--ast-global-color-5)","background-image":"","background-repeat":"repeat","background-position":"center center","background-size":"auto","background-attachment":"scroll","background-type":"","background-media":"","overlay-type":"","overlay-color":"","overlay-opacity":"","overlay-gradient":""},"mobile":{"background-color":"var(--ast-global-color-5)","background-image":"","background-repeat":"repeat","background-position":"center center","background-size":"auto","background-attachment":"scroll","background-type":"","background-media":"","overlay-type":"","overlay-color":"","overlay-opacity":"","overlay-gradient":""}},"footnotes":""},"class_list":["post-788","page","type-page","status-publish","hentry"],"post_mailing_queue_ids":[],"_links":{"self":[{"href":"https:\/\/agora.xtec.cat\/ceip-masmaso-salt\/wp-json\/wp\/v2\/pages\/788","targetHints":{"allow":["GET"]}}],"collection":[{"href":"https:\/\/agora.xtec.cat\/ceip-masmaso-salt\/wp-json\/wp\/v2\/pages"}],"about":[{"href":"https:\/\/agora.xtec.cat\/ceip-masmaso-salt\/wp-json\/wp\/v2\/types\/page"}],"author":[{"embeddable":true,"href":"https:\/\/agora.xtec.cat\/ceip-masmaso-salt\/wp-json\/wp\/v2\/users\/1"}],"replies":[{"embeddable":true,"href":"https:\/\/agora.xtec.cat\/ceip-masmaso-salt\/wp-json\/wp\/v2\/comments?post=788"}],"version-history":[{"count":4,"href":"https:\/\/agora.xtec.cat\/ceip-masmaso-salt\/wp-json\/wp\/v2\/pages\/788\/revisions"}],"predecessor-version":[{"id":2073,"href":"https:\/\/agora.xtec.cat\/ceip-masmaso-salt\/wp-json\/wp\/v2\/pages\/788\/revisions\/2073"}],"up":[{"embeddable":true,"href":"https:\/\/agora.xtec.cat\/ceip-masmaso-salt\/wp-json\/wp\/v2\/pages\/1078"}],"wp:attachment":[{"href":"https:\/\/agora.xtec.cat\/ceip-masmaso-salt\/wp-json\/wp\/v2\/media?parent=788"}],"curies":[{"name":"wp","href":"https:\/\/api.w.org\/{rel}","templated":true}]}}