{"id":30,"date":"2014-09-18T12:30:23","date_gmt":"2014-09-18T11:30:23","guid":{"rendered":"http:\/\/agora.xtec.cat\/ceip-masmaso-salt\/?page_id=30"},"modified":"2023-08-09T10:18:31","modified_gmt":"2023-08-09T08:18:31","slug":"instal%c2%b7lacions","status":"publish","type":"page","link":"https:\/\/agora.xtec.cat\/ceip-masmaso-salt\/lescola\/instal%c2%b7lacions\/","title":{"rendered":"Instal\u00b7lacions"},"content":{"rendered":"<p>L&#8217;escola disposa de les seg\u00fcents instal\u00b7lacions:<\/p>\n<ul style=\"list-style-type: square;\">\n<li>18 aules<\/li>\n<li>Aula de de Llenguatge Oral<\/li>\n<li>Gimn\u00e0s<\/li>\n<li>Biblioteca<\/li>\n<li>Aula de M\u00fasica<\/li>\n<li>Aula polivalent<\/li>\n<li>Aula Inform\u00e0tica EPRI<\/li>\n<li>Aula Inform\u00e0tica Educaci\u00f3 Infantil<\/li>\n<li>Aula de Llengua Estrangera<\/li>\n<li>1 aules d&#8217;Educaci\u00f3 Especial<\/li>\n<li>1 Aula SIEI<\/li>\n<li>1 aula d&#8217;acollida<\/li>\n<li>4\u00a0 aules tutoria\/cicles<\/li>\n<li>1Menjador<\/li>\n<li>1Cuina<\/li>\n<li>Amplia zona d&#8217;esbarjo per EI i EPRI<\/li>\n<li>5 despatxos destinats a la gesti\u00f3 del centre i per a l&#8217;\u00fas de serveis Externs (EAP, CRETDIC,CDIAP, CREDAG&#8230;)<\/li>\n<\/ul>\n<p>&nbsp;<\/p>\n<figure id=\"attachment_1093\" aria-describedby=\"caption-attachment-1093\" style=\"width: 506px\" class=\"wp-caption aligncenter\"><img loading=\"lazy\" decoding=\"async\" class=\"wp-image-1093\" src=\"https:\/\/agora.xtec.cat\/ceip-masmaso-salt\/wp-content\/uploads\/usu2012\/2021\/04\/menjador-3.jpg\" alt=\"\" width=\"506\" height=\"324\" srcset=\"https:\/\/agora.xtec.cat\/ceip-masmaso-salt\/wp-content\/uploads\/usu2012\/2021\/04\/menjador-3.jpg 824w, https:\/\/agora.xtec.cat\/ceip-masmaso-salt\/wp-content\/uploads\/usu2012\/2021\/04\/menjador-3-300x192.jpg 300w, https:\/\/agora.xtec.cat\/ceip-masmaso-salt\/wp-content\/uploads\/usu2012\/2021\/04\/menjador-3-768x491.jpg 768w\" sizes=\"auto, (max-width: 506px) 100vw, 506px\" \/><figcaption id=\"caption-attachment-1093\" class=\"wp-caption-text\"><span style=\"color: #0000ff;\">Menjador<\/span><\/figcaption><\/figure>\n","protected":false},"excerpt":{"rendered":"<p>L&#8217;escola disposa de les seg\u00fcents instal\u00b7lacions: 18 aules Aula de de Llenguatge Oral Gimn\u00e0s Biblioteca Aula de M\u00fasica Aula polivalent Aula Inform\u00e0tica EPRI Aula Inform\u00e0tica Educaci\u00f3 Infantil Aula de Llengua Estrangera 1 aules d&#8217;Educaci\u00f3 Especial 1 Aula SIEI 1 aula d&#8217;acollida 4\u00a0 aules tutoria\/cicles 1Menjador 1Cuina Amplia zona d&#8217;esbarjo per EI i EPRI 5 despatxos [&hellip;]<\/p>\n","protected":false},"author":1,"featured_media":0,"parent":22,"menu_order":40,"comment_status":"closed","ping_status":"closed","template":"page-templates\/side-menu.php","meta":{"_bbp_topic_count":0,"_bbp_reply_count":0,"_bbp_total_topic_count":0,"_bbp_total_reply_count":0,"_bbp_voice_count":0,"_bbp_anonymous_reply_count":0,"_bbp_topic_count_hidden":0,"_bbp_reply_count_hidden":0,"_bbp_forum_subforum_count":0,"site-sidebar-layout":"default","site-content-layout":"","ast-site-content-layout":"","site-content-style":"default","site-sidebar-style":"default","ast-global-header-display":"","ast-banner-title-visibility":"","ast-main-header-display":"","ast-hfb-above-header-display":"","ast-hfb-below-header-display":"","ast-hfb-mobile-header-display":"","site-post-title":"","ast-breadcrumbs-content":"","ast-featured-img":"","footer-sml-layout":"","theme-transparent-header-meta":"","adv-header-id-meta":"","stick-header-meta":"","header-above-stick-meta":"","header-main-stick-meta":"","header-below-stick-meta":"","astra-migrate-meta-layouts":"default","ast-page-background-enabled":"default","ast-page-background-meta":{"desktop":{"background-color":"var(--ast-global-color-4)","background-image":"","background-repeat":"repeat","background-position":"center center","background-size":"auto","background-attachment":"scroll","background-type":"","background-media":"","overlay-type":"","overlay-color":"","overlay-opacity":"","overlay-gradient":""},"tablet":{"background-color":"","background-image":"","background-repeat":"repeat","background-position":"center center","background-size":"auto","background-attachment":"scroll","background-type":"","background-media":"","overlay-type":"","overlay-color":"","overlay-opacity":"","overlay-gradient":""},"mobile":{"background-color":"","background-image":"","background-repeat":"repeat","background-position":"center center","background-size":"auto","background-attachment":"scroll","background-type":"","background-media":"","overlay-type":"","overlay-color":"","overlay-opacity":"","overlay-gradient":""}},"ast-content-background-meta":{"desktop":{"background-color":"var(--ast-global-color-5)","background-image":"","background-repeat":"repeat","background-position":"center center","background-size":"auto","background-attachment":"scroll","background-type":"","background-media":"","overlay-type":"","overlay-color":"","overlay-opacity":"","overlay-gradient":""},"tablet":{"background-color":"var(--ast-global-color-5)","background-image":"","background-repeat":"repeat","background-position":"center center","background-size":"auto","background-attachment":"scroll","background-type":"","background-media":"","overlay-type":"","overlay-color":"","overlay-opacity":"","overlay-gradient":""},"mobile":{"background-color":"var(--ast-global-color-5)","background-image":"","background-repeat":"repeat","background-position":"center center","background-size":"auto","background-attachment":"scroll","background-type":"","background-media":"","overlay-type":"","overlay-color":"","overlay-opacity":"","overlay-gradient":""}},"footnotes":""},"class_list":["post-30","page","type-page","status-publish","hentry"],"post_mailing_queue_ids":[],"_links":{"self":[{"href":"https:\/\/agora.xtec.cat\/ceip-masmaso-salt\/wp-json\/wp\/v2\/pages\/30","targetHints":{"allow":["GET"]}}],"collection":[{"href":"https:\/\/agora.xtec.cat\/ceip-masmaso-salt\/wp-json\/wp\/v2\/pages"}],"about":[{"href":"https:\/\/agora.xtec.cat\/ceip-masmaso-salt\/wp-json\/wp\/v2\/types\/page"}],"author":[{"embeddable":true,"href":"https:\/\/agora.xtec.cat\/ceip-masmaso-salt\/wp-json\/wp\/v2\/users\/1"}],"replies":[{"embeddable":true,"href":"https:\/\/agora.xtec.cat\/ceip-masmaso-salt\/wp-json\/wp\/v2\/comments?post=30"}],"version-history":[{"count":3,"href":"https:\/\/agora.xtec.cat\/ceip-masmaso-salt\/wp-json\/wp\/v2\/pages\/30\/revisions"}],"predecessor-version":[{"id":1625,"href":"https:\/\/agora.xtec.cat\/ceip-masmaso-salt\/wp-json\/wp\/v2\/pages\/30\/revisions\/1625"}],"up":[{"embeddable":true,"href":"https:\/\/agora.xtec.cat\/ceip-masmaso-salt\/wp-json\/wp\/v2\/pages\/22"}],"wp:attachment":[{"href":"https:\/\/agora.xtec.cat\/ceip-masmaso-salt\/wp-json\/wp\/v2\/media?parent=30"}],"curies":[{"name":"wp","href":"https:\/\/api.w.org\/{rel}","templated":true}]}}