{"id":1770,"date":"2024-03-06T10:17:11","date_gmt":"2024-03-06T09:17:11","guid":{"rendered":"https:\/\/agora.xtec.cat\/ceip-masmaso-salt\/?page_id=1770"},"modified":"2025-06-03T15:55:49","modified_gmt":"2025-06-03T13:55:49","slug":"terapia-assistida-amb-gossos","status":"publish","type":"page","link":"https:\/\/agora.xtec.cat\/ceip-masmaso-salt\/projectes\/terapia-assistida-amb-gossos\/","title":{"rendered":"Ter\u00e0pia assistida amb gossos"},"content":{"rendered":"<p style=\"text-align: left;\">La ter\u00e0pia assistida amb gossos \u00e9s una activitat pensada per l&#8217;alumnat que mostra dificultats en les \u00e0rees de relaci\u00f3, comportament o llenguatge. Es realitza setmanalment els divendres amb l&#8217;ajuda de gossos i gats amb l&#8217;objectiu de millorar el funcionament emocional, social i cognitiu.<\/p>\n<p><img loading=\"lazy\" decoding=\"async\" class=\"alignnone wp-image-1772 size-medium\" src=\"https:\/\/agora.xtec.cat\/ceip-masmaso-salt\/wp-content\/uploads\/usu2012\/2024\/03\/huma-1-300x225.jpg\" alt=\"\" width=\"300\" height=\"225\" srcset=\"https:\/\/agora.xtec.cat\/ceip-masmaso-salt\/wp-content\/uploads\/usu2012\/2024\/03\/huma-1-300x225.jpg 300w, https:\/\/agora.xtec.cat\/ceip-masmaso-salt\/wp-content\/uploads\/usu2012\/2024\/03\/huma-1-768x576.jpg 768w, https:\/\/agora.xtec.cat\/ceip-masmaso-salt\/wp-content\/uploads\/usu2012\/2024\/03\/huma-1-200x150.jpg 200w, https:\/\/agora.xtec.cat\/ceip-masmaso-salt\/wp-content\/uploads\/usu2012\/2024\/03\/huma-1.jpg 1024w\" sizes=\"auto, (max-width: 300px) 100vw, 300px\" \/><img loading=\"lazy\" decoding=\"async\" class=\"alignnone wp-image-1775 size-medium\" src=\"https:\/\/agora.xtec.cat\/ceip-masmaso-salt\/wp-content\/uploads\/usu2012\/2024\/03\/Sense-titol-bo-213x300.jpg\" alt=\"\" width=\"213\" height=\"300\" srcset=\"https:\/\/agora.xtec.cat\/ceip-masmaso-salt\/wp-content\/uploads\/usu2012\/2024\/03\/Sense-titol-bo-213x300.jpg 213w, https:\/\/agora.xtec.cat\/ceip-masmaso-salt\/wp-content\/uploads\/usu2012\/2024\/03\/Sense-titol-bo.jpg 711w\" sizes=\"auto, (max-width: 213px) 100vw, 213px\" \/><\/p>\n<p>&nbsp;<\/p>\n<p>Amb la col\u00b7laboraci\u00f3 de:<\/p>\n<p><img loading=\"lazy\" decoding=\"async\" class=\"alignnone wp-image-2082\" title=\"Amb la col\u00b7laboraci\u00f3 de: \" src=\"https:\/\/agora.xtec.cat\/ceip-masmaso-salt\/wp-content\/uploads\/usu2012\/2025\/05\/images-300x131.png\" alt=\"\" width=\"200\" height=\"87\" srcset=\"https:\/\/agora.xtec.cat\/ceip-masmaso-salt\/wp-content\/uploads\/usu2012\/2025\/05\/images-300x131.png 300w, https:\/\/agora.xtec.cat\/ceip-masmaso-salt\/wp-content\/uploads\/usu2012\/2025\/05\/images.png 340w\" sizes=\"auto, (max-width: 200px) 100vw, 200px\" \/><\/p>\n","protected":false},"excerpt":{"rendered":"<p>La ter\u00e0pia assistida amb gossos \u00e9s una activitat pensada per l&#8217;alumnat que mostra dificultats en les \u00e0rees de relaci\u00f3, comportament o llenguatge. Es realitza setmanalment els divendres amb l&#8217;ajuda de gossos i gats amb l&#8217;objectiu de millorar el funcionament emocional, social i cognitiu. &nbsp; Amb la col\u00b7laboraci\u00f3 de:<\/p>\n","protected":false},"author":1,"featured_media":0,"parent":1078,"menu_order":90,"comment_status":"closed","ping_status":"closed","template":"","meta":{"_bbp_topic_count":0,"_bbp_reply_count":0,"_bbp_total_topic_count":0,"_bbp_total_reply_count":0,"_bbp_voice_count":0,"_bbp_anonymous_reply_count":0,"_bbp_topic_count_hidden":0,"_bbp_reply_count_hidden":0,"_bbp_forum_subforum_count":0,"site-sidebar-layout":"default","site-content-layout":"","ast-site-content-layout":"","site-content-style":"default","site-sidebar-style":"default","ast-global-header-display":"","ast-banner-title-visibility":"","ast-main-header-display":"","ast-hfb-above-header-display":"","ast-hfb-below-header-display":"","ast-hfb-mobile-header-display":"","site-post-title":"","ast-breadcrumbs-content":"","ast-featured-img":"","footer-sml-layout":"","theme-transparent-header-meta":"","adv-header-id-meta":"","stick-header-meta":"","header-above-stick-meta":"","header-main-stick-meta":"","header-below-stick-meta":"","astra-migrate-meta-layouts":"default","ast-page-background-enabled":"default","ast-page-background-meta":{"desktop":{"background-color":"var(--ast-global-color-4)","background-image":"","background-repeat":"repeat","background-position":"center center","background-size":"auto","background-attachment":"scroll","background-type":"","background-media":"","overlay-type":"","overlay-color":"","overlay-opacity":"","overlay-gradient":""},"tablet":{"background-color":"","background-image":"","background-repeat":"repeat","background-position":"center center","background-size":"auto","background-attachment":"scroll","background-type":"","background-media":"","overlay-type":"","overlay-color":"","overlay-opacity":"","overlay-gradient":""},"mobile":{"background-color":"","background-image":"","background-repeat":"repeat","background-position":"center center","background-size":"auto","background-attachment":"scroll","background-type":"","background-media":"","overlay-type":"","overlay-color":"","overlay-opacity":"","overlay-gradient":""}},"ast-content-background-meta":{"desktop":{"background-color":"var(--ast-global-color-5)","background-image":"","background-repeat":"repeat","background-position":"center center","background-size":"auto","background-attachment":"scroll","background-type":"","background-media":"","overlay-type":"","overlay-color":"","overlay-opacity":"","overlay-gradient":""},"tablet":{"background-color":"var(--ast-global-color-5)","background-image":"","background-repeat":"repeat","background-position":"center center","background-size":"auto","background-attachment":"scroll","background-type":"","background-media":"","overlay-type":"","overlay-color":"","overlay-opacity":"","overlay-gradient":""},"mobile":{"background-color":"var(--ast-global-color-5)","background-image":"","background-repeat":"repeat","background-position":"center center","background-size":"auto","background-attachment":"scroll","background-type":"","background-media":"","overlay-type":"","overlay-color":"","overlay-opacity":"","overlay-gradient":""}},"footnotes":""},"class_list":["post-1770","page","type-page","status-publish","hentry"],"post_mailing_queue_ids":[],"_links":{"self":[{"href":"https:\/\/agora.xtec.cat\/ceip-masmaso-salt\/wp-json\/wp\/v2\/pages\/1770","targetHints":{"allow":["GET"]}}],"collection":[{"href":"https:\/\/agora.xtec.cat\/ceip-masmaso-salt\/wp-json\/wp\/v2\/pages"}],"about":[{"href":"https:\/\/agora.xtec.cat\/ceip-masmaso-salt\/wp-json\/wp\/v2\/types\/page"}],"author":[{"embeddable":true,"href":"https:\/\/agora.xtec.cat\/ceip-masmaso-salt\/wp-json\/wp\/v2\/users\/1"}],"replies":[{"embeddable":true,"href":"https:\/\/agora.xtec.cat\/ceip-masmaso-salt\/wp-json\/wp\/v2\/comments?post=1770"}],"version-history":[{"count":5,"href":"https:\/\/agora.xtec.cat\/ceip-masmaso-salt\/wp-json\/wp\/v2\/pages\/1770\/revisions"}],"predecessor-version":[{"id":2111,"href":"https:\/\/agora.xtec.cat\/ceip-masmaso-salt\/wp-json\/wp\/v2\/pages\/1770\/revisions\/2111"}],"up":[{"embeddable":true,"href":"https:\/\/agora.xtec.cat\/ceip-masmaso-salt\/wp-json\/wp\/v2\/pages\/1078"}],"wp:attachment":[{"href":"https:\/\/agora.xtec.cat\/ceip-masmaso-salt\/wp-json\/wp\/v2\/media?parent=1770"}],"curies":[{"name":"wp","href":"https:\/\/api.w.org\/{rel}","templated":true}]}}