{"id":1760,"date":"2024-03-06T08:33:35","date_gmt":"2024-03-06T07:33:35","guid":{"rendered":"https:\/\/agora.xtec.cat\/ceip-masmaso-salt\/?page_id=1760"},"modified":"2025-09-15T11:39:00","modified_gmt":"2025-09-15T09:39:00","slug":"tis-i-educadora-social","status":"publish","type":"page","link":"https:\/\/agora.xtec.cat\/ceip-masmaso-salt\/lescola\/tis-i-educadora-social\/","title":{"rendered":"TIS (T\u00e8cnica d&#8217;Integraci\u00f3 Social)"},"content":{"rendered":"<h4 style=\"text-align: center;\"><b>Programa T\u00e8cniques d\u2019Integraci\u00f3 Social<\/b><\/h4>\n<p>&nbsp;<\/p>\n<p><span style=\"font-weight: 400;\">El centre Mas Mas\u00f3 disposa de professionals d\u2019atenci\u00f3 educativa amb la finalitat de garantir l\u2019equitat en l\u2019acc\u00e9s a l\u2019educaci\u00f3: T\u00e8cnica d\u2019integraci\u00f3 social<\/span><span style=\"font-weight: 400;\">.<\/span><\/p>\n<p><span style=\"font-weight: 400;\">La incorporaci\u00f3 de t\u00e8cnics d\u2019integraci\u00f3 social<\/span><b>\u00a0t\u00e9 com a objecte<\/b><span style=\"font-weight: 400;\"> suplementar amb professionals d&#8217;atenci\u00f3 educativa l&#8217;activitat que es presta en els centres docents<\/span><span style=\"font-weight: 400;\">,<\/span><span style=\"font-weight: 400;\"> amb la finalitat de garantir l&#8217;equitat en l&#8217;acc\u00e9s a l\u2019educaci\u00f3.<\/span><\/p>\n<p><span style=\"font-weight: 400;\">Els objectius del <\/span><b>Programa de t\u00e8cnics d\u2019integraci\u00f3 social<\/b><span style=\"font-weight: 400;\">\u00a0s\u00f3n:<\/span><\/p>\n<p><span style=\"font-weight: 400;\">&#8211;<\/span><span style=\"font-weight: 400;\">\u00a0 \u00a0 \u00a0 \u00a0 \u00a0 <\/span><span style=\"font-weight: 400;\">Prevenir l\u2019abandonament prematur i el frac\u00e0s escolar Procurar el benestar emocional dels alumnes.<\/span><\/p>\n<p><span style=\"font-weight: 400;\">&#8211;<\/span><span style=\"font-weight: 400;\">\u00a0 \u00a0 \u00a0 \u00a0 \u00a0 <\/span><span style=\"font-weight: 400;\">Facilitar una bona conviv\u00e8ncia en els centres educatius.<\/span><\/p>\n<p><span style=\"font-weight: 400;\">&#8211;<\/span><span style=\"font-weight: 400;\">\u00a0 \u00a0 \u00a0 \u00a0 \u00a0 <\/span><span style=\"font-weight: 400;\">Contribuir a l\u2019orientaci\u00f3 dels alumnes.<\/span><\/p>\n<p><span style=\"font-weight: 400;\">&#8211;<\/span><span style=\"font-weight: 400;\">\u00a0 \u00a0 \u00a0 \u00a0 \u00a0 <\/span><span style=\"font-weight: 400;\">Fomentar la implicaci\u00f3 de les fam\u00edlies.<\/span><\/p>\n<p><span style=\"font-weight: 400;\">&#8211;<\/span><span style=\"font-weight: 400;\">\u00a0 \u00a0 \u00a0 \u00a0 \u00a0 <\/span><span style=\"font-weight: 400;\">Fomentar el vincle entre l\u2019escola i el seu entorn.<\/span><\/p>\n<p><span style=\"font-weight: 400;\">&#8211;<\/span><span style=\"font-weight: 400;\">\u00a0 \u00a0 \u00a0 \u00a0 \u00a0 <\/span><span style=\"font-weight: 400;\">Contribuir al desenvolupament de plans d\u2019\u00e0mbit comunitari.<\/span><\/p>\n<p><span style=\"font-weight: 400;\">El resultat esperat del programa \u00e9s reduir l\u2019absentisme escolar i l\u2019abandonament prematur.<\/span><\/p>\n","protected":false},"excerpt":{"rendered":"<p>Programa T\u00e8cniques d\u2019Integraci\u00f3 Social &nbsp; El centre Mas Mas\u00f3 disposa de professionals d\u2019atenci\u00f3 educativa amb la finalitat de garantir l\u2019equitat en l\u2019acc\u00e9s a l\u2019educaci\u00f3: T\u00e8cnica d\u2019integraci\u00f3 social. La incorporaci\u00f3 de t\u00e8cnics d\u2019integraci\u00f3 social\u00a0t\u00e9 com a objecte suplementar amb professionals d&#8217;atenci\u00f3 educativa l&#8217;activitat que es presta en els centres docents, amb la finalitat de garantir l&#8217;equitat [&hellip;]<\/p>\n","protected":false},"author":1,"featured_media":0,"parent":22,"menu_order":150,"comment_status":"closed","ping_status":"closed","template":"","meta":{"_bbp_topic_count":0,"_bbp_reply_count":0,"_bbp_total_topic_count":0,"_bbp_total_reply_count":0,"_bbp_voice_count":0,"_bbp_anonymous_reply_count":0,"_bbp_topic_count_hidden":0,"_bbp_reply_count_hidden":0,"_bbp_forum_subforum_count":0,"site-sidebar-layout":"default","site-content-layout":"","ast-site-content-layout":"default","site-content-style":"default","site-sidebar-style":"default","ast-global-header-display":"","ast-banner-title-visibility":"","ast-main-header-display":"","ast-hfb-above-header-display":"","ast-hfb-below-header-display":"","ast-hfb-mobile-header-display":"","site-post-title":"","ast-breadcrumbs-content":"","ast-featured-img":"","footer-sml-layout":"","theme-transparent-header-meta":"default","adv-header-id-meta":"","stick-header-meta":"","header-above-stick-meta":"","header-main-stick-meta":"","header-below-stick-meta":"","astra-migrate-meta-layouts":"set","ast-page-background-enabled":"default","ast-page-background-meta":{"desktop":{"background-color":"var(--ast-global-color-4)","background-image":"","background-repeat":"repeat","background-position":"center center","background-size":"auto","background-attachment":"scroll","background-type":"","background-media":"","overlay-type":"","overlay-color":"","overlay-opacity":"","overlay-gradient":""},"tablet":{"background-color":"","background-image":"","background-repeat":"repeat","background-position":"center center","background-size":"auto","background-attachment":"scroll","background-type":"","background-media":"","overlay-type":"","overlay-color":"","overlay-opacity":"","overlay-gradient":""},"mobile":{"background-color":"","background-image":"","background-repeat":"repeat","background-position":"center center","background-size":"auto","background-attachment":"scroll","background-type":"","background-media":"","overlay-type":"","overlay-color":"","overlay-opacity":"","overlay-gradient":""}},"ast-content-background-meta":{"desktop":{"background-color":"var(--ast-global-color-5)","background-image":"","background-repeat":"repeat","background-position":"center center","background-size":"auto","background-attachment":"scroll","background-type":"","background-media":"","overlay-type":"","overlay-color":"","overlay-opacity":"","overlay-gradient":""},"tablet":{"background-color":"var(--ast-global-color-5)","background-image":"","background-repeat":"repeat","background-position":"center center","background-size":"auto","background-attachment":"scroll","background-type":"","background-media":"","overlay-type":"","overlay-color":"","overlay-opacity":"","overlay-gradient":""},"mobile":{"background-color":"var(--ast-global-color-5)","background-image":"","background-repeat":"repeat","background-position":"center center","background-size":"auto","background-attachment":"scroll","background-type":"","background-media":"","overlay-type":"","overlay-color":"","overlay-opacity":"","overlay-gradient":""}},"footnotes":""},"class_list":["post-1760","page","type-page","status-publish","hentry"],"post_mailing_queue_ids":[],"_links":{"self":[{"href":"https:\/\/agora.xtec.cat\/ceip-masmaso-salt\/wp-json\/wp\/v2\/pages\/1760","targetHints":{"allow":["GET"]}}],"collection":[{"href":"https:\/\/agora.xtec.cat\/ceip-masmaso-salt\/wp-json\/wp\/v2\/pages"}],"about":[{"href":"https:\/\/agora.xtec.cat\/ceip-masmaso-salt\/wp-json\/wp\/v2\/types\/page"}],"author":[{"embeddable":true,"href":"https:\/\/agora.xtec.cat\/ceip-masmaso-salt\/wp-json\/wp\/v2\/users\/1"}],"replies":[{"embeddable":true,"href":"https:\/\/agora.xtec.cat\/ceip-masmaso-salt\/wp-json\/wp\/v2\/comments?post=1760"}],"version-history":[{"count":5,"href":"https:\/\/agora.xtec.cat\/ceip-masmaso-salt\/wp-json\/wp\/v2\/pages\/1760\/revisions"}],"predecessor-version":[{"id":2224,"href":"https:\/\/agora.xtec.cat\/ceip-masmaso-salt\/wp-json\/wp\/v2\/pages\/1760\/revisions\/2224"}],"up":[{"embeddable":true,"href":"https:\/\/agora.xtec.cat\/ceip-masmaso-salt\/wp-json\/wp\/v2\/pages\/22"}],"wp:attachment":[{"href":"https:\/\/agora.xtec.cat\/ceip-masmaso-salt\/wp-json\/wp\/v2\/media?parent=1760"}],"curies":[{"name":"wp","href":"https:\/\/api.w.org\/{rel}","templated":true}]}}