{"id":1633,"date":"2023-08-09T10:30:00","date_gmt":"2023-08-09T08:30:00","guid":{"rendered":"https:\/\/agora.xtec.cat\/ceip-masmaso-salt\/?page_id=1633"},"modified":"2025-02-24T15:49:56","modified_gmt":"2025-02-24T14:49:56","slug":"consell-escolar-2","status":"publish","type":"page","link":"https:\/\/agora.xtec.cat\/ceip-masmaso-salt\/lescola\/consell-escolar-2\/","title":{"rendered":"Consell Escolar"},"content":{"rendered":"<h2 style=\"text-align: center;\">COMPOSICI\u00d3 CONSELL ESCOLAR<\/h2>\n<h5 style=\"text-align: center;\">Curs 2024-2025 (Eleccions novembre 2024)<\/h5>\n<table style=\"border-collapse: collapse; width: 100%;\">\n<tbody>\n<tr>\n<td style=\"width: 50%; background-color: #ebae15; text-align: center;\"><strong>C\u00e0rrec<\/strong><\/td>\n<td style=\"width: 50%; background-color: #ebae15; text-align: center;\"><strong>Nom i Cognoms<\/strong><\/td>\n<\/tr>\n<tr>\n<td style=\"width: 50%;\">Director\/a<\/td>\n<td style=\"width: 50%;\">Esther Company Esparraguera<\/td>\n<\/tr>\n<tr>\n<td style=\"width: 50%;\">Cap d\u2019estudis<\/td>\n<td style=\"width: 50%;\">N\u00faria Canals Morer<\/td>\n<\/tr>\n<tr>\n<td style=\"width: 50%;\">Representant Ajuntament<\/td>\n<td style=\"width: 50%;\">N\u00faria Heras Colomer<\/td>\n<\/tr>\n<tr>\n<td style=\"width: 50%;\">Representants professorat<\/td>\n<td style=\"width: 50%;\">Jordi Caparr\u00f3s Zamora<\/p>\n<p>Maria Figueras Torroella<\/p>\n<p>Margarida Moncanut Anguila<\/p>\n<p>Laura Jornet L\u00e1zaro<\/td>\n<\/tr>\n<tr>\n<td style=\"width: 50%;\">Representants dels pares<\/td>\n<td style=\"width: 50%;\">Wandiba Solly<\/p>\n<p>Houda\u00a0El Khabbaz<\/p>\n<p>Farida Zannouti<\/td>\n<\/tr>\n<tr>\n<td style=\"width: 50%;\">Representant AFA<\/td>\n<td style=\"width: 50%;\">Helena Bianka Dimon<\/td>\n<\/tr>\n<tr>\n<td style=\"width: 50%;\">Representant PAE<\/td>\n<td style=\"width: 50%;\">&#8211;<\/td>\n<\/tr>\n<tr>\n<td style=\"width: 50%;\">Representant PAS<\/td>\n<td style=\"width: 50%;\">Carme Castillo Romero<\/td>\n<\/tr>\n<tr>\n<td style=\"width: 50%;\">Secretari<\/td>\n<td style=\"width: 50%;\">Albert Arderiu Burcet<\/td>\n<\/tr>\n<tr>\n<td style=\"width: 50%;\"><\/td>\n<td style=\"width: 50%;\"><\/td>\n<\/tr>\n<tr>\n<td style=\"width: 50%;\">Substituts Representats Mestres<\/td>\n<td style=\"width: 50%;\">Montserrat Bofill Roca<\/p>\n<p>Farners Gonz\u00e1lez Mart\u00ednez<\/td>\n<\/tr>\n<tr>\n<td style=\"width: 50%;\">Substituts Representants fam\u00edlies<\/td>\n<td style=\"width: 50%;\">Pateh Jawo<\/p>\n<p>El Kbir Eddahbi<\/td>\n<\/tr>\n<\/tbody>\n<\/table>\n<p>&nbsp;<\/p>\n<p>&nbsp;<\/p>\n<p>&nbsp;<\/p>\n<p>&nbsp;<\/p>\n<p>:<\/p>\n<p>&nbsp;<\/p>\n<p>&nbsp;<\/p>\n<p>&nbsp;<\/p>\n<p>&nbsp;<\/p>\n<p>&nbsp;<\/p>\n","protected":false},"excerpt":{"rendered":"<p>COMPOSICI\u00d3 CONSELL ESCOLAR Curs 2024-2025 (Eleccions novembre 2024) C\u00e0rrec Nom i Cognoms Director\/a Esther Company Esparraguera Cap d\u2019estudis N\u00faria Canals Morer Representant Ajuntament N\u00faria Heras Colomer Representants professorat Jordi Caparr\u00f3s Zamora Maria Figueras Torroella Margarida Moncanut Anguila Laura Jornet L\u00e1zaro Representants dels pares Wandiba Solly Houda\u00a0El Khabbaz Farida Zannouti Representant AFA Helena Bianka Dimon Representant [&hellip;]<\/p>\n","protected":false},"author":1,"featured_media":0,"parent":22,"menu_order":90,"comment_status":"closed","ping_status":"closed","template":"","meta":{"_bbp_topic_count":0,"_bbp_reply_count":0,"_bbp_total_topic_count":0,"_bbp_total_reply_count":0,"_bbp_voice_count":0,"_bbp_anonymous_reply_count":0,"_bbp_topic_count_hidden":0,"_bbp_reply_count_hidden":0,"_bbp_forum_subforum_count":0,"site-sidebar-layout":"default","site-content-layout":"","ast-site-content-layout":"","site-content-style":"default","site-sidebar-style":"default","ast-global-header-display":"","ast-banner-title-visibility":"","ast-main-header-display":"","ast-hfb-above-header-display":"","ast-hfb-below-header-display":"","ast-hfb-mobile-header-display":"","site-post-title":"","ast-breadcrumbs-content":"","ast-featured-img":"","footer-sml-layout":"","theme-transparent-header-meta":"","adv-header-id-meta":"","stick-header-meta":"","header-above-stick-meta":"","header-main-stick-meta":"","header-below-stick-meta":"","astra-migrate-meta-layouts":"default","ast-page-background-enabled":"default","ast-page-background-meta":{"desktop":{"background-color":"var(--ast-global-color-4)","background-image":"","background-repeat":"repeat","background-position":"center center","background-size":"auto","background-attachment":"scroll","background-type":"","background-media":"","overlay-type":"","overlay-color":"","overlay-opacity":"","overlay-gradient":""},"tablet":{"background-color":"","background-image":"","background-repeat":"repeat","background-position":"center center","background-size":"auto","background-attachment":"scroll","background-type":"","background-media":"","overlay-type":"","overlay-color":"","overlay-opacity":"","overlay-gradient":""},"mobile":{"background-color":"","background-image":"","background-repeat":"repeat","background-position":"center center","background-size":"auto","background-attachment":"scroll","background-type":"","background-media":"","overlay-type":"","overlay-color":"","overlay-opacity":"","overlay-gradient":""}},"ast-content-background-meta":{"desktop":{"background-color":"var(--ast-global-color-5)","background-image":"","background-repeat":"repeat","background-position":"center center","background-size":"auto","background-attachment":"scroll","background-type":"","background-media":"","overlay-type":"","overlay-color":"","overlay-opacity":"","overlay-gradient":""},"tablet":{"background-color":"var(--ast-global-color-5)","background-image":"","background-repeat":"repeat","background-position":"center center","background-size":"auto","background-attachment":"scroll","background-type":"","background-media":"","overlay-type":"","overlay-color":"","overlay-opacity":"","overlay-gradient":""},"mobile":{"background-color":"var(--ast-global-color-5)","background-image":"","background-repeat":"repeat","background-position":"center center","background-size":"auto","background-attachment":"scroll","background-type":"","background-media":"","overlay-type":"","overlay-color":"","overlay-opacity":"","overlay-gradient":""}},"footnotes":""},"class_list":["post-1633","page","type-page","status-publish","hentry"],"post_mailing_queue_ids":[],"_links":{"self":[{"href":"https:\/\/agora.xtec.cat\/ceip-masmaso-salt\/wp-json\/wp\/v2\/pages\/1633","targetHints":{"allow":["GET"]}}],"collection":[{"href":"https:\/\/agora.xtec.cat\/ceip-masmaso-salt\/wp-json\/wp\/v2\/pages"}],"about":[{"href":"https:\/\/agora.xtec.cat\/ceip-masmaso-salt\/wp-json\/wp\/v2\/types\/page"}],"author":[{"embeddable":true,"href":"https:\/\/agora.xtec.cat\/ceip-masmaso-salt\/wp-json\/wp\/v2\/users\/1"}],"replies":[{"embeddable":true,"href":"https:\/\/agora.xtec.cat\/ceip-masmaso-salt\/wp-json\/wp\/v2\/comments?post=1633"}],"version-history":[{"count":6,"href":"https:\/\/agora.xtec.cat\/ceip-masmaso-salt\/wp-json\/wp\/v2\/pages\/1633\/revisions"}],"predecessor-version":[{"id":1978,"href":"https:\/\/agora.xtec.cat\/ceip-masmaso-salt\/wp-json\/wp\/v2\/pages\/1633\/revisions\/1978"}],"up":[{"embeddable":true,"href":"https:\/\/agora.xtec.cat\/ceip-masmaso-salt\/wp-json\/wp\/v2\/pages\/22"}],"wp:attachment":[{"href":"https:\/\/agora.xtec.cat\/ceip-masmaso-salt\/wp-json\/wp\/v2\/media?parent=1633"}],"curies":[{"name":"wp","href":"https:\/\/api.w.org\/{rel}","templated":true}]}}