{"id":9497,"date":"2021-10-18T16:04:46","date_gmt":"2021-10-18T14:04:46","guid":{"rendered":"https:\/\/agora.xtec.cat\/ceip-masiperera\/?page_id=9497"},"modified":"2025-10-24T13:45:59","modified_gmt":"2025-10-24T11:45:59","slug":"carnet-de-lafa","status":"publish","type":"page","link":"https:\/\/agora.xtec.cat\/ceip-masiperera\/afa\/carnet-de-lafa\/","title":{"rendered":"CARNET DE L&#8217;AFA"},"content":{"rendered":"<p>El <strong>Carnet de Fam\u00edlia S\u00f2cia de l&#8217;Associaci\u00f3 de Fam\u00edlies d&#8217;Alumnes (AFA)<\/strong>, \u00e9s un distintiu que no nom\u00e9s us acredita com a s\u00f2cies de l&#8217;entitat, sin\u00f3 que tamb\u00e9 us ofereix una s\u00e8rie de beneficis.<\/p>\n<p><strong>Beneficis del Carnet de S\u00f2cia:<\/strong><\/p>\n<ul>\n<li><strong>Identificaci\u00f3 i Pertinen\u00e7a:<\/strong> El carnet serveix com a prova de la vostra pertinen\u00e7a a l&#8217;AFA, mostrant el vostre comprom\u00eds i suport a la comunitat educativa.<\/li>\n<li><strong>Descomptes i Avantatges:<\/strong> Des de la junta de l&#8217;AFA, hem estat treballant intensament per establir col\u00b7laboracions amb diversos comer\u00e7os locals. Gr\u00e0cies a aquests acords, podreu gaudir de descomptes especials en una selecci\u00f3 d&#8217;establiments de Vilafranca del Pened\u00e8s. Aquesta iniciativa t\u00e9 com a objectiu fomentar el comer\u00e7 local i, alhora, oferir un valor afegit a la vostra participaci\u00f3 a l&#8217;AFA. Per tal de poder gaudir dels descomptes cal que presenteu el carnet de AFA als establiments. Recordeu que enguany es de color groc!<\/li>\n<\/ul>\n<p>A continuaci\u00f3 us facilitem el llistat:<\/p>\n<p>&nbsp;<\/p>\n<p><iframe loading=\"lazy\" style=\"border: none;\" src=\"https:\/\/docs.google.com\/spreadsheets\/d\/e\/2PACX-1vRLwz4WiY7FNQdWHqM0DUM-hFNSCyNEbKHs_dt9RrmBDQCnvQog9y3bPvFNPJSHpWgBfjjBO076j2-3\/pubhtml?gid=1061194825&amp;single=true&amp;widget=true&amp;headers=false\" width=\"1320\" height=\"600\"><span data-mce-type=\"bookmark\" style=\"display: inline-block; width: 0px; overflow: hidden; line-height: 0;\" class=\"mce_SELRES_start\">\ufeff<\/span><\/iframe><\/p>\n<p><span style=\"font-weight: 400;\"><span style=\"font-family: inherit; font-size: 1em;\">Seguirem treballant per sumar nous establiments a aquesta xarxa i els anirem actualitzant al web. <\/span><\/span><span style=\"font-weight: 400;\">Si teniu qualsevol dubte, no dubteu en contactar-nos a trav\u00e9s del correu electr\u00f2nic <\/span><a style=\"font-family: inherit; font-size: 1em;\" href=\"mailto:ampa@escolamasiperera.cat\" target=\"_blank\" rel=\"noopener noreferrer\">afa@escolamasiperera.cat<\/a><span style=\"font-weight: 400;\">. Recordeu que tamb\u00e9 ens podeu trobar a Twitter i Instagram (@afamasiperera).<\/span><\/p>\n","protected":false},"excerpt":{"rendered":"<p>El Carnet de Fam\u00edlia S\u00f2cia de l&#8217;Associaci\u00f3 de Fam\u00edlies d&#8217;Alumnes (AFA), \u00e9s un distintiu que no nom\u00e9s us acredita com a s\u00f2cies de l&#8217;entitat, sin\u00f3 que tamb\u00e9 us ofereix una s\u00e8rie de beneficis.<br \/>\nBeneficis del Carnet de S\u00f2cia:<\/p>\n<ul>\n<li>Identificaci\u00f3 i Pertinen\u00e7a: El carnet serveix com a prova&hellip;  <a href=\"https:\/\/agora.xtec.cat\/ceip-masiperera\/afa\/carnet-de-lafa\/\" title=\"Read CARNET DE L&#8217;AFA\">Llegeix m\u00e9s\u00bb<\/a><br \/>\n","protected":false},"author":4,"featured_media":0,"parent":9484,"menu_order":0,"comment_status":"closed","ping_status":"closed","template":"","meta":{"_bbp_topic_count":0,"_bbp_reply_count":0,"_bbp_total_topic_count":0,"_bbp_total_reply_count":0,"_bbp_voice_count":0,"_bbp_anonymous_reply_count":0,"_bbp_topic_count_hidden":0,"_bbp_reply_count_hidden":0,"_bbp_forum_subforum_count":0,"footnotes":""},"class_list":["post-9497","page","type-page","status-publish","hentry"],"post_mailing_queue_ids":[],"_links":{"self":[{"href":"https:\/\/agora.xtec.cat\/ceip-masiperera\/wp-json\/wp\/v2\/pages\/9497","targetHints":{"allow":["GET"]}}],"collection":[{"href":"https:\/\/agora.xtec.cat\/ceip-masiperera\/wp-json\/wp\/v2\/pages"}],"about":[{"href":"https:\/\/agora.xtec.cat\/ceip-masiperera\/wp-json\/wp\/v2\/types\/page"}],"author":[{"embeddable":true,"href":"https:\/\/agora.xtec.cat\/ceip-masiperera\/wp-json\/wp\/v2\/users\/4"}],"replies":[{"embeddable":true,"href":"https:\/\/agora.xtec.cat\/ceip-masiperera\/wp-json\/wp\/v2\/comments?post=9497"}],"version-history":[{"count":6,"href":"https:\/\/agora.xtec.cat\/ceip-masiperera\/wp-json\/wp\/v2\/pages\/9497\/revisions"}],"predecessor-version":[{"id":12584,"href":"https:\/\/agora.xtec.cat\/ceip-masiperera\/wp-json\/wp\/v2\/pages\/9497\/revisions\/12584"}],"up":[{"embeddable":true,"href":"https:\/\/agora.xtec.cat\/ceip-masiperera\/wp-json\/wp\/v2\/pages\/9484"}],"wp:attachment":[{"href":"https:\/\/agora.xtec.cat\/ceip-masiperera\/wp-json\/wp\/v2\/media?parent=9497"}],"curies":[{"name":"wp","href":"https:\/\/api.w.org\/{rel}","templated":true}]}}