{"id":84,"date":"2014-09-18T14:11:31","date_gmt":"2014-09-18T13:11:31","guid":{"rendered":"http:\/\/agora.xtec.cat\/ceip-masiperera\/?page_id=84"},"modified":"2025-09-15T15:57:02","modified_gmt":"2025-09-15T13:57:02","slug":"activitats-extraescolars","status":"publish","type":"page","link":"https:\/\/agora.xtec.cat\/ceip-masiperera\/afa\/serveis-afa\/activitats-extraescolars\/","title":{"rendered":"EXTRAESCOLARS"},"content":{"rendered":"<p>\ud83c\udfa8 <strong>Activitats Extraescolars \u2013 Curs 2025-2026<\/strong><\/p>\n<p>Les activitats extraescolars complementen l\u2019horari lectiu i ofereixen als infants espais enriquidors durant el <strong>migdia<\/strong> i la <strong>tarda<\/strong>. S\u00f3n una oportunitat per explorar interessos, desenvolupar habilitats i gaudir d\u2019un temps educatiu i l\u00fadic en un entorn segur.<\/p>\n<p>\ud83d\udcdd <strong>Inscripcions<\/strong><\/p>\n<p>Les inscripcions es fan a trav\u00e9s de <strong>formularis en l\u00ednia de les empreses<\/strong>, que podreu trobar en aquest enlla\u00e7:<\/p>\n<h2><a href=\"https:\/\/linktr.ee\/afa_extraescolars\">INSCRIPCIONS EXTRAESCOLARS CURS 2025 &#8211; 2026<\/a><\/h2>\n<p>\ud83d\udcc5 <strong>Calendari d\u2019inscripcions Curs 2025 &#8211; 2026<\/strong><\/p>\n<ul>\n<li><strong>Inici:<\/strong> 15 de setembre<\/li>\n<li><strong>Tancament:<\/strong> 26 de setembre<\/li>\n<\/ul>\n<p>\ud83d\udcc5 <strong>Inici de les activitats<\/strong><\/p>\n<ul>\n<li>Les extraescolars comen\u00e7aran el <strong>dilluns 6 d\u2019octubre<\/strong>.<\/li>\n<li>La <strong>setmana del 29 de setembre<\/strong> es publicar\u00e0 la graella definitiva d\u2019activitats, que dependr\u00e0 del nombre d\u2019inscripcions rebudes.<\/li>\n<li>\ud83d\udccd Tota la informaci\u00f3 i els enlla\u00e7os d\u2019inscripci\u00f3 estaran disponibles al <strong>web de l\u2019escola<\/strong>, a l\u2019apartat de l\u2019<strong>AFA<\/strong>, i tamb\u00e9 es difondran per <strong>correu electr\u00f2nic<\/strong> i <strong>xarxes socials<\/strong>.<\/li>\n<\/ul>\n<p>\ud83d\udd5b <strong>Funcionament de les Extraescolars de Migdia<\/strong><\/p>\n<p>\ud83d\udd38 <strong>Primer torn (12.30 h \u2013 13.30 h):<\/strong> En sortir de classe a les 12.30 h, el monitor\/a recull els infants.<\/p>\n<ul>\n<li>A les 13.30 h, els infants que es queden al menjador s\u00f3n acompanyats a dinar.<\/li>\n<li>Els que no es queden al menjador poden ser recollits per la porta principal.<\/li>\n<\/ul>\n<p>\ud83d\udd38 <strong>Segon torn (14.00 h \u2013 15.00 h):<\/strong><\/p>\n<ul>\n<li>Els infants que s\u00f3n al menjador s\u00f3n recollits pel monitor\/a.<\/li>\n<li>Els que venen de casa poden accedir per la porta principal a partir de les 14.00 h.<\/li>\n<li>A les 15.00 h, s\u00f3n acompanyats a les aules corresponents.<\/li>\n<\/ul>\n<p>\ud83c\udf06 <strong>Funcionament de les Extraescolars de Tarda<\/strong><\/p>\n<p>En sortir de classe a les 16.30 h, el monitor\/a recull els infants.<\/p>\n<ul>\n<li>Tenen una estona de descans per <strong>berenar plegats<\/strong> (cal portar berenar de casa).<\/li>\n<li>L\u2019activitat es desenvolupa de <strong>17.00 h a 18.00 h<\/strong>.<\/li>\n<li>Els infants es poden recollir a les <strong>18.00 h per la porta principal<\/strong> de l\u2019escola<\/li>\n<\/ul>\n<p>\ud83d\udcec En cas de dubtes o dificultats amb la inscripci\u00f3, podeu contactar amb l\u2019AFA:<\/p>\n<ul>\n<li>\ud83d\udcde Tel\u00e8fon: <strong>93 892 23 96<\/strong> (dilluns i dimecres de 15h a 17 h)<\/li>\n<li>\ud83d\udce7 Correu electr\u00f2nic: <strong>afa@escolamasiperera.cat<\/strong><\/li>\n<\/ul>\n<p><b style=\"font-family: inherit; font-size: 1em;\"><i>Proposta de Calendari d\u2019extraescolars CURS 2025 &#8211; 2026<\/i><\/b><\/p>\n<p><a href=\"https:\/\/agora.xtec.cat\/ceip-masiperera\/wp-content\/uploads\/usu690\/2025\/09\/Proposta-Horari-Extraescolars-Curs-2025-2026.jpg\"><img loading=\"lazy\" decoding=\"async\" class=\"aligncenter wp-image-12475\" src=\"https:\/\/agora.xtec.cat\/ceip-masiperera\/wp-content\/uploads\/usu690\/2025\/09\/Proposta-Horari-Extraescolars-Curs-2025-2026.jpg\" alt=\"\" width=\"910\" height=\"643\" srcset=\"https:\/\/agora.xtec.cat\/ceip-masiperera\/wp-content\/uploads\/usu690\/2025\/09\/Proposta-Horari-Extraescolars-Curs-2025-2026.jpg 2000w, https:\/\/agora.xtec.cat\/ceip-masiperera\/wp-content\/uploads\/usu690\/2025\/09\/Proposta-Horari-Extraescolars-Curs-2025-2026-300x212.jpg 300w, https:\/\/agora.xtec.cat\/ceip-masiperera\/wp-content\/uploads\/usu690\/2025\/09\/Proposta-Horari-Extraescolars-Curs-2025-2026-1024x724.jpg 1024w, https:\/\/agora.xtec.cat\/ceip-masiperera\/wp-content\/uploads\/usu690\/2025\/09\/Proposta-Horari-Extraescolars-Curs-2025-2026-768x543.jpg 768w, https:\/\/agora.xtec.cat\/ceip-masiperera\/wp-content\/uploads\/usu690\/2025\/09\/Proposta-Horari-Extraescolars-Curs-2025-2026-1536x1086.jpg 1536w\" sizes=\"auto, (max-width: 910px) 100vw, 910px\" \/><\/a><\/p>\n<p>*Aquest quadre gaireb\u00e9 \u00e9s el definitiu. A principis de curs tindrem la graella i els preus definitius. En funci\u00f3 de les inscripcions.<\/p>\n<div class=\"h5p-iframe-wrapper\"><iframe id=\"h5p-iframe-24\" class=\"h5p-iframe\" data-content-id=\"24\" style=\"height:1px\" src=\"about:blank\" frameBorder=\"0\" scrolling=\"no\" title=\"Extraescolars 2025 - 2026\"><\/iframe><\/div>\n","protected":false},"excerpt":{"rendered":"<p>\ud83c\udfa8 Activitats Extraescolars \u2013 Curs 2025-2026<br \/>\nLes activitats extraescolars complementen l\u2019horari lectiu i ofereixen als infants espais enriquidors durant el migdia i la tarda. S\u00f3n una oportunitat per explorar interessos, desenvolupar habilitats i gaudir d\u2019un temps educatiu i l\u00fadic en un entorn segur.<br \/>\n\ud83d\udcdd Inscripcions<br \/>\nLes inscripcions es&hellip;  <a href=\"https:\/\/agora.xtec.cat\/ceip-masiperera\/afa\/serveis-afa\/activitats-extraescolars\/\" title=\"Read EXTRAESCOLARS\">Llegeix m\u00e9s\u00bb<\/a><\/p>\n","protected":false},"author":1,"featured_media":0,"parent":12436,"menu_order":60,"comment_status":"closed","ping_status":"closed","template":"","meta":{"_bbp_topic_count":0,"_bbp_reply_count":0,"_bbp_total_topic_count":0,"_bbp_total_reply_count":0,"_bbp_voice_count":0,"_bbp_anonymous_reply_count":0,"_bbp_topic_count_hidden":0,"_bbp_reply_count_hidden":0,"_bbp_forum_subforum_count":0,"footnotes":""},"class_list":["post-84","page","type-page","status-publish","hentry"],"post_mailing_queue_ids":[],"_links":{"self":[{"href":"https:\/\/agora.xtec.cat\/ceip-masiperera\/wp-json\/wp\/v2\/pages\/84","targetHints":{"allow":["GET"]}}],"collection":[{"href":"https:\/\/agora.xtec.cat\/ceip-masiperera\/wp-json\/wp\/v2\/pages"}],"about":[{"href":"https:\/\/agora.xtec.cat\/ceip-masiperera\/wp-json\/wp\/v2\/types\/page"}],"author":[{"embeddable":true,"href":"https:\/\/agora.xtec.cat\/ceip-masiperera\/wp-json\/wp\/v2\/users\/1"}],"replies":[{"embeddable":true,"href":"https:\/\/agora.xtec.cat\/ceip-masiperera\/wp-json\/wp\/v2\/comments?post=84"}],"version-history":[{"count":6,"href":"https:\/\/agora.xtec.cat\/ceip-masiperera\/wp-json\/wp\/v2\/pages\/84\/revisions"}],"predecessor-version":[{"id":12482,"href":"https:\/\/agora.xtec.cat\/ceip-masiperera\/wp-json\/wp\/v2\/pages\/84\/revisions\/12482"}],"up":[{"embeddable":true,"href":"https:\/\/agora.xtec.cat\/ceip-masiperera\/wp-json\/wp\/v2\/pages\/12436"}],"wp:attachment":[{"href":"https:\/\/agora.xtec.cat\/ceip-masiperera\/wp-json\/wp\/v2\/media?parent=84"}],"curies":[{"name":"wp","href":"https:\/\/api.w.org\/{rel}","templated":true}]}}