{"id":66,"date":"2014-09-18T12:40:47","date_gmt":"2014-09-18T11:40:47","guid":{"rendered":"http:\/\/agora.xtec.cat\/ceip-masiperera\/?page_id=66"},"modified":"2025-07-23T17:31:07","modified_gmt":"2025-07-23T15:31:07","slug":"serveis","status":"publish","type":"page","link":"https:\/\/agora.xtec.cat\/ceip-masiperera\/serveis\/","title":{"rendered":"SERVEIS"},"content":{"rendered":"<p><span style=\"font-family: 'trebuchet ms', sans-serif; font-size: medium;\">Els serveis que l&#8217;<span style=\"color: #274e13;\"><b>Escola Mas i Perera<\/b><\/span> ofereix s\u00f3n:<\/span><\/p>\n<div><span style=\"font-family: 'trebuchet ms', sans-serif; font-size: medium;\">\u00a0<\/span><\/div>\n<div>\n<ul>\n<li><span style=\"font-family: 'trebuchet ms', sans-serif; font-size: medium;\">Dos cursos per nivell, des de i3 fins a 6\u00e8 d&#8217;Educaci\u00f3 Prim\u00e0ria.<\/span><\/li>\n<\/ul>\n<ul>\n<li><span style=\"font-family: 'trebuchet ms', sans-serif; font-size: medium;\"><b>L&#8217;horari lectiu<\/b> dels alumnes \u00e9s: de 9h a 12:30h i de 15h a 16:30h.<\/span><\/li>\n<\/ul>\n<ul>\n<li><span style=\"font-family: 'trebuchet ms', sans-serif; font-size: medium;\"><b>Servei de Menjador: <\/b>servei amb cuina pr\u00f2pia i amb alguns productes ecol\u00f2gics. L&#8217;atenci\u00f3 de l&#8217;alumnat que es queda a dinar al menjador va a c\u00e0rrec de l&#8217;equip de monitors des de les 12:30h fins les 15h.<\/span><\/li>\n<\/ul>\n<ul>\n<li><span style=\"font-family: 'trebuchet ms', sans-serif; font-size: medium;\"><b>Acollida fora de l&#8217;horari lectiu:<\/b> de 7:45h a 9h i de 16:30h a 18h.<\/span><\/li>\n<\/ul>\n<ul>\n<li><span style=\"font-family: 'trebuchet ms', sans-serif; font-size: medium;\"><b>Biblioteca: <\/b>A part del treball propi en horari lectiu, es pot utilitzar com a lloc de lectura, de treball i de pr\u00e9stec de llibres, de dilluns a divendres durant l&#8217;hora del pati i de 16:30h a 18h.<\/span><\/li>\n<\/ul>\n<ul>\n<li><span style=\"font-family: 'trebuchet ms', sans-serif; font-size: medium;\"><b>Activitats complement\u00e0ries que es fan des de l&#8217;escola<\/b>: sortides, col\u00f2nies, activitat de piscina, anades al teatre, celebraci\u00f3 de les Festes Populars, el Masinot\u00edcies (el noticiari de l&#8217;escola condu\u00eft pels alumnes de 4t), tallers i xerrades dirigides per especialistes&#8230;<\/span><\/li>\n<\/ul>\n<ul>\n<li><span style=\"font-family: 'trebuchet ms', sans-serif; font-size: medium;\"><b>Jornades amb col\u00b7laboraci\u00f3 amb l&#8217;AFA: <\/b>Jornades Liter\u00e0ries, primavera cultural i Matinal Verda.<\/span><\/li>\n<\/ul>\n<ul>\n<li><span style=\"font-family: 'trebuchet ms', sans-serif; font-size: medium;\"><b>Activitats extraescolars<\/b><\/span><\/li>\n<\/ul>\n\r\n\t<div class=\"slideshow_container slideshow_container_style-light\" style=\"height: 450px; \" data-slideshow-id=\"467\" data-style-name=\"style-light\" data-style-version=\"2.3.1\" >\r\n\r\n\t\t\t\t\t<div class=\"slideshow_loading_icon\"><\/div>\r\n\t\t\r\n\t\t<div class=\"slideshow_content\" style=\"display: none;\">\r\n\r\n\t\t\t<div class=\"slideshow_view\">\t<div style=\"clear: both;\"><\/div><\/div><div class=\"slideshow_view\">\t<div style=\"clear: both;\"><\/div><\/div><div class=\"slideshow_view\">\t<div style=\"clear: both;\"><\/div><\/div><div class=\"slideshow_view\">\t<div style=\"clear: both;\"><\/div><\/div><div class=\"slideshow_view\">\t<div style=\"clear: both;\"><\/div><\/div><div class=\"slideshow_view\">\t<div style=\"clear: both;\"><\/div><\/div><div class=\"slideshow_view\">\t<div style=\"clear: both;\"><\/div><\/div><div class=\"slideshow_view\">\t<div style=\"clear: both;\"><\/div><\/div><div class=\"slideshow_view\">\t<div style=\"clear: both;\"><\/div><\/div>\r\n\t\t<\/div>\r\n\r\n\t\t<div class=\"slideshow_controlPanel slideshow_transparent\" style=\"display: none;\"><ul><li class=\"slideshow_togglePlay\" data-play-text=\"Visualitza\" data-pause-text=\"Pausa\"><\/li><\/ul><\/div>\r\n\r\n\t\t<div class=\"slideshow_button slideshow_previous slideshow_transparent\" role=\"button\" data-previous-text=\"Anterior\" style=\"display: none;\"><\/div>\r\n\t\t<div class=\"slideshow_button slideshow_next slideshow_transparent\" role=\"button\" data-next-text=\"Seg\u00fcent\" style=\"display: none;\"><\/div>\r\n\r\n\t\t<div class=\"slideshow_pagination\" style=\"display: none;\" data-go-to-text=\"V\u00e9s a la diapositiva\"><div class=\"slideshow_pagination_center\"><\/div><\/div>\r\n\r\n\t\t<!-- WordPress Slideshow Version 2.3.1 -->\r\n\r\n\t\t\t<\/div>\r\n\r\n\n<\/div>\n","protected":false},"excerpt":{"rendered":"<p>Els serveis que l&#8217;Escola Mas i Perera ofereix s\u00f3n:<br \/>\n\u00a0<\/p>\n<ul>\n<li>Dos cursos per nivell, des de i3 fins a 6\u00e8 d&#8217;Educaci\u00f3 Prim\u00e0ria.<\/li>\n<\/ul>\n<ul>\n<li>L&#8217;horari lectiu dels alumnes \u00e9s: de 9h a 12:30h i de 15h a 16:30h.<\/li>\n<\/ul>\n<ul>\n<li>Servei de Menjador: servei amb cuina pr\u00f2pia i amb alguns productes ecol\u00f2gics. L&#8217;atenci\u00f3&hellip;  <a href=\"https:\/\/agora.xtec.cat\/ceip-masiperera\/serveis\/\" title=\"Read SERVEIS\">Llegeix m\u00e9s\u00bb<\/a><br \/>\n","protected":false},"author":1,"featured_media":0,"parent":0,"menu_order":0,"comment_status":"closed","ping_status":"closed","template":"page-templates\/side-menu.php","meta":{"_bbp_topic_count":0,"_bbp_reply_count":0,"_bbp_total_topic_count":0,"_bbp_total_reply_count":0,"_bbp_voice_count":0,"_bbp_anonymous_reply_count":0,"_bbp_topic_count_hidden":0,"_bbp_reply_count_hidden":0,"_bbp_forum_subforum_count":0,"footnotes":""},"class_list":["post-66","page","type-page","status-publish","hentry"],"post_mailing_queue_ids":[],"_links":{"self":[{"href":"https:\/\/agora.xtec.cat\/ceip-masiperera\/wp-json\/wp\/v2\/pages\/66","targetHints":{"allow":["GET"]}}],"collection":[{"href":"https:\/\/agora.xtec.cat\/ceip-masiperera\/wp-json\/wp\/v2\/pages"}],"about":[{"href":"https:\/\/agora.xtec.cat\/ceip-masiperera\/wp-json\/wp\/v2\/types\/page"}],"author":[{"embeddable":true,"href":"https:\/\/agora.xtec.cat\/ceip-masiperera\/wp-json\/wp\/v2\/users\/1"}],"replies":[{"embeddable":true,"href":"https:\/\/agora.xtec.cat\/ceip-masiperera\/wp-json\/wp\/v2\/comments?post=66"}],"version-history":[{"count":4,"href":"https:\/\/agora.xtec.cat\/ceip-masiperera\/wp-json\/wp\/v2\/pages\/66\/revisions"}],"predecessor-version":[{"id":12408,"href":"https:\/\/agora.xtec.cat\/ceip-masiperera\/wp-json\/wp\/v2\/pages\/66\/revisions\/12408"}],"wp:attachment":[{"href":"https:\/\/agora.xtec.cat\/ceip-masiperera\/wp-json\/wp\/v2\/media?parent=66"}],"curies":[{"name":"wp","href":"https:\/\/api.w.org\/{rel}","templated":true}]}}