{"id":5827,"date":"2019-03-28T10:34:38","date_gmt":"2019-03-28T09:34:38","guid":{"rendered":"http:\/\/agora.xtec.cat\/ceip-masiperera\/?page_id=5827"},"modified":"2025-02-20T11:34:13","modified_gmt":"2025-02-20T10:34:13","slug":"documents-descola","status":"publish","type":"page","link":"https:\/\/agora.xtec.cat\/ceip-masiperera\/lescola\/documents-descola\/","title":{"rendered":"DOCUMENTS D&#8217;ESCOLA"},"content":{"rendered":"<p><strong>DOCUMENTS D&#8217;ESCOLA<\/strong><\/p>\n<ul>\n<li><a href=\"https:\/\/agora.xtec.cat\/ceip-masiperera\/documents-descola\/projecte-educatiu\/\">Projecte Educatiu (En revisi\u00f3)<\/a><\/li>\n<li><a href=\"https:\/\/agora.xtec.cat\/ceip-masiperera\/projecte-educatiu\/les-normes\/\">NOFC (En revisi\u00f3)<\/a><\/li>\n<li><a href=\"https:\/\/agora.xtec.cat\/ceip-masiperera\/wp-content\/uploads\/usu690\/2020\/01\/PLC_Escola-Mas-i-Perera.pdf\">Projecte Ling\u00fc\u00edstic (En revisi\u00f3)<\/a><\/li>\n<li><a href=\"https:\/\/sites.google.com\/xtec.cat\/escola-mas-i-perera-edc\/p%C3%A0gina-principal?authuser=0\">Estrat\u00e8gia Digital de Centre (EDC)<\/a><\/li>\n<\/ul>\n<p>&nbsp;<\/p>\n<p><strong>AUTORITZACIONS D&#8217;ESCOLA<\/strong><\/p>\n<ul>\n<li><a href=\"https:\/\/agora.xtec.cat\/ceip-masiperera\/wp-content\/uploads\/usu690\/2020\/09\/autoritzaci\u00f3-Google-Apps.pdf\">Autoritzaci\u00f3 \u00fas de serveis i recursos digitals a internet per a treballar a l&#8217;aula<\/a> (Cicle Mitj\u00e0 i Cicle Superior)<\/li>\n<li><a href=\"https:\/\/agora.xtec.cat\/ceip-masiperera\/wp-content\/uploads\/usu690\/2023\/09\/Autoritzacions-conjunta.pdf\">Autoritzacions d&#8217;\u00fas imatges,\u00a0medicament\u00a0i\u00a0sortides curtes<\/a><\/li>\n<li><a href=\"https:\/\/agora.xtec.cat\/ceip-masiperera\/wp-content\/uploads\/usu690\/2023\/09\/COMPROMIS-DE-PARTICIPACIO-I-CONSERVACIO.pdf\">Comprom\u00eds de participaci\u00f3 i conservaci\u00f3 &#8220;Programa de reutilitzaci\u00f3 de llibres i material did\u00e0ctic i inform\u00e0tic&#8221;<\/a><\/li>\n<\/ul>\n","protected":false},"excerpt":{"rendered":"<p>DOCUMENTS D&#8217;ESCOLA<\/p>\n<ul>\n<li><a href=\"https:\/\/agora.xtec.cat\/ceip-masiperera\/documents-descola\/projecte-educatiu\/\">Projecte Educatiu (En revisi\u00f3)<\/a><\/li>\n<li><a href=\"https:\/\/agora.xtec.cat\/ceip-masiperera\/projecte-educatiu\/les-normes\/\">NOFC (En revisi\u00f3)<\/a><\/li>\n<li><a href=\"https:\/\/agora.xtec.cat\/ceip-masiperera\/wp-content\/uploads\/usu690\/2020\/01\/PLC_Escola-Mas-i-Perera.pdf\">Projecte Ling\u00fc\u00edstic (En revisi\u00f3)<\/a><\/li>\n<li><a href=\"https:\/\/sites.google.com\/xtec.cat\/escola-mas-i-perera-edc\/p%C3%A0gina-principal?authuser=0\">Estrat\u00e8gia Digital de Centre (EDC)<\/a><\/li>\n<\/ul>\n<p>&nbsp;<br \/>\nAUTORITZACIONS D&#8217;ESCOLA<\/p>\n<ul>\n<li><a href=\"https:\/\/agora.xtec.cat\/ceip-masiperera\/wp-content\/uploads\/usu690\/2020\/09\/autoritzaci\u00f3-Google-Apps.pdf\">Autoritzaci\u00f3 \u00fas de serveis i recursos digitals a internet per a treballar a l&#8217;aula<\/a> (Cicle Mitj\u00e0 i Cicle Superior)<\/li>\n<li><a href=\"https:\/\/agora.xtec.cat\/ceip-masiperera\/wp-content\/uploads\/usu690\/2023\/09\/Autoritzacions-conjunta.pdf\">Autoritzacions d&#8217;\u00fas imatges,\u00a0medicament\u00a0i\u00a0sortides curtes<\/a><\/li>\n<li><a href=\"https:\/\/agora.xtec.cat\/ceip-masiperera\/wp-content\/uploads\/usu690\/2023\/09\/COMPROMIS-DE-PARTICIPACIO-I-CONSERVACIO.pdf\">Comprom\u00eds de participaci\u00f3&hellip;  <a href=\"https:\/\/agora.xtec.cat\/ceip-masiperera\/lescola\/documents-descola\/\" title=\"Read DOCUMENTS D&#8217;ESCOLA\">Llegeix m\u00e9s\u00bb<\/a><br \/>\n","protected":false},"author":4,"featured_media":0,"parent":22,"menu_order":0,"comment_status":"closed","ping_status":"closed","template":"","meta":{"_bbp_topic_count":0,"_bbp_reply_count":0,"_bbp_total_topic_count":0,"_bbp_total_reply_count":0,"_bbp_voice_count":0,"_bbp_anonymous_reply_count":0,"_bbp_topic_count_hidden":0,"_bbp_reply_count_hidden":0,"_bbp_forum_subforum_count":0,"footnotes":""},"class_list":["post-5827","page","type-page","status-publish","hentry"],"post_mailing_queue_ids":[],"_links":{"self":[{"href":"https:\/\/agora.xtec.cat\/ceip-masiperera\/wp-json\/wp\/v2\/pages\/5827","targetHints":{"allow":["GET"]}}],"collection":[{"href":"https:\/\/agora.xtec.cat\/ceip-masiperera\/wp-json\/wp\/v2\/pages"}],"about":[{"href":"https:\/\/agora.xtec.cat\/ceip-masiperera\/wp-json\/wp\/v2\/types\/page"}],"author":[{"embeddable":true,"href":"https:\/\/agora.xtec.cat\/ceip-masiperera\/wp-json\/wp\/v2\/users\/4"}],"replies":[{"embeddable":true,"href":"https:\/\/agora.xtec.cat\/ceip-masiperera\/wp-json\/wp\/v2\/comments?post=5827"}],"version-history":[{"count":6,"href":"https:\/\/agora.xtec.cat\/ceip-masiperera\/wp-json\/wp\/v2\/pages\/5827\/revisions"}],"predecessor-version":[{"id":12072,"href":"https:\/\/agora.xtec.cat\/ceip-masiperera\/wp-json\/wp\/v2\/pages\/5827\/revisions\/12072"}],"up":[{"embeddable":true,"href":"https:\/\/agora.xtec.cat\/ceip-masiperera\/wp-json\/wp\/v2\/pages\/22"}],"wp:attachment":[{"href":"https:\/\/agora.xtec.cat\/ceip-masiperera\/wp-json\/wp\/v2\/media?parent=5827"}],"curies":[{"name":"wp","href":"https:\/\/api.w.org\/{rel}","templated":true}]}}