{"id":507,"date":"2016-08-28T12:38:17","date_gmt":"2016-08-28T11:38:17","guid":{"rendered":"http:\/\/agora.xtec.cat\/ceip-masiperera\/?page_id=507"},"modified":"2024-09-09T12:05:08","modified_gmt":"2024-09-09T10:05:08","slug":"models-dautoritzacons","status":"publish","type":"page","link":"https:\/\/agora.xtec.cat\/ceip-masiperera\/informacions\/models-dautoritzacons\/","title":{"rendered":"MODELS D&#8217;AUTORITZACONS"},"content":{"rendered":"<p>&nbsp;<\/p>\n<ul>\n<li>\n<h6><a href=\"https:\/\/agora.xtec.cat\/ceip-masiperera\/wp-content\/uploads\/usu690\/2024\/09\/Autoritzacions-conjunta.pdf\">Autoritzaci\u00f3 conjunta<\/a><\/h6>\n<ul>\n<li style=\"list-style-type: none;\">\n<ul>\n<li>\u00das imatges de l&#8217;alumne\/a, publicaci\u00f3 de dades de car\u00e0cter personal i material elaborat per l&#8217;alumnat<\/li>\n<li>Sortides escolars curtes<\/li>\n<li>Administraci\u00f3 paracetamol<\/li>\n<\/ul>\n<\/li>\n<\/ul>\n<\/li>\n<li><strong><a href=\"https:\/\/agora.xtec.cat\/ceip-masiperera\/wp-content\/uploads\/usu690\/2023\/09\/COMPROMIS-DE-PARTICIPACIO-I-CONSERVACIO.pdf\">Comprom\u00eds de participaci\u00f3 i conservaci\u00f3 &#8220;Programa de reutilitzaci\u00f3 de llibres i material did\u00e0ctic i inform\u00e0tic&#8221;<\/a><\/strong><\/li>\n<li>\n<h6><a href=\"https:\/\/agora.xtec.cat\/ceip-masiperera\/wp-content\/uploads\/usu690\/2024\/09\/Autoritzacio-serveis-i-recursos-digitals-PRI.pdf\">\u00das de serveis i recursos digitals a internet per treballar a l&#8217;aula (Educaci\u00f3 Prim\u00e0ria)<\/a><\/h6>\n<\/li>\n<\/ul>\n<h6><\/h6>\n","protected":false},"excerpt":{"rendered":"<p>&nbsp;<\/p>\n<ul>\n<li>\n<a href=\"https:\/\/agora.xtec.cat\/ceip-masiperera\/wp-content\/uploads\/usu690\/2024\/09\/Autoritzacions-conjunta.pdf\">Autoritzaci\u00f3 conjunta<\/a><\/p>\n<ul>\n<li style=\"list-style-type: none;\">\n<ul>\n<li>\u00das imatges de l&#8217;alumne\/a, publicaci\u00f3 de dades de car\u00e0cter personal i material elaborat per l&#8217;alumnat<\/li>\n<li>Sortides escolars curtes<\/li>\n<li>Administraci\u00f3 paracetamol<\/li>\n<\/ul>\n<\/li>\n<\/ul>\n<\/li>\n<li><a href=\"https:\/\/agora.xtec.cat\/ceip-masiperera\/wp-content\/uploads\/usu690\/2023\/09\/COMPROMIS-DE-PARTICIPACIO-I-CONSERVACIO.pdf\">Comprom\u00eds de participaci\u00f3 i conservaci\u00f3 &#8220;Programa de reutilitzaci\u00f3 de llibres i material did\u00e0ctic i inform\u00e0tic&#8221;<\/a><\/li>\n<li>\n<a href=\"https:\/\/agora.xtec.cat\/ceip-masiperera\/wp-content\/uploads\/usu690\/2024\/09\/Autoritzacio-serveis-i-recursos-digitals-PRI.pdf\">\u00das de serveis i recursos digitals a internet&hellip;  <a href=\"https:\/\/agora.xtec.cat\/ceip-masiperera\/informacions\/models-dautoritzacons\/\" title=\"Read MODELS D&#8217;AUTORITZACONS\">Llegeix m\u00e9s\u00bb<\/a><\/p>\n","protected":false},"author":4,"featured_media":0,"parent":462,"menu_order":0,"comment_status":"closed","ping_status":"closed","template":"page-templates\/side-menu.php","meta":{"_bbp_topic_count":0,"_bbp_reply_count":0,"_bbp_total_topic_count":0,"_bbp_total_reply_count":0,"_bbp_voice_count":0,"_bbp_anonymous_reply_count":0,"_bbp_topic_count_hidden":0,"_bbp_reply_count_hidden":0,"_bbp_forum_subforum_count":0,"footnotes":""},"class_list":["post-507","page","type-page","status-publish","hentry"],"post_mailing_queue_ids":[],"_links":{"self":[{"href":"https:\/\/agora.xtec.cat\/ceip-masiperera\/wp-json\/wp\/v2\/pages\/507","targetHints":{"allow":["GET"]}}],"collection":[{"href":"https:\/\/agora.xtec.cat\/ceip-masiperera\/wp-json\/wp\/v2\/pages"}],"about":[{"href":"https:\/\/agora.xtec.cat\/ceip-masiperera\/wp-json\/wp\/v2\/types\/page"}],"author":[{"embeddable":true,"href":"https:\/\/agora.xtec.cat\/ceip-masiperera\/wp-json\/wp\/v2\/users\/4"}],"replies":[{"embeddable":true,"href":"https:\/\/agora.xtec.cat\/ceip-masiperera\/wp-json\/wp\/v2\/comments?post=507"}],"version-history":[{"count":5,"href":"https:\/\/agora.xtec.cat\/ceip-masiperera\/wp-json\/wp\/v2\/pages\/507\/revisions"}],"predecessor-version":[{"id":11774,"href":"https:\/\/agora.xtec.cat\/ceip-masiperera\/wp-json\/wp\/v2\/pages\/507\/revisions\/11774"}],"up":[{"embeddable":true,"href":"https:\/\/agora.xtec.cat\/ceip-masiperera\/wp-json\/wp\/v2\/pages\/462"}],"wp:attachment":[{"href":"https:\/\/agora.xtec.cat\/ceip-masiperera\/wp-json\/wp\/v2\/media?parent=507"}],"curies":[{"name":"wp","href":"https:\/\/api.w.org\/{rel}","templated":true}]}}