{"id":505,"date":"2016-08-28T12:35:52","date_gmt":"2016-08-28T11:35:52","guid":{"rendered":"http:\/\/agora.xtec.cat\/ceip-masiperera\/?page_id=505"},"modified":"2025-09-09T09:36:17","modified_gmt":"2025-09-09T07:36:17","slug":"http-agora-xtec-cat-ceip-masiperera-wp-content-uploads-usu690-2018-09-web-llibret-families-inici-de-curs-18-19-pdf","status":"publish","type":"page","link":"https:\/\/agora.xtec.cat\/ceip-masiperera\/informacions\/http-agora-xtec-cat-ceip-masiperera-wp-content-uploads-usu690-2018-09-web-llibret-families-inici-de-curs-18-19-pdf\/","title":{"rendered":"INFORMACIONS GENERALS CURS 2025-2026"},"content":{"rendered":"<p style=\"text-align: justify;\"><span style=\"color: #000000;\">Benvolgudes fam\u00edlies,<\/span><\/p>\n<p style=\"text-align: justify;\"><span style=\"color: #000000;\">A continuaci\u00f3 trobareu les <strong>seg\u00fcents autoritzacions<\/strong> que donarem als vostres fills i filles el segon dia de curs i que haureu de portar signades el dilluns 15 de setembre.\u00a0<\/span><\/p>\n<ul>\n<li><a href=\"https:\/\/agora.xtec.cat\/ceip-masiperera\/wp-content\/uploads\/usu690\/2025\/09\/Autoritzacions-conjunta.pdf\"><strong>Autoritzaci\u00f3 conjunta<\/strong><\/a>\n<ul>\n<li style=\"list-style-type: none;\">\n<ul>\n<li>\u00das imatges de l\u2019alumne\/a, publicaci\u00f3 de dades de car\u00e0cter personal i material elaborat per l\u2019alumnat<\/li>\n<li>Sortides escolars curtes<\/li>\n<li>Administraci\u00f3 paracetamol<\/li>\n<\/ul>\n<\/li>\n<\/ul>\n<\/li>\n<\/ul>\n<ul>\n<li><strong>Autoritzaci\u00f3 \u00fas de serveis i recursos digitals a internet per a treballar a l&#8217;aula (Educaci\u00f3 Prim\u00e0ria) <\/strong>(Pendent d&#8217;actualitzaci\u00f3)<\/li>\n<\/ul>\n<p>&nbsp;<\/p>\n<p style=\"text-align: justify;\"><strong><span style=\"color: #000000;\">Aqu\u00ed trobareu informaci\u00f3 sobre l&#8217;organitzaci\u00f3 d&#8217;aquest<\/span><\/strong><strong><span style=\"color: #000000;\"> nou curs!<\/span><\/strong><\/p>\n<ul style=\"text-align: justify;\">\n<li style=\"list-style-type: none;\">\n<ul style=\"text-align: justify;\">\n<li><a href=\"https:\/\/agora.xtec.cat\/ceip-masiperera\/wp-content\/uploads\/usu690\/2025\/09\/llibret-families-I3-Inici-de-curs-25_26.pdf\">Llibret &#8220;Informaci\u00f3 general a les fam\u00edlies d&#8217;I3 curs 2025-2026<\/a><\/li>\n<li><a style=\"font-family: inherit; font-size: 1em;\" href=\"https:\/\/agora.xtec.cat\/ceip-masiperera\/wp-content\/uploads\/usu690\/2025\/09\/LLIBRET-INFORMACIO-GENERAL-dI4-a-6e.pdf\">Llibret &#8220;Informaci\u00f3 general a les fam\u00edlies d&#8217;I4 a 6\u00e8 curs 2025-2026<\/a><\/li>\n<\/ul>\n<\/li>\n<\/ul>\n<p><span style=\"color: #3366ff;\"><strong>MOLT BON CURS A TOTHOM!<\/strong><\/span><\/p>\n<p>&nbsp;<\/p>\n","protected":false},"excerpt":{"rendered":"<p>Benvolgudes fam\u00edlies,<br \/>\nA continuaci\u00f3 trobareu les seg\u00fcents autoritzacions que donarem als vostres fills i filles el segon dia de curs i que haureu de portar signades el dilluns 15 de setembre.\u00a0<\/p>\n<ul>\n<li><a href=\"https:\/\/agora.xtec.cat\/ceip-masiperera\/wp-content\/uploads\/usu690\/2025\/09\/Autoritzacions-conjunta.pdf\">Autoritzaci\u00f3 conjunta<\/a>\n<ul>\n<li style=\"list-style-type: none;\">\n<ul>\n<li>\u00das imatges de l\u2019alumne\/a, publicaci\u00f3 de dades de car\u00e0cter personal i material&hellip;  <a href=\"https:\/\/agora.xtec.cat\/ceip-masiperera\/informacions\/http-agora-xtec-cat-ceip-masiperera-wp-content-uploads-usu690-2018-09-web-llibret-families-inici-de-curs-18-19-pdf\/\" title=\"Read INFORMACIONS GENERALS CURS 2025-2026\">Llegeix m\u00e9s\u00bb<\/a><br \/>\n","protected":false},"author":4,"featured_media":0,"parent":462,"menu_order":0,"comment_status":"closed","ping_status":"closed","template":"page-templates\/side-menu.php","meta":{"_bbp_topic_count":0,"_bbp_reply_count":0,"_bbp_total_topic_count":0,"_bbp_total_reply_count":0,"_bbp_voice_count":0,"_bbp_anonymous_reply_count":0,"_bbp_topic_count_hidden":0,"_bbp_reply_count_hidden":0,"_bbp_forum_subforum_count":0,"footnotes":""},"class_list":["post-505","page","type-page","status-publish","hentry"],"post_mailing_queue_ids":[],"_links":{"self":[{"href":"https:\/\/agora.xtec.cat\/ceip-masiperera\/wp-json\/wp\/v2\/pages\/505","targetHints":{"allow":["GET"]}}],"collection":[{"href":"https:\/\/agora.xtec.cat\/ceip-masiperera\/wp-json\/wp\/v2\/pages"}],"about":[{"href":"https:\/\/agora.xtec.cat\/ceip-masiperera\/wp-json\/wp\/v2\/types\/page"}],"author":[{"embeddable":true,"href":"https:\/\/agora.xtec.cat\/ceip-masiperera\/wp-json\/wp\/v2\/users\/4"}],"replies":[{"embeddable":true,"href":"https:\/\/agora.xtec.cat\/ceip-masiperera\/wp-json\/wp\/v2\/comments?post=505"}],"version-history":[{"count":7,"href":"https:\/\/agora.xtec.cat\/ceip-masiperera\/wp-json\/wp\/v2\/pages\/505\/revisions"}],"predecessor-version":[{"id":12471,"href":"https:\/\/agora.xtec.cat\/ceip-masiperera\/wp-json\/wp\/v2\/pages\/505\/revisions\/12471"}],"up":[{"embeddable":true,"href":"https:\/\/agora.xtec.cat\/ceip-masiperera\/wp-json\/wp\/v2\/pages\/462"}],"wp:attachment":[{"href":"https:\/\/agora.xtec.cat\/ceip-masiperera\/wp-json\/wp\/v2\/media?parent=505"}],"curies":[{"name":"wp","href":"https:\/\/api.w.org\/{rel}","templated":true}]}}