{"id":502,"date":"2016-08-28T12:32:50","date_gmt":"2016-08-28T11:32:50","guid":{"rendered":"http:\/\/agora.xtec.cat\/ceip-masiperera\/?page_id=502"},"modified":"2025-02-20T12:36:43","modified_gmt":"2025-02-20T11:36:43","slug":"personal-dadministracio-i-serveis","status":"publish","type":"page","link":"https:\/\/agora.xtec.cat\/ceip-masiperera\/informacions\/personal-dadministracio-i-serveis\/","title":{"rendered":"PERSONAL D&#8217;ADMINISTRACI\u00d3 I SERVEIS"},"content":{"rendered":"<p>El personal d&#8217;administraci\u00f3 i serveis del curs 2024-2025 \u00e9s el seg\u00fcent:<\/p>\n<ul>\n<li><span style=\"color: #000000;\"><strong>Consergeria \u00a0 \u00a0 \u00a0 \u00a0 \u00a0 \u00a0 \u00a0 \u00a0 \u00a0 \u00a0 \u00a0 \u00a0 \u00a0 \u00a0 \u00a0 \u00a0 <\/strong>Montse C\u00e0mara (Carles Tobarra)<\/span><\/li>\n<li><span style=\"color: #000000;\"><strong>Administrativa \u00a0 \u00a0 \u00a0 \u00a0 \u00a0 \u00a0 \u00a0 \u00a0 \u00a0 \u00a0 \u00a0 \u00a0 \u00a0 \u00a0 \u00a0<\/strong>Merche Gaitan<\/span><\/li>\n<li><span style=\"color: #000000;\"><strong>Coordinadora de menjador \u00a0 \u00a0 \u00a0 \u00a0 <\/strong>Quima Baena<\/span><\/li>\n<li><span style=\"color: #000000;\"><strong>Administrativa de l&#8217;AFA<\/strong>\u00a0 \u00a0 \u00a0 \u00a0 \u00a0 \u00a0 \u00a0 Carol Martin<\/span><\/li>\n<li><span style=\"color: #000000;\"><strong>EAP (Equip d&#8217;Assessorament\u00a0<\/strong><strong>Psicopedag\u00f2gic) \u00a0 \u00a0 \u00a0 \u00a0 \u00a0 \u00a0 \u00a0 \u00a0<\/strong><\/span>\n<ul>\n<li><span style=\"color: #000000;\">Txell Torrens (psicopedagoga)<\/span><\/li>\n<li><span style=\"color: #000000;\">Azucena Nieto (Treballadora Social)<\/span><\/li>\n<\/ul>\n<\/li>\n<\/ul>\n","protected":false},"excerpt":{"rendered":"<p>El personal d&#8217;administraci\u00f3 i serveis del curs 2024-2025 \u00e9s el seg\u00fcent:<\/p>\n<ul>\n<li>Consergeria \u00a0 \u00a0 \u00a0 \u00a0 \u00a0 \u00a0 \u00a0 \u00a0 \u00a0 \u00a0 \u00a0 \u00a0 \u00a0 \u00a0 \u00a0 \u00a0 Montse C\u00e0mara (Carles Tobarra)<\/li>\n<li>Administrativa \u00a0 \u00a0 \u00a0 \u00a0 \u00a0 \u00a0 \u00a0 \u00a0 \u00a0 \u00a0 \u00a0 \u00a0 \u00a0 \u00a0&hellip;  <a href=\"https:\/\/agora.xtec.cat\/ceip-masiperera\/informacions\/personal-dadministracio-i-serveis\/\" title=\"Read PERSONAL D&#8217;ADMINISTRACI\u00d3 I SERVEIS\">Llegeix m\u00e9s\u00bb<\/a><br \/>\n","protected":false},"author":4,"featured_media":0,"parent":462,"menu_order":0,"comment_status":"closed","ping_status":"closed","template":"page-templates\/side-menu.php","meta":{"_bbp_topic_count":0,"_bbp_reply_count":0,"_bbp_total_topic_count":0,"_bbp_total_reply_count":0,"_bbp_voice_count":0,"_bbp_anonymous_reply_count":0,"_bbp_topic_count_hidden":0,"_bbp_reply_count_hidden":0,"_bbp_forum_subforum_count":0,"footnotes":""},"class_list":["post-502","page","type-page","status-publish","hentry"],"post_mailing_queue_ids":[],"_links":{"self":[{"href":"https:\/\/agora.xtec.cat\/ceip-masiperera\/wp-json\/wp\/v2\/pages\/502","targetHints":{"allow":["GET"]}}],"collection":[{"href":"https:\/\/agora.xtec.cat\/ceip-masiperera\/wp-json\/wp\/v2\/pages"}],"about":[{"href":"https:\/\/agora.xtec.cat\/ceip-masiperera\/wp-json\/wp\/v2\/types\/page"}],"author":[{"embeddable":true,"href":"https:\/\/agora.xtec.cat\/ceip-masiperera\/wp-json\/wp\/v2\/users\/4"}],"replies":[{"embeddable":true,"href":"https:\/\/agora.xtec.cat\/ceip-masiperera\/wp-json\/wp\/v2\/comments?post=502"}],"version-history":[{"count":6,"href":"https:\/\/agora.xtec.cat\/ceip-masiperera\/wp-json\/wp\/v2\/pages\/502\/revisions"}],"predecessor-version":[{"id":12107,"href":"https:\/\/agora.xtec.cat\/ceip-masiperera\/wp-json\/wp\/v2\/pages\/502\/revisions\/12107"}],"up":[{"embeddable":true,"href":"https:\/\/agora.xtec.cat\/ceip-masiperera\/wp-json\/wp\/v2\/pages\/462"}],"wp:attachment":[{"href":"https:\/\/agora.xtec.cat\/ceip-masiperera\/wp-json\/wp\/v2\/media?parent=502"}],"curies":[{"name":"wp","href":"https:\/\/api.w.org\/{rel}","templated":true}]}}