{"id":429,"date":"2016-08-24T16:47:20","date_gmt":"2016-08-24T15:47:20","guid":{"rendered":"http:\/\/agora.xtec.cat\/ceip-masiperera\/?page_id=429"},"modified":"2022-02-07T18:03:55","modified_gmt":"2022-02-07T17:03:55","slug":"els-projectes-de-lescola","status":"publish","type":"page","link":"https:\/\/agora.xtec.cat\/ceip-masiperera\/lescola\/els-projectes-de-lescola\/","title":{"rendered":"ELS PROJECTES DE L&#8217;ESCOLA"},"content":{"rendered":"<h5><span style=\"color: #99cc00;\">Aquests s\u00f3n alguns dels Projectes de l&#8217;escola: <span style=\"color: #000000;\">Biblioteca, Escola Verda, Aprenentatge Cooperatiu, Pati Actiu, + m\u00fasica&#8230;<\/span><\/span><\/h5>\n<h5><span style=\"color: #008000;\"><strong>Trobareu m\u00e9s informaci\u00f3 al men\u00fa esquerra de la p\u00e0gina. \u00a0<\/strong><\/span><\/h5>\n<p>&nbsp;<\/p>\n<p><iframe loading=\"lazy\" src=\"https:\/\/www.youtube.com\/embed\/TssC5zxmtmQ\" width=\"560\" height=\"315\" frameborder=\"0\" allowfullscreen=\"allowfullscreen\"><\/iframe><\/p>\n","protected":false},"excerpt":{"rendered":"<p>Aquests s\u00f3n alguns dels Projectes de l&#8217;escola: Biblioteca, Escola Verda, Aprenentatge Cooperatiu, Pati Actiu, + m\u00fasica&#8230;<br \/>\nTrobareu m\u00e9s informaci\u00f3 al men\u00fa esquerra de la p\u00e0gina. \u00a0<br \/>\n&nbsp;<\/p>\n","protected":false},"author":1,"featured_media":0,"parent":22,"menu_order":0,"comment_status":"closed","ping_status":"closed","template":"page-templates\/side-menu.php","meta":{"_bbp_topic_count":0,"_bbp_reply_count":0,"_bbp_total_topic_count":0,"_bbp_total_reply_count":0,"_bbp_voice_count":0,"_bbp_anonymous_reply_count":0,"_bbp_topic_count_hidden":0,"_bbp_reply_count_hidden":0,"_bbp_forum_subforum_count":0,"footnotes":""},"class_list":["post-429","page","type-page","status-publish","hentry"],"post_mailing_queue_ids":[],"_links":{"self":[{"href":"https:\/\/agora.xtec.cat\/ceip-masiperera\/wp-json\/wp\/v2\/pages\/429","targetHints":{"allow":["GET"]}}],"collection":[{"href":"https:\/\/agora.xtec.cat\/ceip-masiperera\/wp-json\/wp\/v2\/pages"}],"about":[{"href":"https:\/\/agora.xtec.cat\/ceip-masiperera\/wp-json\/wp\/v2\/types\/page"}],"author":[{"embeddable":true,"href":"https:\/\/agora.xtec.cat\/ceip-masiperera\/wp-json\/wp\/v2\/users\/1"}],"replies":[{"embeddable":true,"href":"https:\/\/agora.xtec.cat\/ceip-masiperera\/wp-json\/wp\/v2\/comments?post=429"}],"version-history":[{"count":3,"href":"https:\/\/agora.xtec.cat\/ceip-masiperera\/wp-json\/wp\/v2\/pages\/429\/revisions"}],"predecessor-version":[{"id":2219,"href":"https:\/\/agora.xtec.cat\/ceip-masiperera\/wp-json\/wp\/v2\/pages\/429\/revisions\/2219"}],"up":[{"embeddable":true,"href":"https:\/\/agora.xtec.cat\/ceip-masiperera\/wp-json\/wp\/v2\/pages\/22"}],"wp:attachment":[{"href":"https:\/\/agora.xtec.cat\/ceip-masiperera\/wp-json\/wp\/v2\/media?parent=429"}],"curies":[{"name":"wp","href":"https:\/\/api.w.org\/{rel}","templated":true}]}}