{"id":3788,"date":"2018-03-22T16:46:33","date_gmt":"2018-03-22T15:46:33","guid":{"rendered":"http:\/\/agora.xtec.cat\/ceip-masiperera\/?page_id=3788"},"modified":"2026-02-11T11:19:19","modified_gmt":"2026-02-11T10:19:19","slug":"esap-escola-saludable-alt-penedes","status":"publish","type":"page","link":"https:\/\/agora.xtec.cat\/ceip-masiperera\/lescola\/els-projectes-de-lescola\/esap-escola-saludable-alt-penedes\/","title":{"rendered":"EPSAP (Escola Promotora de la Salut a Alt Pened\u00e8s)"},"content":{"rendered":"<p style=\"text-align: justify;\"><span style=\"color: #000000;\"><a href=\"https:\/\/escolasaludablealtpenedes.wordpress.com\/\"><span style=\"color: #99cc00;\"><strong>Escola Promotora de Salut de l\u2019Alt Pened\u00e8s (EPSAP)<\/strong><\/span> <\/a>\u00e9s un projecte que neix fruit del treball en xarxa entre diferents agents educatius i sanitaris del Pened\u00e8s (Departamen<\/span><span style=\"color: #000000;\">t d\u2019Educaci\u00f3 i Formaci\u00f3 Professional, Departament de Salut, Consell Catal\u00e0 de l\u2019Esport i l&#8217;Ajuntament de Vilafranca del Pened\u00e8s) .<\/span><\/p>\n<p><span style=\"color: #000000; font-family: inherit; font-size: 1em; text-align: justify;\">L\u2019objectiu \u00e9s fomentar h\u00e0bits saludables: alimentaci\u00f3 saludables, vida activa, promoci\u00f3 de l\u2019activitat f\u00edsica&#8230;a trav\u00e9s d\u2019activitats a l\u2019escola i recomanacions als infants i a les fam\u00edlies.<\/span><\/p>\n<p style=\"text-align: justify;\"><strong><span style=\"color: #000000;\">Quines activitats fem a l&#8217;escola?<\/span><\/strong><\/p>\n<ul>\n<li style=\"text-align: justify;\"><a href=\"https:\/\/agora.xtec.cat\/ceip-masiperera\/categoria\/alimentacio-saludable\/\" target=\"_blank\" rel=\"noopener noreferrer\">Activitats d&#8217;alimentaci\u00f3 saludable<\/a><\/li>\n<li style=\"text-align: justify;\"><a href=\"https:\/\/agora.xtec.cat\/ceip-masiperera\/categoria\/vida-activa\/\" target=\"_blank\" rel=\"noopener noreferrer\">Activitats de vida activa<\/a><\/li>\n<li style=\"text-align: justify;\"><a href=\"https:\/\/agora.xtec.cat\/ceip-masiperera\/categoria\/benestar-emocional\/\">Activitats de benestar emocional i de salut<\/a><\/li>\n<li><strong>MASIORIENTACI\u00d3<\/strong>: aquest curs 2025-2026 se celebrar\u00e0 el <strong>9\u00a0de maig.<\/strong><\/li>\n<\/ul>\n<p style=\"text-align: justify;\"><span style=\"color: #000000;\">Cada trimestre s&#8217;editar\u00e0 un <a href=\"https:\/\/escolasaludablealtpenedes.com\/butlletins-esap\/\">butllet\u00ed informatiu<\/a> per a totes les fam\u00edlies.<\/span><\/p>\n<p><iframe loading=\"lazy\" src=\"https:\/\/docs.google.com\/presentation\/d\/e\/2PACX-1vS0N8i7KXxYqgs3O5HpSBQBcJ9HkdXf9CPlE7BeDoxrchewuX34JXB5ILcSbP4hlAvTdQbMCBKmZyHd\/embed?start=false&amp;loop=false&amp;delayms=3000\" width=\"1440\" height=\"839\" frameborder=\"0\"><\/iframe><\/p>\n","protected":false},"excerpt":{"rendered":"<p><a href=\"https:\/\/escolasaludablealtpenedes.wordpress.com\/\">Escola Promotora de Salut de l\u2019Alt Pened\u00e8s (EPSAP) <\/a>\u00e9s un projecte que neix fruit del treball en xarxa entre diferents agents educatius i sanitaris del Pened\u00e8s (Departament d\u2019Educaci\u00f3 i Formaci\u00f3 Professional, Departament de Salut, Consell Catal\u00e0 de l\u2019Esport i l&#8217;Ajuntament de Vilafranca del Pened\u00e8s)&hellip;  <a href=\"https:\/\/agora.xtec.cat\/ceip-masiperera\/lescola\/els-projectes-de-lescola\/esap-escola-saludable-alt-penedes\/\" title=\"Read EPSAP (Escola Promotora de la Salut a Alt Pened\u00e8s)\">Llegeix m\u00e9s\u00bb<\/a><\/p>\n","protected":false},"author":1,"featured_media":0,"parent":429,"menu_order":0,"comment_status":"closed","ping_status":"closed","template":"","meta":{"_bbp_topic_count":0,"_bbp_reply_count":0,"_bbp_total_topic_count":0,"_bbp_total_reply_count":0,"_bbp_voice_count":0,"_bbp_anonymous_reply_count":0,"_bbp_topic_count_hidden":0,"_bbp_reply_count_hidden":0,"_bbp_forum_subforum_count":0,"footnotes":""},"class_list":["post-3788","page","type-page","status-publish","hentry"],"post_mailing_queue_ids":[],"_links":{"self":[{"href":"https:\/\/agora.xtec.cat\/ceip-masiperera\/wp-json\/wp\/v2\/pages\/3788","targetHints":{"allow":["GET"]}}],"collection":[{"href":"https:\/\/agora.xtec.cat\/ceip-masiperera\/wp-json\/wp\/v2\/pages"}],"about":[{"href":"https:\/\/agora.xtec.cat\/ceip-masiperera\/wp-json\/wp\/v2\/types\/page"}],"author":[{"embeddable":true,"href":"https:\/\/agora.xtec.cat\/ceip-masiperera\/wp-json\/wp\/v2\/users\/1"}],"replies":[{"embeddable":true,"href":"https:\/\/agora.xtec.cat\/ceip-masiperera\/wp-json\/wp\/v2\/comments?post=3788"}],"version-history":[{"count":7,"href":"https:\/\/agora.xtec.cat\/ceip-masiperera\/wp-json\/wp\/v2\/pages\/3788\/revisions"}],"predecessor-version":[{"id":12742,"href":"https:\/\/agora.xtec.cat\/ceip-masiperera\/wp-json\/wp\/v2\/pages\/3788\/revisions\/12742"}],"up":[{"embeddable":true,"href":"https:\/\/agora.xtec.cat\/ceip-masiperera\/wp-json\/wp\/v2\/pages\/429"}],"wp:attachment":[{"href":"https:\/\/agora.xtec.cat\/ceip-masiperera\/wp-json\/wp\/v2\/media?parent=3788"}],"curies":[{"name":"wp","href":"https:\/\/api.w.org\/{rel}","templated":true}]}}