{"id":366,"date":"2016-08-08T08:41:13","date_gmt":"2016-08-08T07:41:13","guid":{"rendered":"http:\/\/agora.xtec.cat\/ceip-masiperera\/?page_id=366"},"modified":"2025-09-29T16:28:27","modified_gmt":"2025-09-29T14:28:27","slug":"llibres-de-text","status":"publish","type":"page","link":"https:\/\/agora.xtec.cat\/ceip-masiperera\/informacions\/llibres-de-text\/","title":{"rendered":"LLIBRES DE TEXT"},"content":{"rendered":"<h5><span style=\"color: #000000;\">Podeu consultar el llistat de llibres del curs 2025-2026 en el seg\u00fcent enlla\u00e7 seg\u00fcent enlla\u00e7 <a href=\"https:\/\/agora.xtec.cat\/ceip-masiperera\/wp-content\/uploads\/usu690\/2025\/09\/LLibres-de-text-2025-26-reutiltizacio-web-1.pdf\">seg\u00fcent enlla\u00e7. <\/a><\/span><a href=\"http:\/\/agora.xtec.cat\/ceip-masiperera\/wp-content\/uploads\/usu690\/2016\/08\/school-books-images-back-to-school-books.jpg\"><img loading=\"lazy\" decoding=\"async\" class=\"wp-image-372 alignright\" src=\"http:\/\/agora.xtec.cat\/ceip-masiperera\/wp-content\/uploads\/usu690\/2016\/08\/school-books-images-back-to-school-books.jpg\" alt=\"school-books-images-back-to-school-books\" width=\"219\" height=\"164\" srcset=\"https:\/\/agora.xtec.cat\/ceip-masiperera\/wp-content\/uploads\/usu690\/2016\/08\/school-books-images-back-to-school-books.jpg 400w, https:\/\/agora.xtec.cat\/ceip-masiperera\/wp-content\/uploads\/usu690\/2016\/08\/school-books-images-back-to-school-books-300x225.jpg 300w, https:\/\/agora.xtec.cat\/ceip-masiperera\/wp-content\/uploads\/usu690\/2016\/08\/school-books-images-back-to-school-books-200x150.jpg 200w\" sizes=\"auto, (max-width: 219px) 100vw, 219px\" \/><\/a><\/h5>\n","protected":false},"excerpt":{"rendered":"<p>Podeu consultar el llistat de llibres del curs 2025-2026 en el seg\u00fcent enlla\u00e7 seg\u00fcent enlla\u00e7 <a href=\"https:\/\/agora.xtec.cat\/ceip-masiperera\/wp-content\/uploads\/usu690\/2025\/09\/LLibres-de-text-2025-26-reutiltizacio-web-1.pdf\">seg\u00fcent enlla\u00e7. <\/a><a href=\"http:\/\/agora.xtec.cat\/ceip-masiperera\/wp-content\/uploads\/usu690\/2016\/08\/school-books-images-back-to-school-books.jpg\"><\/a><\/p>\n","protected":false},"author":4,"featured_media":0,"parent":462,"menu_order":0,"comment_status":"closed","ping_status":"closed","template":"page-templates\/side-menu.php","meta":{"_bbp_topic_count":0,"_bbp_reply_count":0,"_bbp_total_topic_count":0,"_bbp_total_reply_count":0,"_bbp_voice_count":0,"_bbp_anonymous_reply_count":0,"_bbp_topic_count_hidden":0,"_bbp_reply_count_hidden":0,"_bbp_forum_subforum_count":0,"footnotes":""},"class_list":["post-366","page","type-page","status-publish","hentry"],"post_mailing_queue_ids":[],"_links":{"self":[{"href":"https:\/\/agora.xtec.cat\/ceip-masiperera\/wp-json\/wp\/v2\/pages\/366","targetHints":{"allow":["GET"]}}],"collection":[{"href":"https:\/\/agora.xtec.cat\/ceip-masiperera\/wp-json\/wp\/v2\/pages"}],"about":[{"href":"https:\/\/agora.xtec.cat\/ceip-masiperera\/wp-json\/wp\/v2\/types\/page"}],"author":[{"embeddable":true,"href":"https:\/\/agora.xtec.cat\/ceip-masiperera\/wp-json\/wp\/v2\/users\/4"}],"replies":[{"embeddable":true,"href":"https:\/\/agora.xtec.cat\/ceip-masiperera\/wp-json\/wp\/v2\/comments?post=366"}],"version-history":[{"count":6,"href":"https:\/\/agora.xtec.cat\/ceip-masiperera\/wp-json\/wp\/v2\/pages\/366\/revisions"}],"predecessor-version":[{"id":12494,"href":"https:\/\/agora.xtec.cat\/ceip-masiperera\/wp-json\/wp\/v2\/pages\/366\/revisions\/12494"}],"up":[{"embeddable":true,"href":"https:\/\/agora.xtec.cat\/ceip-masiperera\/wp-json\/wp\/v2\/pages\/462"}],"wp:attachment":[{"href":"https:\/\/agora.xtec.cat\/ceip-masiperera\/wp-json\/wp\/v2\/media?parent=366"}],"curies":[{"name":"wp","href":"https:\/\/api.w.org\/{rel}","templated":true}]}}