{"id":3208,"date":"2018-02-01T11:23:31","date_gmt":"2018-02-01T10:23:31","guid":{"rendered":"http:\/\/agora.xtec.cat\/ceip-masiperera\/?page_id=3208"},"modified":"2025-09-03T04:37:11","modified_gmt":"2025-09-03T02:37:11","slug":"la-biblioteca","status":"publish","type":"page","link":"https:\/\/agora.xtec.cat\/ceip-masiperera\/afa\/serveis-afa\/la-biblioteca\/","title":{"rendered":"BIBLIOTECA"},"content":{"rendered":"<p>\ud83d\udcd6 <strong>La Biblioteca Escolar: Un Espai de Conviv\u00e8ncia, Coneixement i Vida Comunit\u00e0ria<\/strong><\/p>\n<p>La biblioteca de l\u2019escola \u00e9s un dels exemples m\u00e9s evidents de conviv\u00e8ncia i cooperaci\u00f3 entre tots els agents que formen part de la nostra comunitat educativa: infants, fam\u00edlies, mestres i personal de suport. \u00c9s molt m\u00e9s que un lloc on consultar llibres \u2014\u00e9s un espai viu, de trobada, aprenentatge i descoberta, obert a tothom que forma part del dia a dia del centre.<\/p>\n<p>Aquest espai fomenta la curiositat, el gust per la lectura i el pensament cr\u00edtic, alhora que promou valors com el respecte, la responsabilitat compartida i el treball col\u00b7laboratiu. La biblioteca \u00e9s tamb\u00e9 un punt de connexi\u00f3 entre generacions, on petits i grans poden compartir hist\u00f2ries, coneixements i moments de qualitat.<\/p>\n<p>\ud83d\udcda <strong>Servei de Biblioteca a la Tarda<\/strong><\/p>\n<p>El servei de biblioteca de tarda est\u00e0 disponible de 16.30 h a 18 h. Durant aquest horari, els infants fins a 3r de prim\u00e0ria han de venir acompanyats d\u2019una persona adulta, per garantir-ne la seguretat i el bon funcionament de l\u2019espai. A partir de 3r els infants poden venir sense l&#8217;acompanyament d&#8217;un adult.<\/p>\n<p>\ud83e\udde9 <strong>Activitats de Dinamitzaci\u00f3<\/strong><\/p>\n<p>Paral\u00b7lelament, la bibliotec\u00e0ria continua oferint activitats de dinamitzaci\u00f3 que conviden els infants a explorar el m\u00f3n dels llibres de manera l\u00fadica i participativa. Contacontes, jocs literaris, recomanacions de lectura i petits tallers creatius s\u00f3n algunes de les propostes que donen vida a la biblioteca i la converteixen en un espai estimat pels alumnes, a trav\u00e9s del que coneixem per BibliTots<\/p>\n<p>\ud83c\udf10 <strong>M\u00e9s Informaci\u00f3<\/strong><\/p>\n<p>Per con\u00e8ixer les novetats, consultar el cat\u00e0leg, veure les activitats programades o accedir a recursos digitals, podeu visitar el bloc de la biblioteca. \u00c9s un canal viu i actualitzat que reflecteix la vitalitat d\u2019aquest espai i la seva contribuci\u00f3 al projecte educatiu de l\u2019escola.<\/p>\n","protected":false},"excerpt":{"rendered":"<p>\ud83d\udcd6 La Biblioteca Escolar: Un Espai de Conviv\u00e8ncia, Coneixement i Vida Comunit\u00e0ria<br \/>\nLa biblioteca de l\u2019escola \u00e9s un dels exemples m\u00e9s evidents de conviv\u00e8ncia i cooperaci\u00f3 entre tots els agents que formen part de la nostra comunitat educativa: infants, fam\u00edlies, mestres i personal de suport. \u00c9s&hellip;  <a href=\"https:\/\/agora.xtec.cat\/ceip-masiperera\/afa\/serveis-afa\/la-biblioteca\/\" title=\"Read BIBLIOTECA\">Llegeix m\u00e9s\u00bb<\/a><\/p>\n","protected":false},"author":4,"featured_media":0,"parent":12436,"menu_order":0,"comment_status":"closed","ping_status":"closed","template":"page-templates\/side-menu.php","meta":{"_bbp_topic_count":0,"_bbp_reply_count":0,"_bbp_total_topic_count":0,"_bbp_total_reply_count":0,"_bbp_voice_count":0,"_bbp_anonymous_reply_count":0,"_bbp_topic_count_hidden":0,"_bbp_reply_count_hidden":0,"_bbp_forum_subforum_count":0,"footnotes":""},"class_list":["post-3208","page","type-page","status-publish","hentry"],"post_mailing_queue_ids":[],"_links":{"self":[{"href":"https:\/\/agora.xtec.cat\/ceip-masiperera\/wp-json\/wp\/v2\/pages\/3208","targetHints":{"allow":["GET"]}}],"collection":[{"href":"https:\/\/agora.xtec.cat\/ceip-masiperera\/wp-json\/wp\/v2\/pages"}],"about":[{"href":"https:\/\/agora.xtec.cat\/ceip-masiperera\/wp-json\/wp\/v2\/types\/page"}],"author":[{"embeddable":true,"href":"https:\/\/agora.xtec.cat\/ceip-masiperera\/wp-json\/wp\/v2\/users\/4"}],"replies":[{"embeddable":true,"href":"https:\/\/agora.xtec.cat\/ceip-masiperera\/wp-json\/wp\/v2\/comments?post=3208"}],"version-history":[{"count":5,"href":"https:\/\/agora.xtec.cat\/ceip-masiperera\/wp-json\/wp\/v2\/pages\/3208\/revisions"}],"predecessor-version":[{"id":12427,"href":"https:\/\/agora.xtec.cat\/ceip-masiperera\/wp-json\/wp\/v2\/pages\/3208\/revisions\/12427"}],"up":[{"embeddable":true,"href":"https:\/\/agora.xtec.cat\/ceip-masiperera\/wp-json\/wp\/v2\/pages\/12436"}],"wp:attachment":[{"href":"https:\/\/agora.xtec.cat\/ceip-masiperera\/wp-json\/wp\/v2\/media?parent=3208"}],"curies":[{"name":"wp","href":"https:\/\/api.w.org\/{rel}","templated":true}]}}