{"id":32,"date":"2014-09-18T12:31:33","date_gmt":"2014-09-18T11:31:33","guid":{"rendered":"http:\/\/agora.xtec.cat\/ceip-masiperera\/?page_id=32"},"modified":"2025-09-03T12:24:30","modified_gmt":"2025-09-03T10:24:30","slug":"calendari-del-curs","status":"publish","type":"page","link":"https:\/\/agora.xtec.cat\/ceip-masiperera\/informacions\/calendari-del-curs\/","title":{"rendered":"CALENDARI DEL CURS 2025-2026"},"content":{"rendered":"<p>A continuaci\u00f3 us detallem el calendari escolar d&#8217;aquest curs:<\/p>\n<p><span style=\"color: #000000;\">El curs comen\u00e7a el 8<strong> de setembre de 2025 i acaba el 19 de juny de 2026.<\/strong><\/span><\/p>\n<h6><a href=\"https:\/\/agora.xtec.cat\/ceip-masiperera\/wp-content\/uploads\/usu690\/2025\/09\/Calendari-25-26.jpg\"><img loading=\"lazy\" decoding=\"async\" class=\"alignnone size-full wp-image-12428\" src=\"https:\/\/agora.xtec.cat\/ceip-masiperera\/wp-content\/uploads\/usu690\/2025\/09\/Calendari-25-26.jpg\" alt=\"\" width=\"1251\" height=\"816\" srcset=\"https:\/\/agora.xtec.cat\/ceip-masiperera\/wp-content\/uploads\/usu690\/2025\/09\/Calendari-25-26.jpg 1251w, https:\/\/agora.xtec.cat\/ceip-masiperera\/wp-content\/uploads\/usu690\/2025\/09\/Calendari-25-26-300x196.jpg 300w, https:\/\/agora.xtec.cat\/ceip-masiperera\/wp-content\/uploads\/usu690\/2025\/09\/Calendari-25-26-1024x668.jpg 1024w, https:\/\/agora.xtec.cat\/ceip-masiperera\/wp-content\/uploads\/usu690\/2025\/09\/Calendari-25-26-768x501.jpg 768w\" sizes=\"auto, (max-width: 1251px) 100vw, 1251px\" \/><\/a><\/h6>\n<h6><span style=\"color: #000000;\"><strong>Dies de vacances escolars<\/strong><\/span><\/h6>\n<p><span style=\"color: #000000;\">Nadal: del 20 de desembre fins al 7 de gener, ambd\u00f3s inclosos.\u00a0<\/span><\/p>\n<p><span style=\"color: #000000;\">Setmana Santa: del 28 de mar\u00e7 al 6 d&#8217;abril, ambd\u00f3s inclosos.<\/span><\/p>\n<p><span style=\"color: #000000;\">Estiu: \u00faltim dia de classe el 19 de juny.<\/span><\/p>\n<p>&nbsp;<\/p>\n<p><span style=\"color: #000000;\"><strong>Dies festius<\/strong><\/span><\/p>\n<p><span style=\"color: #000000;\">11 de setembre<\/span><\/p>\n<p><span style=\"color: #000000;\">8 de desembre\u00a0<\/span><\/p>\n<p><span style=\"color: #000000;\">1 de maig<\/span><\/p>\n<p>&nbsp;<\/p>\n<p><span style=\"color: #000000;\"> <strong>Dies festius escollits per l&#8217;Escola d&#8217;acord amb la proposta de les altres escoles de Vilafranca i\u00a0 amb l\u00b4ordre del Departament d\u00b4Ensenyament, acordats en Consell Escolar:<\/strong><\/span><\/p>\n<p><span style=\"color: #000000;\">Divendres 31 d&#8217; octubre<\/span><\/p>\n<p><span style=\"color: #000000;\">Dimarts 9 de desembre<\/span><\/p>\n<p><span style=\"color: #000000;\">Dilluns 16 de febrer<\/span><\/p>\n<p><span style=\"color: #000000;\">Divendres 13 de mar\u00e7<\/span><\/p>\n<p><span style=\"color: #000000;\">Dijous 30 d&#8217;abril<\/span><\/p>\n<p><span style=\"color: #000000;\">Dilluns 25 de maig<\/span><\/p>\n<p>&nbsp;<\/p>\n<h6><span style=\"color: #000000;\"><strong>Jornada intensiva<\/strong><\/span><\/h6>\n<p><span style=\"color: #000000;\"> Es far\u00e0\u00a0<strong>jornada intensiva<\/strong> el dia 19 de desembre, i del 8 al 19 de juny<\/span><\/p>\n<p>&nbsp;<\/p>\n<p><span style=\"color: #000000;\"><strong>Jornada de portes obertes<\/strong><\/span><\/p>\n<p><em><span style=\"color: #000000;\">(Pendent de saber el dia)<\/span><\/em><\/p>\n<p>&nbsp;<\/p>\n<h5><span style=\"color: #000000;\"><strong>Dates de les proves impulsades des del Departament d&#8217;Educaci\u00f3:<\/strong><\/span><\/h5>\n<p><span style=\"color: #000000;\">Proves de Compet\u00e8ncies b\u00e0siques (alumnat de 6\u00e8): &#8230;&#8230;&#8230;&#8230;&#8230;&#8230;.. de 2025<\/span><\/p>\n<p>&nbsp;<\/p>\n<p><span style=\"color: #000000;\">Us voleu descarregar el <a href=\"https:\/\/agora.xtec.cat\/ceip-masiperera\/wp-content\/uploads\/usu690\/2025\/09\/Calendari-25-26-1.pdf\">Calendari Escolar 2025-2026<\/a>?<\/span><\/p>\n","protected":false},"excerpt":{"rendered":"<p>A continuaci\u00f3 us detallem el calendari escolar d&#8217;aquest curs:<br \/>\nEl curs comen\u00e7a el 8 de setembre de 2025 i acaba el 19 de juny de 2026.<br \/>\n<a href=\"https:\/\/agora.xtec.cat\/ceip-masiperera\/wp-content\/uploads\/usu690\/2025\/09\/Calendari-25-26.jpg\"><\/a><br \/>\nDies de vacances escolars<br \/>\nNadal: del 20 de desembre fins al 7 de gener, ambd\u00f3s inclosos.\u00a0<br \/>\nSetmana Santa: del 28 de mar\u00e7&hellip;  <a href=\"https:\/\/agora.xtec.cat\/ceip-masiperera\/informacions\/calendari-del-curs\/\" title=\"Read CALENDARI DEL CURS 2025-2026\">Llegeix m\u00e9s\u00bb<\/a><\/p>\n","protected":false},"author":1,"featured_media":0,"parent":462,"menu_order":4,"comment_status":"closed","ping_status":"closed","template":"page-templates\/side-menu.php","meta":{"_bbp_topic_count":0,"_bbp_reply_count":0,"_bbp_total_topic_count":0,"_bbp_total_reply_count":0,"_bbp_voice_count":0,"_bbp_anonymous_reply_count":0,"_bbp_topic_count_hidden":0,"_bbp_reply_count_hidden":0,"_bbp_forum_subforum_count":0,"footnotes":""},"class_list":["post-32","page","type-page","status-publish","hentry"],"post_mailing_queue_ids":[],"_links":{"self":[{"href":"https:\/\/agora.xtec.cat\/ceip-masiperera\/wp-json\/wp\/v2\/pages\/32","targetHints":{"allow":["GET"]}}],"collection":[{"href":"https:\/\/agora.xtec.cat\/ceip-masiperera\/wp-json\/wp\/v2\/pages"}],"about":[{"href":"https:\/\/agora.xtec.cat\/ceip-masiperera\/wp-json\/wp\/v2\/types\/page"}],"author":[{"embeddable":true,"href":"https:\/\/agora.xtec.cat\/ceip-masiperera\/wp-json\/wp\/v2\/users\/1"}],"replies":[{"embeddable":true,"href":"https:\/\/agora.xtec.cat\/ceip-masiperera\/wp-json\/wp\/v2\/comments?post=32"}],"version-history":[{"count":7,"href":"https:\/\/agora.xtec.cat\/ceip-masiperera\/wp-json\/wp\/v2\/pages\/32\/revisions"}],"predecessor-version":[{"id":12452,"href":"https:\/\/agora.xtec.cat\/ceip-masiperera\/wp-json\/wp\/v2\/pages\/32\/revisions\/12452"}],"up":[{"embeddable":true,"href":"https:\/\/agora.xtec.cat\/ceip-masiperera\/wp-json\/wp\/v2\/pages\/462"}],"wp:attachment":[{"href":"https:\/\/agora.xtec.cat\/ceip-masiperera\/wp-json\/wp\/v2\/media?parent=32"}],"curies":[{"name":"wp","href":"https:\/\/api.w.org\/{rel}","templated":true}]}}