{"id":26,"date":"2014-09-18T12:24:32","date_gmt":"2014-09-18T11:24:32","guid":{"rendered":"http:\/\/agora.xtec.cat\/ceip-masiperera\/?page_id=26"},"modified":"2022-02-07T17:42:22","modified_gmt":"2022-02-07T16:42:22","slug":"historia","status":"publish","type":"page","link":"https:\/\/agora.xtec.cat\/ceip-masiperera\/lescola\/historia\/","title":{"rendered":"HIST\u00d2RIA"},"content":{"rendered":"<p><a href=\"https:\/\/agora.xtec.cat\/ceip-masiperera\/wp-content\/uploads\/usu690\/2022\/02\/Un-passeig-per-la-historia-de-la-nostra-escola.pdf\"><img loading=\"lazy\" decoding=\"async\" class=\"alignnone size-full wp-image-9837\" src=\"https:\/\/agora.xtec.cat\/ceip-masiperera\/wp-content\/uploads\/usu690\/2022\/02\/Un-passeig-per-la-historia-de-la-nostra-escola.jpg\" alt=\"\" width=\"960\" height=\"540\" srcset=\"https:\/\/agora.xtec.cat\/ceip-masiperera\/wp-content\/uploads\/usu690\/2022\/02\/Un-passeig-per-la-historia-de-la-nostra-escola.jpg 960w, https:\/\/agora.xtec.cat\/ceip-masiperera\/wp-content\/uploads\/usu690\/2022\/02\/Un-passeig-per-la-historia-de-la-nostra-escola-300x169.jpg 300w, https:\/\/agora.xtec.cat\/ceip-masiperera\/wp-content\/uploads\/usu690\/2022\/02\/Un-passeig-per-la-historia-de-la-nostra-escola-768x432.jpg 768w\" sizes=\"auto, (max-width: 960px) 100vw, 960px\" \/><\/a><\/p>\n<div>\n<p>&nbsp;<\/p>\n<\/div>\n<p><strong>Hem vist reconeguts alguns dels esfor\u00e7os que s&#8217;han fet al llarg de la nostra hist\u00f2ria:<\/strong><\/p>\n<p><span style=\"color: #008080;\"><strong>&#8211; Biblioteca:<\/strong><strong>\u00a0<\/strong><\/span><\/p>\n<p>La biblioteca es va posar en funcionament el primer curs, el 80-81. El 2007\/2008 vam entrar dins la xar<a href=\"https:\/\/agora.xtec.cat\/ceip-masiperera\/wp-content\/uploads\/usu690\/2022\/02\/logo-biblio1.jpg\"><img loading=\"lazy\" decoding=\"async\" class=\"wp-image-9833 alignleft\" src=\"https:\/\/agora.xtec.cat\/ceip-masiperera\/wp-content\/uploads\/usu690\/2022\/02\/logo-biblio1.jpg\" alt=\"\" width=\"40\" height=\"90\" srcset=\"https:\/\/agora.xtec.cat\/ceip-masiperera\/wp-content\/uploads\/usu690\/2022\/02\/logo-biblio1.jpg 422w, https:\/\/agora.xtec.cat\/ceip-masiperera\/wp-content\/uploads\/usu690\/2022\/02\/logo-biblio1-132x300.jpg 132w\" sizes=\"auto, (max-width: 40px) 100vw, 40px\" \/><\/a>xa de Biblioteques Puntedu del Departament d&#8217;Educaci\u00f3. El curs 2021\/2022 ens han atorgat el Premi Nacional de Bones Pr\u00e0ctiques del Ministeri d\u2019Educaci\u00f3 i Formaci\u00f3 professional i, el mateix any, hem entrat a formar part d\u2019un Projecte Erasmus+. \u00a0Al llarg d\u2019aquests darrers anys hem obtingut nombrosos segells per part del Programa de Biblioteca Escolar PuntEdu que fan refer\u00e8ncia a les bones pr\u00e0ctiques educatives que es desenvolupen a l\u2019escola en relaci\u00f3 a la Biblioteca Escolar.<\/p>\n<p><span style=\"color: #99cc00;\"><strong>&#8211; <\/strong><strong>Escola Promotora de la Salut a l\u2019Alt Pened\u00e8s (<\/strong><strong>EPSAP):\u00a0<\/strong><\/span><\/p>\n<p>El curs 2015\/2016 es va crear el projecte EPSAP del qual en formem part des del seu inici com a escola pilot i formant part de l\u2019equip promot<a href=\"https:\/\/agora.xtec.cat\/ceip-masiperera\/wp-content\/uploads\/usu690\/2020\/02\/EPSAP-1.jpg\"><img loading=\"lazy\" decoding=\"async\" class=\"wp-image-6866 alignright\" src=\"https:\/\/agora.xtec.cat\/ceip-masiperera\/wp-content\/uploads\/usu690\/2020\/02\/EPSAP-1.jpg\" alt=\"\" width=\"170\" height=\"64\" srcset=\"https:\/\/agora.xtec.cat\/ceip-masiperera\/wp-content\/uploads\/usu690\/2020\/02\/EPSAP-1.jpg 1439w, https:\/\/agora.xtec.cat\/ceip-masiperera\/wp-content\/uploads\/usu690\/2020\/02\/EPSAP-1-300x112.jpg 300w, https:\/\/agora.xtec.cat\/ceip-masiperera\/wp-content\/uploads\/usu690\/2020\/02\/EPSAP-1-768x288.jpg 768w, https:\/\/agora.xtec.cat\/ceip-masiperera\/wp-content\/uploads\/usu690\/2020\/02\/EPSAP-1-1024x384.jpg 1024w\" sizes=\"auto, (max-width: 170px) 100vw, 170px\" \/><\/a>or d\u2019aquest projecte. El curs 2018\/2019 l\u2019Ajuntament de Vilafranca ens va atorgar el \u00a0premi a la millor iniciativa en l\u2019\u00e0mbit de l\u2019activitat f\u00edsica i l\u2019esport. El 2019\/2020 vam rebre el reconeixement de pr\u00e0ctiques educatives de refer\u00e8ncia d\u2019innovaci\u00f3 pedag\u00f2gica per part del Departament d\u2019Educaci\u00f3.<\/p>\n<p><span style=\"color: #ff0000;\"><strong>&#8211; Escola Verda:<\/strong><\/span><\/p>\n<p><a href=\"https:\/\/agora.xtec.cat\/ceip-masiperera\/wp-content\/uploads\/usu690\/2022\/02\/LOGO-ENMARCAT.jpg\"><img loading=\"lazy\" decoding=\"async\" class=\"wp-image-9834 alignleft\" src=\"https:\/\/agora.xtec.cat\/ceip-masiperera\/wp-content\/uploads\/usu690\/2022\/02\/LOGO-ENMARCAT.jpg\" alt=\"\" width=\"55\" height=\"65\" srcset=\"https:\/\/agora.xtec.cat\/ceip-masiperera\/wp-content\/uploads\/usu690\/2022\/02\/LOGO-ENMARCAT.jpg 1171w, https:\/\/agora.xtec.cat\/ceip-masiperera\/wp-content\/uploads\/usu690\/2022\/02\/LOGO-ENMARCAT-255x300.jpg 255w, https:\/\/agora.xtec.cat\/ceip-masiperera\/wp-content\/uploads\/usu690\/2022\/02\/LOGO-ENMARCAT-869x1024.jpg 869w, https:\/\/agora.xtec.cat\/ceip-masiperera\/wp-content\/uploads\/usu690\/2022\/02\/LOGO-ENMARCAT-768x905.jpg 768w\" sizes=\"auto, (max-width: 55px) 100vw, 55px\" \/><\/a>A la tardor del 06 se&#8217;ns va atorgar el distintiu d\u2019Escola Verda, despr\u00e9s d&#8217;uns cursos de treballar per l&#8217;educaci\u00f3 mediambiental, amb el comprom\u00eds de seguir avan\u00e7ant en aquesta l\u00ednia. Des d&#8217;aleshores no hem parat de treballar en aquesta l\u00ednia.<\/p>\n<p>&nbsp;<\/p>\n<p><span style=\"color: #993366;\"><strong>-Angl\u00e8s:<\/strong><\/span><\/p>\n<p><strong>\u00a0<\/strong>El\u00a0\u00a0curs 2010-2011 s&#8217;inicia un projecte d&#8217;innovaci\u00f3, un PELE, que ha estat un projecte per impulsar la llengua anglesa.<\/p>\n<p><span style=\"color: #cc99ff;\"><strong>&#8211; Premi Baldiri Reixac:<\/strong><\/span><\/p>\n<p>En la convocat\u00f2ria del 03\/04 l&#8217;escola \u00e9s guardonada amb el premi Baldiri Reixac en reconeixement a la catalanitat educativa i el curs 07\/08 tamb\u00e9 vam obtenir aquest premi.<\/p>\n","protected":false},"excerpt":{"rendered":"<p><a href=\"https:\/\/agora.xtec.cat\/ceip-masiperera\/wp-content\/uploads\/usu690\/2022\/02\/Un-passeig-per-la-historia-de-la-nostra-escola.pdf\"><\/a><\/p>\n<p>&nbsp;<\/p>\n<p>Hem vist reconeguts alguns dels esfor\u00e7os que s&#8217;han fet al llarg de la nostra hist\u00f2ria:<br \/>\n&#8211; Biblioteca:\u00a0<br \/>\nLa biblioteca es va posar en funcionament el primer curs, el 80-81. El 2007\/2008 vam entrar dins la xar<a href=\"https:\/\/agora.xtec.cat\/ceip-masiperera\/wp-content\/uploads\/usu690\/2022\/02\/logo-biblio1.jpg\"><\/a>xa de Biblioteques Puntedu del Departament d&#8217;Educaci\u00f3. El curs 2021\/2022&hellip;  <a href=\"https:\/\/agora.xtec.cat\/ceip-masiperera\/lescola\/historia\/\" title=\"Read HIST\u00d2RIA\">Llegeix m\u00e9s\u00bb<\/a><\/p>\n","protected":false},"author":1,"featured_media":0,"parent":22,"menu_order":2,"comment_status":"closed","ping_status":"closed","template":"page-templates\/side-menu.php","meta":{"_bbp_topic_count":0,"_bbp_reply_count":0,"_bbp_total_topic_count":0,"_bbp_total_reply_count":0,"_bbp_voice_count":0,"_bbp_anonymous_reply_count":0,"_bbp_topic_count_hidden":0,"_bbp_reply_count_hidden":0,"_bbp_forum_subforum_count":0,"footnotes":""},"class_list":["post-26","page","type-page","status-publish","hentry"],"post_mailing_queue_ids":[],"_links":{"self":[{"href":"https:\/\/agora.xtec.cat\/ceip-masiperera\/wp-json\/wp\/v2\/pages\/26","targetHints":{"allow":["GET"]}}],"collection":[{"href":"https:\/\/agora.xtec.cat\/ceip-masiperera\/wp-json\/wp\/v2\/pages"}],"about":[{"href":"https:\/\/agora.xtec.cat\/ceip-masiperera\/wp-json\/wp\/v2\/types\/page"}],"author":[{"embeddable":true,"href":"https:\/\/agora.xtec.cat\/ceip-masiperera\/wp-json\/wp\/v2\/users\/1"}],"replies":[{"embeddable":true,"href":"https:\/\/agora.xtec.cat\/ceip-masiperera\/wp-json\/wp\/v2\/comments?post=26"}],"version-history":[{"count":5,"href":"https:\/\/agora.xtec.cat\/ceip-masiperera\/wp-json\/wp\/v2\/pages\/26\/revisions"}],"predecessor-version":[{"id":9839,"href":"https:\/\/agora.xtec.cat\/ceip-masiperera\/wp-json\/wp\/v2\/pages\/26\/revisions\/9839"}],"up":[{"embeddable":true,"href":"https:\/\/agora.xtec.cat\/ceip-masiperera\/wp-json\/wp\/v2\/pages\/22"}],"wp:attachment":[{"href":"https:\/\/agora.xtec.cat\/ceip-masiperera\/wp-json\/wp\/v2\/media?parent=26"}],"curies":[{"name":"wp","href":"https:\/\/api.w.org\/{rel}","templated":true}]}}